{"id":26012,"date":"2022-04-04T06:36:56","date_gmt":"2022-04-04T08:36:56","guid":{"rendered":"https:\/\/bs2.lt\/bs2.lt\/?post_type=product&#038;p=26012"},"modified":"2022-04-04T06:48:42","modified_gmt":"2022-04-04T08:48:42","slug":"diebold-nixdorf-dn-400h","status":"publish","type":"product","link":"https:\/\/bs2.lt\/az\/product\/diebold-nixdorf-dn-400h\/","title":{"rendered":"Diebold Nixdorf DN 400H"},"content":{"rendered":"<p>DN Series 400H, qapal\u0131 m\u0259kanda qura\u015fd\u0131r\u0131lmaq \u00fc\u00e7\u00fcn haz\u0131rlanm\u0131\u015f na\u011fd pulu t\u0259krar emal ed\u0259n (Recycling) \u00e7oxfunksiyal\u0131 bir cihazdir v\u0259 \u00f6z\u00fcn\u0259xidm\u0259t bank kanal\u0131n\u0131n inki\u015faf\u0131 \u00fc\u00e7\u00fcn geni\u015f imkanlar yarad\u0131r. DN 400H k\u00f6m\u0259yi il\u0259 yaln\u0131z f\u0259rdl\u0259r\u0259 deyil, ki\u00e7ik v\u0259 orta sahibkarlara da daha rahat xidm\u0259tl\u0259r t\u0259klif ed\u0259 bil\u0259rsiniz.<\/p>\n<p>DN 400H bankomat\u0131, 4-c\u00fc n\u0259sil t\u0259krar emal modullu &#8211; RM4H il\u0259 t\u0259chiz edilmi\u015fdir. Bu g\u00fcn m\u00fc\u015ft\u0259ril\u0259r\u0259 \u00e7ox sayda \u0259sginas\u0131 m\u00fcmk\u00fcn q\u0259d\u0259r tez \u00e7\u0131xarmaq v\u0259 ya yat\u0131rmaq imkan\u0131 ver\u0259n \u0259n etibarl\u0131 na\u011fd t\u0259krar (Recycling) sistemdir.<\/p>\n","protected":false},"featured_media":17330,"template":"","product_category":[343],"atm_series":[356],"atm_cashflow":[360],"atm_type":[361],"product-provider":[],"class_list":["post-26012","product","type-product","status-publish","has-post-thumbnail","hentry","product_category-atm","atm_series-dn-seriya","atm_cashflow-resaykler-cash-recycling-system","atm_type-lobbi-bankomatlar"],"acf":[],"yoast_head":"<!-- This site is optimized with the Yoast SEO plugin v26.2 - https:\/\/yoast.com\/wordpress\/plugins\/seo\/ -->\n<title>Diebold Nixdorf DN 400H | BS\/2<\/title>\n<meta name=\"robots\" content=\"index, follow, max-snippet:-1, max-image-preview:large, max-video-preview:-1\" \/>\n<link rel=\"canonical\" href=\"https:\/\/bs2.lt\/product\/diebold-nixdorf-dn-400h\/\" \/>\n<meta property=\"og:locale\" content=\"az_AZ\" \/>\n<meta property=\"og:type\" content=\"article\" \/>\n<meta property=\"og:title\" content=\"Diebold Nixdorf DN 400H | BS\/2\" \/>\n<meta property=\"og:description\" content=\"DN Series 400H, qapal\u0131 m\u0259kanda qura\u015fd\u0131r\u0131lmaq \u00fc\u00e7\u00fcn haz\u0131rlanm\u0131\u015f na\u011fd pulu t\u0259krar emal ed\u0259n (Recycling) \u00e7oxfunksiyal\u0131 bir cihazdir v\u0259 \u00f6z\u00fcn\u0259xidm\u0259t bank kanal\u0131n\u0131n inki\u015faf\u0131 \u00fc\u00e7\u00fcn geni\u015f imkanlar yarad\u0131r. DN 400H k\u00f6m\u0259yi il\u0259 yaln\u0131z f\u0259rdl\u0259r\u0259 deyil, ki\u00e7ik v\u0259 orta sahibkarlara da daha rahat xidm\u0259tl\u0259r t\u0259klif ed\u0259 bil\u0259rsiniz. DN 400H bankomat\u0131, 4-c\u00fc n\u0259sil t\u0259krar emal modullu &#8211; RM4H il\u0259 [&hellip;]\" \/>\n<meta property=\"og:url\" content=\"https:\/\/bs2.lt\/product\/diebold-nixdorf-dn-400h\/\" \/>\n<meta property=\"og:site_name\" content=\"BS\/2\" \/>\n<meta property=\"article:publisher\" content=\"https:\/\/www.facebook.com\/bs2solutions\/\" \/>\n<meta property=\"article:modified_time\" content=\"2022-04-04T08:48:42+00:00\" \/>\n<meta property=\"og:image\" content=\"https:\/\/bs2.lt\/wp-content\/uploads\/2021\/01\/dn-series-400.png\" \/>\n\t<meta property=\"og:image:width\" content=\"570\" \/>\n\t<meta property=\"og:image:height\" content=\"1600\" \/>\n\t<meta property=\"og:image:type\" content=\"image\/png\" \/>\n<meta name=\"twitter:card\" content=\"summary_large_image\" \/>\n<meta name=\"twitter:label1\" content=\"Est. reading time\" \/>\n\t<meta name=\"twitter:data1\" content=\"1 minute\" \/>\n<script type=\"application\/ld+json\" class=\"yoast-schema-graph\">{\"@context\":\"https:\/\/schema.org\",\"@graph\":[{\"@type\":\"WebPage\",\"@id\":\"https:\/\/bs2.lt\/product\/diebold-nixdorf-dn-400h\/\",\"url\":\"https:\/\/bs2.lt\/product\/diebold-nixdorf-dn-400h\/\",\"name\":\"Diebold Nixdorf DN 400H | BS\/2\",\"isPartOf\":{\"@id\":\"https:\/\/bs2.lt\/#website\"},\"primaryImageOfPage\":{\"@id\":\"https:\/\/bs2.lt\/product\/diebold-nixdorf-dn-400h\/#primaryimage\"},\"image\":{\"@id\":\"https:\/\/bs2.lt\/product\/diebold-nixdorf-dn-400h\/#primaryimage\"},\"thumbnailUrl\":\"https:\/\/bs2.lt\/wp-content\/uploads\/2021\/01\/dn-series-400.png\",\"datePublished\":\"2022-04-04T08:36:56+00:00\",\"dateModified\":\"2022-04-04T08:48:42+00:00\",\"breadcrumb\":{\"@id\":\"https:\/\/bs2.lt\/product\/diebold-nixdorf-dn-400h\/#breadcrumb\"},\"inLanguage\":\"az\",\"potentialAction\":[{\"@type\":\"ReadAction\",\"target\":[\"https:\/\/bs2.lt\/product\/diebold-nixdorf-dn-400h\/\"]}]},{\"@type\":\"ImageObject\",\"inLanguage\":\"az\",\"@id\":\"https:\/\/bs2.lt\/product\/diebold-nixdorf-dn-400h\/#primaryimage\",\"url\":\"https:\/\/bs2.lt\/wp-content\/uploads\/2021\/01\/dn-series-400.png\",\"contentUrl\":\"https:\/\/bs2.lt\/wp-content\/uploads\/2021\/01\/dn-series-400.png\",\"width\":570,\"height\":1600},{\"@type\":\"BreadcrumbList\",\"@id\":\"https:\/\/bs2.lt\/product\/diebold-nixdorf-dn-400h\/#breadcrumb\",\"itemListElement\":[{\"@type\":\"ListItem\",\"position\":1,\"name\":\"Home\",\"item\":\"https:\/\/bs2.lt\/az\/\"},{\"@type\":\"ListItem\",\"position\":2,\"name\":\"Diebold Nixdorf DN 400H\"}]},{\"@type\":\"WebSite\",\"@id\":\"https:\/\/bs2.lt\/#website\",\"url\":\"https:\/\/bs2.lt\/\",\"name\":\"BS\/2\",\"description\":\"Banking and retail technology company\",\"publisher\":{\"@id\":\"https:\/\/bs2.lt\/#organization\"},\"potentialAction\":[{\"@type\":\"SearchAction\",\"target\":{\"@type\":\"EntryPoint\",\"urlTemplate\":\"https:\/\/bs2.lt\/?s={search_term_string}\"},\"query-input\":{\"@type\":\"PropertyValueSpecification\",\"valueRequired\":true,\"valueName\":\"search_term_string\"}}],\"inLanguage\":\"az\"},{\"@type\":\"Organization\",\"@id\":\"https:\/\/bs2.lt\/#organization\",\"name\":\"BS\/2\",\"url\":\"https:\/\/bs2.lt\/\",\"logo\":{\"@type\":\"ImageObject\",\"inLanguage\":\"az\",\"@id\":\"https:\/\/bs2.lt\/#\/schema\/logo\/image\/\",\"url\":\"https:\/\/bs2.lt\/wp-content\/uploads\/2022\/08\/bs2-logo.svg\",\"contentUrl\":\"https:\/\/bs2.lt\/wp-content\/uploads\/2022\/08\/bs2-logo.svg\",\"width\":100,\"height\":57,\"caption\":\"BS\/2\"},\"image\":{\"@id\":\"https:\/\/bs2.lt\/#\/schema\/logo\/image\/\"},\"sameAs\":[\"https:\/\/www.facebook.com\/bs2solutions\/\",\"https:\/\/www.linkedin.com\/showcase\/bs2solutions\",\"https:\/\/www.youtube.com\/c\/Bs2Lt\"]}]}<\/script>\n<!-- \/ Yoast SEO plugin. -->","yoast_head_json":{"title":"Diebold Nixdorf DN 400H | BS\/2","robots":{"index":"index","follow":"follow","max-snippet":"max-snippet:-1","max-image-preview":"max-image-preview:large","max-video-preview":"max-video-preview:-1"},"canonical":"https:\/\/bs2.lt\/product\/diebold-nixdorf-dn-400h\/","og_locale":"az_AZ","og_type":"article","og_title":"Diebold Nixdorf DN 400H | BS\/2","og_description":"DN Series 400H, qapal\u0131 m\u0259kanda qura\u015fd\u0131r\u0131lmaq \u00fc\u00e7\u00fcn haz\u0131rlanm\u0131\u015f na\u011fd pulu t\u0259krar emal ed\u0259n (Recycling) \u00e7oxfunksiyal\u0131 bir cihazdir v\u0259 \u00f6z\u00fcn\u0259xidm\u0259t bank kanal\u0131n\u0131n inki\u015faf\u0131 \u00fc\u00e7\u00fcn geni\u015f imkanlar yarad\u0131r. DN 400H k\u00f6m\u0259yi il\u0259 yaln\u0131z f\u0259rdl\u0259r\u0259 deyil, ki\u00e7ik v\u0259 orta sahibkarlara da daha rahat xidm\u0259tl\u0259r t\u0259klif ed\u0259 bil\u0259rsiniz. DN 400H bankomat\u0131, 4-c\u00fc n\u0259sil t\u0259krar emal modullu &#8211; RM4H il\u0259 [&hellip;]","og_url":"https:\/\/bs2.lt\/product\/diebold-nixdorf-dn-400h\/","og_site_name":"BS\/2","article_publisher":"https:\/\/www.facebook.com\/bs2solutions\/","article_modified_time":"2022-04-04T08:48:42+00:00","og_image":[{"width":570,"height":1600,"url":"https:\/\/bs2.lt\/wp-content\/uploads\/2021\/01\/dn-series-400.png","type":"image\/png"}],"twitter_card":"summary_large_image","twitter_misc":{"Est. reading time":"1 minute"},"schema":{"@context":"https:\/\/schema.org","@graph":[{"@type":"WebPage","@id":"https:\/\/bs2.lt\/product\/diebold-nixdorf-dn-400h\/","url":"https:\/\/bs2.lt\/product\/diebold-nixdorf-dn-400h\/","name":"Diebold Nixdorf DN 400H | BS\/2","isPartOf":{"@id":"https:\/\/bs2.lt\/#website"},"primaryImageOfPage":{"@id":"https:\/\/bs2.lt\/product\/diebold-nixdorf-dn-400h\/#primaryimage"},"image":{"@id":"https:\/\/bs2.lt\/product\/diebold-nixdorf-dn-400h\/#primaryimage"},"thumbnailUrl":"https:\/\/bs2.lt\/wp-content\/uploads\/2021\/01\/dn-series-400.png","datePublished":"2022-04-04T08:36:56+00:00","dateModified":"2022-04-04T08:48:42+00:00","breadcrumb":{"@id":"https:\/\/bs2.lt\/product\/diebold-nixdorf-dn-400h\/#breadcrumb"},"inLanguage":"az","potentialAction":[{"@type":"ReadAction","target":["https:\/\/bs2.lt\/product\/diebold-nixdorf-dn-400h\/"]}]},{"@type":"ImageObject","inLanguage":"az","@id":"https:\/\/bs2.lt\/product\/diebold-nixdorf-dn-400h\/#primaryimage","url":"https:\/\/bs2.lt\/wp-content\/uploads\/2021\/01\/dn-series-400.png","contentUrl":"https:\/\/bs2.lt\/wp-content\/uploads\/2021\/01\/dn-series-400.png","width":570,"height":1600},{"@type":"BreadcrumbList","@id":"https:\/\/bs2.lt\/product\/diebold-nixdorf-dn-400h\/#breadcrumb","itemListElement":[{"@type":"ListItem","position":1,"name":"Home","item":"https:\/\/bs2.lt\/az\/"},{"@type":"ListItem","position":2,"name":"Diebold Nixdorf DN 400H"}]},{"@type":"WebSite","@id":"https:\/\/bs2.lt\/#website","url":"https:\/\/bs2.lt\/","name":"BS\/2","description":"Banking and retail technology company","publisher":{"@id":"https:\/\/bs2.lt\/#organization"},"potentialAction":[{"@type":"SearchAction","target":{"@type":"EntryPoint","urlTemplate":"https:\/\/bs2.lt\/?s={search_term_string}"},"query-input":{"@type":"PropertyValueSpecification","valueRequired":true,"valueName":"search_term_string"}}],"inLanguage":"az"},{"@type":"Organization","@id":"https:\/\/bs2.lt\/#organization","name":"BS\/2","url":"https:\/\/bs2.lt\/","logo":{"@type":"ImageObject","inLanguage":"az","@id":"https:\/\/bs2.lt\/#\/schema\/logo\/image\/","url":"https:\/\/bs2.lt\/wp-content\/uploads\/2022\/08\/bs2-logo.svg","contentUrl":"https:\/\/bs2.lt\/wp-content\/uploads\/2022\/08\/bs2-logo.svg","width":100,"height":57,"caption":"BS\/2"},"image":{"@id":"https:\/\/bs2.lt\/#\/schema\/logo\/image\/"},"sameAs":["https:\/\/www.facebook.com\/bs2solutions\/","https:\/\/www.linkedin.com\/showcase\/bs2solutions","https:\/\/www.youtube.com\/c\/Bs2Lt"]}]}},"_links":{"self":[{"href":"https:\/\/bs2.lt\/az\/wp-json\/wp\/v2\/product\/26012","targetHints":{"allow":["GET"]}}],"collection":[{"href":"https:\/\/bs2.lt\/az\/wp-json\/wp\/v2\/product"}],"about":[{"href":"https:\/\/bs2.lt\/az\/wp-json\/wp\/v2\/types\/product"}],"wp:featuredmedia":[{"embeddable":true,"href":"https:\/\/bs2.lt\/az\/wp-json\/wp\/v2\/media\/17330"}],"wp:attachment":[{"href":"https:\/\/bs2.lt\/az\/wp-json\/wp\/v2\/media?parent=26012"}],"wp:term":[{"taxonomy":"product_category","embeddable":true,"href":"https:\/\/bs2.lt\/az\/wp-json\/wp\/v2\/product_category?post=26012"},{"taxonomy":"atm_series","embeddable":true,"href":"https:\/\/bs2.lt\/az\/wp-json\/wp\/v2\/atm_series?post=26012"},{"taxonomy":"atm_cashflow","embeddable":true,"href":"https:\/\/bs2.lt\/az\/wp-json\/wp\/v2\/atm_cashflow?post=26012"},{"taxonomy":"atm_type","embeddable":true,"href":"https:\/\/bs2.lt\/az\/wp-json\/wp\/v2\/atm_type?post=26012"},{"taxonomy":"product-provider","embeddable":true,"href":"https:\/\/bs2.lt\/az\/wp-json\/wp\/v2\/product-provider?post=26012"}],"curies":[{"name":"wp","href":"https:\/\/api.w.org\/{rel}","templated":true}]}}