{"id":25998,"date":"2022-04-01T08:11:42","date_gmt":"2022-04-01T10:11:42","guid":{"rendered":"https:\/\/bs2.lt\/bs2.lt\/?post_type=product&#038;p=25998"},"modified":"2022-04-01T09:17:11","modified_gmt":"2022-04-01T11:17:11","slug":"diebold-nixdorf-dn-100d","status":"publish","type":"product","link":"https:\/\/bs2.lt\/az\/product\/diebold-nixdorf-dn-100d\/","title":{"rendered":"Diebold Nixdorf DN 100D"},"content":{"rendered":"<p>DN Series 100D bankomat\u0131, qapal\u0131 m\u0259kanda istifad\u0259 \u00fc\u00e7\u00fcn n\u0259z\u0259rd\u0259 tutulmu\u015f na\u011fd pul \u00e7\u0131xarma funksiyal\u0131 y\u0131\u011fcam \u00f6z\u00fcn\u0259xidm\u0259t cihaz\u0131d\u0131r. Bankomat\u0131n bu modelini qura\u015fd\u0131rd\u0131\u011f\u0131n\u0131z zaman, \u00f6z m\u00fc\u015ft\u0259ril\u0259riniz\u0259 na\u011fd pul \u0259ld\u0259 etm\u0259k \u00fc\u00e7\u00fcn \u0259n rahat imkan yarada bil\u0259c\u0259ksiniz.<\/p>\n","protected":false},"featured_media":17305,"template":"","product_category":[343],"atm_series":[356],"atm_cashflow":[358],"atm_type":[361],"product-provider":[],"class_list":["post-25998","product","type-product","status-publish","has-post-thumbnail","hentry","product_category-atm","atm_series-dn-seriya","atm_cashflow-cash-out-az","atm_type-lobbi-bankomatlar"],"acf":[],"yoast_head":"<!-- This site is optimized with the Yoast SEO plugin v26.2 - https:\/\/yoast.com\/wordpress\/plugins\/seo\/ -->\n<title>Diebold Nixdorf DN 100D | BS\/2<\/title>\n<meta name=\"robots\" content=\"index, follow, max-snippet:-1, max-image-preview:large, max-video-preview:-1\" \/>\n<link rel=\"canonical\" href=\"https:\/\/bs2.lt\/az\/product\/diebold-nixdorf-dn-100d\/\" \/>\n<meta property=\"og:locale\" content=\"az_AZ\" \/>\n<meta property=\"og:type\" content=\"article\" \/>\n<meta property=\"og:title\" content=\"Diebold Nixdorf DN 100D | BS\/2\" \/>\n<meta property=\"og:description\" content=\"DN Series 100D bankomat\u0131, qapal\u0131 m\u0259kanda istifad\u0259 \u00fc\u00e7\u00fcn n\u0259z\u0259rd\u0259 tutulmu\u015f na\u011fd pul \u00e7\u0131xarma funksiyal\u0131 y\u0131\u011fcam \u00f6z\u00fcn\u0259xidm\u0259t cihaz\u0131d\u0131r. Bankomat\u0131n bu modelini qura\u015fd\u0131rd\u0131\u011f\u0131n\u0131z zaman, \u00f6z m\u00fc\u015ft\u0259ril\u0259riniz\u0259 na\u011fd pul \u0259ld\u0259 etm\u0259k \u00fc\u00e7\u00fcn \u0259n rahat imkan yarada bil\u0259c\u0259ksiniz.\" \/>\n<meta property=\"og:url\" content=\"https:\/\/bs2.lt\/az\/product\/diebold-nixdorf-dn-100d\/\" \/>\n<meta property=\"og:site_name\" content=\"BS\/2\" \/>\n<meta property=\"article:publisher\" content=\"https:\/\/www.facebook.com\/bs2solutions\/\" \/>\n<meta property=\"article:modified_time\" content=\"2022-04-01T11:17:11+00:00\" \/>\n<meta property=\"og:image\" content=\"https:\/\/bs2.lt\/wp-content\/uploads\/2021\/01\/dn-series-100d.png\" \/>\n\t<meta property=\"og:image:width\" content=\"584\" \/>\n\t<meta property=\"og:image:height\" content=\"1600\" \/>\n\t<meta property=\"og:image:type\" content=\"image\/png\" \/>\n<meta name=\"twitter:card\" content=\"summary_large_image\" \/>\n<script type=\"application\/ld+json\" class=\"yoast-schema-graph\">{\"@context\":\"https:\/\/schema.org\",\"@graph\":[{\"@type\":\"WebPage\",\"@id\":\"https:\/\/bs2.lt\/az\/product\/diebold-nixdorf-dn-100d\/\",\"url\":\"https:\/\/bs2.lt\/az\/product\/diebold-nixdorf-dn-100d\/\",\"name\":\"Diebold Nixdorf DN 100D | BS\/2\",\"isPartOf\":{\"@id\":\"https:\/\/bs2.lt\/#website\"},\"primaryImageOfPage\":{\"@id\":\"https:\/\/bs2.lt\/az\/product\/diebold-nixdorf-dn-100d\/#primaryimage\"},\"image\":{\"@id\":\"https:\/\/bs2.lt\/az\/product\/diebold-nixdorf-dn-100d\/#primaryimage\"},\"thumbnailUrl\":\"https:\/\/bs2.lt\/wp-content\/uploads\/2021\/01\/dn-series-100d.png\",\"datePublished\":\"2022-04-01T10:11:42+00:00\",\"dateModified\":\"2022-04-01T11:17:11+00:00\",\"breadcrumb\":{\"@id\":\"https:\/\/bs2.lt\/az\/product\/diebold-nixdorf-dn-100d\/#breadcrumb\"},\"inLanguage\":\"az\",\"potentialAction\":[{\"@type\":\"ReadAction\",\"target\":[\"https:\/\/bs2.lt\/az\/product\/diebold-nixdorf-dn-100d\/\"]}]},{\"@type\":\"ImageObject\",\"inLanguage\":\"az\",\"@id\":\"https:\/\/bs2.lt\/az\/product\/diebold-nixdorf-dn-100d\/#primaryimage\",\"url\":\"https:\/\/bs2.lt\/wp-content\/uploads\/2021\/01\/dn-series-100d.png\",\"contentUrl\":\"https:\/\/bs2.lt\/wp-content\/uploads\/2021\/01\/dn-series-100d.png\",\"width\":584,\"height\":1600},{\"@type\":\"BreadcrumbList\",\"@id\":\"https:\/\/bs2.lt\/az\/product\/diebold-nixdorf-dn-100d\/#breadcrumb\",\"itemListElement\":[{\"@type\":\"ListItem\",\"position\":1,\"name\":\"Home\",\"item\":\"https:\/\/bs2.lt\/az\/\"},{\"@type\":\"ListItem\",\"position\":2,\"name\":\"Diebold Nixdorf DN 100D\"}]},{\"@type\":\"WebSite\",\"@id\":\"https:\/\/bs2.lt\/#website\",\"url\":\"https:\/\/bs2.lt\/\",\"name\":\"BS\/2\",\"description\":\"Banking and retail technology company\",\"publisher\":{\"@id\":\"https:\/\/bs2.lt\/#organization\"},\"potentialAction\":[{\"@type\":\"SearchAction\",\"target\":{\"@type\":\"EntryPoint\",\"urlTemplate\":\"https:\/\/bs2.lt\/?s={search_term_string}\"},\"query-input\":{\"@type\":\"PropertyValueSpecification\",\"valueRequired\":true,\"valueName\":\"search_term_string\"}}],\"inLanguage\":\"az\"},{\"@type\":\"Organization\",\"@id\":\"https:\/\/bs2.lt\/#organization\",\"name\":\"BS\/2\",\"url\":\"https:\/\/bs2.lt\/\",\"logo\":{\"@type\":\"ImageObject\",\"inLanguage\":\"az\",\"@id\":\"https:\/\/bs2.lt\/#\/schema\/logo\/image\/\",\"url\":\"https:\/\/bs2.lt\/wp-content\/uploads\/2022\/08\/bs2-logo.svg\",\"contentUrl\":\"https:\/\/bs2.lt\/wp-content\/uploads\/2022\/08\/bs2-logo.svg\",\"width\":100,\"height\":57,\"caption\":\"BS\/2\"},\"image\":{\"@id\":\"https:\/\/bs2.lt\/#\/schema\/logo\/image\/\"},\"sameAs\":[\"https:\/\/www.facebook.com\/bs2solutions\/\",\"https:\/\/www.linkedin.com\/showcase\/bs2solutions\",\"https:\/\/www.youtube.com\/c\/Bs2Lt\"]}]}<\/script>\n<!-- \/ Yoast SEO plugin. -->","yoast_head_json":{"title":"Diebold Nixdorf DN 100D | BS\/2","robots":{"index":"index","follow":"follow","max-snippet":"max-snippet:-1","max-image-preview":"max-image-preview:large","max-video-preview":"max-video-preview:-1"},"canonical":"https:\/\/bs2.lt\/az\/product\/diebold-nixdorf-dn-100d\/","og_locale":"az_AZ","og_type":"article","og_title":"Diebold Nixdorf DN 100D | BS\/2","og_description":"DN Series 100D bankomat\u0131, qapal\u0131 m\u0259kanda istifad\u0259 \u00fc\u00e7\u00fcn n\u0259z\u0259rd\u0259 tutulmu\u015f na\u011fd pul \u00e7\u0131xarma funksiyal\u0131 y\u0131\u011fcam \u00f6z\u00fcn\u0259xidm\u0259t cihaz\u0131d\u0131r. Bankomat\u0131n bu modelini qura\u015fd\u0131rd\u0131\u011f\u0131n\u0131z zaman, \u00f6z m\u00fc\u015ft\u0259ril\u0259riniz\u0259 na\u011fd pul \u0259ld\u0259 etm\u0259k \u00fc\u00e7\u00fcn \u0259n rahat imkan yarada bil\u0259c\u0259ksiniz.","og_url":"https:\/\/bs2.lt\/az\/product\/diebold-nixdorf-dn-100d\/","og_site_name":"BS\/2","article_publisher":"https:\/\/www.facebook.com\/bs2solutions\/","article_modified_time":"2022-04-01T11:17:11+00:00","og_image":[{"width":584,"height":1600,"url":"https:\/\/bs2.lt\/wp-content\/uploads\/2021\/01\/dn-series-100d.png","type":"image\/png"}],"twitter_card":"summary_large_image","schema":{"@context":"https:\/\/schema.org","@graph":[{"@type":"WebPage","@id":"https:\/\/bs2.lt\/az\/product\/diebold-nixdorf-dn-100d\/","url":"https:\/\/bs2.lt\/az\/product\/diebold-nixdorf-dn-100d\/","name":"Diebold Nixdorf DN 100D | BS\/2","isPartOf":{"@id":"https:\/\/bs2.lt\/#website"},"primaryImageOfPage":{"@id":"https:\/\/bs2.lt\/az\/product\/diebold-nixdorf-dn-100d\/#primaryimage"},"image":{"@id":"https:\/\/bs2.lt\/az\/product\/diebold-nixdorf-dn-100d\/#primaryimage"},"thumbnailUrl":"https:\/\/bs2.lt\/wp-content\/uploads\/2021\/01\/dn-series-100d.png","datePublished":"2022-04-01T10:11:42+00:00","dateModified":"2022-04-01T11:17:11+00:00","breadcrumb":{"@id":"https:\/\/bs2.lt\/az\/product\/diebold-nixdorf-dn-100d\/#breadcrumb"},"inLanguage":"az","potentialAction":[{"@type":"ReadAction","target":["https:\/\/bs2.lt\/az\/product\/diebold-nixdorf-dn-100d\/"]}]},{"@type":"ImageObject","inLanguage":"az","@id":"https:\/\/bs2.lt\/az\/product\/diebold-nixdorf-dn-100d\/#primaryimage","url":"https:\/\/bs2.lt\/wp-content\/uploads\/2021\/01\/dn-series-100d.png","contentUrl":"https:\/\/bs2.lt\/wp-content\/uploads\/2021\/01\/dn-series-100d.png","width":584,"height":1600},{"@type":"BreadcrumbList","@id":"https:\/\/bs2.lt\/az\/product\/diebold-nixdorf-dn-100d\/#breadcrumb","itemListElement":[{"@type":"ListItem","position":1,"name":"Home","item":"https:\/\/bs2.lt\/az\/"},{"@type":"ListItem","position":2,"name":"Diebold Nixdorf DN 100D"}]},{"@type":"WebSite","@id":"https:\/\/bs2.lt\/#website","url":"https:\/\/bs2.lt\/","name":"BS\/2","description":"Banking and retail technology company","publisher":{"@id":"https:\/\/bs2.lt\/#organization"},"potentialAction":[{"@type":"SearchAction","target":{"@type":"EntryPoint","urlTemplate":"https:\/\/bs2.lt\/?s={search_term_string}"},"query-input":{"@type":"PropertyValueSpecification","valueRequired":true,"valueName":"search_term_string"}}],"inLanguage":"az"},{"@type":"Organization","@id":"https:\/\/bs2.lt\/#organization","name":"BS\/2","url":"https:\/\/bs2.lt\/","logo":{"@type":"ImageObject","inLanguage":"az","@id":"https:\/\/bs2.lt\/#\/schema\/logo\/image\/","url":"https:\/\/bs2.lt\/wp-content\/uploads\/2022\/08\/bs2-logo.svg","contentUrl":"https:\/\/bs2.lt\/wp-content\/uploads\/2022\/08\/bs2-logo.svg","width":100,"height":57,"caption":"BS\/2"},"image":{"@id":"https:\/\/bs2.lt\/#\/schema\/logo\/image\/"},"sameAs":["https:\/\/www.facebook.com\/bs2solutions\/","https:\/\/www.linkedin.com\/showcase\/bs2solutions","https:\/\/www.youtube.com\/c\/Bs2Lt"]}]}},"_links":{"self":[{"href":"https:\/\/bs2.lt\/az\/wp-json\/wp\/v2\/product\/25998","targetHints":{"allow":["GET"]}}],"collection":[{"href":"https:\/\/bs2.lt\/az\/wp-json\/wp\/v2\/product"}],"about":[{"href":"https:\/\/bs2.lt\/az\/wp-json\/wp\/v2\/types\/product"}],"wp:featuredmedia":[{"embeddable":true,"href":"https:\/\/bs2.lt\/az\/wp-json\/wp\/v2\/media\/17305"}],"wp:attachment":[{"href":"https:\/\/bs2.lt\/az\/wp-json\/wp\/v2\/media?parent=25998"}],"wp:term":[{"taxonomy":"product_category","embeddable":true,"href":"https:\/\/bs2.lt\/az\/wp-json\/wp\/v2\/product_category?post=25998"},{"taxonomy":"atm_series","embeddable":true,"href":"https:\/\/bs2.lt\/az\/wp-json\/wp\/v2\/atm_series?post=25998"},{"taxonomy":"atm_cashflow","embeddable":true,"href":"https:\/\/bs2.lt\/az\/wp-json\/wp\/v2\/atm_cashflow?post=25998"},{"taxonomy":"atm_type","embeddable":true,"href":"https:\/\/bs2.lt\/az\/wp-json\/wp\/v2\/atm_type?post=25998"},{"taxonomy":"product-provider","embeddable":true,"href":"https:\/\/bs2.lt\/az\/wp-json\/wp\/v2\/product-provider?post=25998"}],"curies":[{"name":"wp","href":"https:\/\/api.w.org\/{rel}","templated":true}]}}