{"id":25985,"date":"2022-03-31T09:06:04","date_gmt":"2022-03-31T11:06:04","guid":{"rendered":"https:\/\/bs2.lt\/bs2.lt\/?post_type=product&#038;p=25985"},"modified":"2022-03-31T09:07:45","modified_gmt":"2022-03-31T11:07:45","slug":"bankomatlarin-kassetl%c9%99ri-ucun-sbk7-mur%c9%99kk%c9%99b-sistemi","status":"publish","type":"product","link":"https:\/\/bs2.lt\/az\/product\/bankomatlarin-kassetl%c9%99ri-ucun-sbk7-mur%c9%99kk%c9%99b-sistemi\/","title":{"rendered":"Bankomatlar\u0131n kassetl\u0259ri \u00fc\u00e7\u00fcn SBK7 m\u00fcr\u0259kk\u0259b sistemi"},"content":{"rendered":"<p>MIB-d\u0259n SBK7 \u2014 bankomatlar \u00fc\u00e7\u00fcn sertifikatla\u015fd\u0131r\u0131lm\u0131\u015f m\u00fcr\u0259kk\u0259bl\u0259rl\u0259 \u0259skinazlar\u0131n neytralla\u015fd\u0131r\u0131lmas\u0131 sistemidir. SBK7  partlay\u0131\u015f zaman\u0131 bir ne\u00e7\u0259 millisaniy\u0259 \u0259rzind\u0259 \u0259skinazlar\u0131 boyaya bil\u0259n innovasiyal\u0131 texniki h\u0259ll\u0259rd\u0259n istifad\u0259 edir, v\u0259 MIB polis q\u00fcvv\u0259l\u0259ri v\u0259 partlay\u0131c\u0131 madd\u0259l\u0259r \u00fczr\u0259 beyn\u0259lxalq ekspertl\u0259rl\u0259 \u0259m\u0259kda\u015fl\u0131qda apard\u0131\u011f\u0131 t\u0259tbiqi t\u0259cr\u00fcb\u0259nin v\u0259 ekstremal da\u011f\u0131d\u0131c\u0131 s\u0131naqlar\u0131n n\u0259tic\u0259sidir.<\/p>\n","protected":false},"featured_media":25453,"template":"","product_category":[791],"atm_series":[],"atm_cashflow":[],"atm_type":[],"product-provider":[],"class_list":["post-25985","product","type-product","status-publish","has-post-thumbnail","hentry","product_category-ccm"],"acf":[],"yoast_head":"<!-- This site is optimized with the Yoast SEO plugin v26.2 - https:\/\/yoast.com\/wordpress\/plugins\/seo\/ -->\n<title>Bankomatlar\u0131n kassetl\u0259ri \u00fc\u00e7\u00fcn SBK7 m\u00fcr\u0259kk\u0259b sistemi | BS\/2<\/title>\n<meta name=\"robots\" content=\"index, follow, max-snippet:-1, max-image-preview:large, max-video-preview:-1\" \/>\n<link rel=\"canonical\" href=\"https:\/\/bs2.lt\/az\/product\/bankomatlarin-kassetl\u0259ri-ucun-sbk7-mur\u0259kk\u0259b-sistemi\/\" \/>\n<meta property=\"og:locale\" content=\"az_AZ\" \/>\n<meta property=\"og:type\" content=\"article\" \/>\n<meta property=\"og:title\" content=\"Bankomatlar\u0131n kassetl\u0259ri \u00fc\u00e7\u00fcn SBK7 m\u00fcr\u0259kk\u0259b sistemi | BS\/2\" \/>\n<meta property=\"og:description\" content=\"MIB-d\u0259n SBK7 \u2014 bankomatlar \u00fc\u00e7\u00fcn sertifikatla\u015fd\u0131r\u0131lm\u0131\u015f m\u00fcr\u0259kk\u0259bl\u0259rl\u0259 \u0259skinazlar\u0131n neytralla\u015fd\u0131r\u0131lmas\u0131 sistemidir. SBK7 partlay\u0131\u015f zaman\u0131 bir ne\u00e7\u0259 millisaniy\u0259 \u0259rzind\u0259 \u0259skinazlar\u0131 boyaya bil\u0259n innovasiyal\u0131 texniki h\u0259ll\u0259rd\u0259n istifad\u0259 edir, v\u0259 MIB polis q\u00fcvv\u0259l\u0259ri v\u0259 partlay\u0131c\u0131 madd\u0259l\u0259r \u00fczr\u0259 beyn\u0259lxalq ekspertl\u0259rl\u0259 \u0259m\u0259kda\u015fl\u0131qda apard\u0131\u011f\u0131 t\u0259tbiqi t\u0259cr\u00fcb\u0259nin v\u0259 ekstremal da\u011f\u0131d\u0131c\u0131 s\u0131naqlar\u0131n n\u0259tic\u0259sidir.\" \/>\n<meta property=\"og:url\" content=\"https:\/\/bs2.lt\/az\/product\/bankomatlarin-kassetl\u0259ri-ucun-sbk7-mur\u0259kk\u0259b-sistemi\/\" \/>\n<meta property=\"og:site_name\" content=\"BS\/2\" \/>\n<meta property=\"article:publisher\" content=\"https:\/\/www.facebook.com\/bs2solutions\/\" \/>\n<meta property=\"article:modified_time\" content=\"2022-03-31T11:07:45+00:00\" \/>\n<meta property=\"og:image\" content=\"https:\/\/bs2.lt\/wp-content\/uploads\/2022\/03\/banknote-inking-copy.jpg\" \/>\n\t<meta property=\"og:image:width\" content=\"1200\" \/>\n\t<meta property=\"og:image:height\" content=\"1000\" \/>\n\t<meta property=\"og:image:type\" content=\"image\/jpeg\" \/>\n<meta name=\"twitter:card\" content=\"summary_large_image\" \/>\n<script type=\"application\/ld+json\" class=\"yoast-schema-graph\">{\"@context\":\"https:\/\/schema.org\",\"@graph\":[{\"@type\":\"WebPage\",\"@id\":\"https:\/\/bs2.lt\/az\/product\/bankomatlarin-kassetl%c9%99ri-ucun-sbk7-mur%c9%99kk%c9%99b-sistemi\/\",\"url\":\"https:\/\/bs2.lt\/az\/product\/bankomatlarin-kassetl%c9%99ri-ucun-sbk7-mur%c9%99kk%c9%99b-sistemi\/\",\"name\":\"Bankomatlar\u0131n kassetl\u0259ri \u00fc\u00e7\u00fcn SBK7 m\u00fcr\u0259kk\u0259b sistemi | BS\/2\",\"isPartOf\":{\"@id\":\"https:\/\/bs2.lt\/#website\"},\"primaryImageOfPage\":{\"@id\":\"https:\/\/bs2.lt\/az\/product\/bankomatlarin-kassetl%c9%99ri-ucun-sbk7-mur%c9%99kk%c9%99b-sistemi\/#primaryimage\"},\"image\":{\"@id\":\"https:\/\/bs2.lt\/az\/product\/bankomatlarin-kassetl%c9%99ri-ucun-sbk7-mur%c9%99kk%c9%99b-sistemi\/#primaryimage\"},\"thumbnailUrl\":\"https:\/\/bs2.lt\/wp-content\/uploads\/2022\/03\/banknote-inking-copy.jpg\",\"datePublished\":\"2022-03-31T11:06:04+00:00\",\"dateModified\":\"2022-03-31T11:07:45+00:00\",\"breadcrumb\":{\"@id\":\"https:\/\/bs2.lt\/az\/product\/bankomatlarin-kassetl%c9%99ri-ucun-sbk7-mur%c9%99kk%c9%99b-sistemi\/#breadcrumb\"},\"inLanguage\":\"az\",\"potentialAction\":[{\"@type\":\"ReadAction\",\"target\":[\"https:\/\/bs2.lt\/az\/product\/bankomatlarin-kassetl%c9%99ri-ucun-sbk7-mur%c9%99kk%c9%99b-sistemi\/\"]}]},{\"@type\":\"ImageObject\",\"inLanguage\":\"az\",\"@id\":\"https:\/\/bs2.lt\/az\/product\/bankomatlarin-kassetl%c9%99ri-ucun-sbk7-mur%c9%99kk%c9%99b-sistemi\/#primaryimage\",\"url\":\"https:\/\/bs2.lt\/wp-content\/uploads\/2022\/03\/banknote-inking-copy.jpg\",\"contentUrl\":\"https:\/\/bs2.lt\/wp-content\/uploads\/2022\/03\/banknote-inking-copy.jpg\",\"width\":1200,\"height\":1000},{\"@type\":\"BreadcrumbList\",\"@id\":\"https:\/\/bs2.lt\/az\/product\/bankomatlarin-kassetl%c9%99ri-ucun-sbk7-mur%c9%99kk%c9%99b-sistemi\/#breadcrumb\",\"itemListElement\":[{\"@type\":\"ListItem\",\"position\":1,\"name\":\"Home\",\"item\":\"https:\/\/bs2.lt\/az\/\"},{\"@type\":\"ListItem\",\"position\":2,\"name\":\"Bankomatlar\u0131n kassetl\u0259ri \u00fc\u00e7\u00fcn SBK7 m\u00fcr\u0259kk\u0259b sistemi\"}]},{\"@type\":\"WebSite\",\"@id\":\"https:\/\/bs2.lt\/#website\",\"url\":\"https:\/\/bs2.lt\/\",\"name\":\"BS\/2\",\"description\":\"Banking and retail technology company\",\"publisher\":{\"@id\":\"https:\/\/bs2.lt\/#organization\"},\"potentialAction\":[{\"@type\":\"SearchAction\",\"target\":{\"@type\":\"EntryPoint\",\"urlTemplate\":\"https:\/\/bs2.lt\/?s={search_term_string}\"},\"query-input\":{\"@type\":\"PropertyValueSpecification\",\"valueRequired\":true,\"valueName\":\"search_term_string\"}}],\"inLanguage\":\"az\"},{\"@type\":\"Organization\",\"@id\":\"https:\/\/bs2.lt\/#organization\",\"name\":\"BS\/2\",\"url\":\"https:\/\/bs2.lt\/\",\"logo\":{\"@type\":\"ImageObject\",\"inLanguage\":\"az\",\"@id\":\"https:\/\/bs2.lt\/#\/schema\/logo\/image\/\",\"url\":\"https:\/\/bs2.lt\/wp-content\/uploads\/2022\/08\/bs2-logo.svg\",\"contentUrl\":\"https:\/\/bs2.lt\/wp-content\/uploads\/2022\/08\/bs2-logo.svg\",\"width\":100,\"height\":57,\"caption\":\"BS\/2\"},\"image\":{\"@id\":\"https:\/\/bs2.lt\/#\/schema\/logo\/image\/\"},\"sameAs\":[\"https:\/\/www.facebook.com\/bs2solutions\/\",\"https:\/\/www.linkedin.com\/showcase\/bs2solutions\",\"https:\/\/www.youtube.com\/c\/Bs2Lt\"]}]}<\/script>\n<!-- \/ Yoast SEO plugin. -->","yoast_head_json":{"title":"Bankomatlar\u0131n kassetl\u0259ri \u00fc\u00e7\u00fcn SBK7 m\u00fcr\u0259kk\u0259b sistemi | BS\/2","robots":{"index":"index","follow":"follow","max-snippet":"max-snippet:-1","max-image-preview":"max-image-preview:large","max-video-preview":"max-video-preview:-1"},"canonical":"https:\/\/bs2.lt\/az\/product\/bankomatlarin-kassetl\u0259ri-ucun-sbk7-mur\u0259kk\u0259b-sistemi\/","og_locale":"az_AZ","og_type":"article","og_title":"Bankomatlar\u0131n kassetl\u0259ri \u00fc\u00e7\u00fcn SBK7 m\u00fcr\u0259kk\u0259b sistemi | BS\/2","og_description":"MIB-d\u0259n SBK7 \u2014 bankomatlar \u00fc\u00e7\u00fcn sertifikatla\u015fd\u0131r\u0131lm\u0131\u015f m\u00fcr\u0259kk\u0259bl\u0259rl\u0259 \u0259skinazlar\u0131n neytralla\u015fd\u0131r\u0131lmas\u0131 sistemidir. SBK7 partlay\u0131\u015f zaman\u0131 bir ne\u00e7\u0259 millisaniy\u0259 \u0259rzind\u0259 \u0259skinazlar\u0131 boyaya bil\u0259n innovasiyal\u0131 texniki h\u0259ll\u0259rd\u0259n istifad\u0259 edir, v\u0259 MIB polis q\u00fcvv\u0259l\u0259ri v\u0259 partlay\u0131c\u0131 madd\u0259l\u0259r \u00fczr\u0259 beyn\u0259lxalq ekspertl\u0259rl\u0259 \u0259m\u0259kda\u015fl\u0131qda apard\u0131\u011f\u0131 t\u0259tbiqi t\u0259cr\u00fcb\u0259nin v\u0259 ekstremal da\u011f\u0131d\u0131c\u0131 s\u0131naqlar\u0131n n\u0259tic\u0259sidir.","og_url":"https:\/\/bs2.lt\/az\/product\/bankomatlarin-kassetl\u0259ri-ucun-sbk7-mur\u0259kk\u0259b-sistemi\/","og_site_name":"BS\/2","article_publisher":"https:\/\/www.facebook.com\/bs2solutions\/","article_modified_time":"2022-03-31T11:07:45+00:00","og_image":[{"width":1200,"height":1000,"url":"https:\/\/bs2.lt\/wp-content\/uploads\/2022\/03\/banknote-inking-copy.jpg","type":"image\/jpeg"}],"twitter_card":"summary_large_image","schema":{"@context":"https:\/\/schema.org","@graph":[{"@type":"WebPage","@id":"https:\/\/bs2.lt\/az\/product\/bankomatlarin-kassetl%c9%99ri-ucun-sbk7-mur%c9%99kk%c9%99b-sistemi\/","url":"https:\/\/bs2.lt\/az\/product\/bankomatlarin-kassetl%c9%99ri-ucun-sbk7-mur%c9%99kk%c9%99b-sistemi\/","name":"Bankomatlar\u0131n kassetl\u0259ri \u00fc\u00e7\u00fcn SBK7 m\u00fcr\u0259kk\u0259b sistemi | BS\/2","isPartOf":{"@id":"https:\/\/bs2.lt\/#website"},"primaryImageOfPage":{"@id":"https:\/\/bs2.lt\/az\/product\/bankomatlarin-kassetl%c9%99ri-ucun-sbk7-mur%c9%99kk%c9%99b-sistemi\/#primaryimage"},"image":{"@id":"https:\/\/bs2.lt\/az\/product\/bankomatlarin-kassetl%c9%99ri-ucun-sbk7-mur%c9%99kk%c9%99b-sistemi\/#primaryimage"},"thumbnailUrl":"https:\/\/bs2.lt\/wp-content\/uploads\/2022\/03\/banknote-inking-copy.jpg","datePublished":"2022-03-31T11:06:04+00:00","dateModified":"2022-03-31T11:07:45+00:00","breadcrumb":{"@id":"https:\/\/bs2.lt\/az\/product\/bankomatlarin-kassetl%c9%99ri-ucun-sbk7-mur%c9%99kk%c9%99b-sistemi\/#breadcrumb"},"inLanguage":"az","potentialAction":[{"@type":"ReadAction","target":["https:\/\/bs2.lt\/az\/product\/bankomatlarin-kassetl%c9%99ri-ucun-sbk7-mur%c9%99kk%c9%99b-sistemi\/"]}]},{"@type":"ImageObject","inLanguage":"az","@id":"https:\/\/bs2.lt\/az\/product\/bankomatlarin-kassetl%c9%99ri-ucun-sbk7-mur%c9%99kk%c9%99b-sistemi\/#primaryimage","url":"https:\/\/bs2.lt\/wp-content\/uploads\/2022\/03\/banknote-inking-copy.jpg","contentUrl":"https:\/\/bs2.lt\/wp-content\/uploads\/2022\/03\/banknote-inking-copy.jpg","width":1200,"height":1000},{"@type":"BreadcrumbList","@id":"https:\/\/bs2.lt\/az\/product\/bankomatlarin-kassetl%c9%99ri-ucun-sbk7-mur%c9%99kk%c9%99b-sistemi\/#breadcrumb","itemListElement":[{"@type":"ListItem","position":1,"name":"Home","item":"https:\/\/bs2.lt\/az\/"},{"@type":"ListItem","position":2,"name":"Bankomatlar\u0131n kassetl\u0259ri \u00fc\u00e7\u00fcn SBK7 m\u00fcr\u0259kk\u0259b sistemi"}]},{"@type":"WebSite","@id":"https:\/\/bs2.lt\/#website","url":"https:\/\/bs2.lt\/","name":"BS\/2","description":"Banking and retail technology company","publisher":{"@id":"https:\/\/bs2.lt\/#organization"},"potentialAction":[{"@type":"SearchAction","target":{"@type":"EntryPoint","urlTemplate":"https:\/\/bs2.lt\/?s={search_term_string}"},"query-input":{"@type":"PropertyValueSpecification","valueRequired":true,"valueName":"search_term_string"}}],"inLanguage":"az"},{"@type":"Organization","@id":"https:\/\/bs2.lt\/#organization","name":"BS\/2","url":"https:\/\/bs2.lt\/","logo":{"@type":"ImageObject","inLanguage":"az","@id":"https:\/\/bs2.lt\/#\/schema\/logo\/image\/","url":"https:\/\/bs2.lt\/wp-content\/uploads\/2022\/08\/bs2-logo.svg","contentUrl":"https:\/\/bs2.lt\/wp-content\/uploads\/2022\/08\/bs2-logo.svg","width":100,"height":57,"caption":"BS\/2"},"image":{"@id":"https:\/\/bs2.lt\/#\/schema\/logo\/image\/"},"sameAs":["https:\/\/www.facebook.com\/bs2solutions\/","https:\/\/www.linkedin.com\/showcase\/bs2solutions","https:\/\/www.youtube.com\/c\/Bs2Lt"]}]}},"_links":{"self":[{"href":"https:\/\/bs2.lt\/az\/wp-json\/wp\/v2\/product\/25985","targetHints":{"allow":["GET"]}}],"collection":[{"href":"https:\/\/bs2.lt\/az\/wp-json\/wp\/v2\/product"}],"about":[{"href":"https:\/\/bs2.lt\/az\/wp-json\/wp\/v2\/types\/product"}],"wp:featuredmedia":[{"embeddable":true,"href":"https:\/\/bs2.lt\/az\/wp-json\/wp\/v2\/media\/25453"}],"wp:attachment":[{"href":"https:\/\/bs2.lt\/az\/wp-json\/wp\/v2\/media?parent=25985"}],"wp:term":[{"taxonomy":"product_category","embeddable":true,"href":"https:\/\/bs2.lt\/az\/wp-json\/wp\/v2\/product_category?post=25985"},{"taxonomy":"atm_series","embeddable":true,"href":"https:\/\/bs2.lt\/az\/wp-json\/wp\/v2\/atm_series?post=25985"},{"taxonomy":"atm_cashflow","embeddable":true,"href":"https:\/\/bs2.lt\/az\/wp-json\/wp\/v2\/atm_cashflow?post=25985"},{"taxonomy":"atm_type","embeddable":true,"href":"https:\/\/bs2.lt\/az\/wp-json\/wp\/v2\/atm_type?post=25985"},{"taxonomy":"product-provider","embeddable":true,"href":"https:\/\/bs2.lt\/az\/wp-json\/wp\/v2\/product-provider?post=25985"}],"curies":[{"name":"wp","href":"https:\/\/api.w.org\/{rel}","templated":true}]}}