{"id":25983,"date":"2022-03-31T08:59:55","date_gmt":"2022-03-31T10:59:55","guid":{"rendered":"https:\/\/bs2.lt\/bs2.lt\/?post_type=product&#038;p=25983"},"modified":"2023-01-24T10:00:17","modified_gmt":"2023-01-24T08:00:17","slug":"x-range","status":"publish","type":"product","link":"https:\/\/bs2.lt\/az\/product\/x-range\/","title":{"rendered":"X Range\u2122"},"content":{"rendered":"<p>CPS X-Range \u2013 hesab-\u00e7e\u015fidl\u0259m\u0259 ma\u015f\u0131n\u0131n\u0131n x\u0259tti \u2013 kommersiya v\u0259 m\u0259rk\u0259zi anklar\u0131n kassa m\u0259rk\u0259zl\u0259rind\u0259, el\u0259c\u0259 d\u0259 inkassasiya v\u0259 oyun v\u0259 p\u0259rak\u0259nd\u0259 biznes \u015firk\u0259tl\u0259ri nd\u0259 na\u011fd pullar\u0131n emal\u0131n\u0131n y\u00fcks\u0259k keyfiyy\u0259t s\u0259viyy\u0259sini t\u0259min edir.<\/p>\n<p>Y\u00fcks\u0259k d\u0259qiqlikli sensorlar v\u0259 etibarl\u0131 \u0259skinaz da\u015f\u0131ma sistemi cihaz\u0131n fasil\u0259siz i\u015fl\u0259m\u0259sind\u0259 \u0259n y\u00fcks\u0259k m\u0259hsuldarl\u0131q g\u00f6st\u0259ricil\u0259rini \u2013 saatda 54000 \u0259skinaza q\u0259d\u0259r t\u0259min edir.<\/p>\n<p>X Range\u2122 modell\u0259r:<\/p>\n<ul>\n<li>X3200\/X3500 (2+1 cib)<\/li>\n<li>X4200\/X4500 (3+1 cib)<\/li>\n<li>X5500 (4+1 cib)<\/li>\n<li>X6500 (5+1 cib)<\/li>\n<li>X7500 (6+1 cib)<\/li>\n<li>X9500 (8+1 cib)<\/li>\n<\/ul>\n","protected":false},"featured_media":24840,"template":"","product_category":[791],"atm_series":[],"atm_cashflow":[],"atm_type":[],"product-provider":[],"class_list":["post-25983","product","type-product","status-publish","has-post-thumbnail","hentry","product_category-ccm"],"acf":[],"yoast_head":"<!-- This site is optimized with the Yoast SEO plugin v26.2 - https:\/\/yoast.com\/wordpress\/plugins\/seo\/ -->\n<title>X Range\u2122 | BS\/2<\/title>\n<meta name=\"robots\" content=\"index, follow, max-snippet:-1, max-image-preview:large, max-video-preview:-1\" \/>\n<link rel=\"canonical\" href=\"https:\/\/bs2.lt\/az\/product\/x-range\/\" \/>\n<meta property=\"og:locale\" content=\"az_AZ\" \/>\n<meta property=\"og:type\" content=\"article\" \/>\n<meta property=\"og:title\" content=\"X Range\u2122 | BS\/2\" \/>\n<meta property=\"og:description\" content=\"CPS X-Range \u2013 hesab-\u00e7e\u015fidl\u0259m\u0259 ma\u015f\u0131n\u0131n\u0131n x\u0259tti \u2013 kommersiya v\u0259 m\u0259rk\u0259zi anklar\u0131n kassa m\u0259rk\u0259zl\u0259rind\u0259, el\u0259c\u0259 d\u0259 inkassasiya v\u0259 oyun v\u0259 p\u0259rak\u0259nd\u0259 biznes \u015firk\u0259tl\u0259ri nd\u0259 na\u011fd pullar\u0131n emal\u0131n\u0131n y\u00fcks\u0259k keyfiyy\u0259t s\u0259viyy\u0259sini t\u0259min edir. Y\u00fcks\u0259k d\u0259qiqlikli sensorlar v\u0259 etibarl\u0131 \u0259skinaz da\u015f\u0131ma sistemi cihaz\u0131n fasil\u0259siz i\u015fl\u0259m\u0259sind\u0259 \u0259n y\u00fcks\u0259k m\u0259hsuldarl\u0131q g\u00f6st\u0259ricil\u0259rini \u2013 saatda 54000 \u0259skinaza q\u0259d\u0259r t\u0259min edir. X Range\u2122 [&hellip;]\" \/>\n<meta property=\"og:url\" content=\"https:\/\/bs2.lt\/az\/product\/x-range\/\" \/>\n<meta property=\"og:site_name\" content=\"BS\/2\" \/>\n<meta property=\"article:publisher\" content=\"https:\/\/www.facebook.com\/bs2solutions\/\" \/>\n<meta property=\"article:modified_time\" content=\"2023-01-24T08:00:17+00:00\" \/>\n<meta property=\"og:image\" content=\"https:\/\/bs2.lt\/wp-content\/uploads\/2021\/12\/x-range-cover2-copy.jpg\" \/>\n\t<meta property=\"og:image:width\" content=\"1200\" \/>\n\t<meta property=\"og:image:height\" content=\"1000\" \/>\n\t<meta property=\"og:image:type\" content=\"image\/jpeg\" \/>\n<meta name=\"twitter:card\" content=\"summary_large_image\" \/>\n<meta name=\"twitter:label1\" content=\"Est. reading time\" \/>\n\t<meta name=\"twitter:data1\" content=\"1 minute\" \/>\n<script type=\"application\/ld+json\" class=\"yoast-schema-graph\">{\"@context\":\"https:\/\/schema.org\",\"@graph\":[{\"@type\":\"WebPage\",\"@id\":\"https:\/\/bs2.lt\/az\/product\/x-range\/\",\"url\":\"https:\/\/bs2.lt\/az\/product\/x-range\/\",\"name\":\"X Range\u2122 | BS\/2\",\"isPartOf\":{\"@id\":\"https:\/\/bs2.lt\/#website\"},\"primaryImageOfPage\":{\"@id\":\"https:\/\/bs2.lt\/az\/product\/x-range\/#primaryimage\"},\"image\":{\"@id\":\"https:\/\/bs2.lt\/az\/product\/x-range\/#primaryimage\"},\"thumbnailUrl\":\"https:\/\/bs2.lt\/wp-content\/uploads\/2021\/12\/x-range-cover2-copy.jpg\",\"datePublished\":\"2022-03-31T10:59:55+00:00\",\"dateModified\":\"2023-01-24T08:00:17+00:00\",\"breadcrumb\":{\"@id\":\"https:\/\/bs2.lt\/az\/product\/x-range\/#breadcrumb\"},\"inLanguage\":\"az\",\"potentialAction\":[{\"@type\":\"ReadAction\",\"target\":[\"https:\/\/bs2.lt\/az\/product\/x-range\/\"]}]},{\"@type\":\"ImageObject\",\"inLanguage\":\"az\",\"@id\":\"https:\/\/bs2.lt\/az\/product\/x-range\/#primaryimage\",\"url\":\"https:\/\/bs2.lt\/wp-content\/uploads\/2021\/12\/x-range-cover2-copy.jpg\",\"contentUrl\":\"https:\/\/bs2.lt\/wp-content\/uploads\/2021\/12\/x-range-cover2-copy.jpg\",\"width\":1200,\"height\":1000},{\"@type\":\"BreadcrumbList\",\"@id\":\"https:\/\/bs2.lt\/az\/product\/x-range\/#breadcrumb\",\"itemListElement\":[{\"@type\":\"ListItem\",\"position\":1,\"name\":\"Home\",\"item\":\"https:\/\/bs2.lt\/az\/\"},{\"@type\":\"ListItem\",\"position\":2,\"name\":\"X Range\u2122\"}]},{\"@type\":\"WebSite\",\"@id\":\"https:\/\/bs2.lt\/#website\",\"url\":\"https:\/\/bs2.lt\/\",\"name\":\"BS\/2\",\"description\":\"Banking and retail technology company\",\"publisher\":{\"@id\":\"https:\/\/bs2.lt\/#organization\"},\"potentialAction\":[{\"@type\":\"SearchAction\",\"target\":{\"@type\":\"EntryPoint\",\"urlTemplate\":\"https:\/\/bs2.lt\/?s={search_term_string}\"},\"query-input\":{\"@type\":\"PropertyValueSpecification\",\"valueRequired\":true,\"valueName\":\"search_term_string\"}}],\"inLanguage\":\"az\"},{\"@type\":\"Organization\",\"@id\":\"https:\/\/bs2.lt\/#organization\",\"name\":\"BS\/2\",\"url\":\"https:\/\/bs2.lt\/\",\"logo\":{\"@type\":\"ImageObject\",\"inLanguage\":\"az\",\"@id\":\"https:\/\/bs2.lt\/#\/schema\/logo\/image\/\",\"url\":\"https:\/\/bs2.lt\/wp-content\/uploads\/2022\/08\/bs2-logo.svg\",\"contentUrl\":\"https:\/\/bs2.lt\/wp-content\/uploads\/2022\/08\/bs2-logo.svg\",\"width\":100,\"height\":57,\"caption\":\"BS\/2\"},\"image\":{\"@id\":\"https:\/\/bs2.lt\/#\/schema\/logo\/image\/\"},\"sameAs\":[\"https:\/\/www.facebook.com\/bs2solutions\/\",\"https:\/\/www.linkedin.com\/showcase\/bs2solutions\",\"https:\/\/www.youtube.com\/c\/Bs2Lt\"]}]}<\/script>\n<!-- \/ Yoast SEO plugin. -->","yoast_head_json":{"title":"X Range\u2122 | BS\/2","robots":{"index":"index","follow":"follow","max-snippet":"max-snippet:-1","max-image-preview":"max-image-preview:large","max-video-preview":"max-video-preview:-1"},"canonical":"https:\/\/bs2.lt\/az\/product\/x-range\/","og_locale":"az_AZ","og_type":"article","og_title":"X Range\u2122 | BS\/2","og_description":"CPS X-Range \u2013 hesab-\u00e7e\u015fidl\u0259m\u0259 ma\u015f\u0131n\u0131n\u0131n x\u0259tti \u2013 kommersiya v\u0259 m\u0259rk\u0259zi anklar\u0131n kassa m\u0259rk\u0259zl\u0259rind\u0259, el\u0259c\u0259 d\u0259 inkassasiya v\u0259 oyun v\u0259 p\u0259rak\u0259nd\u0259 biznes \u015firk\u0259tl\u0259ri nd\u0259 na\u011fd pullar\u0131n emal\u0131n\u0131n y\u00fcks\u0259k keyfiyy\u0259t s\u0259viyy\u0259sini t\u0259min edir. Y\u00fcks\u0259k d\u0259qiqlikli sensorlar v\u0259 etibarl\u0131 \u0259skinaz da\u015f\u0131ma sistemi cihaz\u0131n fasil\u0259siz i\u015fl\u0259m\u0259sind\u0259 \u0259n y\u00fcks\u0259k m\u0259hsuldarl\u0131q g\u00f6st\u0259ricil\u0259rini \u2013 saatda 54000 \u0259skinaza q\u0259d\u0259r t\u0259min edir. X Range\u2122 [&hellip;]","og_url":"https:\/\/bs2.lt\/az\/product\/x-range\/","og_site_name":"BS\/2","article_publisher":"https:\/\/www.facebook.com\/bs2solutions\/","article_modified_time":"2023-01-24T08:00:17+00:00","og_image":[{"width":1200,"height":1000,"url":"https:\/\/bs2.lt\/wp-content\/uploads\/2021\/12\/x-range-cover2-copy.jpg","type":"image\/jpeg"}],"twitter_card":"summary_large_image","twitter_misc":{"Est. reading time":"1 minute"},"schema":{"@context":"https:\/\/schema.org","@graph":[{"@type":"WebPage","@id":"https:\/\/bs2.lt\/az\/product\/x-range\/","url":"https:\/\/bs2.lt\/az\/product\/x-range\/","name":"X Range\u2122 | BS\/2","isPartOf":{"@id":"https:\/\/bs2.lt\/#website"},"primaryImageOfPage":{"@id":"https:\/\/bs2.lt\/az\/product\/x-range\/#primaryimage"},"image":{"@id":"https:\/\/bs2.lt\/az\/product\/x-range\/#primaryimage"},"thumbnailUrl":"https:\/\/bs2.lt\/wp-content\/uploads\/2021\/12\/x-range-cover2-copy.jpg","datePublished":"2022-03-31T10:59:55+00:00","dateModified":"2023-01-24T08:00:17+00:00","breadcrumb":{"@id":"https:\/\/bs2.lt\/az\/product\/x-range\/#breadcrumb"},"inLanguage":"az","potentialAction":[{"@type":"ReadAction","target":["https:\/\/bs2.lt\/az\/product\/x-range\/"]}]},{"@type":"ImageObject","inLanguage":"az","@id":"https:\/\/bs2.lt\/az\/product\/x-range\/#primaryimage","url":"https:\/\/bs2.lt\/wp-content\/uploads\/2021\/12\/x-range-cover2-copy.jpg","contentUrl":"https:\/\/bs2.lt\/wp-content\/uploads\/2021\/12\/x-range-cover2-copy.jpg","width":1200,"height":1000},{"@type":"BreadcrumbList","@id":"https:\/\/bs2.lt\/az\/product\/x-range\/#breadcrumb","itemListElement":[{"@type":"ListItem","position":1,"name":"Home","item":"https:\/\/bs2.lt\/az\/"},{"@type":"ListItem","position":2,"name":"X Range\u2122"}]},{"@type":"WebSite","@id":"https:\/\/bs2.lt\/#website","url":"https:\/\/bs2.lt\/","name":"BS\/2","description":"Banking and retail technology company","publisher":{"@id":"https:\/\/bs2.lt\/#organization"},"potentialAction":[{"@type":"SearchAction","target":{"@type":"EntryPoint","urlTemplate":"https:\/\/bs2.lt\/?s={search_term_string}"},"query-input":{"@type":"PropertyValueSpecification","valueRequired":true,"valueName":"search_term_string"}}],"inLanguage":"az"},{"@type":"Organization","@id":"https:\/\/bs2.lt\/#organization","name":"BS\/2","url":"https:\/\/bs2.lt\/","logo":{"@type":"ImageObject","inLanguage":"az","@id":"https:\/\/bs2.lt\/#\/schema\/logo\/image\/","url":"https:\/\/bs2.lt\/wp-content\/uploads\/2022\/08\/bs2-logo.svg","contentUrl":"https:\/\/bs2.lt\/wp-content\/uploads\/2022\/08\/bs2-logo.svg","width":100,"height":57,"caption":"BS\/2"},"image":{"@id":"https:\/\/bs2.lt\/#\/schema\/logo\/image\/"},"sameAs":["https:\/\/www.facebook.com\/bs2solutions\/","https:\/\/www.linkedin.com\/showcase\/bs2solutions","https:\/\/www.youtube.com\/c\/Bs2Lt"]}]}},"_links":{"self":[{"href":"https:\/\/bs2.lt\/az\/wp-json\/wp\/v2\/product\/25983","targetHints":{"allow":["GET"]}}],"collection":[{"href":"https:\/\/bs2.lt\/az\/wp-json\/wp\/v2\/product"}],"about":[{"href":"https:\/\/bs2.lt\/az\/wp-json\/wp\/v2\/types\/product"}],"wp:featuredmedia":[{"embeddable":true,"href":"https:\/\/bs2.lt\/az\/wp-json\/wp\/v2\/media\/24840"}],"wp:attachment":[{"href":"https:\/\/bs2.lt\/az\/wp-json\/wp\/v2\/media?parent=25983"}],"wp:term":[{"taxonomy":"product_category","embeddable":true,"href":"https:\/\/bs2.lt\/az\/wp-json\/wp\/v2\/product_category?post=25983"},{"taxonomy":"atm_series","embeddable":true,"href":"https:\/\/bs2.lt\/az\/wp-json\/wp\/v2\/atm_series?post=25983"},{"taxonomy":"atm_cashflow","embeddable":true,"href":"https:\/\/bs2.lt\/az\/wp-json\/wp\/v2\/atm_cashflow?post=25983"},{"taxonomy":"atm_type","embeddable":true,"href":"https:\/\/bs2.lt\/az\/wp-json\/wp\/v2\/atm_type?post=25983"},{"taxonomy":"product-provider","embeddable":true,"href":"https:\/\/bs2.lt\/az\/wp-json\/wp\/v2\/product-provider?post=25983"}],"curies":[{"name":"wp","href":"https:\/\/api.w.org\/{rel}","templated":true}]}}