{"id":25976,"date":"2022-03-31T07:59:33","date_gmt":"2022-03-31T09:59:33","guid":{"rendered":"https:\/\/bs2.lt\/bs2.lt\/?post_type=product&#038;p=25976"},"modified":"2022-03-31T08:13:52","modified_gmt":"2022-03-31T10:13:52","slug":"kassa-avadanliqlari-ucun-dayaq-sisteml%c9%99ri","status":"publish","type":"product","link":"https:\/\/bs2.lt\/az\/product\/kassa-avadanliqlari-ucun-dayaq-sisteml%c9%99ri\/","title":{"rendered":"Kassa avadanl\u0131qlar\u0131 \u00fc\u00e7\u00fcn dayaq sisteml\u0259ri"},"content":{"rendered":"<p>BS\/2 p\u0259rak\u0259nd\u0259 ticar\u0259td\u0259 i\u015f yerl\u0259rinin erqonomikas\u0131 \u00fc\u00e7\u00fcn h\u0259ll\u0259rin geni\u015f se\u00e7imini t\u0259qdim edir: kron\u015fteynl\u0259r, dayaqlar v\u0259 monitorlar, POS-terminallar, periferik qur\u011fular \u00fc\u00e7\u00fcn altl\u0131qlar<\/p>\n<p>M\u00fcasir dayaq sisteml\u0259ri kassa n\u00f6qt\u0259l\u0259rind\u0259 m\u00fcxt\u0259lif istehsal\u00e7\u0131lar\u0131n\u0131n avadanl\u0131qlar\u0131n\u0131 kompakt v\u0259 erqonomik yerl\u0259\u015fdir\u0259r\u0259k v\u0259 kassirl\u0259rin i\u015f yerl\u0259rind\u0259 qaydalar\u0131 v\u0259 rahatl\u0131\u011f\u0131 t\u0259min ed\u0259r\u0259k, ticar\u0259t n\u00f6qt\u0259l\u0259rinin sahibl\u0259rin\u0259 kassa zonas\u0131ndan effektiv istifad\u0259 etm\u0259k imkan\u0131 verir.<\/p>\n","protected":false},"featured_media":19861,"template":"","product_category":[344],"atm_series":[],"atm_cashflow":[],"atm_type":[],"product-provider":[],"class_list":["post-25976","product","type-product","status-publish","has-post-thumbnail","hentry","product_category-retail"],"acf":[],"yoast_head":"<!-- This site is optimized with the Yoast SEO plugin v26.2 - https:\/\/yoast.com\/wordpress\/plugins\/seo\/ -->\n<title>Kassa avadanl\u0131qlar\u0131 \u00fc\u00e7\u00fcn dayaq sisteml\u0259ri | BS\/2<\/title>\n<meta name=\"robots\" content=\"index, follow, max-snippet:-1, max-image-preview:large, max-video-preview:-1\" \/>\n<link rel=\"canonical\" href=\"https:\/\/bs2.lt\/az\/product\/kassa-avadanliqlari-ucun-dayaq-sisteml\u0259ri\/\" \/>\n<meta property=\"og:locale\" content=\"az_AZ\" \/>\n<meta property=\"og:type\" content=\"article\" \/>\n<meta property=\"og:title\" content=\"Kassa avadanl\u0131qlar\u0131 \u00fc\u00e7\u00fcn dayaq sisteml\u0259ri | BS\/2\" \/>\n<meta property=\"og:description\" content=\"BS\/2 p\u0259rak\u0259nd\u0259 ticar\u0259td\u0259 i\u015f yerl\u0259rinin erqonomikas\u0131 \u00fc\u00e7\u00fcn h\u0259ll\u0259rin geni\u015f se\u00e7imini t\u0259qdim edir: kron\u015fteynl\u0259r, dayaqlar v\u0259 monitorlar, POS-terminallar, periferik qur\u011fular \u00fc\u00e7\u00fcn altl\u0131qlar M\u00fcasir dayaq sisteml\u0259ri kassa n\u00f6qt\u0259l\u0259rind\u0259 m\u00fcxt\u0259lif istehsal\u00e7\u0131lar\u0131n\u0131n avadanl\u0131qlar\u0131n\u0131 kompakt v\u0259 erqonomik yerl\u0259\u015fdir\u0259r\u0259k v\u0259 kassirl\u0259rin i\u015f yerl\u0259rind\u0259 qaydalar\u0131 v\u0259 rahatl\u0131\u011f\u0131 t\u0259min ed\u0259r\u0259k, ticar\u0259t n\u00f6qt\u0259l\u0259rinin sahibl\u0259rin\u0259 kassa zonas\u0131ndan effektiv istifad\u0259 etm\u0259k imkan\u0131 verir.\" \/>\n<meta property=\"og:url\" content=\"https:\/\/bs2.lt\/az\/product\/kassa-avadanliqlari-ucun-dayaq-sisteml\u0259ri\/\" \/>\n<meta property=\"og:site_name\" content=\"BS\/2\" \/>\n<meta property=\"article:publisher\" content=\"https:\/\/www.facebook.com\/bs2solutions\/\" \/>\n<meta property=\"article:modified_time\" content=\"2022-03-31T10:13:52+00:00\" \/>\n<meta property=\"og:image\" content=\"https:\/\/bs2.lt\/wp-content\/uploads\/2021\/03\/11_sistemy-kreplenij-dlya-kassovogo-oborudovaniya.jpg\" \/>\n\t<meta property=\"og:image:width\" content=\"740\" \/>\n\t<meta property=\"og:image:height\" content=\"640\" \/>\n\t<meta property=\"og:image:type\" content=\"image\/jpeg\" \/>\n<meta name=\"twitter:card\" content=\"summary_large_image\" \/>\n<script type=\"application\/ld+json\" class=\"yoast-schema-graph\">{\"@context\":\"https:\/\/schema.org\",\"@graph\":[{\"@type\":\"WebPage\",\"@id\":\"https:\/\/bs2.lt\/az\/product\/kassa-avadanliqlari-ucun-dayaq-sisteml%c9%99ri\/\",\"url\":\"https:\/\/bs2.lt\/az\/product\/kassa-avadanliqlari-ucun-dayaq-sisteml%c9%99ri\/\",\"name\":\"Kassa avadanl\u0131qlar\u0131 \u00fc\u00e7\u00fcn dayaq sisteml\u0259ri | BS\/2\",\"isPartOf\":{\"@id\":\"https:\/\/bs2.lt\/#website\"},\"primaryImageOfPage\":{\"@id\":\"https:\/\/bs2.lt\/az\/product\/kassa-avadanliqlari-ucun-dayaq-sisteml%c9%99ri\/#primaryimage\"},\"image\":{\"@id\":\"https:\/\/bs2.lt\/az\/product\/kassa-avadanliqlari-ucun-dayaq-sisteml%c9%99ri\/#primaryimage\"},\"thumbnailUrl\":\"https:\/\/bs2.lt\/wp-content\/uploads\/2021\/03\/11_sistemy-kreplenij-dlya-kassovogo-oborudovaniya.jpg\",\"datePublished\":\"2022-03-31T09:59:33+00:00\",\"dateModified\":\"2022-03-31T10:13:52+00:00\",\"breadcrumb\":{\"@id\":\"https:\/\/bs2.lt\/az\/product\/kassa-avadanliqlari-ucun-dayaq-sisteml%c9%99ri\/#breadcrumb\"},\"inLanguage\":\"az\",\"potentialAction\":[{\"@type\":\"ReadAction\",\"target\":[\"https:\/\/bs2.lt\/az\/product\/kassa-avadanliqlari-ucun-dayaq-sisteml%c9%99ri\/\"]}]},{\"@type\":\"ImageObject\",\"inLanguage\":\"az\",\"@id\":\"https:\/\/bs2.lt\/az\/product\/kassa-avadanliqlari-ucun-dayaq-sisteml%c9%99ri\/#primaryimage\",\"url\":\"https:\/\/bs2.lt\/wp-content\/uploads\/2021\/03\/11_sistemy-kreplenij-dlya-kassovogo-oborudovaniya.jpg\",\"contentUrl\":\"https:\/\/bs2.lt\/wp-content\/uploads\/2021\/03\/11_sistemy-kreplenij-dlya-kassovogo-oborudovaniya.jpg\",\"width\":740,\"height\":640},{\"@type\":\"BreadcrumbList\",\"@id\":\"https:\/\/bs2.lt\/az\/product\/kassa-avadanliqlari-ucun-dayaq-sisteml%c9%99ri\/#breadcrumb\",\"itemListElement\":[{\"@type\":\"ListItem\",\"position\":1,\"name\":\"Home\",\"item\":\"https:\/\/bs2.lt\/az\/\"},{\"@type\":\"ListItem\",\"position\":2,\"name\":\"Kassa avadanl\u0131qlar\u0131 \u00fc\u00e7\u00fcn dayaq sisteml\u0259ri\"}]},{\"@type\":\"WebSite\",\"@id\":\"https:\/\/bs2.lt\/#website\",\"url\":\"https:\/\/bs2.lt\/\",\"name\":\"BS\/2\",\"description\":\"Banking and retail technology company\",\"publisher\":{\"@id\":\"https:\/\/bs2.lt\/#organization\"},\"potentialAction\":[{\"@type\":\"SearchAction\",\"target\":{\"@type\":\"EntryPoint\",\"urlTemplate\":\"https:\/\/bs2.lt\/?s={search_term_string}\"},\"query-input\":{\"@type\":\"PropertyValueSpecification\",\"valueRequired\":true,\"valueName\":\"search_term_string\"}}],\"inLanguage\":\"az\"},{\"@type\":\"Organization\",\"@id\":\"https:\/\/bs2.lt\/#organization\",\"name\":\"BS\/2\",\"url\":\"https:\/\/bs2.lt\/\",\"logo\":{\"@type\":\"ImageObject\",\"inLanguage\":\"az\",\"@id\":\"https:\/\/bs2.lt\/#\/schema\/logo\/image\/\",\"url\":\"https:\/\/bs2.lt\/wp-content\/uploads\/2022\/08\/bs2-logo.svg\",\"contentUrl\":\"https:\/\/bs2.lt\/wp-content\/uploads\/2022\/08\/bs2-logo.svg\",\"width\":100,\"height\":57,\"caption\":\"BS\/2\"},\"image\":{\"@id\":\"https:\/\/bs2.lt\/#\/schema\/logo\/image\/\"},\"sameAs\":[\"https:\/\/www.facebook.com\/bs2solutions\/\",\"https:\/\/www.linkedin.com\/showcase\/bs2solutions\",\"https:\/\/www.youtube.com\/c\/Bs2Lt\"]}]}<\/script>\n<!-- \/ Yoast SEO plugin. -->","yoast_head_json":{"title":"Kassa avadanl\u0131qlar\u0131 \u00fc\u00e7\u00fcn dayaq sisteml\u0259ri | BS\/2","robots":{"index":"index","follow":"follow","max-snippet":"max-snippet:-1","max-image-preview":"max-image-preview:large","max-video-preview":"max-video-preview:-1"},"canonical":"https:\/\/bs2.lt\/az\/product\/kassa-avadanliqlari-ucun-dayaq-sisteml\u0259ri\/","og_locale":"az_AZ","og_type":"article","og_title":"Kassa avadanl\u0131qlar\u0131 \u00fc\u00e7\u00fcn dayaq sisteml\u0259ri | BS\/2","og_description":"BS\/2 p\u0259rak\u0259nd\u0259 ticar\u0259td\u0259 i\u015f yerl\u0259rinin erqonomikas\u0131 \u00fc\u00e7\u00fcn h\u0259ll\u0259rin geni\u015f se\u00e7imini t\u0259qdim edir: kron\u015fteynl\u0259r, dayaqlar v\u0259 monitorlar, POS-terminallar, periferik qur\u011fular \u00fc\u00e7\u00fcn altl\u0131qlar M\u00fcasir dayaq sisteml\u0259ri kassa n\u00f6qt\u0259l\u0259rind\u0259 m\u00fcxt\u0259lif istehsal\u00e7\u0131lar\u0131n\u0131n avadanl\u0131qlar\u0131n\u0131 kompakt v\u0259 erqonomik yerl\u0259\u015fdir\u0259r\u0259k v\u0259 kassirl\u0259rin i\u015f yerl\u0259rind\u0259 qaydalar\u0131 v\u0259 rahatl\u0131\u011f\u0131 t\u0259min ed\u0259r\u0259k, ticar\u0259t n\u00f6qt\u0259l\u0259rinin sahibl\u0259rin\u0259 kassa zonas\u0131ndan effektiv istifad\u0259 etm\u0259k imkan\u0131 verir.","og_url":"https:\/\/bs2.lt\/az\/product\/kassa-avadanliqlari-ucun-dayaq-sisteml\u0259ri\/","og_site_name":"BS\/2","article_publisher":"https:\/\/www.facebook.com\/bs2solutions\/","article_modified_time":"2022-03-31T10:13:52+00:00","og_image":[{"width":740,"height":640,"url":"https:\/\/bs2.lt\/wp-content\/uploads\/2021\/03\/11_sistemy-kreplenij-dlya-kassovogo-oborudovaniya.jpg","type":"image\/jpeg"}],"twitter_card":"summary_large_image","schema":{"@context":"https:\/\/schema.org","@graph":[{"@type":"WebPage","@id":"https:\/\/bs2.lt\/az\/product\/kassa-avadanliqlari-ucun-dayaq-sisteml%c9%99ri\/","url":"https:\/\/bs2.lt\/az\/product\/kassa-avadanliqlari-ucun-dayaq-sisteml%c9%99ri\/","name":"Kassa avadanl\u0131qlar\u0131 \u00fc\u00e7\u00fcn dayaq sisteml\u0259ri | BS\/2","isPartOf":{"@id":"https:\/\/bs2.lt\/#website"},"primaryImageOfPage":{"@id":"https:\/\/bs2.lt\/az\/product\/kassa-avadanliqlari-ucun-dayaq-sisteml%c9%99ri\/#primaryimage"},"image":{"@id":"https:\/\/bs2.lt\/az\/product\/kassa-avadanliqlari-ucun-dayaq-sisteml%c9%99ri\/#primaryimage"},"thumbnailUrl":"https:\/\/bs2.lt\/wp-content\/uploads\/2021\/03\/11_sistemy-kreplenij-dlya-kassovogo-oborudovaniya.jpg","datePublished":"2022-03-31T09:59:33+00:00","dateModified":"2022-03-31T10:13:52+00:00","breadcrumb":{"@id":"https:\/\/bs2.lt\/az\/product\/kassa-avadanliqlari-ucun-dayaq-sisteml%c9%99ri\/#breadcrumb"},"inLanguage":"az","potentialAction":[{"@type":"ReadAction","target":["https:\/\/bs2.lt\/az\/product\/kassa-avadanliqlari-ucun-dayaq-sisteml%c9%99ri\/"]}]},{"@type":"ImageObject","inLanguage":"az","@id":"https:\/\/bs2.lt\/az\/product\/kassa-avadanliqlari-ucun-dayaq-sisteml%c9%99ri\/#primaryimage","url":"https:\/\/bs2.lt\/wp-content\/uploads\/2021\/03\/11_sistemy-kreplenij-dlya-kassovogo-oborudovaniya.jpg","contentUrl":"https:\/\/bs2.lt\/wp-content\/uploads\/2021\/03\/11_sistemy-kreplenij-dlya-kassovogo-oborudovaniya.jpg","width":740,"height":640},{"@type":"BreadcrumbList","@id":"https:\/\/bs2.lt\/az\/product\/kassa-avadanliqlari-ucun-dayaq-sisteml%c9%99ri\/#breadcrumb","itemListElement":[{"@type":"ListItem","position":1,"name":"Home","item":"https:\/\/bs2.lt\/az\/"},{"@type":"ListItem","position":2,"name":"Kassa avadanl\u0131qlar\u0131 \u00fc\u00e7\u00fcn dayaq sisteml\u0259ri"}]},{"@type":"WebSite","@id":"https:\/\/bs2.lt\/#website","url":"https:\/\/bs2.lt\/","name":"BS\/2","description":"Banking and retail technology company","publisher":{"@id":"https:\/\/bs2.lt\/#organization"},"potentialAction":[{"@type":"SearchAction","target":{"@type":"EntryPoint","urlTemplate":"https:\/\/bs2.lt\/?s={search_term_string}"},"query-input":{"@type":"PropertyValueSpecification","valueRequired":true,"valueName":"search_term_string"}}],"inLanguage":"az"},{"@type":"Organization","@id":"https:\/\/bs2.lt\/#organization","name":"BS\/2","url":"https:\/\/bs2.lt\/","logo":{"@type":"ImageObject","inLanguage":"az","@id":"https:\/\/bs2.lt\/#\/schema\/logo\/image\/","url":"https:\/\/bs2.lt\/wp-content\/uploads\/2022\/08\/bs2-logo.svg","contentUrl":"https:\/\/bs2.lt\/wp-content\/uploads\/2022\/08\/bs2-logo.svg","width":100,"height":57,"caption":"BS\/2"},"image":{"@id":"https:\/\/bs2.lt\/#\/schema\/logo\/image\/"},"sameAs":["https:\/\/www.facebook.com\/bs2solutions\/","https:\/\/www.linkedin.com\/showcase\/bs2solutions","https:\/\/www.youtube.com\/c\/Bs2Lt"]}]}},"_links":{"self":[{"href":"https:\/\/bs2.lt\/az\/wp-json\/wp\/v2\/product\/25976","targetHints":{"allow":["GET"]}}],"collection":[{"href":"https:\/\/bs2.lt\/az\/wp-json\/wp\/v2\/product"}],"about":[{"href":"https:\/\/bs2.lt\/az\/wp-json\/wp\/v2\/types\/product"}],"wp:featuredmedia":[{"embeddable":true,"href":"https:\/\/bs2.lt\/az\/wp-json\/wp\/v2\/media\/19861"}],"wp:attachment":[{"href":"https:\/\/bs2.lt\/az\/wp-json\/wp\/v2\/media?parent=25976"}],"wp:term":[{"taxonomy":"product_category","embeddable":true,"href":"https:\/\/bs2.lt\/az\/wp-json\/wp\/v2\/product_category?post=25976"},{"taxonomy":"atm_series","embeddable":true,"href":"https:\/\/bs2.lt\/az\/wp-json\/wp\/v2\/atm_series?post=25976"},{"taxonomy":"atm_cashflow","embeddable":true,"href":"https:\/\/bs2.lt\/az\/wp-json\/wp\/v2\/atm_cashflow?post=25976"},{"taxonomy":"atm_type","embeddable":true,"href":"https:\/\/bs2.lt\/az\/wp-json\/wp\/v2\/atm_type?post=25976"},{"taxonomy":"product-provider","embeddable":true,"href":"https:\/\/bs2.lt\/az\/wp-json\/wp\/v2\/product-provider?post=25976"}],"curies":[{"name":"wp","href":"https:\/\/api.w.org\/{rel}","templated":true}]}}