{"id":25975,"date":"2022-03-31T06:28:32","date_gmt":"2022-03-31T08:28:32","guid":{"rendered":"https:\/\/bs2.lt\/bs2.lt\/?post_type=product&#038;p=25975"},"modified":"2022-03-31T06:31:47","modified_gmt":"2022-03-31T08:31:47","slug":"termoprinterl%c9%99r","status":"publish","type":"product","link":"https:\/\/bs2.lt\/az\/product\/termoprinterl%c9%99r\/","title":{"rendered":"Termoprinterl\u0259r"},"content":{"rendered":"<p>Zebra Technologies \u2014 mobil komp\u00fcterl\u0259rin, skanerl\u0259rin, \u015ftrix kodlar\u0131n skanerl\u0259rinin, termoprinterl\u0259rin, \u015ftrixkodlar\u0131n v\u0259 onlar\u0131n s\u0259rfiyyat materiallar\u0131n\u0131n apar\u0131\u0131 denya istehsal\u00e7\u0131lar\u0131ndan biricir. \u015eirk\u0259t p\u0259rak\u0259nd\u0259 ticar\u0259td\u0259, elektron kommersiyada, logistikada, s\u0259hiyy\u0259d\u0259, m\u00fcxt\u0259lif s\u0259naye sah\u0259l\u0259rind\u0259 i\u015f prosesl\u0259rinin optimalla\u015fd\u0131r\u0131lmas\u0131 \u00fc\u00e7\u00fcn geni\u015f h\u0259ll\u0259r spektri t\u0259qdim edir.<\/p>\n","protected":false},"featured_media":19856,"template":"","product_category":[344],"atm_series":[],"atm_cashflow":[],"atm_type":[],"product-provider":[],"class_list":["post-25975","product","type-product","status-publish","has-post-thumbnail","hentry","product_category-retail"],"acf":[],"yoast_head":"<!-- This site is optimized with the Yoast SEO plugin v26.2 - https:\/\/yoast.com\/wordpress\/plugins\/seo\/ -->\n<title>Termoprinterl\u0259r | BS\/2<\/title>\n<meta name=\"robots\" content=\"index, follow, max-snippet:-1, max-image-preview:large, max-video-preview:-1\" \/>\n<link rel=\"canonical\" href=\"https:\/\/bs2.lt\/az\/product\/termoprinterl\u0259r\/\" \/>\n<meta property=\"og:locale\" content=\"az_AZ\" \/>\n<meta property=\"og:type\" content=\"article\" \/>\n<meta property=\"og:title\" content=\"Termoprinterl\u0259r | BS\/2\" \/>\n<meta property=\"og:description\" content=\"Zebra Technologies \u2014 mobil komp\u00fcterl\u0259rin, skanerl\u0259rin, \u015ftrix kodlar\u0131n skanerl\u0259rinin, termoprinterl\u0259rin, \u015ftrixkodlar\u0131n v\u0259 onlar\u0131n s\u0259rfiyyat materiallar\u0131n\u0131n apar\u0131\u0131 denya istehsal\u00e7\u0131lar\u0131ndan biricir. \u015eirk\u0259t p\u0259rak\u0259nd\u0259 ticar\u0259td\u0259, elektron kommersiyada, logistikada, s\u0259hiyy\u0259d\u0259, m\u00fcxt\u0259lif s\u0259naye sah\u0259l\u0259rind\u0259 i\u015f prosesl\u0259rinin optimalla\u015fd\u0131r\u0131lmas\u0131 \u00fc\u00e7\u00fcn geni\u015f h\u0259ll\u0259r spektri t\u0259qdim edir.\" \/>\n<meta property=\"og:url\" content=\"https:\/\/bs2.lt\/az\/product\/termoprinterl\u0259r\/\" \/>\n<meta property=\"og:site_name\" content=\"BS\/2\" \/>\n<meta property=\"article:publisher\" content=\"https:\/\/www.facebook.com\/bs2solutions\/\" \/>\n<meta property=\"article:modified_time\" content=\"2022-03-31T08:31:47+00:00\" \/>\n<meta property=\"og:image\" content=\"https:\/\/bs2.lt\/wp-content\/uploads\/2021\/02\/10_printery.jpg\" \/>\n\t<meta property=\"og:image:width\" content=\"740\" \/>\n\t<meta property=\"og:image:height\" content=\"640\" \/>\n\t<meta property=\"og:image:type\" content=\"image\/jpeg\" \/>\n<meta name=\"twitter:card\" content=\"summary_large_image\" \/>\n<script type=\"application\/ld+json\" class=\"yoast-schema-graph\">{\"@context\":\"https:\/\/schema.org\",\"@graph\":[{\"@type\":\"WebPage\",\"@id\":\"https:\/\/bs2.lt\/az\/product\/termoprinterl%c9%99r\/\",\"url\":\"https:\/\/bs2.lt\/az\/product\/termoprinterl%c9%99r\/\",\"name\":\"Termoprinterl\u0259r | BS\/2\",\"isPartOf\":{\"@id\":\"https:\/\/bs2.lt\/#website\"},\"primaryImageOfPage\":{\"@id\":\"https:\/\/bs2.lt\/az\/product\/termoprinterl%c9%99r\/#primaryimage\"},\"image\":{\"@id\":\"https:\/\/bs2.lt\/az\/product\/termoprinterl%c9%99r\/#primaryimage\"},\"thumbnailUrl\":\"https:\/\/bs2.lt\/wp-content\/uploads\/2021\/02\/10_printery.jpg\",\"datePublished\":\"2022-03-31T08:28:32+00:00\",\"dateModified\":\"2022-03-31T08:31:47+00:00\",\"breadcrumb\":{\"@id\":\"https:\/\/bs2.lt\/az\/product\/termoprinterl%c9%99r\/#breadcrumb\"},\"inLanguage\":\"az\",\"potentialAction\":[{\"@type\":\"ReadAction\",\"target\":[\"https:\/\/bs2.lt\/az\/product\/termoprinterl%c9%99r\/\"]}]},{\"@type\":\"ImageObject\",\"inLanguage\":\"az\",\"@id\":\"https:\/\/bs2.lt\/az\/product\/termoprinterl%c9%99r\/#primaryimage\",\"url\":\"https:\/\/bs2.lt\/wp-content\/uploads\/2021\/02\/10_printery.jpg\",\"contentUrl\":\"https:\/\/bs2.lt\/wp-content\/uploads\/2021\/02\/10_printery.jpg\",\"width\":740,\"height\":640},{\"@type\":\"BreadcrumbList\",\"@id\":\"https:\/\/bs2.lt\/az\/product\/termoprinterl%c9%99r\/#breadcrumb\",\"itemListElement\":[{\"@type\":\"ListItem\",\"position\":1,\"name\":\"Home\",\"item\":\"https:\/\/bs2.lt\/az\/\"},{\"@type\":\"ListItem\",\"position\":2,\"name\":\"Termoprinterl\u0259r\"}]},{\"@type\":\"WebSite\",\"@id\":\"https:\/\/bs2.lt\/#website\",\"url\":\"https:\/\/bs2.lt\/\",\"name\":\"BS\/2\",\"description\":\"Banking and retail technology company\",\"publisher\":{\"@id\":\"https:\/\/bs2.lt\/#organization\"},\"potentialAction\":[{\"@type\":\"SearchAction\",\"target\":{\"@type\":\"EntryPoint\",\"urlTemplate\":\"https:\/\/bs2.lt\/?s={search_term_string}\"},\"query-input\":{\"@type\":\"PropertyValueSpecification\",\"valueRequired\":true,\"valueName\":\"search_term_string\"}}],\"inLanguage\":\"az\"},{\"@type\":\"Organization\",\"@id\":\"https:\/\/bs2.lt\/#organization\",\"name\":\"BS\/2\",\"url\":\"https:\/\/bs2.lt\/\",\"logo\":{\"@type\":\"ImageObject\",\"inLanguage\":\"az\",\"@id\":\"https:\/\/bs2.lt\/#\/schema\/logo\/image\/\",\"url\":\"https:\/\/bs2.lt\/wp-content\/uploads\/2022\/08\/bs2-logo.svg\",\"contentUrl\":\"https:\/\/bs2.lt\/wp-content\/uploads\/2022\/08\/bs2-logo.svg\",\"width\":100,\"height\":57,\"caption\":\"BS\/2\"},\"image\":{\"@id\":\"https:\/\/bs2.lt\/#\/schema\/logo\/image\/\"},\"sameAs\":[\"https:\/\/www.facebook.com\/bs2solutions\/\",\"https:\/\/www.linkedin.com\/showcase\/bs2solutions\",\"https:\/\/www.youtube.com\/c\/Bs2Lt\"]}]}<\/script>\n<!-- \/ Yoast SEO plugin. -->","yoast_head_json":{"title":"Termoprinterl\u0259r | BS\/2","robots":{"index":"index","follow":"follow","max-snippet":"max-snippet:-1","max-image-preview":"max-image-preview:large","max-video-preview":"max-video-preview:-1"},"canonical":"https:\/\/bs2.lt\/az\/product\/termoprinterl\u0259r\/","og_locale":"az_AZ","og_type":"article","og_title":"Termoprinterl\u0259r | BS\/2","og_description":"Zebra Technologies \u2014 mobil komp\u00fcterl\u0259rin, skanerl\u0259rin, \u015ftrix kodlar\u0131n skanerl\u0259rinin, termoprinterl\u0259rin, \u015ftrixkodlar\u0131n v\u0259 onlar\u0131n s\u0259rfiyyat materiallar\u0131n\u0131n apar\u0131\u0131 denya istehsal\u00e7\u0131lar\u0131ndan biricir. \u015eirk\u0259t p\u0259rak\u0259nd\u0259 ticar\u0259td\u0259, elektron kommersiyada, logistikada, s\u0259hiyy\u0259d\u0259, m\u00fcxt\u0259lif s\u0259naye sah\u0259l\u0259rind\u0259 i\u015f prosesl\u0259rinin optimalla\u015fd\u0131r\u0131lmas\u0131 \u00fc\u00e7\u00fcn geni\u015f h\u0259ll\u0259r spektri t\u0259qdim edir.","og_url":"https:\/\/bs2.lt\/az\/product\/termoprinterl\u0259r\/","og_site_name":"BS\/2","article_publisher":"https:\/\/www.facebook.com\/bs2solutions\/","article_modified_time":"2022-03-31T08:31:47+00:00","og_image":[{"width":740,"height":640,"url":"https:\/\/bs2.lt\/wp-content\/uploads\/2021\/02\/10_printery.jpg","type":"image\/jpeg"}],"twitter_card":"summary_large_image","schema":{"@context":"https:\/\/schema.org","@graph":[{"@type":"WebPage","@id":"https:\/\/bs2.lt\/az\/product\/termoprinterl%c9%99r\/","url":"https:\/\/bs2.lt\/az\/product\/termoprinterl%c9%99r\/","name":"Termoprinterl\u0259r | BS\/2","isPartOf":{"@id":"https:\/\/bs2.lt\/#website"},"primaryImageOfPage":{"@id":"https:\/\/bs2.lt\/az\/product\/termoprinterl%c9%99r\/#primaryimage"},"image":{"@id":"https:\/\/bs2.lt\/az\/product\/termoprinterl%c9%99r\/#primaryimage"},"thumbnailUrl":"https:\/\/bs2.lt\/wp-content\/uploads\/2021\/02\/10_printery.jpg","datePublished":"2022-03-31T08:28:32+00:00","dateModified":"2022-03-31T08:31:47+00:00","breadcrumb":{"@id":"https:\/\/bs2.lt\/az\/product\/termoprinterl%c9%99r\/#breadcrumb"},"inLanguage":"az","potentialAction":[{"@type":"ReadAction","target":["https:\/\/bs2.lt\/az\/product\/termoprinterl%c9%99r\/"]}]},{"@type":"ImageObject","inLanguage":"az","@id":"https:\/\/bs2.lt\/az\/product\/termoprinterl%c9%99r\/#primaryimage","url":"https:\/\/bs2.lt\/wp-content\/uploads\/2021\/02\/10_printery.jpg","contentUrl":"https:\/\/bs2.lt\/wp-content\/uploads\/2021\/02\/10_printery.jpg","width":740,"height":640},{"@type":"BreadcrumbList","@id":"https:\/\/bs2.lt\/az\/product\/termoprinterl%c9%99r\/#breadcrumb","itemListElement":[{"@type":"ListItem","position":1,"name":"Home","item":"https:\/\/bs2.lt\/az\/"},{"@type":"ListItem","position":2,"name":"Termoprinterl\u0259r"}]},{"@type":"WebSite","@id":"https:\/\/bs2.lt\/#website","url":"https:\/\/bs2.lt\/","name":"BS\/2","description":"Banking and retail technology company","publisher":{"@id":"https:\/\/bs2.lt\/#organization"},"potentialAction":[{"@type":"SearchAction","target":{"@type":"EntryPoint","urlTemplate":"https:\/\/bs2.lt\/?s={search_term_string}"},"query-input":{"@type":"PropertyValueSpecification","valueRequired":true,"valueName":"search_term_string"}}],"inLanguage":"az"},{"@type":"Organization","@id":"https:\/\/bs2.lt\/#organization","name":"BS\/2","url":"https:\/\/bs2.lt\/","logo":{"@type":"ImageObject","inLanguage":"az","@id":"https:\/\/bs2.lt\/#\/schema\/logo\/image\/","url":"https:\/\/bs2.lt\/wp-content\/uploads\/2022\/08\/bs2-logo.svg","contentUrl":"https:\/\/bs2.lt\/wp-content\/uploads\/2022\/08\/bs2-logo.svg","width":100,"height":57,"caption":"BS\/2"},"image":{"@id":"https:\/\/bs2.lt\/#\/schema\/logo\/image\/"},"sameAs":["https:\/\/www.facebook.com\/bs2solutions\/","https:\/\/www.linkedin.com\/showcase\/bs2solutions","https:\/\/www.youtube.com\/c\/Bs2Lt"]}]}},"_links":{"self":[{"href":"https:\/\/bs2.lt\/az\/wp-json\/wp\/v2\/product\/25975","targetHints":{"allow":["GET"]}}],"collection":[{"href":"https:\/\/bs2.lt\/az\/wp-json\/wp\/v2\/product"}],"about":[{"href":"https:\/\/bs2.lt\/az\/wp-json\/wp\/v2\/types\/product"}],"wp:featuredmedia":[{"embeddable":true,"href":"https:\/\/bs2.lt\/az\/wp-json\/wp\/v2\/media\/19856"}],"wp:attachment":[{"href":"https:\/\/bs2.lt\/az\/wp-json\/wp\/v2\/media?parent=25975"}],"wp:term":[{"taxonomy":"product_category","embeddable":true,"href":"https:\/\/bs2.lt\/az\/wp-json\/wp\/v2\/product_category?post=25975"},{"taxonomy":"atm_series","embeddable":true,"href":"https:\/\/bs2.lt\/az\/wp-json\/wp\/v2\/atm_series?post=25975"},{"taxonomy":"atm_cashflow","embeddable":true,"href":"https:\/\/bs2.lt\/az\/wp-json\/wp\/v2\/atm_cashflow?post=25975"},{"taxonomy":"atm_type","embeddable":true,"href":"https:\/\/bs2.lt\/az\/wp-json\/wp\/v2\/atm_type?post=25975"},{"taxonomy":"product-provider","embeddable":true,"href":"https:\/\/bs2.lt\/az\/wp-json\/wp\/v2\/product-provider?post=25975"}],"curies":[{"name":"wp","href":"https:\/\/api.w.org\/{rel}","templated":true}]}}