{"id":25974,"date":"2022-03-31T06:20:41","date_gmt":"2022-03-31T08:20:41","guid":{"rendered":"https:\/\/bs2.lt\/bs2.lt\/?post_type=product&#038;p=25974"},"modified":"2022-03-31T06:24:24","modified_gmt":"2022-03-31T08:24:24","slug":"m%c9%99lumat-toplama-terminali","status":"publish","type":"product","link":"https:\/\/bs2.lt\/az\/product\/m%c9%99lumat-toplama-terminali\/","title":{"rendered":"M\u0259lumat toplama terminal\u0131"},"content":{"rendered":"<p>Datalogic m\u0259lumatlar\u0131n toplanmas\u0131 mobil terminallar\u0131 p\u0259rak\u0259nd\u0259 ticar\u0259td\u0259, istehsalatda, n\u0259qliyyat v\u0259 logistika sah\u0259l\u0259rind\u0259 h\u0259m\u00e7inin s\u0259hiyy\u0259d\u0259 i\u015f prosesl\u0259rinin v\u0259 \u0259m\u0259liyyatlar\u0131n effektivliyinin v\u0259 keyfiyy\u0259tinin art\u0131r\u0131lmas\u0131na k\u00f6m\u0259k edir<\/p>\n<p>Datalogic m\u0259lumatlar\u0131n toplanmas\u0131 terminallar\u0131 x\u0259ttin\u0259 mobil smartfonlar\u0131 g\u00fccl\u00fc stasionar komp\u00fcterl\u0259rl\u0259 birl\u0259\u015fdir\u0259n qur\u011fular\u0131n geni\u015f spektri daxildir, bu is\u0259 y\u00fcks\u0259k m\u0259hsuldarl\u0131\u011fa, ticar\u0259t s\u0259nayesi standarlar\u0131na m\u00fcvafiqliyin\u0259 z\u0259man\u0259t verir, ticar\u0259t t\u0259\u015fkilat\u0131n\u0131n m\u00fc\u015ft\u0259ril\u0259ri \u00fc\u00e7\u00fcn \u0259la servisi t\u0259min edir.<\/p>\n","protected":false},"featured_media":19851,"template":"","product_category":[344],"atm_series":[],"atm_cashflow":[],"atm_type":[],"product-provider":[],"class_list":["post-25974","product","type-product","status-publish","has-post-thumbnail","hentry","product_category-retail"],"acf":[],"yoast_head":"<!-- This site is optimized with the Yoast SEO plugin v26.2 - https:\/\/yoast.com\/wordpress\/plugins\/seo\/ -->\n<title>M\u0259lumat toplama terminal\u0131 | BS\/2<\/title>\n<meta name=\"robots\" content=\"index, follow, max-snippet:-1, max-image-preview:large, max-video-preview:-1\" \/>\n<link rel=\"canonical\" href=\"https:\/\/bs2.lt\/az\/product\/m\u0259lumat-toplama-terminali\/\" \/>\n<meta property=\"og:locale\" content=\"az_AZ\" \/>\n<meta property=\"og:type\" content=\"article\" \/>\n<meta property=\"og:title\" content=\"M\u0259lumat toplama terminal\u0131 | BS\/2\" \/>\n<meta property=\"og:description\" content=\"Datalogic m\u0259lumatlar\u0131n toplanmas\u0131 mobil terminallar\u0131 p\u0259rak\u0259nd\u0259 ticar\u0259td\u0259, istehsalatda, n\u0259qliyyat v\u0259 logistika sah\u0259l\u0259rind\u0259 h\u0259m\u00e7inin s\u0259hiyy\u0259d\u0259 i\u015f prosesl\u0259rinin v\u0259 \u0259m\u0259liyyatlar\u0131n effektivliyinin v\u0259 keyfiyy\u0259tinin art\u0131r\u0131lmas\u0131na k\u00f6m\u0259k edir Datalogic m\u0259lumatlar\u0131n toplanmas\u0131 terminallar\u0131 x\u0259ttin\u0259 mobil smartfonlar\u0131 g\u00fccl\u00fc stasionar komp\u00fcterl\u0259rl\u0259 birl\u0259\u015fdir\u0259n qur\u011fular\u0131n geni\u015f spektri daxildir, bu is\u0259 y\u00fcks\u0259k m\u0259hsuldarl\u0131\u011fa, ticar\u0259t s\u0259nayesi standarlar\u0131na m\u00fcvafiqliyin\u0259 z\u0259man\u0259t verir, ticar\u0259t t\u0259\u015fkilat\u0131n\u0131n m\u00fc\u015ft\u0259ril\u0259ri \u00fc\u00e7\u00fcn \u0259la servisi [&hellip;]\" \/>\n<meta property=\"og:url\" content=\"https:\/\/bs2.lt\/az\/product\/m\u0259lumat-toplama-terminali\/\" \/>\n<meta property=\"og:site_name\" content=\"BS\/2\" \/>\n<meta property=\"article:publisher\" content=\"https:\/\/www.facebook.com\/bs2solutions\/\" \/>\n<meta property=\"article:modified_time\" content=\"2022-03-31T08:24:24+00:00\" \/>\n<meta property=\"og:image\" content=\"https:\/\/bs2.lt\/wp-content\/uploads\/2021\/02\/9_terminaly-sbora-dannyh.jpg\" \/>\n\t<meta property=\"og:image:width\" content=\"740\" \/>\n\t<meta property=\"og:image:height\" content=\"640\" \/>\n\t<meta property=\"og:image:type\" content=\"image\/jpeg\" \/>\n<meta name=\"twitter:card\" content=\"summary_large_image\" \/>\n<meta name=\"twitter:label1\" content=\"Est. reading time\" \/>\n\t<meta name=\"twitter:data1\" content=\"1 minute\" \/>\n<script type=\"application\/ld+json\" class=\"yoast-schema-graph\">{\"@context\":\"https:\/\/schema.org\",\"@graph\":[{\"@type\":\"WebPage\",\"@id\":\"https:\/\/bs2.lt\/az\/product\/m%c9%99lumat-toplama-terminali\/\",\"url\":\"https:\/\/bs2.lt\/az\/product\/m%c9%99lumat-toplama-terminali\/\",\"name\":\"M\u0259lumat toplama terminal\u0131 | BS\/2\",\"isPartOf\":{\"@id\":\"https:\/\/bs2.lt\/#website\"},\"primaryImageOfPage\":{\"@id\":\"https:\/\/bs2.lt\/az\/product\/m%c9%99lumat-toplama-terminali\/#primaryimage\"},\"image\":{\"@id\":\"https:\/\/bs2.lt\/az\/product\/m%c9%99lumat-toplama-terminali\/#primaryimage\"},\"thumbnailUrl\":\"https:\/\/bs2.lt\/wp-content\/uploads\/2021\/02\/9_terminaly-sbora-dannyh.jpg\",\"datePublished\":\"2022-03-31T08:20:41+00:00\",\"dateModified\":\"2022-03-31T08:24:24+00:00\",\"breadcrumb\":{\"@id\":\"https:\/\/bs2.lt\/az\/product\/m%c9%99lumat-toplama-terminali\/#breadcrumb\"},\"inLanguage\":\"az\",\"potentialAction\":[{\"@type\":\"ReadAction\",\"target\":[\"https:\/\/bs2.lt\/az\/product\/m%c9%99lumat-toplama-terminali\/\"]}]},{\"@type\":\"ImageObject\",\"inLanguage\":\"az\",\"@id\":\"https:\/\/bs2.lt\/az\/product\/m%c9%99lumat-toplama-terminali\/#primaryimage\",\"url\":\"https:\/\/bs2.lt\/wp-content\/uploads\/2021\/02\/9_terminaly-sbora-dannyh.jpg\",\"contentUrl\":\"https:\/\/bs2.lt\/wp-content\/uploads\/2021\/02\/9_terminaly-sbora-dannyh.jpg\",\"width\":740,\"height\":640},{\"@type\":\"BreadcrumbList\",\"@id\":\"https:\/\/bs2.lt\/az\/product\/m%c9%99lumat-toplama-terminali\/#breadcrumb\",\"itemListElement\":[{\"@type\":\"ListItem\",\"position\":1,\"name\":\"Home\",\"item\":\"https:\/\/bs2.lt\/az\/\"},{\"@type\":\"ListItem\",\"position\":2,\"name\":\"M\u0259lumat toplama terminal\u0131\"}]},{\"@type\":\"WebSite\",\"@id\":\"https:\/\/bs2.lt\/#website\",\"url\":\"https:\/\/bs2.lt\/\",\"name\":\"BS\/2\",\"description\":\"Banking and retail technology company\",\"publisher\":{\"@id\":\"https:\/\/bs2.lt\/#organization\"},\"potentialAction\":[{\"@type\":\"SearchAction\",\"target\":{\"@type\":\"EntryPoint\",\"urlTemplate\":\"https:\/\/bs2.lt\/?s={search_term_string}\"},\"query-input\":{\"@type\":\"PropertyValueSpecification\",\"valueRequired\":true,\"valueName\":\"search_term_string\"}}],\"inLanguage\":\"az\"},{\"@type\":\"Organization\",\"@id\":\"https:\/\/bs2.lt\/#organization\",\"name\":\"BS\/2\",\"url\":\"https:\/\/bs2.lt\/\",\"logo\":{\"@type\":\"ImageObject\",\"inLanguage\":\"az\",\"@id\":\"https:\/\/bs2.lt\/#\/schema\/logo\/image\/\",\"url\":\"https:\/\/bs2.lt\/wp-content\/uploads\/2022\/08\/bs2-logo.svg\",\"contentUrl\":\"https:\/\/bs2.lt\/wp-content\/uploads\/2022\/08\/bs2-logo.svg\",\"width\":100,\"height\":57,\"caption\":\"BS\/2\"},\"image\":{\"@id\":\"https:\/\/bs2.lt\/#\/schema\/logo\/image\/\"},\"sameAs\":[\"https:\/\/www.facebook.com\/bs2solutions\/\",\"https:\/\/www.linkedin.com\/showcase\/bs2solutions\",\"https:\/\/www.youtube.com\/c\/Bs2Lt\"]}]}<\/script>\n<!-- \/ Yoast SEO plugin. -->","yoast_head_json":{"title":"M\u0259lumat toplama terminal\u0131 | BS\/2","robots":{"index":"index","follow":"follow","max-snippet":"max-snippet:-1","max-image-preview":"max-image-preview:large","max-video-preview":"max-video-preview:-1"},"canonical":"https:\/\/bs2.lt\/az\/product\/m\u0259lumat-toplama-terminali\/","og_locale":"az_AZ","og_type":"article","og_title":"M\u0259lumat toplama terminal\u0131 | BS\/2","og_description":"Datalogic m\u0259lumatlar\u0131n toplanmas\u0131 mobil terminallar\u0131 p\u0259rak\u0259nd\u0259 ticar\u0259td\u0259, istehsalatda, n\u0259qliyyat v\u0259 logistika sah\u0259l\u0259rind\u0259 h\u0259m\u00e7inin s\u0259hiyy\u0259d\u0259 i\u015f prosesl\u0259rinin v\u0259 \u0259m\u0259liyyatlar\u0131n effektivliyinin v\u0259 keyfiyy\u0259tinin art\u0131r\u0131lmas\u0131na k\u00f6m\u0259k edir Datalogic m\u0259lumatlar\u0131n toplanmas\u0131 terminallar\u0131 x\u0259ttin\u0259 mobil smartfonlar\u0131 g\u00fccl\u00fc stasionar komp\u00fcterl\u0259rl\u0259 birl\u0259\u015fdir\u0259n qur\u011fular\u0131n geni\u015f spektri daxildir, bu is\u0259 y\u00fcks\u0259k m\u0259hsuldarl\u0131\u011fa, ticar\u0259t s\u0259nayesi standarlar\u0131na m\u00fcvafiqliyin\u0259 z\u0259man\u0259t verir, ticar\u0259t t\u0259\u015fkilat\u0131n\u0131n m\u00fc\u015ft\u0259ril\u0259ri \u00fc\u00e7\u00fcn \u0259la servisi [&hellip;]","og_url":"https:\/\/bs2.lt\/az\/product\/m\u0259lumat-toplama-terminali\/","og_site_name":"BS\/2","article_publisher":"https:\/\/www.facebook.com\/bs2solutions\/","article_modified_time":"2022-03-31T08:24:24+00:00","og_image":[{"width":740,"height":640,"url":"https:\/\/bs2.lt\/wp-content\/uploads\/2021\/02\/9_terminaly-sbora-dannyh.jpg","type":"image\/jpeg"}],"twitter_card":"summary_large_image","twitter_misc":{"Est. reading time":"1 minute"},"schema":{"@context":"https:\/\/schema.org","@graph":[{"@type":"WebPage","@id":"https:\/\/bs2.lt\/az\/product\/m%c9%99lumat-toplama-terminali\/","url":"https:\/\/bs2.lt\/az\/product\/m%c9%99lumat-toplama-terminali\/","name":"M\u0259lumat toplama terminal\u0131 | BS\/2","isPartOf":{"@id":"https:\/\/bs2.lt\/#website"},"primaryImageOfPage":{"@id":"https:\/\/bs2.lt\/az\/product\/m%c9%99lumat-toplama-terminali\/#primaryimage"},"image":{"@id":"https:\/\/bs2.lt\/az\/product\/m%c9%99lumat-toplama-terminali\/#primaryimage"},"thumbnailUrl":"https:\/\/bs2.lt\/wp-content\/uploads\/2021\/02\/9_terminaly-sbora-dannyh.jpg","datePublished":"2022-03-31T08:20:41+00:00","dateModified":"2022-03-31T08:24:24+00:00","breadcrumb":{"@id":"https:\/\/bs2.lt\/az\/product\/m%c9%99lumat-toplama-terminali\/#breadcrumb"},"inLanguage":"az","potentialAction":[{"@type":"ReadAction","target":["https:\/\/bs2.lt\/az\/product\/m%c9%99lumat-toplama-terminali\/"]}]},{"@type":"ImageObject","inLanguage":"az","@id":"https:\/\/bs2.lt\/az\/product\/m%c9%99lumat-toplama-terminali\/#primaryimage","url":"https:\/\/bs2.lt\/wp-content\/uploads\/2021\/02\/9_terminaly-sbora-dannyh.jpg","contentUrl":"https:\/\/bs2.lt\/wp-content\/uploads\/2021\/02\/9_terminaly-sbora-dannyh.jpg","width":740,"height":640},{"@type":"BreadcrumbList","@id":"https:\/\/bs2.lt\/az\/product\/m%c9%99lumat-toplama-terminali\/#breadcrumb","itemListElement":[{"@type":"ListItem","position":1,"name":"Home","item":"https:\/\/bs2.lt\/az\/"},{"@type":"ListItem","position":2,"name":"M\u0259lumat toplama terminal\u0131"}]},{"@type":"WebSite","@id":"https:\/\/bs2.lt\/#website","url":"https:\/\/bs2.lt\/","name":"BS\/2","description":"Banking and retail technology company","publisher":{"@id":"https:\/\/bs2.lt\/#organization"},"potentialAction":[{"@type":"SearchAction","target":{"@type":"EntryPoint","urlTemplate":"https:\/\/bs2.lt\/?s={search_term_string}"},"query-input":{"@type":"PropertyValueSpecification","valueRequired":true,"valueName":"search_term_string"}}],"inLanguage":"az"},{"@type":"Organization","@id":"https:\/\/bs2.lt\/#organization","name":"BS\/2","url":"https:\/\/bs2.lt\/","logo":{"@type":"ImageObject","inLanguage":"az","@id":"https:\/\/bs2.lt\/#\/schema\/logo\/image\/","url":"https:\/\/bs2.lt\/wp-content\/uploads\/2022\/08\/bs2-logo.svg","contentUrl":"https:\/\/bs2.lt\/wp-content\/uploads\/2022\/08\/bs2-logo.svg","width":100,"height":57,"caption":"BS\/2"},"image":{"@id":"https:\/\/bs2.lt\/#\/schema\/logo\/image\/"},"sameAs":["https:\/\/www.facebook.com\/bs2solutions\/","https:\/\/www.linkedin.com\/showcase\/bs2solutions","https:\/\/www.youtube.com\/c\/Bs2Lt"]}]}},"_links":{"self":[{"href":"https:\/\/bs2.lt\/az\/wp-json\/wp\/v2\/product\/25974","targetHints":{"allow":["GET"]}}],"collection":[{"href":"https:\/\/bs2.lt\/az\/wp-json\/wp\/v2\/product"}],"about":[{"href":"https:\/\/bs2.lt\/az\/wp-json\/wp\/v2\/types\/product"}],"wp:featuredmedia":[{"embeddable":true,"href":"https:\/\/bs2.lt\/az\/wp-json\/wp\/v2\/media\/19851"}],"wp:attachment":[{"href":"https:\/\/bs2.lt\/az\/wp-json\/wp\/v2\/media?parent=25974"}],"wp:term":[{"taxonomy":"product_category","embeddable":true,"href":"https:\/\/bs2.lt\/az\/wp-json\/wp\/v2\/product_category?post=25974"},{"taxonomy":"atm_series","embeddable":true,"href":"https:\/\/bs2.lt\/az\/wp-json\/wp\/v2\/atm_series?post=25974"},{"taxonomy":"atm_cashflow","embeddable":true,"href":"https:\/\/bs2.lt\/az\/wp-json\/wp\/v2\/atm_cashflow?post=25974"},{"taxonomy":"atm_type","embeddable":true,"href":"https:\/\/bs2.lt\/az\/wp-json\/wp\/v2\/atm_type?post=25974"},{"taxonomy":"product-provider","embeddable":true,"href":"https:\/\/bs2.lt\/az\/wp-json\/wp\/v2\/product-provider?post=25974"}],"curies":[{"name":"wp","href":"https:\/\/api.w.org\/{rel}","templated":true}]}}