{"id":25973,"date":"2022-03-31T05:31:12","date_gmt":"2022-03-31T07:31:12","guid":{"rendered":"https:\/\/bs2.lt\/bs2.lt\/?post_type=product&#038;p=25973"},"modified":"2022-03-31T06:19:32","modified_gmt":"2022-03-31T08:19:32","slug":"stasionar-v%c9%99-%c9%99l-skanerl%c9%99ri","status":"publish","type":"product","link":"https:\/\/bs2.lt\/az\/product\/stasionar-v%c9%99-%c9%99l-skanerl%c9%99ri\/","title":{"rendered":"Stasionar v\u0259 \u0259l skanerl\u0259ri"},"content":{"rendered":"<p>Datalogic \u015firk\u0259ti \u2013 \u015ftrixkodlar\u0131n, mobil komp\u00fctrl\u0259rin, ma\u015f\u0131n g\u00f6rm\u0259 sisteml\u0259rinin v\u0259 lazer markalanmas\u0131n\u0131n v\u0259 s. skanerl\u0259rinin i\u015fl\u0259nib haz\u0131rlanmas\u0131 v\u0259 istehsal\u0131nda ixtisasla\u015fan m\u0259lumatlar\u0131n avtomatik toplanmas\u0131 v\u0259 istehsal\u0131n avtomatla\u015fd\u0131r\u0131lmas\u0131 bazar\u0131nda dnya texnoloji lideridir.<\/p>\n<p>Datalogic \u015firk\u0259tinin Magellan stasionar v\u0259 \u0259l skanerl\u0259ri \u00f6z etibarl\u0131l\u0131\u011f\u0131 v\u0259 y\u00fcks\u0259k m\u0259hsuldarl\u0131\u011f\u0131 il\u0259 m\u0259h\u015furdur. Onlar kassa xidm\u0259tl\u0259rini avtomatla\u015fd\u0131rma\u011fa, hesablama-kassa \u0259m\u0259liyyatlar\u0131n\u0131n apar\u0131lmas\u0131 m\u00fcdd\u0259tini azaltma\u011fa imkan yarad\u0131r.<\/p>\n","protected":false},"featured_media":19846,"template":"","product_category":[344],"atm_series":[],"atm_cashflow":[],"atm_type":[],"product-provider":[],"class_list":["post-25973","product","type-product","status-publish","has-post-thumbnail","hentry","product_category-retail"],"acf":[],"yoast_head":"<!-- This site is optimized with the Yoast SEO plugin v26.2 - https:\/\/yoast.com\/wordpress\/plugins\/seo\/ -->\n<title>Stasionar v\u0259 \u0259l skanerl\u0259ri | BS\/2<\/title>\n<meta name=\"robots\" content=\"index, follow, max-snippet:-1, max-image-preview:large, max-video-preview:-1\" \/>\n<link rel=\"canonical\" href=\"https:\/\/bs2.lt\/az\/product\/stasionar-v\u0259-\u0259l-skanerl\u0259ri\/\" \/>\n<meta property=\"og:locale\" content=\"az_AZ\" \/>\n<meta property=\"og:type\" content=\"article\" \/>\n<meta property=\"og:title\" content=\"Stasionar v\u0259 \u0259l skanerl\u0259ri | BS\/2\" \/>\n<meta property=\"og:description\" content=\"Datalogic \u015firk\u0259ti \u2013 \u015ftrixkodlar\u0131n, mobil komp\u00fctrl\u0259rin, ma\u015f\u0131n g\u00f6rm\u0259 sisteml\u0259rinin v\u0259 lazer markalanmas\u0131n\u0131n v\u0259 s. skanerl\u0259rinin i\u015fl\u0259nib haz\u0131rlanmas\u0131 v\u0259 istehsal\u0131nda ixtisasla\u015fan m\u0259lumatlar\u0131n avtomatik toplanmas\u0131 v\u0259 istehsal\u0131n avtomatla\u015fd\u0131r\u0131lmas\u0131 bazar\u0131nda dnya texnoloji lideridir. Datalogic \u015firk\u0259tinin Magellan stasionar v\u0259 \u0259l skanerl\u0259ri \u00f6z etibarl\u0131l\u0131\u011f\u0131 v\u0259 y\u00fcks\u0259k m\u0259hsuldarl\u0131\u011f\u0131 il\u0259 m\u0259h\u015furdur. Onlar kassa xidm\u0259tl\u0259rini avtomatla\u015fd\u0131rma\u011fa, hesablama-kassa \u0259m\u0259liyyatlar\u0131n\u0131n apar\u0131lmas\u0131 m\u00fcdd\u0259tini azaltma\u011fa imkan yarad\u0131r.\" \/>\n<meta property=\"og:url\" content=\"https:\/\/bs2.lt\/az\/product\/stasionar-v\u0259-\u0259l-skanerl\u0259ri\/\" \/>\n<meta property=\"og:site_name\" content=\"BS\/2\" \/>\n<meta property=\"article:publisher\" content=\"https:\/\/www.facebook.com\/bs2solutions\/\" \/>\n<meta property=\"article:modified_time\" content=\"2022-03-31T08:19:32+00:00\" \/>\n<meta property=\"og:image\" content=\"https:\/\/bs2.lt\/wp-content\/uploads\/2021\/02\/8_staczionarnye-i-ruchnye-skanery.jpg\" \/>\n\t<meta property=\"og:image:width\" content=\"740\" \/>\n\t<meta property=\"og:image:height\" content=\"640\" \/>\n\t<meta property=\"og:image:type\" content=\"image\/jpeg\" \/>\n<meta name=\"twitter:card\" content=\"summary_large_image\" \/>\n<meta name=\"twitter:label1\" content=\"Est. reading time\" \/>\n\t<meta name=\"twitter:data1\" content=\"1 minute\" \/>\n<script type=\"application\/ld+json\" class=\"yoast-schema-graph\">{\"@context\":\"https:\/\/schema.org\",\"@graph\":[{\"@type\":\"WebPage\",\"@id\":\"https:\/\/bs2.lt\/az\/product\/stasionar-v%c9%99-%c9%99l-skanerl%c9%99ri\/\",\"url\":\"https:\/\/bs2.lt\/az\/product\/stasionar-v%c9%99-%c9%99l-skanerl%c9%99ri\/\",\"name\":\"Stasionar v\u0259 \u0259l skanerl\u0259ri | BS\/2\",\"isPartOf\":{\"@id\":\"https:\/\/bs2.lt\/#website\"},\"primaryImageOfPage\":{\"@id\":\"https:\/\/bs2.lt\/az\/product\/stasionar-v%c9%99-%c9%99l-skanerl%c9%99ri\/#primaryimage\"},\"image\":{\"@id\":\"https:\/\/bs2.lt\/az\/product\/stasionar-v%c9%99-%c9%99l-skanerl%c9%99ri\/#primaryimage\"},\"thumbnailUrl\":\"https:\/\/bs2.lt\/wp-content\/uploads\/2021\/02\/8_staczionarnye-i-ruchnye-skanery.jpg\",\"datePublished\":\"2022-03-31T07:31:12+00:00\",\"dateModified\":\"2022-03-31T08:19:32+00:00\",\"breadcrumb\":{\"@id\":\"https:\/\/bs2.lt\/az\/product\/stasionar-v%c9%99-%c9%99l-skanerl%c9%99ri\/#breadcrumb\"},\"inLanguage\":\"az\",\"potentialAction\":[{\"@type\":\"ReadAction\",\"target\":[\"https:\/\/bs2.lt\/az\/product\/stasionar-v%c9%99-%c9%99l-skanerl%c9%99ri\/\"]}]},{\"@type\":\"ImageObject\",\"inLanguage\":\"az\",\"@id\":\"https:\/\/bs2.lt\/az\/product\/stasionar-v%c9%99-%c9%99l-skanerl%c9%99ri\/#primaryimage\",\"url\":\"https:\/\/bs2.lt\/wp-content\/uploads\/2021\/02\/8_staczionarnye-i-ruchnye-skanery.jpg\",\"contentUrl\":\"https:\/\/bs2.lt\/wp-content\/uploads\/2021\/02\/8_staczionarnye-i-ruchnye-skanery.jpg\",\"width\":740,\"height\":640},{\"@type\":\"BreadcrumbList\",\"@id\":\"https:\/\/bs2.lt\/az\/product\/stasionar-v%c9%99-%c9%99l-skanerl%c9%99ri\/#breadcrumb\",\"itemListElement\":[{\"@type\":\"ListItem\",\"position\":1,\"name\":\"Home\",\"item\":\"https:\/\/bs2.lt\/az\/\"},{\"@type\":\"ListItem\",\"position\":2,\"name\":\"Stasionar v\u0259 \u0259l skanerl\u0259ri\"}]},{\"@type\":\"WebSite\",\"@id\":\"https:\/\/bs2.lt\/#website\",\"url\":\"https:\/\/bs2.lt\/\",\"name\":\"BS\/2\",\"description\":\"Banking and retail technology company\",\"publisher\":{\"@id\":\"https:\/\/bs2.lt\/#organization\"},\"potentialAction\":[{\"@type\":\"SearchAction\",\"target\":{\"@type\":\"EntryPoint\",\"urlTemplate\":\"https:\/\/bs2.lt\/?s={search_term_string}\"},\"query-input\":{\"@type\":\"PropertyValueSpecification\",\"valueRequired\":true,\"valueName\":\"search_term_string\"}}],\"inLanguage\":\"az\"},{\"@type\":\"Organization\",\"@id\":\"https:\/\/bs2.lt\/#organization\",\"name\":\"BS\/2\",\"url\":\"https:\/\/bs2.lt\/\",\"logo\":{\"@type\":\"ImageObject\",\"inLanguage\":\"az\",\"@id\":\"https:\/\/bs2.lt\/#\/schema\/logo\/image\/\",\"url\":\"https:\/\/bs2.lt\/wp-content\/uploads\/2022\/08\/bs2-logo.svg\",\"contentUrl\":\"https:\/\/bs2.lt\/wp-content\/uploads\/2022\/08\/bs2-logo.svg\",\"width\":100,\"height\":57,\"caption\":\"BS\/2\"},\"image\":{\"@id\":\"https:\/\/bs2.lt\/#\/schema\/logo\/image\/\"},\"sameAs\":[\"https:\/\/www.facebook.com\/bs2solutions\/\",\"https:\/\/www.linkedin.com\/showcase\/bs2solutions\",\"https:\/\/www.youtube.com\/c\/Bs2Lt\"]}]}<\/script>\n<!-- \/ Yoast SEO plugin. -->","yoast_head_json":{"title":"Stasionar v\u0259 \u0259l skanerl\u0259ri | BS\/2","robots":{"index":"index","follow":"follow","max-snippet":"max-snippet:-1","max-image-preview":"max-image-preview:large","max-video-preview":"max-video-preview:-1"},"canonical":"https:\/\/bs2.lt\/az\/product\/stasionar-v\u0259-\u0259l-skanerl\u0259ri\/","og_locale":"az_AZ","og_type":"article","og_title":"Stasionar v\u0259 \u0259l skanerl\u0259ri | BS\/2","og_description":"Datalogic \u015firk\u0259ti \u2013 \u015ftrixkodlar\u0131n, mobil komp\u00fctrl\u0259rin, ma\u015f\u0131n g\u00f6rm\u0259 sisteml\u0259rinin v\u0259 lazer markalanmas\u0131n\u0131n v\u0259 s. skanerl\u0259rinin i\u015fl\u0259nib haz\u0131rlanmas\u0131 v\u0259 istehsal\u0131nda ixtisasla\u015fan m\u0259lumatlar\u0131n avtomatik toplanmas\u0131 v\u0259 istehsal\u0131n avtomatla\u015fd\u0131r\u0131lmas\u0131 bazar\u0131nda dnya texnoloji lideridir. Datalogic \u015firk\u0259tinin Magellan stasionar v\u0259 \u0259l skanerl\u0259ri \u00f6z etibarl\u0131l\u0131\u011f\u0131 v\u0259 y\u00fcks\u0259k m\u0259hsuldarl\u0131\u011f\u0131 il\u0259 m\u0259h\u015furdur. Onlar kassa xidm\u0259tl\u0259rini avtomatla\u015fd\u0131rma\u011fa, hesablama-kassa \u0259m\u0259liyyatlar\u0131n\u0131n apar\u0131lmas\u0131 m\u00fcdd\u0259tini azaltma\u011fa imkan yarad\u0131r.","og_url":"https:\/\/bs2.lt\/az\/product\/stasionar-v\u0259-\u0259l-skanerl\u0259ri\/","og_site_name":"BS\/2","article_publisher":"https:\/\/www.facebook.com\/bs2solutions\/","article_modified_time":"2022-03-31T08:19:32+00:00","og_image":[{"width":740,"height":640,"url":"https:\/\/bs2.lt\/wp-content\/uploads\/2021\/02\/8_staczionarnye-i-ruchnye-skanery.jpg","type":"image\/jpeg"}],"twitter_card":"summary_large_image","twitter_misc":{"Est. reading time":"1 minute"},"schema":{"@context":"https:\/\/schema.org","@graph":[{"@type":"WebPage","@id":"https:\/\/bs2.lt\/az\/product\/stasionar-v%c9%99-%c9%99l-skanerl%c9%99ri\/","url":"https:\/\/bs2.lt\/az\/product\/stasionar-v%c9%99-%c9%99l-skanerl%c9%99ri\/","name":"Stasionar v\u0259 \u0259l skanerl\u0259ri | BS\/2","isPartOf":{"@id":"https:\/\/bs2.lt\/#website"},"primaryImageOfPage":{"@id":"https:\/\/bs2.lt\/az\/product\/stasionar-v%c9%99-%c9%99l-skanerl%c9%99ri\/#primaryimage"},"image":{"@id":"https:\/\/bs2.lt\/az\/product\/stasionar-v%c9%99-%c9%99l-skanerl%c9%99ri\/#primaryimage"},"thumbnailUrl":"https:\/\/bs2.lt\/wp-content\/uploads\/2021\/02\/8_staczionarnye-i-ruchnye-skanery.jpg","datePublished":"2022-03-31T07:31:12+00:00","dateModified":"2022-03-31T08:19:32+00:00","breadcrumb":{"@id":"https:\/\/bs2.lt\/az\/product\/stasionar-v%c9%99-%c9%99l-skanerl%c9%99ri\/#breadcrumb"},"inLanguage":"az","potentialAction":[{"@type":"ReadAction","target":["https:\/\/bs2.lt\/az\/product\/stasionar-v%c9%99-%c9%99l-skanerl%c9%99ri\/"]}]},{"@type":"ImageObject","inLanguage":"az","@id":"https:\/\/bs2.lt\/az\/product\/stasionar-v%c9%99-%c9%99l-skanerl%c9%99ri\/#primaryimage","url":"https:\/\/bs2.lt\/wp-content\/uploads\/2021\/02\/8_staczionarnye-i-ruchnye-skanery.jpg","contentUrl":"https:\/\/bs2.lt\/wp-content\/uploads\/2021\/02\/8_staczionarnye-i-ruchnye-skanery.jpg","width":740,"height":640},{"@type":"BreadcrumbList","@id":"https:\/\/bs2.lt\/az\/product\/stasionar-v%c9%99-%c9%99l-skanerl%c9%99ri\/#breadcrumb","itemListElement":[{"@type":"ListItem","position":1,"name":"Home","item":"https:\/\/bs2.lt\/az\/"},{"@type":"ListItem","position":2,"name":"Stasionar v\u0259 \u0259l skanerl\u0259ri"}]},{"@type":"WebSite","@id":"https:\/\/bs2.lt\/#website","url":"https:\/\/bs2.lt\/","name":"BS\/2","description":"Banking and retail technology company","publisher":{"@id":"https:\/\/bs2.lt\/#organization"},"potentialAction":[{"@type":"SearchAction","target":{"@type":"EntryPoint","urlTemplate":"https:\/\/bs2.lt\/?s={search_term_string}"},"query-input":{"@type":"PropertyValueSpecification","valueRequired":true,"valueName":"search_term_string"}}],"inLanguage":"az"},{"@type":"Organization","@id":"https:\/\/bs2.lt\/#organization","name":"BS\/2","url":"https:\/\/bs2.lt\/","logo":{"@type":"ImageObject","inLanguage":"az","@id":"https:\/\/bs2.lt\/#\/schema\/logo\/image\/","url":"https:\/\/bs2.lt\/wp-content\/uploads\/2022\/08\/bs2-logo.svg","contentUrl":"https:\/\/bs2.lt\/wp-content\/uploads\/2022\/08\/bs2-logo.svg","width":100,"height":57,"caption":"BS\/2"},"image":{"@id":"https:\/\/bs2.lt\/#\/schema\/logo\/image\/"},"sameAs":["https:\/\/www.facebook.com\/bs2solutions\/","https:\/\/www.linkedin.com\/showcase\/bs2solutions","https:\/\/www.youtube.com\/c\/Bs2Lt"]}]}},"_links":{"self":[{"href":"https:\/\/bs2.lt\/az\/wp-json\/wp\/v2\/product\/25973","targetHints":{"allow":["GET"]}}],"collection":[{"href":"https:\/\/bs2.lt\/az\/wp-json\/wp\/v2\/product"}],"about":[{"href":"https:\/\/bs2.lt\/az\/wp-json\/wp\/v2\/types\/product"}],"wp:featuredmedia":[{"embeddable":true,"href":"https:\/\/bs2.lt\/az\/wp-json\/wp\/v2\/media\/19846"}],"wp:attachment":[{"href":"https:\/\/bs2.lt\/az\/wp-json\/wp\/v2\/media?parent=25973"}],"wp:term":[{"taxonomy":"product_category","embeddable":true,"href":"https:\/\/bs2.lt\/az\/wp-json\/wp\/v2\/product_category?post=25973"},{"taxonomy":"atm_series","embeddable":true,"href":"https:\/\/bs2.lt\/az\/wp-json\/wp\/v2\/atm_series?post=25973"},{"taxonomy":"atm_cashflow","embeddable":true,"href":"https:\/\/bs2.lt\/az\/wp-json\/wp\/v2\/atm_cashflow?post=25973"},{"taxonomy":"atm_type","embeddable":true,"href":"https:\/\/bs2.lt\/az\/wp-json\/wp\/v2\/atm_type?post=25973"},{"taxonomy":"product-provider","embeddable":true,"href":"https:\/\/bs2.lt\/az\/wp-json\/wp\/v2\/product-provider?post=25973"}],"curies":[{"name":"wp","href":"https:\/\/api.w.org\/{rel}","templated":true}]}}