{"id":25972,"date":"2022-03-31T05:20:31","date_gmt":"2022-03-31T07:20:31","guid":{"rendered":"https:\/\/bs2.lt\/bs2.lt\/?post_type=product&#038;p=25972"},"modified":"2022-03-31T05:20:31","modified_gmt":"2022-03-31T07:20:31","slug":"%c9%99rzaq-m%c9%99hsullarinin-emali-ucun-texnoloji-avadanliq","status":"publish","type":"product","link":"https:\/\/bs2.lt\/az\/product\/%c9%99rzaq-m%c9%99hsullarinin-emali-ucun-texnoloji-avadanliq\/","title":{"rendered":"\u018frzaq m\u0259hsullar\u0131n\u0131n emal\u0131 \u00fc\u00e7\u00fcn texnoloji avadanl\u0131q"},"content":{"rendered":"<p>BS\/2 \u015eirk\u0259ti Bizerba \u015firk\u0259tinin \u0259rzaq m\u0259hsullar\u0131n\u0131n emal\u0131 \u00fc\u00e7\u00fcn avadanl\u0131\u011f\u0131n\u0131 t\u0259chiz edir, qura\u015fd\u0131r\u0131r, z\u0259rur iteqrasiyalar\u0131 edir v\u0259 texniki d\u0259st\u0259k g\u00f6st\u0259rir.<\/p>\n<p>Bizerba \u015eirk\u0259tinin p\u0259rak\u0259nd\u0259 sat\u0131\u015f \u00fc\u00e7\u00fcn texnoloji h\u0259ll\u0259r portfelin\u0259 qida m\u0259hsullar\u0131n\u0131n k\u0259silm\u0259si, diliml\u0259nm\u0259si, emal\u0131, qabla\u015fd\u0131r\u0131lmas\u0131 v\u0259 markalanmas\u0131 \u00fc\u00e7\u00fcn avadanl\u0131qlar daxildir: diliml\u0259yicil\u0259r, \u0259t\u00e7\u0259k\u0259nl\u0259r, \u0259t v\u0259 s\u00fcm\u00fck mi\u015farlar\u0131, etiketl\u0259m\u0259 avtomatlar\u0131 v\u0259 sisteml\u0259ri, qida m\u0259hsullar\u0131n\u0131n k\u0259sici ma\u015f\u0131nlar\u0131 v\u0259 s. Bizerba t\u0259r\u0259zi avadanl\u0131qlar\u0131 \u00f6z erqonomikas\u0131, y\u00fcks\u0259k s\u0259m\u0259r\u0259liliyi, istifad\u0259 rahatl\u0131\u011f\u0131 il\u0259 se\u00e7ilir. O, bir s\u0131ra qida emal\u0131 prosesl\u0259rini avtomatla\u015fd\u0131rma\u011fa, m\u00fc\u015ft\u0259ril\u0259r\u0259 rahat formatda y\u00fcks\u0259k keyfiyy\u0259tli v\u0259 t\u0259z\u0259 m\u0259hsullar t\u0259klif etm\u0259y\u0259 imkan verir.<\/p>\n<p>Bizerba avadanl\u0131qlar\u0131 \u00f6z\u00fcn\u00fc u\u011furla t\u00f6vsiyy\u0259 etmi\u015fdir v\u0259 d\u00fcnyan\u0131n 120 \u00f6lk\u0259sind\u0259 ona t\u0259l\u0259bat vard\u0131r.<\/p>\n","protected":false},"featured_media":19841,"template":"","product_category":[344],"atm_series":[],"atm_cashflow":[],"atm_type":[],"product-provider":[],"class_list":["post-25972","product","type-product","status-publish","has-post-thumbnail","hentry","product_category-retail"],"acf":[],"yoast_head":"<!-- This site is optimized with the Yoast SEO plugin v26.2 - https:\/\/yoast.com\/wordpress\/plugins\/seo\/ -->\n<title>\u018frzaq m\u0259hsullar\u0131n\u0131n emal\u0131 \u00fc\u00e7\u00fcn texnoloji avadanl\u0131q | BS\/2<\/title>\n<meta name=\"robots\" content=\"index, follow, max-snippet:-1, max-image-preview:large, max-video-preview:-1\" \/>\n<link rel=\"canonical\" href=\"https:\/\/bs2.lt\/az\/product\/\u0259rzaq-m\u0259hsullarinin-emali-ucun-texnoloji-avadanliq\/\" \/>\n<meta property=\"og:locale\" content=\"az_AZ\" \/>\n<meta property=\"og:type\" content=\"article\" \/>\n<meta property=\"og:title\" content=\"\u018frzaq m\u0259hsullar\u0131n\u0131n emal\u0131 \u00fc\u00e7\u00fcn texnoloji avadanl\u0131q | BS\/2\" \/>\n<meta property=\"og:description\" content=\"BS\/2 \u015eirk\u0259ti Bizerba \u015firk\u0259tinin \u0259rzaq m\u0259hsullar\u0131n\u0131n emal\u0131 \u00fc\u00e7\u00fcn avadanl\u0131\u011f\u0131n\u0131 t\u0259chiz edir, qura\u015fd\u0131r\u0131r, z\u0259rur iteqrasiyalar\u0131 edir v\u0259 texniki d\u0259st\u0259k g\u00f6st\u0259rir. Bizerba \u015eirk\u0259tinin p\u0259rak\u0259nd\u0259 sat\u0131\u015f \u00fc\u00e7\u00fcn texnoloji h\u0259ll\u0259r portfelin\u0259 qida m\u0259hsullar\u0131n\u0131n k\u0259silm\u0259si, diliml\u0259nm\u0259si, emal\u0131, qabla\u015fd\u0131r\u0131lmas\u0131 v\u0259 markalanmas\u0131 \u00fc\u00e7\u00fcn avadanl\u0131qlar daxildir: diliml\u0259yicil\u0259r, \u0259t\u00e7\u0259k\u0259nl\u0259r, \u0259t v\u0259 s\u00fcm\u00fck mi\u015farlar\u0131, etiketl\u0259m\u0259 avtomatlar\u0131 v\u0259 sisteml\u0259ri, qida m\u0259hsullar\u0131n\u0131n k\u0259sici ma\u015f\u0131nlar\u0131 v\u0259 s. Bizerba [&hellip;]\" \/>\n<meta property=\"og:url\" content=\"https:\/\/bs2.lt\/az\/product\/\u0259rzaq-m\u0259hsullarinin-emali-ucun-texnoloji-avadanliq\/\" \/>\n<meta property=\"og:site_name\" content=\"BS\/2\" \/>\n<meta property=\"article:publisher\" content=\"https:\/\/www.facebook.com\/bs2solutions\/\" \/>\n<meta property=\"og:image\" content=\"https:\/\/bs2.lt\/wp-content\/uploads\/2021\/02\/7_tehnologicheskoe-oborudovanie-dlya-obrabotki-pishhevyh-produktov.jpg\" \/>\n\t<meta property=\"og:image:width\" content=\"740\" \/>\n\t<meta property=\"og:image:height\" content=\"640\" \/>\n\t<meta property=\"og:image:type\" content=\"image\/jpeg\" \/>\n<meta name=\"twitter:card\" content=\"summary_large_image\" \/>\n<meta name=\"twitter:label1\" content=\"Est. reading time\" \/>\n\t<meta name=\"twitter:data1\" content=\"1 minute\" \/>\n<script type=\"application\/ld+json\" class=\"yoast-schema-graph\">{\"@context\":\"https:\/\/schema.org\",\"@graph\":[{\"@type\":\"WebPage\",\"@id\":\"https:\/\/bs2.lt\/az\/product\/%c9%99rzaq-m%c9%99hsullarinin-emali-ucun-texnoloji-avadanliq\/\",\"url\":\"https:\/\/bs2.lt\/az\/product\/%c9%99rzaq-m%c9%99hsullarinin-emali-ucun-texnoloji-avadanliq\/\",\"name\":\"\u018frzaq m\u0259hsullar\u0131n\u0131n emal\u0131 \u00fc\u00e7\u00fcn texnoloji avadanl\u0131q | BS\/2\",\"isPartOf\":{\"@id\":\"https:\/\/bs2.lt\/#website\"},\"primaryImageOfPage\":{\"@id\":\"https:\/\/bs2.lt\/az\/product\/%c9%99rzaq-m%c9%99hsullarinin-emali-ucun-texnoloji-avadanliq\/#primaryimage\"},\"image\":{\"@id\":\"https:\/\/bs2.lt\/az\/product\/%c9%99rzaq-m%c9%99hsullarinin-emali-ucun-texnoloji-avadanliq\/#primaryimage\"},\"thumbnailUrl\":\"https:\/\/bs2.lt\/wp-content\/uploads\/2021\/02\/7_tehnologicheskoe-oborudovanie-dlya-obrabotki-pishhevyh-produktov.jpg\",\"datePublished\":\"2022-03-31T07:20:31+00:00\",\"breadcrumb\":{\"@id\":\"https:\/\/bs2.lt\/az\/product\/%c9%99rzaq-m%c9%99hsullarinin-emali-ucun-texnoloji-avadanliq\/#breadcrumb\"},\"inLanguage\":\"az\",\"potentialAction\":[{\"@type\":\"ReadAction\",\"target\":[\"https:\/\/bs2.lt\/az\/product\/%c9%99rzaq-m%c9%99hsullarinin-emali-ucun-texnoloji-avadanliq\/\"]}]},{\"@type\":\"ImageObject\",\"inLanguage\":\"az\",\"@id\":\"https:\/\/bs2.lt\/az\/product\/%c9%99rzaq-m%c9%99hsullarinin-emali-ucun-texnoloji-avadanliq\/#primaryimage\",\"url\":\"https:\/\/bs2.lt\/wp-content\/uploads\/2021\/02\/7_tehnologicheskoe-oborudovanie-dlya-obrabotki-pishhevyh-produktov.jpg\",\"contentUrl\":\"https:\/\/bs2.lt\/wp-content\/uploads\/2021\/02\/7_tehnologicheskoe-oborudovanie-dlya-obrabotki-pishhevyh-produktov.jpg\",\"width\":740,\"height\":640},{\"@type\":\"BreadcrumbList\",\"@id\":\"https:\/\/bs2.lt\/az\/product\/%c9%99rzaq-m%c9%99hsullarinin-emali-ucun-texnoloji-avadanliq\/#breadcrumb\",\"itemListElement\":[{\"@type\":\"ListItem\",\"position\":1,\"name\":\"Home\",\"item\":\"https:\/\/bs2.lt\/az\/\"},{\"@type\":\"ListItem\",\"position\":2,\"name\":\"\u018frzaq m\u0259hsullar\u0131n\u0131n emal\u0131 \u00fc\u00e7\u00fcn texnoloji avadanl\u0131q\"}]},{\"@type\":\"WebSite\",\"@id\":\"https:\/\/bs2.lt\/#website\",\"url\":\"https:\/\/bs2.lt\/\",\"name\":\"BS\/2\",\"description\":\"Banking and retail technology company\",\"publisher\":{\"@id\":\"https:\/\/bs2.lt\/#organization\"},\"potentialAction\":[{\"@type\":\"SearchAction\",\"target\":{\"@type\":\"EntryPoint\",\"urlTemplate\":\"https:\/\/bs2.lt\/?s={search_term_string}\"},\"query-input\":{\"@type\":\"PropertyValueSpecification\",\"valueRequired\":true,\"valueName\":\"search_term_string\"}}],\"inLanguage\":\"az\"},{\"@type\":\"Organization\",\"@id\":\"https:\/\/bs2.lt\/#organization\",\"name\":\"BS\/2\",\"url\":\"https:\/\/bs2.lt\/\",\"logo\":{\"@type\":\"ImageObject\",\"inLanguage\":\"az\",\"@id\":\"https:\/\/bs2.lt\/#\/schema\/logo\/image\/\",\"url\":\"https:\/\/bs2.lt\/wp-content\/uploads\/2022\/08\/bs2-logo.svg\",\"contentUrl\":\"https:\/\/bs2.lt\/wp-content\/uploads\/2022\/08\/bs2-logo.svg\",\"width\":100,\"height\":57,\"caption\":\"BS\/2\"},\"image\":{\"@id\":\"https:\/\/bs2.lt\/#\/schema\/logo\/image\/\"},\"sameAs\":[\"https:\/\/www.facebook.com\/bs2solutions\/\",\"https:\/\/www.linkedin.com\/showcase\/bs2solutions\",\"https:\/\/www.youtube.com\/c\/Bs2Lt\"]}]}<\/script>\n<!-- \/ Yoast SEO plugin. -->","yoast_head_json":{"title":"\u018frzaq m\u0259hsullar\u0131n\u0131n emal\u0131 \u00fc\u00e7\u00fcn texnoloji avadanl\u0131q | BS\/2","robots":{"index":"index","follow":"follow","max-snippet":"max-snippet:-1","max-image-preview":"max-image-preview:large","max-video-preview":"max-video-preview:-1"},"canonical":"https:\/\/bs2.lt\/az\/product\/\u0259rzaq-m\u0259hsullarinin-emali-ucun-texnoloji-avadanliq\/","og_locale":"az_AZ","og_type":"article","og_title":"\u018frzaq m\u0259hsullar\u0131n\u0131n emal\u0131 \u00fc\u00e7\u00fcn texnoloji avadanl\u0131q | BS\/2","og_description":"BS\/2 \u015eirk\u0259ti Bizerba \u015firk\u0259tinin \u0259rzaq m\u0259hsullar\u0131n\u0131n emal\u0131 \u00fc\u00e7\u00fcn avadanl\u0131\u011f\u0131n\u0131 t\u0259chiz edir, qura\u015fd\u0131r\u0131r, z\u0259rur iteqrasiyalar\u0131 edir v\u0259 texniki d\u0259st\u0259k g\u00f6st\u0259rir. Bizerba \u015eirk\u0259tinin p\u0259rak\u0259nd\u0259 sat\u0131\u015f \u00fc\u00e7\u00fcn texnoloji h\u0259ll\u0259r portfelin\u0259 qida m\u0259hsullar\u0131n\u0131n k\u0259silm\u0259si, diliml\u0259nm\u0259si, emal\u0131, qabla\u015fd\u0131r\u0131lmas\u0131 v\u0259 markalanmas\u0131 \u00fc\u00e7\u00fcn avadanl\u0131qlar daxildir: diliml\u0259yicil\u0259r, \u0259t\u00e7\u0259k\u0259nl\u0259r, \u0259t v\u0259 s\u00fcm\u00fck mi\u015farlar\u0131, etiketl\u0259m\u0259 avtomatlar\u0131 v\u0259 sisteml\u0259ri, qida m\u0259hsullar\u0131n\u0131n k\u0259sici ma\u015f\u0131nlar\u0131 v\u0259 s. Bizerba [&hellip;]","og_url":"https:\/\/bs2.lt\/az\/product\/\u0259rzaq-m\u0259hsullarinin-emali-ucun-texnoloji-avadanliq\/","og_site_name":"BS\/2","article_publisher":"https:\/\/www.facebook.com\/bs2solutions\/","og_image":[{"width":740,"height":640,"url":"https:\/\/bs2.lt\/wp-content\/uploads\/2021\/02\/7_tehnologicheskoe-oborudovanie-dlya-obrabotki-pishhevyh-produktov.jpg","type":"image\/jpeg"}],"twitter_card":"summary_large_image","twitter_misc":{"Est. reading time":"1 minute"},"schema":{"@context":"https:\/\/schema.org","@graph":[{"@type":"WebPage","@id":"https:\/\/bs2.lt\/az\/product\/%c9%99rzaq-m%c9%99hsullarinin-emali-ucun-texnoloji-avadanliq\/","url":"https:\/\/bs2.lt\/az\/product\/%c9%99rzaq-m%c9%99hsullarinin-emali-ucun-texnoloji-avadanliq\/","name":"\u018frzaq m\u0259hsullar\u0131n\u0131n emal\u0131 \u00fc\u00e7\u00fcn texnoloji avadanl\u0131q | BS\/2","isPartOf":{"@id":"https:\/\/bs2.lt\/#website"},"primaryImageOfPage":{"@id":"https:\/\/bs2.lt\/az\/product\/%c9%99rzaq-m%c9%99hsullarinin-emali-ucun-texnoloji-avadanliq\/#primaryimage"},"image":{"@id":"https:\/\/bs2.lt\/az\/product\/%c9%99rzaq-m%c9%99hsullarinin-emali-ucun-texnoloji-avadanliq\/#primaryimage"},"thumbnailUrl":"https:\/\/bs2.lt\/wp-content\/uploads\/2021\/02\/7_tehnologicheskoe-oborudovanie-dlya-obrabotki-pishhevyh-produktov.jpg","datePublished":"2022-03-31T07:20:31+00:00","breadcrumb":{"@id":"https:\/\/bs2.lt\/az\/product\/%c9%99rzaq-m%c9%99hsullarinin-emali-ucun-texnoloji-avadanliq\/#breadcrumb"},"inLanguage":"az","potentialAction":[{"@type":"ReadAction","target":["https:\/\/bs2.lt\/az\/product\/%c9%99rzaq-m%c9%99hsullarinin-emali-ucun-texnoloji-avadanliq\/"]}]},{"@type":"ImageObject","inLanguage":"az","@id":"https:\/\/bs2.lt\/az\/product\/%c9%99rzaq-m%c9%99hsullarinin-emali-ucun-texnoloji-avadanliq\/#primaryimage","url":"https:\/\/bs2.lt\/wp-content\/uploads\/2021\/02\/7_tehnologicheskoe-oborudovanie-dlya-obrabotki-pishhevyh-produktov.jpg","contentUrl":"https:\/\/bs2.lt\/wp-content\/uploads\/2021\/02\/7_tehnologicheskoe-oborudovanie-dlya-obrabotki-pishhevyh-produktov.jpg","width":740,"height":640},{"@type":"BreadcrumbList","@id":"https:\/\/bs2.lt\/az\/product\/%c9%99rzaq-m%c9%99hsullarinin-emali-ucun-texnoloji-avadanliq\/#breadcrumb","itemListElement":[{"@type":"ListItem","position":1,"name":"Home","item":"https:\/\/bs2.lt\/az\/"},{"@type":"ListItem","position":2,"name":"\u018frzaq m\u0259hsullar\u0131n\u0131n emal\u0131 \u00fc\u00e7\u00fcn texnoloji avadanl\u0131q"}]},{"@type":"WebSite","@id":"https:\/\/bs2.lt\/#website","url":"https:\/\/bs2.lt\/","name":"BS\/2","description":"Banking and retail technology company","publisher":{"@id":"https:\/\/bs2.lt\/#organization"},"potentialAction":[{"@type":"SearchAction","target":{"@type":"EntryPoint","urlTemplate":"https:\/\/bs2.lt\/?s={search_term_string}"},"query-input":{"@type":"PropertyValueSpecification","valueRequired":true,"valueName":"search_term_string"}}],"inLanguage":"az"},{"@type":"Organization","@id":"https:\/\/bs2.lt\/#organization","name":"BS\/2","url":"https:\/\/bs2.lt\/","logo":{"@type":"ImageObject","inLanguage":"az","@id":"https:\/\/bs2.lt\/#\/schema\/logo\/image\/","url":"https:\/\/bs2.lt\/wp-content\/uploads\/2022\/08\/bs2-logo.svg","contentUrl":"https:\/\/bs2.lt\/wp-content\/uploads\/2022\/08\/bs2-logo.svg","width":100,"height":57,"caption":"BS\/2"},"image":{"@id":"https:\/\/bs2.lt\/#\/schema\/logo\/image\/"},"sameAs":["https:\/\/www.facebook.com\/bs2solutions\/","https:\/\/www.linkedin.com\/showcase\/bs2solutions","https:\/\/www.youtube.com\/c\/Bs2Lt"]}]}},"_links":{"self":[{"href":"https:\/\/bs2.lt\/az\/wp-json\/wp\/v2\/product\/25972","targetHints":{"allow":["GET"]}}],"collection":[{"href":"https:\/\/bs2.lt\/az\/wp-json\/wp\/v2\/product"}],"about":[{"href":"https:\/\/bs2.lt\/az\/wp-json\/wp\/v2\/types\/product"}],"wp:featuredmedia":[{"embeddable":true,"href":"https:\/\/bs2.lt\/az\/wp-json\/wp\/v2\/media\/19841"}],"wp:attachment":[{"href":"https:\/\/bs2.lt\/az\/wp-json\/wp\/v2\/media?parent=25972"}],"wp:term":[{"taxonomy":"product_category","embeddable":true,"href":"https:\/\/bs2.lt\/az\/wp-json\/wp\/v2\/product_category?post=25972"},{"taxonomy":"atm_series","embeddable":true,"href":"https:\/\/bs2.lt\/az\/wp-json\/wp\/v2\/atm_series?post=25972"},{"taxonomy":"atm_cashflow","embeddable":true,"href":"https:\/\/bs2.lt\/az\/wp-json\/wp\/v2\/atm_cashflow?post=25972"},{"taxonomy":"atm_type","embeddable":true,"href":"https:\/\/bs2.lt\/az\/wp-json\/wp\/v2\/atm_type?post=25972"},{"taxonomy":"product-provider","embeddable":true,"href":"https:\/\/bs2.lt\/az\/wp-json\/wp\/v2\/product-provider?post=25972"}],"curies":[{"name":"wp","href":"https:\/\/api.w.org\/{rel}","templated":true}]}}