{"id":25971,"date":"2022-03-31T05:08:30","date_gmt":"2022-03-31T07:08:30","guid":{"rendered":"https:\/\/bs2.lt\/bs2.lt\/?post_type=product&#038;p=25971"},"modified":"2022-03-31T05:14:14","modified_gmt":"2022-03-31T07:14:14","slug":"t%c9%99r%c9%99zi-avadanligi","status":"publish","type":"product","link":"https:\/\/bs2.lt\/az\/product\/t%c9%99r%c9%99zi-avadanligi\/","title":{"rendered":"T\u0259r\u0259zi avadanl\u0131\u011f\u0131"},"content":{"rendered":"<p>Bizerba ticar\u0259t t\u0259r\u0259zil\u0259ri m\u00fcxt\u0259lif t\u0259tbiql\u0259r, qura\u015fd\u0131rma \u015f\u0259rtl\u0259ri v\u0259 idar\u0259etm\u0259 x\u00fcsusiyy\u0259tl\u0259ri \u00fc\u00e7\u00fcn n\u0259z\u0259rd\u0259 tutulmu\u015f bir ne\u00e7\u0259 icra variantlar\u0131nda t\u0259chiz edilir. <\/p>\n","protected":false},"featured_media":19836,"template":"","product_category":[344],"atm_series":[],"atm_cashflow":[],"atm_type":[],"product-provider":[],"class_list":["post-25971","product","type-product","status-publish","has-post-thumbnail","hentry","product_category-retail"],"acf":[],"yoast_head":"<!-- This site is optimized with the Yoast SEO plugin v26.2 - https:\/\/yoast.com\/wordpress\/plugins\/seo\/ -->\n<title>T\u0259r\u0259zi avadanl\u0131\u011f\u0131 | BS\/2<\/title>\n<meta name=\"robots\" content=\"index, follow, max-snippet:-1, max-image-preview:large, max-video-preview:-1\" \/>\n<link rel=\"canonical\" href=\"https:\/\/bs2.lt\/az\/product\/t\u0259r\u0259zi-avadanligi\/\" \/>\n<meta property=\"og:locale\" content=\"az_AZ\" \/>\n<meta property=\"og:type\" content=\"article\" \/>\n<meta property=\"og:title\" content=\"T\u0259r\u0259zi avadanl\u0131\u011f\u0131 | BS\/2\" \/>\n<meta property=\"og:description\" content=\"Bizerba ticar\u0259t t\u0259r\u0259zil\u0259ri m\u00fcxt\u0259lif t\u0259tbiql\u0259r, qura\u015fd\u0131rma \u015f\u0259rtl\u0259ri v\u0259 idar\u0259etm\u0259 x\u00fcsusiyy\u0259tl\u0259ri \u00fc\u00e7\u00fcn n\u0259z\u0259rd\u0259 tutulmu\u015f bir ne\u00e7\u0259 icra variantlar\u0131nda t\u0259chiz edilir.\" \/>\n<meta property=\"og:url\" content=\"https:\/\/bs2.lt\/az\/product\/t\u0259r\u0259zi-avadanligi\/\" \/>\n<meta property=\"og:site_name\" content=\"BS\/2\" \/>\n<meta property=\"article:publisher\" content=\"https:\/\/www.facebook.com\/bs2solutions\/\" \/>\n<meta property=\"article:modified_time\" content=\"2022-03-31T07:14:14+00:00\" \/>\n<meta property=\"og:image\" content=\"https:\/\/bs2.lt\/wp-content\/uploads\/2021\/02\/6_vesovoe-oborudovanie.jpg\" \/>\n\t<meta property=\"og:image:width\" content=\"740\" \/>\n\t<meta property=\"og:image:height\" content=\"640\" \/>\n\t<meta property=\"og:image:type\" content=\"image\/jpeg\" \/>\n<meta name=\"twitter:card\" content=\"summary_large_image\" \/>\n<script type=\"application\/ld+json\" class=\"yoast-schema-graph\">{\"@context\":\"https:\/\/schema.org\",\"@graph\":[{\"@type\":\"WebPage\",\"@id\":\"https:\/\/bs2.lt\/az\/product\/t%c9%99r%c9%99zi-avadanligi\/\",\"url\":\"https:\/\/bs2.lt\/az\/product\/t%c9%99r%c9%99zi-avadanligi\/\",\"name\":\"T\u0259r\u0259zi avadanl\u0131\u011f\u0131 | BS\/2\",\"isPartOf\":{\"@id\":\"https:\/\/bs2.lt\/#website\"},\"primaryImageOfPage\":{\"@id\":\"https:\/\/bs2.lt\/az\/product\/t%c9%99r%c9%99zi-avadanligi\/#primaryimage\"},\"image\":{\"@id\":\"https:\/\/bs2.lt\/az\/product\/t%c9%99r%c9%99zi-avadanligi\/#primaryimage\"},\"thumbnailUrl\":\"https:\/\/bs2.lt\/wp-content\/uploads\/2021\/02\/6_vesovoe-oborudovanie.jpg\",\"datePublished\":\"2022-03-31T07:08:30+00:00\",\"dateModified\":\"2022-03-31T07:14:14+00:00\",\"breadcrumb\":{\"@id\":\"https:\/\/bs2.lt\/az\/product\/t%c9%99r%c9%99zi-avadanligi\/#breadcrumb\"},\"inLanguage\":\"az\",\"potentialAction\":[{\"@type\":\"ReadAction\",\"target\":[\"https:\/\/bs2.lt\/az\/product\/t%c9%99r%c9%99zi-avadanligi\/\"]}]},{\"@type\":\"ImageObject\",\"inLanguage\":\"az\",\"@id\":\"https:\/\/bs2.lt\/az\/product\/t%c9%99r%c9%99zi-avadanligi\/#primaryimage\",\"url\":\"https:\/\/bs2.lt\/wp-content\/uploads\/2021\/02\/6_vesovoe-oborudovanie.jpg\",\"contentUrl\":\"https:\/\/bs2.lt\/wp-content\/uploads\/2021\/02\/6_vesovoe-oborudovanie.jpg\",\"width\":740,\"height\":640},{\"@type\":\"BreadcrumbList\",\"@id\":\"https:\/\/bs2.lt\/az\/product\/t%c9%99r%c9%99zi-avadanligi\/#breadcrumb\",\"itemListElement\":[{\"@type\":\"ListItem\",\"position\":1,\"name\":\"Home\",\"item\":\"https:\/\/bs2.lt\/az\/\"},{\"@type\":\"ListItem\",\"position\":2,\"name\":\"T\u0259r\u0259zi avadanl\u0131\u011f\u0131\"}]},{\"@type\":\"WebSite\",\"@id\":\"https:\/\/bs2.lt\/#website\",\"url\":\"https:\/\/bs2.lt\/\",\"name\":\"BS\/2\",\"description\":\"Banking and retail technology company\",\"publisher\":{\"@id\":\"https:\/\/bs2.lt\/#organization\"},\"potentialAction\":[{\"@type\":\"SearchAction\",\"target\":{\"@type\":\"EntryPoint\",\"urlTemplate\":\"https:\/\/bs2.lt\/?s={search_term_string}\"},\"query-input\":{\"@type\":\"PropertyValueSpecification\",\"valueRequired\":true,\"valueName\":\"search_term_string\"}}],\"inLanguage\":\"az\"},{\"@type\":\"Organization\",\"@id\":\"https:\/\/bs2.lt\/#organization\",\"name\":\"BS\/2\",\"url\":\"https:\/\/bs2.lt\/\",\"logo\":{\"@type\":\"ImageObject\",\"inLanguage\":\"az\",\"@id\":\"https:\/\/bs2.lt\/#\/schema\/logo\/image\/\",\"url\":\"https:\/\/bs2.lt\/wp-content\/uploads\/2022\/08\/bs2-logo.svg\",\"contentUrl\":\"https:\/\/bs2.lt\/wp-content\/uploads\/2022\/08\/bs2-logo.svg\",\"width\":100,\"height\":57,\"caption\":\"BS\/2\"},\"image\":{\"@id\":\"https:\/\/bs2.lt\/#\/schema\/logo\/image\/\"},\"sameAs\":[\"https:\/\/www.facebook.com\/bs2solutions\/\",\"https:\/\/www.linkedin.com\/showcase\/bs2solutions\",\"https:\/\/www.youtube.com\/c\/Bs2Lt\"]}]}<\/script>\n<!-- \/ Yoast SEO plugin. -->","yoast_head_json":{"title":"T\u0259r\u0259zi avadanl\u0131\u011f\u0131 | BS\/2","robots":{"index":"index","follow":"follow","max-snippet":"max-snippet:-1","max-image-preview":"max-image-preview:large","max-video-preview":"max-video-preview:-1"},"canonical":"https:\/\/bs2.lt\/az\/product\/t\u0259r\u0259zi-avadanligi\/","og_locale":"az_AZ","og_type":"article","og_title":"T\u0259r\u0259zi avadanl\u0131\u011f\u0131 | BS\/2","og_description":"Bizerba ticar\u0259t t\u0259r\u0259zil\u0259ri m\u00fcxt\u0259lif t\u0259tbiql\u0259r, qura\u015fd\u0131rma \u015f\u0259rtl\u0259ri v\u0259 idar\u0259etm\u0259 x\u00fcsusiyy\u0259tl\u0259ri \u00fc\u00e7\u00fcn n\u0259z\u0259rd\u0259 tutulmu\u015f bir ne\u00e7\u0259 icra variantlar\u0131nda t\u0259chiz edilir.","og_url":"https:\/\/bs2.lt\/az\/product\/t\u0259r\u0259zi-avadanligi\/","og_site_name":"BS\/2","article_publisher":"https:\/\/www.facebook.com\/bs2solutions\/","article_modified_time":"2022-03-31T07:14:14+00:00","og_image":[{"width":740,"height":640,"url":"https:\/\/bs2.lt\/wp-content\/uploads\/2021\/02\/6_vesovoe-oborudovanie.jpg","type":"image\/jpeg"}],"twitter_card":"summary_large_image","schema":{"@context":"https:\/\/schema.org","@graph":[{"@type":"WebPage","@id":"https:\/\/bs2.lt\/az\/product\/t%c9%99r%c9%99zi-avadanligi\/","url":"https:\/\/bs2.lt\/az\/product\/t%c9%99r%c9%99zi-avadanligi\/","name":"T\u0259r\u0259zi avadanl\u0131\u011f\u0131 | BS\/2","isPartOf":{"@id":"https:\/\/bs2.lt\/#website"},"primaryImageOfPage":{"@id":"https:\/\/bs2.lt\/az\/product\/t%c9%99r%c9%99zi-avadanligi\/#primaryimage"},"image":{"@id":"https:\/\/bs2.lt\/az\/product\/t%c9%99r%c9%99zi-avadanligi\/#primaryimage"},"thumbnailUrl":"https:\/\/bs2.lt\/wp-content\/uploads\/2021\/02\/6_vesovoe-oborudovanie.jpg","datePublished":"2022-03-31T07:08:30+00:00","dateModified":"2022-03-31T07:14:14+00:00","breadcrumb":{"@id":"https:\/\/bs2.lt\/az\/product\/t%c9%99r%c9%99zi-avadanligi\/#breadcrumb"},"inLanguage":"az","potentialAction":[{"@type":"ReadAction","target":["https:\/\/bs2.lt\/az\/product\/t%c9%99r%c9%99zi-avadanligi\/"]}]},{"@type":"ImageObject","inLanguage":"az","@id":"https:\/\/bs2.lt\/az\/product\/t%c9%99r%c9%99zi-avadanligi\/#primaryimage","url":"https:\/\/bs2.lt\/wp-content\/uploads\/2021\/02\/6_vesovoe-oborudovanie.jpg","contentUrl":"https:\/\/bs2.lt\/wp-content\/uploads\/2021\/02\/6_vesovoe-oborudovanie.jpg","width":740,"height":640},{"@type":"BreadcrumbList","@id":"https:\/\/bs2.lt\/az\/product\/t%c9%99r%c9%99zi-avadanligi\/#breadcrumb","itemListElement":[{"@type":"ListItem","position":1,"name":"Home","item":"https:\/\/bs2.lt\/az\/"},{"@type":"ListItem","position":2,"name":"T\u0259r\u0259zi avadanl\u0131\u011f\u0131"}]},{"@type":"WebSite","@id":"https:\/\/bs2.lt\/#website","url":"https:\/\/bs2.lt\/","name":"BS\/2","description":"Banking and retail technology company","publisher":{"@id":"https:\/\/bs2.lt\/#organization"},"potentialAction":[{"@type":"SearchAction","target":{"@type":"EntryPoint","urlTemplate":"https:\/\/bs2.lt\/?s={search_term_string}"},"query-input":{"@type":"PropertyValueSpecification","valueRequired":true,"valueName":"search_term_string"}}],"inLanguage":"az"},{"@type":"Organization","@id":"https:\/\/bs2.lt\/#organization","name":"BS\/2","url":"https:\/\/bs2.lt\/","logo":{"@type":"ImageObject","inLanguage":"az","@id":"https:\/\/bs2.lt\/#\/schema\/logo\/image\/","url":"https:\/\/bs2.lt\/wp-content\/uploads\/2022\/08\/bs2-logo.svg","contentUrl":"https:\/\/bs2.lt\/wp-content\/uploads\/2022\/08\/bs2-logo.svg","width":100,"height":57,"caption":"BS\/2"},"image":{"@id":"https:\/\/bs2.lt\/#\/schema\/logo\/image\/"},"sameAs":["https:\/\/www.facebook.com\/bs2solutions\/","https:\/\/www.linkedin.com\/showcase\/bs2solutions","https:\/\/www.youtube.com\/c\/Bs2Lt"]}]}},"_links":{"self":[{"href":"https:\/\/bs2.lt\/az\/wp-json\/wp\/v2\/product\/25971","targetHints":{"allow":["GET"]}}],"collection":[{"href":"https:\/\/bs2.lt\/az\/wp-json\/wp\/v2\/product"}],"about":[{"href":"https:\/\/bs2.lt\/az\/wp-json\/wp\/v2\/types\/product"}],"wp:featuredmedia":[{"embeddable":true,"href":"https:\/\/bs2.lt\/az\/wp-json\/wp\/v2\/media\/19836"}],"wp:attachment":[{"href":"https:\/\/bs2.lt\/az\/wp-json\/wp\/v2\/media?parent=25971"}],"wp:term":[{"taxonomy":"product_category","embeddable":true,"href":"https:\/\/bs2.lt\/az\/wp-json\/wp\/v2\/product_category?post=25971"},{"taxonomy":"atm_series","embeddable":true,"href":"https:\/\/bs2.lt\/az\/wp-json\/wp\/v2\/atm_series?post=25971"},{"taxonomy":"atm_cashflow","embeddable":true,"href":"https:\/\/bs2.lt\/az\/wp-json\/wp\/v2\/atm_cashflow?post=25971"},{"taxonomy":"atm_type","embeddable":true,"href":"https:\/\/bs2.lt\/az\/wp-json\/wp\/v2\/atm_type?post=25971"},{"taxonomy":"product-provider","embeddable":true,"href":"https:\/\/bs2.lt\/az\/wp-json\/wp\/v2\/product-provider?post=25971"}],"curies":[{"name":"wp","href":"https:\/\/api.w.org\/{rel}","templated":true}]}}