{"id":25969,"date":"2022-03-31T04:58:45","date_gmt":"2022-03-31T06:58:45","guid":{"rendered":"https:\/\/bs2.lt\/bs2.lt\/?post_type=product&#038;p=25969"},"modified":"2022-03-31T05:03:02","modified_gmt":"2022-03-31T07:03:02","slug":"ozun%c9%99xidm%c9%99t-kassalar","status":"publish","type":"product","link":"https:\/\/bs2.lt\/az\/product\/ozun%c9%99xidm%c9%99t-kassalar\/","title":{"rendered":"\u00d6z\u00fcn\u0259xidm\u0259t kassalar"},"content":{"rendered":"<p>\u00d6z\u00fcn\u0259xidm\u0259t kassalar\u0131 ticar\u0259t t\u0259\u015fkilat\u0131n\u0131n m\u00fc\u015ft\u0259ril\u0259rin\u0259 kassirin i\u015ftirak\u0131 olmadan mallar\u0131 skan etm\u0259k, \u00e7\u0259km\u0259k v\u0259 qiym\u0259tini \u00f6d\u0259m\u0259k imkan\u0131 t\u0259qdim edir. Onlar\u0131n istifad\u0259si al\u0131c\u0131lara xidm\u0259t prosesini avtomatla\u015fd\u0131rmaq v\u0259 optimalla\u015fd\u0131rmaq, ticar\u0259t m\u0259kan\u0131na q\u0259na\u0259t etm\u0259k, personal x\u0259rcl\u0259rini azaltmaq, ma\u011fazan\u0131n burax\u0131l\u0131\u015f qabiliyy\u0259tini art\u0131rmaq imkan\u0131 verir: bir kassirl\u0259 kassan\u0131n tutdu\u011fu sh\u0259d\u0259 4-6 \u00f6z\u00fcn\u0259xidm\u0259t kassas\u0131 qura\u015fd\u0131rmaq m\u00fcmk\u00fcnd\u00fcr. Qur\u011fular ticar\u0259t t\u0259\u015fkilar\u0131n\u0131n infrastrukturuna asanl\u0131qla inteqrasiya olunur.<\/p>\n","protected":false},"featured_media":19826,"template":"","product_category":[344],"atm_series":[],"atm_cashflow":[],"atm_type":[],"product-provider":[],"class_list":["post-25969","product","type-product","status-publish","has-post-thumbnail","hentry","product_category-retail"],"acf":[],"yoast_head":"<!-- This site is optimized with the Yoast SEO plugin v26.2 - https:\/\/yoast.com\/wordpress\/plugins\/seo\/ -->\n<title>\u00d6z\u00fcn\u0259xidm\u0259t kassalar | BS\/2<\/title>\n<meta name=\"robots\" content=\"index, follow, max-snippet:-1, max-image-preview:large, max-video-preview:-1\" \/>\n<link rel=\"canonical\" href=\"https:\/\/bs2.lt\/az\/product\/ozun\u0259xidm\u0259t-kassalar\/\" \/>\n<meta property=\"og:locale\" content=\"az_AZ\" \/>\n<meta property=\"og:type\" content=\"article\" \/>\n<meta property=\"og:title\" content=\"\u00d6z\u00fcn\u0259xidm\u0259t kassalar | BS\/2\" \/>\n<meta property=\"og:description\" content=\"\u00d6z\u00fcn\u0259xidm\u0259t kassalar\u0131 ticar\u0259t t\u0259\u015fkilat\u0131n\u0131n m\u00fc\u015ft\u0259ril\u0259rin\u0259 kassirin i\u015ftirak\u0131 olmadan mallar\u0131 skan etm\u0259k, \u00e7\u0259km\u0259k v\u0259 qiym\u0259tini \u00f6d\u0259m\u0259k imkan\u0131 t\u0259qdim edir. Onlar\u0131n istifad\u0259si al\u0131c\u0131lara xidm\u0259t prosesini avtomatla\u015fd\u0131rmaq v\u0259 optimalla\u015fd\u0131rmaq, ticar\u0259t m\u0259kan\u0131na q\u0259na\u0259t etm\u0259k, personal x\u0259rcl\u0259rini azaltmaq, ma\u011fazan\u0131n burax\u0131l\u0131\u015f qabiliyy\u0259tini art\u0131rmaq imkan\u0131 verir: bir kassirl\u0259 kassan\u0131n tutdu\u011fu sh\u0259d\u0259 4-6 \u00f6z\u00fcn\u0259xidm\u0259t kassas\u0131 qura\u015fd\u0131rmaq m\u00fcmk\u00fcnd\u00fcr. Qur\u011fular ticar\u0259t t\u0259\u015fkilar\u0131n\u0131n infrastrukturuna asanl\u0131qla inteqrasiya [&hellip;]\" \/>\n<meta property=\"og:url\" content=\"https:\/\/bs2.lt\/az\/product\/ozun\u0259xidm\u0259t-kassalar\/\" \/>\n<meta property=\"og:site_name\" content=\"BS\/2\" \/>\n<meta property=\"article:publisher\" content=\"https:\/\/www.facebook.com\/bs2solutions\/\" \/>\n<meta property=\"article:modified_time\" content=\"2022-03-31T07:03:02+00:00\" \/>\n<meta property=\"og:image\" content=\"https:\/\/bs2.lt\/wp-content\/uploads\/2021\/02\/4_kassy-samoobsluzhivaniya.jpg\" \/>\n\t<meta property=\"og:image:width\" content=\"740\" \/>\n\t<meta property=\"og:image:height\" content=\"640\" \/>\n\t<meta property=\"og:image:type\" content=\"image\/jpeg\" \/>\n<meta name=\"twitter:card\" content=\"summary_large_image\" \/>\n<meta name=\"twitter:label1\" content=\"Est. reading time\" \/>\n\t<meta name=\"twitter:data1\" content=\"1 minute\" \/>\n<script type=\"application\/ld+json\" class=\"yoast-schema-graph\">{\"@context\":\"https:\/\/schema.org\",\"@graph\":[{\"@type\":\"WebPage\",\"@id\":\"https:\/\/bs2.lt\/az\/product\/ozun%c9%99xidm%c9%99t-kassalar\/\",\"url\":\"https:\/\/bs2.lt\/az\/product\/ozun%c9%99xidm%c9%99t-kassalar\/\",\"name\":\"\u00d6z\u00fcn\u0259xidm\u0259t kassalar | BS\/2\",\"isPartOf\":{\"@id\":\"https:\/\/bs2.lt\/#website\"},\"primaryImageOfPage\":{\"@id\":\"https:\/\/bs2.lt\/az\/product\/ozun%c9%99xidm%c9%99t-kassalar\/#primaryimage\"},\"image\":{\"@id\":\"https:\/\/bs2.lt\/az\/product\/ozun%c9%99xidm%c9%99t-kassalar\/#primaryimage\"},\"thumbnailUrl\":\"https:\/\/bs2.lt\/wp-content\/uploads\/2021\/02\/4_kassy-samoobsluzhivaniya.jpg\",\"datePublished\":\"2022-03-31T06:58:45+00:00\",\"dateModified\":\"2022-03-31T07:03:02+00:00\",\"breadcrumb\":{\"@id\":\"https:\/\/bs2.lt\/az\/product\/ozun%c9%99xidm%c9%99t-kassalar\/#breadcrumb\"},\"inLanguage\":\"az\",\"potentialAction\":[{\"@type\":\"ReadAction\",\"target\":[\"https:\/\/bs2.lt\/az\/product\/ozun%c9%99xidm%c9%99t-kassalar\/\"]}]},{\"@type\":\"ImageObject\",\"inLanguage\":\"az\",\"@id\":\"https:\/\/bs2.lt\/az\/product\/ozun%c9%99xidm%c9%99t-kassalar\/#primaryimage\",\"url\":\"https:\/\/bs2.lt\/wp-content\/uploads\/2021\/02\/4_kassy-samoobsluzhivaniya.jpg\",\"contentUrl\":\"https:\/\/bs2.lt\/wp-content\/uploads\/2021\/02\/4_kassy-samoobsluzhivaniya.jpg\",\"width\":740,\"height\":640},{\"@type\":\"BreadcrumbList\",\"@id\":\"https:\/\/bs2.lt\/az\/product\/ozun%c9%99xidm%c9%99t-kassalar\/#breadcrumb\",\"itemListElement\":[{\"@type\":\"ListItem\",\"position\":1,\"name\":\"Home\",\"item\":\"https:\/\/bs2.lt\/az\/\"},{\"@type\":\"ListItem\",\"position\":2,\"name\":\"\u00d6z\u00fcn\u0259xidm\u0259t kassalar\"}]},{\"@type\":\"WebSite\",\"@id\":\"https:\/\/bs2.lt\/#website\",\"url\":\"https:\/\/bs2.lt\/\",\"name\":\"BS\/2\",\"description\":\"Banking and retail technology company\",\"publisher\":{\"@id\":\"https:\/\/bs2.lt\/#organization\"},\"potentialAction\":[{\"@type\":\"SearchAction\",\"target\":{\"@type\":\"EntryPoint\",\"urlTemplate\":\"https:\/\/bs2.lt\/?s={search_term_string}\"},\"query-input\":{\"@type\":\"PropertyValueSpecification\",\"valueRequired\":true,\"valueName\":\"search_term_string\"}}],\"inLanguage\":\"az\"},{\"@type\":\"Organization\",\"@id\":\"https:\/\/bs2.lt\/#organization\",\"name\":\"BS\/2\",\"url\":\"https:\/\/bs2.lt\/\",\"logo\":{\"@type\":\"ImageObject\",\"inLanguage\":\"az\",\"@id\":\"https:\/\/bs2.lt\/#\/schema\/logo\/image\/\",\"url\":\"https:\/\/bs2.lt\/wp-content\/uploads\/2022\/08\/bs2-logo.svg\",\"contentUrl\":\"https:\/\/bs2.lt\/wp-content\/uploads\/2022\/08\/bs2-logo.svg\",\"width\":100,\"height\":57,\"caption\":\"BS\/2\"},\"image\":{\"@id\":\"https:\/\/bs2.lt\/#\/schema\/logo\/image\/\"},\"sameAs\":[\"https:\/\/www.facebook.com\/bs2solutions\/\",\"https:\/\/www.linkedin.com\/showcase\/bs2solutions\",\"https:\/\/www.youtube.com\/c\/Bs2Lt\"]}]}<\/script>\n<!-- \/ Yoast SEO plugin. -->","yoast_head_json":{"title":"\u00d6z\u00fcn\u0259xidm\u0259t kassalar | BS\/2","robots":{"index":"index","follow":"follow","max-snippet":"max-snippet:-1","max-image-preview":"max-image-preview:large","max-video-preview":"max-video-preview:-1"},"canonical":"https:\/\/bs2.lt\/az\/product\/ozun\u0259xidm\u0259t-kassalar\/","og_locale":"az_AZ","og_type":"article","og_title":"\u00d6z\u00fcn\u0259xidm\u0259t kassalar | BS\/2","og_description":"\u00d6z\u00fcn\u0259xidm\u0259t kassalar\u0131 ticar\u0259t t\u0259\u015fkilat\u0131n\u0131n m\u00fc\u015ft\u0259ril\u0259rin\u0259 kassirin i\u015ftirak\u0131 olmadan mallar\u0131 skan etm\u0259k, \u00e7\u0259km\u0259k v\u0259 qiym\u0259tini \u00f6d\u0259m\u0259k imkan\u0131 t\u0259qdim edir. Onlar\u0131n istifad\u0259si al\u0131c\u0131lara xidm\u0259t prosesini avtomatla\u015fd\u0131rmaq v\u0259 optimalla\u015fd\u0131rmaq, ticar\u0259t m\u0259kan\u0131na q\u0259na\u0259t etm\u0259k, personal x\u0259rcl\u0259rini azaltmaq, ma\u011fazan\u0131n burax\u0131l\u0131\u015f qabiliyy\u0259tini art\u0131rmaq imkan\u0131 verir: bir kassirl\u0259 kassan\u0131n tutdu\u011fu sh\u0259d\u0259 4-6 \u00f6z\u00fcn\u0259xidm\u0259t kassas\u0131 qura\u015fd\u0131rmaq m\u00fcmk\u00fcnd\u00fcr. Qur\u011fular ticar\u0259t t\u0259\u015fkilar\u0131n\u0131n infrastrukturuna asanl\u0131qla inteqrasiya [&hellip;]","og_url":"https:\/\/bs2.lt\/az\/product\/ozun\u0259xidm\u0259t-kassalar\/","og_site_name":"BS\/2","article_publisher":"https:\/\/www.facebook.com\/bs2solutions\/","article_modified_time":"2022-03-31T07:03:02+00:00","og_image":[{"width":740,"height":640,"url":"https:\/\/bs2.lt\/wp-content\/uploads\/2021\/02\/4_kassy-samoobsluzhivaniya.jpg","type":"image\/jpeg"}],"twitter_card":"summary_large_image","twitter_misc":{"Est. reading time":"1 minute"},"schema":{"@context":"https:\/\/schema.org","@graph":[{"@type":"WebPage","@id":"https:\/\/bs2.lt\/az\/product\/ozun%c9%99xidm%c9%99t-kassalar\/","url":"https:\/\/bs2.lt\/az\/product\/ozun%c9%99xidm%c9%99t-kassalar\/","name":"\u00d6z\u00fcn\u0259xidm\u0259t kassalar | BS\/2","isPartOf":{"@id":"https:\/\/bs2.lt\/#website"},"primaryImageOfPage":{"@id":"https:\/\/bs2.lt\/az\/product\/ozun%c9%99xidm%c9%99t-kassalar\/#primaryimage"},"image":{"@id":"https:\/\/bs2.lt\/az\/product\/ozun%c9%99xidm%c9%99t-kassalar\/#primaryimage"},"thumbnailUrl":"https:\/\/bs2.lt\/wp-content\/uploads\/2021\/02\/4_kassy-samoobsluzhivaniya.jpg","datePublished":"2022-03-31T06:58:45+00:00","dateModified":"2022-03-31T07:03:02+00:00","breadcrumb":{"@id":"https:\/\/bs2.lt\/az\/product\/ozun%c9%99xidm%c9%99t-kassalar\/#breadcrumb"},"inLanguage":"az","potentialAction":[{"@type":"ReadAction","target":["https:\/\/bs2.lt\/az\/product\/ozun%c9%99xidm%c9%99t-kassalar\/"]}]},{"@type":"ImageObject","inLanguage":"az","@id":"https:\/\/bs2.lt\/az\/product\/ozun%c9%99xidm%c9%99t-kassalar\/#primaryimage","url":"https:\/\/bs2.lt\/wp-content\/uploads\/2021\/02\/4_kassy-samoobsluzhivaniya.jpg","contentUrl":"https:\/\/bs2.lt\/wp-content\/uploads\/2021\/02\/4_kassy-samoobsluzhivaniya.jpg","width":740,"height":640},{"@type":"BreadcrumbList","@id":"https:\/\/bs2.lt\/az\/product\/ozun%c9%99xidm%c9%99t-kassalar\/#breadcrumb","itemListElement":[{"@type":"ListItem","position":1,"name":"Home","item":"https:\/\/bs2.lt\/az\/"},{"@type":"ListItem","position":2,"name":"\u00d6z\u00fcn\u0259xidm\u0259t kassalar"}]},{"@type":"WebSite","@id":"https:\/\/bs2.lt\/#website","url":"https:\/\/bs2.lt\/","name":"BS\/2","description":"Banking and retail technology company","publisher":{"@id":"https:\/\/bs2.lt\/#organization"},"potentialAction":[{"@type":"SearchAction","target":{"@type":"EntryPoint","urlTemplate":"https:\/\/bs2.lt\/?s={search_term_string}"},"query-input":{"@type":"PropertyValueSpecification","valueRequired":true,"valueName":"search_term_string"}}],"inLanguage":"az"},{"@type":"Organization","@id":"https:\/\/bs2.lt\/#organization","name":"BS\/2","url":"https:\/\/bs2.lt\/","logo":{"@type":"ImageObject","inLanguage":"az","@id":"https:\/\/bs2.lt\/#\/schema\/logo\/image\/","url":"https:\/\/bs2.lt\/wp-content\/uploads\/2022\/08\/bs2-logo.svg","contentUrl":"https:\/\/bs2.lt\/wp-content\/uploads\/2022\/08\/bs2-logo.svg","width":100,"height":57,"caption":"BS\/2"},"image":{"@id":"https:\/\/bs2.lt\/#\/schema\/logo\/image\/"},"sameAs":["https:\/\/www.facebook.com\/bs2solutions\/","https:\/\/www.linkedin.com\/showcase\/bs2solutions","https:\/\/www.youtube.com\/c\/Bs2Lt"]}]}},"_links":{"self":[{"href":"https:\/\/bs2.lt\/az\/wp-json\/wp\/v2\/product\/25969","targetHints":{"allow":["GET"]}}],"collection":[{"href":"https:\/\/bs2.lt\/az\/wp-json\/wp\/v2\/product"}],"about":[{"href":"https:\/\/bs2.lt\/az\/wp-json\/wp\/v2\/types\/product"}],"wp:featuredmedia":[{"embeddable":true,"href":"https:\/\/bs2.lt\/az\/wp-json\/wp\/v2\/media\/19826"}],"wp:attachment":[{"href":"https:\/\/bs2.lt\/az\/wp-json\/wp\/v2\/media?parent=25969"}],"wp:term":[{"taxonomy":"product_category","embeddable":true,"href":"https:\/\/bs2.lt\/az\/wp-json\/wp\/v2\/product_category?post=25969"},{"taxonomy":"atm_series","embeddable":true,"href":"https:\/\/bs2.lt\/az\/wp-json\/wp\/v2\/atm_series?post=25969"},{"taxonomy":"atm_cashflow","embeddable":true,"href":"https:\/\/bs2.lt\/az\/wp-json\/wp\/v2\/atm_cashflow?post=25969"},{"taxonomy":"atm_type","embeddable":true,"href":"https:\/\/bs2.lt\/az\/wp-json\/wp\/v2\/atm_type?post=25969"},{"taxonomy":"product-provider","embeddable":true,"href":"https:\/\/bs2.lt\/az\/wp-json\/wp\/v2\/product-provider?post=25969"}],"curies":[{"name":"wp","href":"https:\/\/api.w.org\/{rel}","templated":true}]}}