{"id":25968,"date":"2022-03-31T04:40:09","date_gmt":"2022-03-31T06:40:09","guid":{"rendered":"https:\/\/bs2.lt\/bs2.lt\/?post_type=product&#038;p=25968"},"modified":"2022-03-31T04:56:58","modified_gmt":"2022-03-31T06:56:58","slug":"periferik-qurgular","status":"publish","type":"product","link":"https:\/\/bs2.lt\/az\/product\/periferik-qurgular\/","title":{"rendered":"Periferik qur\u011fular"},"content":{"rendered":"<p>Periferik qur\u011fular Diebold Nixdorf POS-terminal sisteml\u0259ri \u00fc\u00e7\u00fcn x\u00fcsusi olaraq i\u015fl\u0259nib haz\u0131rlanm\u0131\u015fd\u0131r v\u0259 apar\u0131c\u0131 d\u00fcnya istehsal\u00e7\u0131lar\u0131n\u0131n \u0259ks\u0259riyy\u0259tinin kassa avadanl\u0131\u011f\u0131 il\u0259 uy\u011fundur. Erqomomik dizayn\u0131n\u0131n, m\u00fcasir konstruksiyas\u0131n\u0131n v\u0259 gedi\u015f qo\u015fulma imkanlar\u0131n\u0131n say\u0259sind\u0259 qur\u011fular p\u0259rak\u0259nd\u0259 noqt\u0259l\u0259rin kassaxidm\u0259ti sisteml\u0259rin\u0259 asanl\u0131qla inteqrasiya olunurlar. <\/p>\n","protected":false},"featured_media":19821,"template":"","product_category":[344],"atm_series":[],"atm_cashflow":[],"atm_type":[],"product-provider":[],"class_list":["post-25968","product","type-product","status-publish","has-post-thumbnail","hentry","product_category-retail"],"acf":[],"yoast_head":"<!-- This site is optimized with the Yoast SEO plugin v26.2 - https:\/\/yoast.com\/wordpress\/plugins\/seo\/ -->\n<title>Periferik qur\u011fular | BS\/2<\/title>\n<meta name=\"robots\" content=\"index, follow, max-snippet:-1, max-image-preview:large, max-video-preview:-1\" \/>\n<link rel=\"canonical\" href=\"https:\/\/bs2.lt\/az\/product\/periferik-qurgular\/\" \/>\n<meta property=\"og:locale\" content=\"az_AZ\" \/>\n<meta property=\"og:type\" content=\"article\" \/>\n<meta property=\"og:title\" content=\"Periferik qur\u011fular | BS\/2\" \/>\n<meta property=\"og:description\" content=\"Periferik qur\u011fular Diebold Nixdorf POS-terminal sisteml\u0259ri \u00fc\u00e7\u00fcn x\u00fcsusi olaraq i\u015fl\u0259nib haz\u0131rlanm\u0131\u015fd\u0131r v\u0259 apar\u0131c\u0131 d\u00fcnya istehsal\u00e7\u0131lar\u0131n\u0131n \u0259ks\u0259riyy\u0259tinin kassa avadanl\u0131\u011f\u0131 il\u0259 uy\u011fundur. Erqomomik dizayn\u0131n\u0131n, m\u00fcasir konstruksiyas\u0131n\u0131n v\u0259 gedi\u015f qo\u015fulma imkanlar\u0131n\u0131n say\u0259sind\u0259 qur\u011fular p\u0259rak\u0259nd\u0259 noqt\u0259l\u0259rin kassaxidm\u0259ti sisteml\u0259rin\u0259 asanl\u0131qla inteqrasiya olunurlar.\" \/>\n<meta property=\"og:url\" content=\"https:\/\/bs2.lt\/az\/product\/periferik-qurgular\/\" \/>\n<meta property=\"og:site_name\" content=\"BS\/2\" \/>\n<meta property=\"article:publisher\" content=\"https:\/\/www.facebook.com\/bs2solutions\/\" \/>\n<meta property=\"article:modified_time\" content=\"2022-03-31T06:56:58+00:00\" \/>\n<meta property=\"og:image\" content=\"https:\/\/bs2.lt\/wp-content\/uploads\/2021\/02\/3_periferijnye-ustrojstva.jpg\" \/>\n\t<meta property=\"og:image:width\" content=\"740\" \/>\n\t<meta property=\"og:image:height\" content=\"640\" \/>\n\t<meta property=\"og:image:type\" content=\"image\/jpeg\" \/>\n<meta name=\"twitter:card\" content=\"summary_large_image\" \/>\n<script type=\"application\/ld+json\" class=\"yoast-schema-graph\">{\"@context\":\"https:\/\/schema.org\",\"@graph\":[{\"@type\":\"WebPage\",\"@id\":\"https:\/\/bs2.lt\/az\/product\/periferik-qurgular\/\",\"url\":\"https:\/\/bs2.lt\/az\/product\/periferik-qurgular\/\",\"name\":\"Periferik qur\u011fular | BS\/2\",\"isPartOf\":{\"@id\":\"https:\/\/bs2.lt\/#website\"},\"primaryImageOfPage\":{\"@id\":\"https:\/\/bs2.lt\/az\/product\/periferik-qurgular\/#primaryimage\"},\"image\":{\"@id\":\"https:\/\/bs2.lt\/az\/product\/periferik-qurgular\/#primaryimage\"},\"thumbnailUrl\":\"https:\/\/bs2.lt\/wp-content\/uploads\/2021\/02\/3_periferijnye-ustrojstva.jpg\",\"datePublished\":\"2022-03-31T06:40:09+00:00\",\"dateModified\":\"2022-03-31T06:56:58+00:00\",\"breadcrumb\":{\"@id\":\"https:\/\/bs2.lt\/az\/product\/periferik-qurgular\/#breadcrumb\"},\"inLanguage\":\"az\",\"potentialAction\":[{\"@type\":\"ReadAction\",\"target\":[\"https:\/\/bs2.lt\/az\/product\/periferik-qurgular\/\"]}]},{\"@type\":\"ImageObject\",\"inLanguage\":\"az\",\"@id\":\"https:\/\/bs2.lt\/az\/product\/periferik-qurgular\/#primaryimage\",\"url\":\"https:\/\/bs2.lt\/wp-content\/uploads\/2021\/02\/3_periferijnye-ustrojstva.jpg\",\"contentUrl\":\"https:\/\/bs2.lt\/wp-content\/uploads\/2021\/02\/3_periferijnye-ustrojstva.jpg\",\"width\":740,\"height\":640},{\"@type\":\"BreadcrumbList\",\"@id\":\"https:\/\/bs2.lt\/az\/product\/periferik-qurgular\/#breadcrumb\",\"itemListElement\":[{\"@type\":\"ListItem\",\"position\":1,\"name\":\"Home\",\"item\":\"https:\/\/bs2.lt\/az\/\"},{\"@type\":\"ListItem\",\"position\":2,\"name\":\"Periferik qur\u011fular\"}]},{\"@type\":\"WebSite\",\"@id\":\"https:\/\/bs2.lt\/#website\",\"url\":\"https:\/\/bs2.lt\/\",\"name\":\"BS\/2\",\"description\":\"Banking and retail technology company\",\"publisher\":{\"@id\":\"https:\/\/bs2.lt\/#organization\"},\"potentialAction\":[{\"@type\":\"SearchAction\",\"target\":{\"@type\":\"EntryPoint\",\"urlTemplate\":\"https:\/\/bs2.lt\/?s={search_term_string}\"},\"query-input\":{\"@type\":\"PropertyValueSpecification\",\"valueRequired\":true,\"valueName\":\"search_term_string\"}}],\"inLanguage\":\"az\"},{\"@type\":\"Organization\",\"@id\":\"https:\/\/bs2.lt\/#organization\",\"name\":\"BS\/2\",\"url\":\"https:\/\/bs2.lt\/\",\"logo\":{\"@type\":\"ImageObject\",\"inLanguage\":\"az\",\"@id\":\"https:\/\/bs2.lt\/#\/schema\/logo\/image\/\",\"url\":\"https:\/\/bs2.lt\/wp-content\/uploads\/2022\/08\/bs2-logo.svg\",\"contentUrl\":\"https:\/\/bs2.lt\/wp-content\/uploads\/2022\/08\/bs2-logo.svg\",\"width\":100,\"height\":57,\"caption\":\"BS\/2\"},\"image\":{\"@id\":\"https:\/\/bs2.lt\/#\/schema\/logo\/image\/\"},\"sameAs\":[\"https:\/\/www.facebook.com\/bs2solutions\/\",\"https:\/\/www.linkedin.com\/showcase\/bs2solutions\",\"https:\/\/www.youtube.com\/c\/Bs2Lt\"]}]}<\/script>\n<!-- \/ Yoast SEO plugin. -->","yoast_head_json":{"title":"Periferik qur\u011fular | BS\/2","robots":{"index":"index","follow":"follow","max-snippet":"max-snippet:-1","max-image-preview":"max-image-preview:large","max-video-preview":"max-video-preview:-1"},"canonical":"https:\/\/bs2.lt\/az\/product\/periferik-qurgular\/","og_locale":"az_AZ","og_type":"article","og_title":"Periferik qur\u011fular | BS\/2","og_description":"Periferik qur\u011fular Diebold Nixdorf POS-terminal sisteml\u0259ri \u00fc\u00e7\u00fcn x\u00fcsusi olaraq i\u015fl\u0259nib haz\u0131rlanm\u0131\u015fd\u0131r v\u0259 apar\u0131c\u0131 d\u00fcnya istehsal\u00e7\u0131lar\u0131n\u0131n \u0259ks\u0259riyy\u0259tinin kassa avadanl\u0131\u011f\u0131 il\u0259 uy\u011fundur. Erqomomik dizayn\u0131n\u0131n, m\u00fcasir konstruksiyas\u0131n\u0131n v\u0259 gedi\u015f qo\u015fulma imkanlar\u0131n\u0131n say\u0259sind\u0259 qur\u011fular p\u0259rak\u0259nd\u0259 noqt\u0259l\u0259rin kassaxidm\u0259ti sisteml\u0259rin\u0259 asanl\u0131qla inteqrasiya olunurlar.","og_url":"https:\/\/bs2.lt\/az\/product\/periferik-qurgular\/","og_site_name":"BS\/2","article_publisher":"https:\/\/www.facebook.com\/bs2solutions\/","article_modified_time":"2022-03-31T06:56:58+00:00","og_image":[{"width":740,"height":640,"url":"https:\/\/bs2.lt\/wp-content\/uploads\/2021\/02\/3_periferijnye-ustrojstva.jpg","type":"image\/jpeg"}],"twitter_card":"summary_large_image","schema":{"@context":"https:\/\/schema.org","@graph":[{"@type":"WebPage","@id":"https:\/\/bs2.lt\/az\/product\/periferik-qurgular\/","url":"https:\/\/bs2.lt\/az\/product\/periferik-qurgular\/","name":"Periferik qur\u011fular | BS\/2","isPartOf":{"@id":"https:\/\/bs2.lt\/#website"},"primaryImageOfPage":{"@id":"https:\/\/bs2.lt\/az\/product\/periferik-qurgular\/#primaryimage"},"image":{"@id":"https:\/\/bs2.lt\/az\/product\/periferik-qurgular\/#primaryimage"},"thumbnailUrl":"https:\/\/bs2.lt\/wp-content\/uploads\/2021\/02\/3_periferijnye-ustrojstva.jpg","datePublished":"2022-03-31T06:40:09+00:00","dateModified":"2022-03-31T06:56:58+00:00","breadcrumb":{"@id":"https:\/\/bs2.lt\/az\/product\/periferik-qurgular\/#breadcrumb"},"inLanguage":"az","potentialAction":[{"@type":"ReadAction","target":["https:\/\/bs2.lt\/az\/product\/periferik-qurgular\/"]}]},{"@type":"ImageObject","inLanguage":"az","@id":"https:\/\/bs2.lt\/az\/product\/periferik-qurgular\/#primaryimage","url":"https:\/\/bs2.lt\/wp-content\/uploads\/2021\/02\/3_periferijnye-ustrojstva.jpg","contentUrl":"https:\/\/bs2.lt\/wp-content\/uploads\/2021\/02\/3_periferijnye-ustrojstva.jpg","width":740,"height":640},{"@type":"BreadcrumbList","@id":"https:\/\/bs2.lt\/az\/product\/periferik-qurgular\/#breadcrumb","itemListElement":[{"@type":"ListItem","position":1,"name":"Home","item":"https:\/\/bs2.lt\/az\/"},{"@type":"ListItem","position":2,"name":"Periferik qur\u011fular"}]},{"@type":"WebSite","@id":"https:\/\/bs2.lt\/#website","url":"https:\/\/bs2.lt\/","name":"BS\/2","description":"Banking and retail technology company","publisher":{"@id":"https:\/\/bs2.lt\/#organization"},"potentialAction":[{"@type":"SearchAction","target":{"@type":"EntryPoint","urlTemplate":"https:\/\/bs2.lt\/?s={search_term_string}"},"query-input":{"@type":"PropertyValueSpecification","valueRequired":true,"valueName":"search_term_string"}}],"inLanguage":"az"},{"@type":"Organization","@id":"https:\/\/bs2.lt\/#organization","name":"BS\/2","url":"https:\/\/bs2.lt\/","logo":{"@type":"ImageObject","inLanguage":"az","@id":"https:\/\/bs2.lt\/#\/schema\/logo\/image\/","url":"https:\/\/bs2.lt\/wp-content\/uploads\/2022\/08\/bs2-logo.svg","contentUrl":"https:\/\/bs2.lt\/wp-content\/uploads\/2022\/08\/bs2-logo.svg","width":100,"height":57,"caption":"BS\/2"},"image":{"@id":"https:\/\/bs2.lt\/#\/schema\/logo\/image\/"},"sameAs":["https:\/\/www.facebook.com\/bs2solutions\/","https:\/\/www.linkedin.com\/showcase\/bs2solutions","https:\/\/www.youtube.com\/c\/Bs2Lt"]}]}},"_links":{"self":[{"href":"https:\/\/bs2.lt\/az\/wp-json\/wp\/v2\/product\/25968","targetHints":{"allow":["GET"]}}],"collection":[{"href":"https:\/\/bs2.lt\/az\/wp-json\/wp\/v2\/product"}],"about":[{"href":"https:\/\/bs2.lt\/az\/wp-json\/wp\/v2\/types\/product"}],"wp:featuredmedia":[{"embeddable":true,"href":"https:\/\/bs2.lt\/az\/wp-json\/wp\/v2\/media\/19821"}],"wp:attachment":[{"href":"https:\/\/bs2.lt\/az\/wp-json\/wp\/v2\/media?parent=25968"}],"wp:term":[{"taxonomy":"product_category","embeddable":true,"href":"https:\/\/bs2.lt\/az\/wp-json\/wp\/v2\/product_category?post=25968"},{"taxonomy":"atm_series","embeddable":true,"href":"https:\/\/bs2.lt\/az\/wp-json\/wp\/v2\/atm_series?post=25968"},{"taxonomy":"atm_cashflow","embeddable":true,"href":"https:\/\/bs2.lt\/az\/wp-json\/wp\/v2\/atm_cashflow?post=25968"},{"taxonomy":"atm_type","embeddable":true,"href":"https:\/\/bs2.lt\/az\/wp-json\/wp\/v2\/atm_type?post=25968"},{"taxonomy":"product-provider","embeddable":true,"href":"https:\/\/bs2.lt\/az\/wp-json\/wp\/v2\/product-provider?post=25968"}],"curies":[{"name":"wp","href":"https:\/\/api.w.org\/{rel}","templated":true}]}}