{"id":25913,"date":"2022-03-29T10:05:16","date_gmt":"2022-03-29T12:05:16","guid":{"rendered":"https:\/\/bs2.lt\/bs2.lt\/?post_type=product&#038;p=25913"},"modified":"2022-03-31T03:46:24","modified_gmt":"2022-03-31T05:46:24","slug":"terminal-pos-sisteml%c9%99r-all-in-one","status":"publish","type":"product","link":"https:\/\/bs2.lt\/az\/product\/terminal-pos-sisteml%c9%99r-all-in-one\/","title":{"rendered":"Terminal POS-sisteml\u0259r (All-in-one)"},"content":{"rendered":"<p>Monoblok POS-sisteml\u0259r Diebold Nixdorf \u2013 t\u0259kmill\u0259\u015fdirilmi\u015f qrafik istifad\u0259\u00e7i interfeysi il\u0259 rahat v\u0259 erqonomik universal sensor \u00f6d\u0259ni\u015f terminal\u0131 sisteml\u0259ridir, m\u00fcxt\u0259lif periferik cihazlara qo\u015fula bilir v\u0259 kassa xidm\u0259tinin optimalla\u015fd\u0131r\u0131lmas\u0131 \u00fc\u00e7\u00fcn aparat v\u0259 proqram t\u0259minat\u0131 h\u0259ll\u0259ri il\u0259 asanl\u0131qla inteqrasiya olunur.<\/p>\n","protected":false},"featured_media":19811,"template":"","product_category":[344],"atm_series":[],"atm_cashflow":[],"atm_type":[],"product-provider":[],"class_list":["post-25913","product","type-product","status-publish","has-post-thumbnail","hentry","product_category-retail"],"acf":[],"yoast_head":"<!-- This site is optimized with the Yoast SEO plugin v26.2 - https:\/\/yoast.com\/wordpress\/plugins\/seo\/ -->\n<title>Terminal POS-sisteml\u0259r (All-in-one) | BS\/2<\/title>\n<meta name=\"robots\" content=\"index, follow, max-snippet:-1, max-image-preview:large, max-video-preview:-1\" \/>\n<link rel=\"canonical\" href=\"https:\/\/bs2.lt\/az\/product\/terminal-pos-sisteml\u0259r-all-in-one\/\" \/>\n<meta property=\"og:locale\" content=\"az_AZ\" \/>\n<meta property=\"og:type\" content=\"article\" \/>\n<meta property=\"og:title\" content=\"Terminal POS-sisteml\u0259r (All-in-one) | BS\/2\" \/>\n<meta property=\"og:description\" content=\"Monoblok POS-sisteml\u0259r Diebold Nixdorf \u2013 t\u0259kmill\u0259\u015fdirilmi\u015f qrafik istifad\u0259\u00e7i interfeysi il\u0259 rahat v\u0259 erqonomik universal sensor \u00f6d\u0259ni\u015f terminal\u0131 sisteml\u0259ridir, m\u00fcxt\u0259lif periferik cihazlara qo\u015fula bilir v\u0259 kassa xidm\u0259tinin optimalla\u015fd\u0131r\u0131lmas\u0131 \u00fc\u00e7\u00fcn aparat v\u0259 proqram t\u0259minat\u0131 h\u0259ll\u0259ri il\u0259 asanl\u0131qla inteqrasiya olunur.\" \/>\n<meta property=\"og:url\" content=\"https:\/\/bs2.lt\/az\/product\/terminal-pos-sisteml\u0259r-all-in-one\/\" \/>\n<meta property=\"og:site_name\" content=\"BS\/2\" \/>\n<meta property=\"article:publisher\" content=\"https:\/\/www.facebook.com\/bs2solutions\/\" \/>\n<meta property=\"article:modified_time\" content=\"2022-03-31T05:46:24+00:00\" \/>\n<meta property=\"og:image\" content=\"https:\/\/bs2.lt\/wp-content\/uploads\/2021\/02\/1_terminalnye-pos-sistemy-all-in-one.jpg\" \/>\n\t<meta property=\"og:image:width\" content=\"740\" \/>\n\t<meta property=\"og:image:height\" content=\"640\" \/>\n\t<meta property=\"og:image:type\" content=\"image\/jpeg\" \/>\n<meta name=\"twitter:card\" content=\"summary_large_image\" \/>\n<script type=\"application\/ld+json\" class=\"yoast-schema-graph\">{\"@context\":\"https:\/\/schema.org\",\"@graph\":[{\"@type\":\"WebPage\",\"@id\":\"https:\/\/bs2.lt\/az\/product\/terminal-pos-sisteml%c9%99r-all-in-one\/\",\"url\":\"https:\/\/bs2.lt\/az\/product\/terminal-pos-sisteml%c9%99r-all-in-one\/\",\"name\":\"Terminal POS-sisteml\u0259r (All-in-one) | BS\/2\",\"isPartOf\":{\"@id\":\"https:\/\/bs2.lt\/#website\"},\"primaryImageOfPage\":{\"@id\":\"https:\/\/bs2.lt\/az\/product\/terminal-pos-sisteml%c9%99r-all-in-one\/#primaryimage\"},\"image\":{\"@id\":\"https:\/\/bs2.lt\/az\/product\/terminal-pos-sisteml%c9%99r-all-in-one\/#primaryimage\"},\"thumbnailUrl\":\"https:\/\/bs2.lt\/wp-content\/uploads\/2021\/02\/1_terminalnye-pos-sistemy-all-in-one.jpg\",\"datePublished\":\"2022-03-29T12:05:16+00:00\",\"dateModified\":\"2022-03-31T05:46:24+00:00\",\"breadcrumb\":{\"@id\":\"https:\/\/bs2.lt\/az\/product\/terminal-pos-sisteml%c9%99r-all-in-one\/#breadcrumb\"},\"inLanguage\":\"az\",\"potentialAction\":[{\"@type\":\"ReadAction\",\"target\":[\"https:\/\/bs2.lt\/az\/product\/terminal-pos-sisteml%c9%99r-all-in-one\/\"]}]},{\"@type\":\"ImageObject\",\"inLanguage\":\"az\",\"@id\":\"https:\/\/bs2.lt\/az\/product\/terminal-pos-sisteml%c9%99r-all-in-one\/#primaryimage\",\"url\":\"https:\/\/bs2.lt\/wp-content\/uploads\/2021\/02\/1_terminalnye-pos-sistemy-all-in-one.jpg\",\"contentUrl\":\"https:\/\/bs2.lt\/wp-content\/uploads\/2021\/02\/1_terminalnye-pos-sistemy-all-in-one.jpg\",\"width\":740,\"height\":640},{\"@type\":\"BreadcrumbList\",\"@id\":\"https:\/\/bs2.lt\/az\/product\/terminal-pos-sisteml%c9%99r-all-in-one\/#breadcrumb\",\"itemListElement\":[{\"@type\":\"ListItem\",\"position\":1,\"name\":\"Home\",\"item\":\"https:\/\/bs2.lt\/az\/\"},{\"@type\":\"ListItem\",\"position\":2,\"name\":\"Terminal POS-sisteml\u0259r (All-in-one)\"}]},{\"@type\":\"WebSite\",\"@id\":\"https:\/\/bs2.lt\/#website\",\"url\":\"https:\/\/bs2.lt\/\",\"name\":\"BS\/2\",\"description\":\"Banking and retail technology company\",\"publisher\":{\"@id\":\"https:\/\/bs2.lt\/#organization\"},\"potentialAction\":[{\"@type\":\"SearchAction\",\"target\":{\"@type\":\"EntryPoint\",\"urlTemplate\":\"https:\/\/bs2.lt\/?s={search_term_string}\"},\"query-input\":{\"@type\":\"PropertyValueSpecification\",\"valueRequired\":true,\"valueName\":\"search_term_string\"}}],\"inLanguage\":\"az\"},{\"@type\":\"Organization\",\"@id\":\"https:\/\/bs2.lt\/#organization\",\"name\":\"BS\/2\",\"url\":\"https:\/\/bs2.lt\/\",\"logo\":{\"@type\":\"ImageObject\",\"inLanguage\":\"az\",\"@id\":\"https:\/\/bs2.lt\/#\/schema\/logo\/image\/\",\"url\":\"https:\/\/bs2.lt\/wp-content\/uploads\/2022\/08\/bs2-logo.svg\",\"contentUrl\":\"https:\/\/bs2.lt\/wp-content\/uploads\/2022\/08\/bs2-logo.svg\",\"width\":100,\"height\":57,\"caption\":\"BS\/2\"},\"image\":{\"@id\":\"https:\/\/bs2.lt\/#\/schema\/logo\/image\/\"},\"sameAs\":[\"https:\/\/www.facebook.com\/bs2solutions\/\",\"https:\/\/www.linkedin.com\/showcase\/bs2solutions\",\"https:\/\/www.youtube.com\/c\/Bs2Lt\"]}]}<\/script>\n<!-- \/ Yoast SEO plugin. -->","yoast_head_json":{"title":"Terminal POS-sisteml\u0259r (All-in-one) | BS\/2","robots":{"index":"index","follow":"follow","max-snippet":"max-snippet:-1","max-image-preview":"max-image-preview:large","max-video-preview":"max-video-preview:-1"},"canonical":"https:\/\/bs2.lt\/az\/product\/terminal-pos-sisteml\u0259r-all-in-one\/","og_locale":"az_AZ","og_type":"article","og_title":"Terminal POS-sisteml\u0259r (All-in-one) | BS\/2","og_description":"Monoblok POS-sisteml\u0259r Diebold Nixdorf \u2013 t\u0259kmill\u0259\u015fdirilmi\u015f qrafik istifad\u0259\u00e7i interfeysi il\u0259 rahat v\u0259 erqonomik universal sensor \u00f6d\u0259ni\u015f terminal\u0131 sisteml\u0259ridir, m\u00fcxt\u0259lif periferik cihazlara qo\u015fula bilir v\u0259 kassa xidm\u0259tinin optimalla\u015fd\u0131r\u0131lmas\u0131 \u00fc\u00e7\u00fcn aparat v\u0259 proqram t\u0259minat\u0131 h\u0259ll\u0259ri il\u0259 asanl\u0131qla inteqrasiya olunur.","og_url":"https:\/\/bs2.lt\/az\/product\/terminal-pos-sisteml\u0259r-all-in-one\/","og_site_name":"BS\/2","article_publisher":"https:\/\/www.facebook.com\/bs2solutions\/","article_modified_time":"2022-03-31T05:46:24+00:00","og_image":[{"width":740,"height":640,"url":"https:\/\/bs2.lt\/wp-content\/uploads\/2021\/02\/1_terminalnye-pos-sistemy-all-in-one.jpg","type":"image\/jpeg"}],"twitter_card":"summary_large_image","schema":{"@context":"https:\/\/schema.org","@graph":[{"@type":"WebPage","@id":"https:\/\/bs2.lt\/az\/product\/terminal-pos-sisteml%c9%99r-all-in-one\/","url":"https:\/\/bs2.lt\/az\/product\/terminal-pos-sisteml%c9%99r-all-in-one\/","name":"Terminal POS-sisteml\u0259r (All-in-one) | BS\/2","isPartOf":{"@id":"https:\/\/bs2.lt\/#website"},"primaryImageOfPage":{"@id":"https:\/\/bs2.lt\/az\/product\/terminal-pos-sisteml%c9%99r-all-in-one\/#primaryimage"},"image":{"@id":"https:\/\/bs2.lt\/az\/product\/terminal-pos-sisteml%c9%99r-all-in-one\/#primaryimage"},"thumbnailUrl":"https:\/\/bs2.lt\/wp-content\/uploads\/2021\/02\/1_terminalnye-pos-sistemy-all-in-one.jpg","datePublished":"2022-03-29T12:05:16+00:00","dateModified":"2022-03-31T05:46:24+00:00","breadcrumb":{"@id":"https:\/\/bs2.lt\/az\/product\/terminal-pos-sisteml%c9%99r-all-in-one\/#breadcrumb"},"inLanguage":"az","potentialAction":[{"@type":"ReadAction","target":["https:\/\/bs2.lt\/az\/product\/terminal-pos-sisteml%c9%99r-all-in-one\/"]}]},{"@type":"ImageObject","inLanguage":"az","@id":"https:\/\/bs2.lt\/az\/product\/terminal-pos-sisteml%c9%99r-all-in-one\/#primaryimage","url":"https:\/\/bs2.lt\/wp-content\/uploads\/2021\/02\/1_terminalnye-pos-sistemy-all-in-one.jpg","contentUrl":"https:\/\/bs2.lt\/wp-content\/uploads\/2021\/02\/1_terminalnye-pos-sistemy-all-in-one.jpg","width":740,"height":640},{"@type":"BreadcrumbList","@id":"https:\/\/bs2.lt\/az\/product\/terminal-pos-sisteml%c9%99r-all-in-one\/#breadcrumb","itemListElement":[{"@type":"ListItem","position":1,"name":"Home","item":"https:\/\/bs2.lt\/az\/"},{"@type":"ListItem","position":2,"name":"Terminal POS-sisteml\u0259r (All-in-one)"}]},{"@type":"WebSite","@id":"https:\/\/bs2.lt\/#website","url":"https:\/\/bs2.lt\/","name":"BS\/2","description":"Banking and retail technology company","publisher":{"@id":"https:\/\/bs2.lt\/#organization"},"potentialAction":[{"@type":"SearchAction","target":{"@type":"EntryPoint","urlTemplate":"https:\/\/bs2.lt\/?s={search_term_string}"},"query-input":{"@type":"PropertyValueSpecification","valueRequired":true,"valueName":"search_term_string"}}],"inLanguage":"az"},{"@type":"Organization","@id":"https:\/\/bs2.lt\/#organization","name":"BS\/2","url":"https:\/\/bs2.lt\/","logo":{"@type":"ImageObject","inLanguage":"az","@id":"https:\/\/bs2.lt\/#\/schema\/logo\/image\/","url":"https:\/\/bs2.lt\/wp-content\/uploads\/2022\/08\/bs2-logo.svg","contentUrl":"https:\/\/bs2.lt\/wp-content\/uploads\/2022\/08\/bs2-logo.svg","width":100,"height":57,"caption":"BS\/2"},"image":{"@id":"https:\/\/bs2.lt\/#\/schema\/logo\/image\/"},"sameAs":["https:\/\/www.facebook.com\/bs2solutions\/","https:\/\/www.linkedin.com\/showcase\/bs2solutions","https:\/\/www.youtube.com\/c\/Bs2Lt"]}]}},"_links":{"self":[{"href":"https:\/\/bs2.lt\/az\/wp-json\/wp\/v2\/product\/25913","targetHints":{"allow":["GET"]}}],"collection":[{"href":"https:\/\/bs2.lt\/az\/wp-json\/wp\/v2\/product"}],"about":[{"href":"https:\/\/bs2.lt\/az\/wp-json\/wp\/v2\/types\/product"}],"wp:featuredmedia":[{"embeddable":true,"href":"https:\/\/bs2.lt\/az\/wp-json\/wp\/v2\/media\/19811"}],"wp:attachment":[{"href":"https:\/\/bs2.lt\/az\/wp-json\/wp\/v2\/media?parent=25913"}],"wp:term":[{"taxonomy":"product_category","embeddable":true,"href":"https:\/\/bs2.lt\/az\/wp-json\/wp\/v2\/product_category?post=25913"},{"taxonomy":"atm_series","embeddable":true,"href":"https:\/\/bs2.lt\/az\/wp-json\/wp\/v2\/atm_series?post=25913"},{"taxonomy":"atm_cashflow","embeddable":true,"href":"https:\/\/bs2.lt\/az\/wp-json\/wp\/v2\/atm_cashflow?post=25913"},{"taxonomy":"atm_type","embeddable":true,"href":"https:\/\/bs2.lt\/az\/wp-json\/wp\/v2\/atm_type?post=25913"},{"taxonomy":"product-provider","embeddable":true,"href":"https:\/\/bs2.lt\/az\/wp-json\/wp\/v2\/product-provider?post=25913"}],"curies":[{"name":"wp","href":"https:\/\/api.w.org\/{rel}","templated":true}]}}