{"id":25912,"date":"2022-03-29T09:43:21","date_gmt":"2022-03-29T11:43:21","guid":{"rendered":"https:\/\/bs2.lt\/bs2.lt\/?post_type=product&#038;p=25912"},"modified":"2023-01-24T09:45:12","modified_gmt":"2023-01-24T07:45:12","slug":"proflex4","status":"publish","type":"product","link":"https:\/\/bs2.lt\/az\/product\/proflex4\/","title":{"rendered":"ProFlex4"},"content":{"rendered":"<p>ProFlex4 \u00e7\u00f6z\u00fcm\u00fc bank texnologiyas\u0131 sah\u0259sind\u0259 d\u00fcnya lideri Diebold Nixdorf t\u0259r\u0259find\u0259n haz\u0131rlanm\u0131\u015fd\u0131r. Bu, \u00f6z\u00fcn\u0259xidm\u0259t cihazlar\u0131n (bankomatlar, \u00f6d\u0259m\u0259 k\u00f6\u015fkl\u0259ri v\u0259 s.) g\u00f6st\u0259ril\u0259n xidm\u0259tl\u0259rin geni\u015fl\u0259ndirilm\u0259si \u00fc\u00e7\u00fcn bir platformad\u0131r.<\/p>\n<p>ProFlex4 imkan verir:<\/p>\n<ul>\n<li>\u00f6z\u00fcn\u0259xidm\u0259t cihazlar\u0131nda yeni m\u0259hsul v\u0259 xidm\u0259tl\u0259r t\u0259qdim etm\u0259y\u0259<\/li>\n<li>dinamik istifad\u0259\u00e7i interfeysi yaratma\u011fa;<\/li>\n<li>\u00f6z\u00fcn\u0259xidm\u0259t cihazlar\u0131nda yeni i\u015f ssenaril\u0259ri haz\u0131rlamaq v\u0259 t\u0259tbiq etm\u0259y\u0259<\/li>\n<\/ul>\n","protected":false},"featured_media":20627,"template":"","product_category":[346],"atm_series":[],"atm_cashflow":[],"atm_type":[],"product-provider":[],"class_list":["post-25912","product","type-product","status-publish","has-post-thumbnail","hentry","product_category-software"],"acf":[],"yoast_head":"<!-- This site is optimized with the Yoast SEO plugin v26.2 - https:\/\/yoast.com\/wordpress\/plugins\/seo\/ -->\n<title>ProFlex4 | BS\/2<\/title>\n<meta name=\"robots\" content=\"index, follow, max-snippet:-1, max-image-preview:large, max-video-preview:-1\" \/>\n<link rel=\"canonical\" href=\"https:\/\/bs2.lt\/az\/product\/proflex4\/\" \/>\n<meta property=\"og:locale\" content=\"az_AZ\" \/>\n<meta property=\"og:type\" content=\"article\" \/>\n<meta property=\"og:title\" content=\"ProFlex4 | BS\/2\" \/>\n<meta property=\"og:description\" content=\"ProFlex4 \u00e7\u00f6z\u00fcm\u00fc bank texnologiyas\u0131 sah\u0259sind\u0259 d\u00fcnya lideri Diebold Nixdorf t\u0259r\u0259find\u0259n haz\u0131rlanm\u0131\u015fd\u0131r. Bu, \u00f6z\u00fcn\u0259xidm\u0259t cihazlar\u0131n (bankomatlar, \u00f6d\u0259m\u0259 k\u00f6\u015fkl\u0259ri v\u0259 s.) g\u00f6st\u0259ril\u0259n xidm\u0259tl\u0259rin geni\u015fl\u0259ndirilm\u0259si \u00fc\u00e7\u00fcn bir platformad\u0131r. ProFlex4 imkan verir: \u00f6z\u00fcn\u0259xidm\u0259t cihazlar\u0131nda yeni m\u0259hsul v\u0259 xidm\u0259tl\u0259r t\u0259qdim etm\u0259y\u0259 dinamik istifad\u0259\u00e7i interfeysi yaratma\u011fa; \u00f6z\u00fcn\u0259xidm\u0259t cihazlar\u0131nda yeni i\u015f ssenaril\u0259ri haz\u0131rlamaq v\u0259 t\u0259tbiq etm\u0259y\u0259\" \/>\n<meta property=\"og:url\" content=\"https:\/\/bs2.lt\/az\/product\/proflex4\/\" \/>\n<meta property=\"og:site_name\" content=\"BS\/2\" \/>\n<meta property=\"article:publisher\" content=\"https:\/\/www.facebook.com\/bs2solutions\/\" \/>\n<meta property=\"article:modified_time\" content=\"2023-01-24T07:45:12+00:00\" \/>\n<meta property=\"og:image\" content=\"https:\/\/bs2.lt\/wp-content\/uploads\/2021\/02\/proflex-screen.jpg\" \/>\n\t<meta property=\"og:image:width\" content=\"1600\" \/>\n\t<meta property=\"og:image:height\" content=\"1388\" \/>\n\t<meta property=\"og:image:type\" content=\"image\/jpeg\" \/>\n<meta name=\"twitter:card\" content=\"summary_large_image\" \/>\n<meta name=\"twitter:label1\" content=\"Est. reading time\" \/>\n\t<meta name=\"twitter:data1\" content=\"1 minute\" \/>\n<script type=\"application\/ld+json\" class=\"yoast-schema-graph\">{\"@context\":\"https:\/\/schema.org\",\"@graph\":[{\"@type\":\"WebPage\",\"@id\":\"https:\/\/bs2.lt\/az\/product\/proflex4\/\",\"url\":\"https:\/\/bs2.lt\/az\/product\/proflex4\/\",\"name\":\"ProFlex4 | BS\/2\",\"isPartOf\":{\"@id\":\"https:\/\/bs2.lt\/#website\"},\"primaryImageOfPage\":{\"@id\":\"https:\/\/bs2.lt\/az\/product\/proflex4\/#primaryimage\"},\"image\":{\"@id\":\"https:\/\/bs2.lt\/az\/product\/proflex4\/#primaryimage\"},\"thumbnailUrl\":\"https:\/\/bs2.lt\/wp-content\/uploads\/2021\/02\/proflex-screen.jpg\",\"datePublished\":\"2022-03-29T11:43:21+00:00\",\"dateModified\":\"2023-01-24T07:45:12+00:00\",\"breadcrumb\":{\"@id\":\"https:\/\/bs2.lt\/az\/product\/proflex4\/#breadcrumb\"},\"inLanguage\":\"az\",\"potentialAction\":[{\"@type\":\"ReadAction\",\"target\":[\"https:\/\/bs2.lt\/az\/product\/proflex4\/\"]}]},{\"@type\":\"ImageObject\",\"inLanguage\":\"az\",\"@id\":\"https:\/\/bs2.lt\/az\/product\/proflex4\/#primaryimage\",\"url\":\"https:\/\/bs2.lt\/wp-content\/uploads\/2021\/02\/proflex-screen.jpg\",\"contentUrl\":\"https:\/\/bs2.lt\/wp-content\/uploads\/2021\/02\/proflex-screen.jpg\",\"width\":1600,\"height\":1388},{\"@type\":\"BreadcrumbList\",\"@id\":\"https:\/\/bs2.lt\/az\/product\/proflex4\/#breadcrumb\",\"itemListElement\":[{\"@type\":\"ListItem\",\"position\":1,\"name\":\"Home\",\"item\":\"https:\/\/bs2.lt\/az\/\"},{\"@type\":\"ListItem\",\"position\":2,\"name\":\"ProFlex4\"}]},{\"@type\":\"WebSite\",\"@id\":\"https:\/\/bs2.lt\/#website\",\"url\":\"https:\/\/bs2.lt\/\",\"name\":\"BS\/2\",\"description\":\"Banking and retail technology company\",\"publisher\":{\"@id\":\"https:\/\/bs2.lt\/#organization\"},\"potentialAction\":[{\"@type\":\"SearchAction\",\"target\":{\"@type\":\"EntryPoint\",\"urlTemplate\":\"https:\/\/bs2.lt\/?s={search_term_string}\"},\"query-input\":{\"@type\":\"PropertyValueSpecification\",\"valueRequired\":true,\"valueName\":\"search_term_string\"}}],\"inLanguage\":\"az\"},{\"@type\":\"Organization\",\"@id\":\"https:\/\/bs2.lt\/#organization\",\"name\":\"BS\/2\",\"url\":\"https:\/\/bs2.lt\/\",\"logo\":{\"@type\":\"ImageObject\",\"inLanguage\":\"az\",\"@id\":\"https:\/\/bs2.lt\/#\/schema\/logo\/image\/\",\"url\":\"https:\/\/bs2.lt\/wp-content\/uploads\/2022\/08\/bs2-logo.svg\",\"contentUrl\":\"https:\/\/bs2.lt\/wp-content\/uploads\/2022\/08\/bs2-logo.svg\",\"width\":100,\"height\":57,\"caption\":\"BS\/2\"},\"image\":{\"@id\":\"https:\/\/bs2.lt\/#\/schema\/logo\/image\/\"},\"sameAs\":[\"https:\/\/www.facebook.com\/bs2solutions\/\",\"https:\/\/www.linkedin.com\/showcase\/bs2solutions\",\"https:\/\/www.youtube.com\/c\/Bs2Lt\"]}]}<\/script>\n<!-- \/ Yoast SEO plugin. -->","yoast_head_json":{"title":"ProFlex4 | BS\/2","robots":{"index":"index","follow":"follow","max-snippet":"max-snippet:-1","max-image-preview":"max-image-preview:large","max-video-preview":"max-video-preview:-1"},"canonical":"https:\/\/bs2.lt\/az\/product\/proflex4\/","og_locale":"az_AZ","og_type":"article","og_title":"ProFlex4 | BS\/2","og_description":"ProFlex4 \u00e7\u00f6z\u00fcm\u00fc bank texnologiyas\u0131 sah\u0259sind\u0259 d\u00fcnya lideri Diebold Nixdorf t\u0259r\u0259find\u0259n haz\u0131rlanm\u0131\u015fd\u0131r. Bu, \u00f6z\u00fcn\u0259xidm\u0259t cihazlar\u0131n (bankomatlar, \u00f6d\u0259m\u0259 k\u00f6\u015fkl\u0259ri v\u0259 s.) g\u00f6st\u0259ril\u0259n xidm\u0259tl\u0259rin geni\u015fl\u0259ndirilm\u0259si \u00fc\u00e7\u00fcn bir platformad\u0131r. ProFlex4 imkan verir: \u00f6z\u00fcn\u0259xidm\u0259t cihazlar\u0131nda yeni m\u0259hsul v\u0259 xidm\u0259tl\u0259r t\u0259qdim etm\u0259y\u0259 dinamik istifad\u0259\u00e7i interfeysi yaratma\u011fa; \u00f6z\u00fcn\u0259xidm\u0259t cihazlar\u0131nda yeni i\u015f ssenaril\u0259ri haz\u0131rlamaq v\u0259 t\u0259tbiq etm\u0259y\u0259","og_url":"https:\/\/bs2.lt\/az\/product\/proflex4\/","og_site_name":"BS\/2","article_publisher":"https:\/\/www.facebook.com\/bs2solutions\/","article_modified_time":"2023-01-24T07:45:12+00:00","og_image":[{"width":1600,"height":1388,"url":"https:\/\/bs2.lt\/wp-content\/uploads\/2021\/02\/proflex-screen.jpg","type":"image\/jpeg"}],"twitter_card":"summary_large_image","twitter_misc":{"Est. reading time":"1 minute"},"schema":{"@context":"https:\/\/schema.org","@graph":[{"@type":"WebPage","@id":"https:\/\/bs2.lt\/az\/product\/proflex4\/","url":"https:\/\/bs2.lt\/az\/product\/proflex4\/","name":"ProFlex4 | BS\/2","isPartOf":{"@id":"https:\/\/bs2.lt\/#website"},"primaryImageOfPage":{"@id":"https:\/\/bs2.lt\/az\/product\/proflex4\/#primaryimage"},"image":{"@id":"https:\/\/bs2.lt\/az\/product\/proflex4\/#primaryimage"},"thumbnailUrl":"https:\/\/bs2.lt\/wp-content\/uploads\/2021\/02\/proflex-screen.jpg","datePublished":"2022-03-29T11:43:21+00:00","dateModified":"2023-01-24T07:45:12+00:00","breadcrumb":{"@id":"https:\/\/bs2.lt\/az\/product\/proflex4\/#breadcrumb"},"inLanguage":"az","potentialAction":[{"@type":"ReadAction","target":["https:\/\/bs2.lt\/az\/product\/proflex4\/"]}]},{"@type":"ImageObject","inLanguage":"az","@id":"https:\/\/bs2.lt\/az\/product\/proflex4\/#primaryimage","url":"https:\/\/bs2.lt\/wp-content\/uploads\/2021\/02\/proflex-screen.jpg","contentUrl":"https:\/\/bs2.lt\/wp-content\/uploads\/2021\/02\/proflex-screen.jpg","width":1600,"height":1388},{"@type":"BreadcrumbList","@id":"https:\/\/bs2.lt\/az\/product\/proflex4\/#breadcrumb","itemListElement":[{"@type":"ListItem","position":1,"name":"Home","item":"https:\/\/bs2.lt\/az\/"},{"@type":"ListItem","position":2,"name":"ProFlex4"}]},{"@type":"WebSite","@id":"https:\/\/bs2.lt\/#website","url":"https:\/\/bs2.lt\/","name":"BS\/2","description":"Banking and retail technology company","publisher":{"@id":"https:\/\/bs2.lt\/#organization"},"potentialAction":[{"@type":"SearchAction","target":{"@type":"EntryPoint","urlTemplate":"https:\/\/bs2.lt\/?s={search_term_string}"},"query-input":{"@type":"PropertyValueSpecification","valueRequired":true,"valueName":"search_term_string"}}],"inLanguage":"az"},{"@type":"Organization","@id":"https:\/\/bs2.lt\/#organization","name":"BS\/2","url":"https:\/\/bs2.lt\/","logo":{"@type":"ImageObject","inLanguage":"az","@id":"https:\/\/bs2.lt\/#\/schema\/logo\/image\/","url":"https:\/\/bs2.lt\/wp-content\/uploads\/2022\/08\/bs2-logo.svg","contentUrl":"https:\/\/bs2.lt\/wp-content\/uploads\/2022\/08\/bs2-logo.svg","width":100,"height":57,"caption":"BS\/2"},"image":{"@id":"https:\/\/bs2.lt\/#\/schema\/logo\/image\/"},"sameAs":["https:\/\/www.facebook.com\/bs2solutions\/","https:\/\/www.linkedin.com\/showcase\/bs2solutions","https:\/\/www.youtube.com\/c\/Bs2Lt"]}]}},"_links":{"self":[{"href":"https:\/\/bs2.lt\/az\/wp-json\/wp\/v2\/product\/25912","targetHints":{"allow":["GET"]}}],"collection":[{"href":"https:\/\/bs2.lt\/az\/wp-json\/wp\/v2\/product"}],"about":[{"href":"https:\/\/bs2.lt\/az\/wp-json\/wp\/v2\/types\/product"}],"wp:featuredmedia":[{"embeddable":true,"href":"https:\/\/bs2.lt\/az\/wp-json\/wp\/v2\/media\/20627"}],"wp:attachment":[{"href":"https:\/\/bs2.lt\/az\/wp-json\/wp\/v2\/media?parent=25912"}],"wp:term":[{"taxonomy":"product_category","embeddable":true,"href":"https:\/\/bs2.lt\/az\/wp-json\/wp\/v2\/product_category?post=25912"},{"taxonomy":"atm_series","embeddable":true,"href":"https:\/\/bs2.lt\/az\/wp-json\/wp\/v2\/atm_series?post=25912"},{"taxonomy":"atm_cashflow","embeddable":true,"href":"https:\/\/bs2.lt\/az\/wp-json\/wp\/v2\/atm_cashflow?post=25912"},{"taxonomy":"atm_type","embeddable":true,"href":"https:\/\/bs2.lt\/az\/wp-json\/wp\/v2\/atm_type?post=25912"},{"taxonomy":"product-provider","embeddable":true,"href":"https:\/\/bs2.lt\/az\/wp-json\/wp\/v2\/product-provider?post=25912"}],"curies":[{"name":"wp","href":"https:\/\/api.w.org\/{rel}","templated":true}]}}