{"id":25910,"date":"2022-03-29T09:35:55","date_gmt":"2022-03-29T11:35:55","guid":{"rendered":"https:\/\/bs2.lt\/bs2.lt\/?post_type=product&#038;p=25910"},"modified":"2022-03-29T09:41:44","modified_gmt":"2022-03-29T11:41:44","slug":"vynamic-marketing","status":"publish","type":"product","link":"https:\/\/bs2.lt\/az\/product\/vynamic-marketing\/","title":{"rendered":"Vynamic\u2122 Marketing"},"content":{"rendered":"<p>Bank\u00e7\u0131l\u0131q sah\u0259sind\u0259 d\u00fcnya lideri Diebold Nixdorf t\u0259r\u0259find\u0259n yarad\u0131lan Vynamic Marketinq proqram platformas\u0131, bankomat v\u0259 t\u0259r\u0259fda\u015f m\u0259hsullar\u0131n\u0131n bankomatlarda v\u0259 dig\u0259r \u00f6z\u00fcn\u0259xidm\u0259t bank cihazlar\u0131nda, r\u0259q\u0259msal bank\u00e7\u0131l\u0131q m\u00fchitind\u0259, el\u0259c\u0259 d\u0259 dig\u0259r sah\u0259l\u0259rd\u0259 tan\u0131d\u0131lmas\u0131na prinsipc\u0259 yeni bir yana\u015fma imkan\u0131 verir. m\u00fcxt\u0259lif \u00fc\u00e7\u00fcnc\u00fc t\u0259r\u0259f saytlar\u0131. X\u00fcsusil\u0259, Vynamic Marketing:<\/p>\n<ul>\n<li>bankomatlarda f\u0259rdi reklamlar\u0131n g\u00f6st\u0259rilm\u0259sini;<\/li>\n<li>cihazla qar\u015f\u0131l\u0131ql\u0131 t\u0259sir ssenaril\u0259ri il\u0259 marketinq kampaniyalar\u0131 aparmas\u0131;<\/li>\n<li>m\u00fc\u015ft\u0259rinin cihazla qar\u015f\u0131l\u0131ql\u0131 \u0259laq\u0259si bar\u0259d\u0259 r\u0259q\u0259msal r\u0259y alams\u0131n\u0131<\/li>\n<\/ul>\n","protected":false},"featured_media":20652,"template":"","product_category":[346],"atm_series":[],"atm_cashflow":[],"atm_type":[],"product-provider":[],"class_list":["post-25910","product","type-product","status-publish","has-post-thumbnail","hentry","product_category-software"],"acf":[],"yoast_head":"<!-- This site is optimized with the Yoast SEO plugin v26.2 - https:\/\/yoast.com\/wordpress\/plugins\/seo\/ -->\n<title>Vynamic\u2122 Marketing | BS\/2<\/title>\n<meta name=\"robots\" content=\"index, follow, max-snippet:-1, max-image-preview:large, max-video-preview:-1\" \/>\n<link rel=\"canonical\" href=\"https:\/\/bs2.lt\/az\/product\/vynamic-marketing\/\" \/>\n<meta property=\"og:locale\" content=\"az_AZ\" \/>\n<meta property=\"og:type\" content=\"article\" \/>\n<meta property=\"og:title\" content=\"Vynamic\u2122 Marketing | BS\/2\" \/>\n<meta property=\"og:description\" content=\"Bank\u00e7\u0131l\u0131q sah\u0259sind\u0259 d\u00fcnya lideri Diebold Nixdorf t\u0259r\u0259find\u0259n yarad\u0131lan Vynamic Marketinq proqram platformas\u0131, bankomat v\u0259 t\u0259r\u0259fda\u015f m\u0259hsullar\u0131n\u0131n bankomatlarda v\u0259 dig\u0259r \u00f6z\u00fcn\u0259xidm\u0259t bank cihazlar\u0131nda, r\u0259q\u0259msal bank\u00e7\u0131l\u0131q m\u00fchitind\u0259, el\u0259c\u0259 d\u0259 dig\u0259r sah\u0259l\u0259rd\u0259 tan\u0131d\u0131lmas\u0131na prinsipc\u0259 yeni bir yana\u015fma imkan\u0131 verir. m\u00fcxt\u0259lif \u00fc\u00e7\u00fcnc\u00fc t\u0259r\u0259f saytlar\u0131. X\u00fcsusil\u0259, Vynamic Marketing: bankomatlarda f\u0259rdi reklamlar\u0131n g\u00f6st\u0259rilm\u0259sini; cihazla qar\u015f\u0131l\u0131ql\u0131 t\u0259sir ssenaril\u0259ri il\u0259 marketinq kampaniyalar\u0131 aparmas\u0131; [&hellip;]\" \/>\n<meta property=\"og:url\" content=\"https:\/\/bs2.lt\/az\/product\/vynamic-marketing\/\" \/>\n<meta property=\"og:site_name\" content=\"BS\/2\" \/>\n<meta property=\"article:publisher\" content=\"https:\/\/www.facebook.com\/bs2solutions\/\" \/>\n<meta property=\"article:modified_time\" content=\"2022-03-29T11:41:44+00:00\" \/>\n<meta property=\"og:image\" content=\"https:\/\/bs2.lt\/wp-content\/uploads\/2021\/02\/vm-screen.jpg\" \/>\n\t<meta property=\"og:image:width\" content=\"1600\" \/>\n\t<meta property=\"og:image:height\" content=\"1388\" \/>\n\t<meta property=\"og:image:type\" content=\"image\/jpeg\" \/>\n<meta name=\"twitter:card\" content=\"summary_large_image\" \/>\n<meta name=\"twitter:label1\" content=\"Est. reading time\" \/>\n\t<meta name=\"twitter:data1\" content=\"1 minute\" \/>\n<script type=\"application\/ld+json\" class=\"yoast-schema-graph\">{\"@context\":\"https:\/\/schema.org\",\"@graph\":[{\"@type\":\"WebPage\",\"@id\":\"https:\/\/bs2.lt\/az\/product\/vynamic-marketing\/\",\"url\":\"https:\/\/bs2.lt\/az\/product\/vynamic-marketing\/\",\"name\":\"Vynamic\u2122 Marketing | BS\/2\",\"isPartOf\":{\"@id\":\"https:\/\/bs2.lt\/#website\"},\"primaryImageOfPage\":{\"@id\":\"https:\/\/bs2.lt\/az\/product\/vynamic-marketing\/#primaryimage\"},\"image\":{\"@id\":\"https:\/\/bs2.lt\/az\/product\/vynamic-marketing\/#primaryimage\"},\"thumbnailUrl\":\"https:\/\/bs2.lt\/wp-content\/uploads\/2021\/02\/vm-screen.jpg\",\"datePublished\":\"2022-03-29T11:35:55+00:00\",\"dateModified\":\"2022-03-29T11:41:44+00:00\",\"breadcrumb\":{\"@id\":\"https:\/\/bs2.lt\/az\/product\/vynamic-marketing\/#breadcrumb\"},\"inLanguage\":\"az\",\"potentialAction\":[{\"@type\":\"ReadAction\",\"target\":[\"https:\/\/bs2.lt\/az\/product\/vynamic-marketing\/\"]}]},{\"@type\":\"ImageObject\",\"inLanguage\":\"az\",\"@id\":\"https:\/\/bs2.lt\/az\/product\/vynamic-marketing\/#primaryimage\",\"url\":\"https:\/\/bs2.lt\/wp-content\/uploads\/2021\/02\/vm-screen.jpg\",\"contentUrl\":\"https:\/\/bs2.lt\/wp-content\/uploads\/2021\/02\/vm-screen.jpg\",\"width\":1600,\"height\":1388},{\"@type\":\"BreadcrumbList\",\"@id\":\"https:\/\/bs2.lt\/az\/product\/vynamic-marketing\/#breadcrumb\",\"itemListElement\":[{\"@type\":\"ListItem\",\"position\":1,\"name\":\"Home\",\"item\":\"https:\/\/bs2.lt\/az\/\"},{\"@type\":\"ListItem\",\"position\":2,\"name\":\"Vynamic\u2122 Marketing\"}]},{\"@type\":\"WebSite\",\"@id\":\"https:\/\/bs2.lt\/#website\",\"url\":\"https:\/\/bs2.lt\/\",\"name\":\"BS\/2\",\"description\":\"Banking and retail technology company\",\"publisher\":{\"@id\":\"https:\/\/bs2.lt\/#organization\"},\"potentialAction\":[{\"@type\":\"SearchAction\",\"target\":{\"@type\":\"EntryPoint\",\"urlTemplate\":\"https:\/\/bs2.lt\/?s={search_term_string}\"},\"query-input\":{\"@type\":\"PropertyValueSpecification\",\"valueRequired\":true,\"valueName\":\"search_term_string\"}}],\"inLanguage\":\"az\"},{\"@type\":\"Organization\",\"@id\":\"https:\/\/bs2.lt\/#organization\",\"name\":\"BS\/2\",\"url\":\"https:\/\/bs2.lt\/\",\"logo\":{\"@type\":\"ImageObject\",\"inLanguage\":\"az\",\"@id\":\"https:\/\/bs2.lt\/#\/schema\/logo\/image\/\",\"url\":\"https:\/\/bs2.lt\/wp-content\/uploads\/2022\/08\/bs2-logo.svg\",\"contentUrl\":\"https:\/\/bs2.lt\/wp-content\/uploads\/2022\/08\/bs2-logo.svg\",\"width\":100,\"height\":57,\"caption\":\"BS\/2\"},\"image\":{\"@id\":\"https:\/\/bs2.lt\/#\/schema\/logo\/image\/\"},\"sameAs\":[\"https:\/\/www.facebook.com\/bs2solutions\/\",\"https:\/\/www.linkedin.com\/showcase\/bs2solutions\",\"https:\/\/www.youtube.com\/c\/Bs2Lt\"]}]}<\/script>\n<!-- \/ Yoast SEO plugin. -->","yoast_head_json":{"title":"Vynamic\u2122 Marketing | BS\/2","robots":{"index":"index","follow":"follow","max-snippet":"max-snippet:-1","max-image-preview":"max-image-preview:large","max-video-preview":"max-video-preview:-1"},"canonical":"https:\/\/bs2.lt\/az\/product\/vynamic-marketing\/","og_locale":"az_AZ","og_type":"article","og_title":"Vynamic\u2122 Marketing | BS\/2","og_description":"Bank\u00e7\u0131l\u0131q sah\u0259sind\u0259 d\u00fcnya lideri Diebold Nixdorf t\u0259r\u0259find\u0259n yarad\u0131lan Vynamic Marketinq proqram platformas\u0131, bankomat v\u0259 t\u0259r\u0259fda\u015f m\u0259hsullar\u0131n\u0131n bankomatlarda v\u0259 dig\u0259r \u00f6z\u00fcn\u0259xidm\u0259t bank cihazlar\u0131nda, r\u0259q\u0259msal bank\u00e7\u0131l\u0131q m\u00fchitind\u0259, el\u0259c\u0259 d\u0259 dig\u0259r sah\u0259l\u0259rd\u0259 tan\u0131d\u0131lmas\u0131na prinsipc\u0259 yeni bir yana\u015fma imkan\u0131 verir. m\u00fcxt\u0259lif \u00fc\u00e7\u00fcnc\u00fc t\u0259r\u0259f saytlar\u0131. X\u00fcsusil\u0259, Vynamic Marketing: bankomatlarda f\u0259rdi reklamlar\u0131n g\u00f6st\u0259rilm\u0259sini; cihazla qar\u015f\u0131l\u0131ql\u0131 t\u0259sir ssenaril\u0259ri il\u0259 marketinq kampaniyalar\u0131 aparmas\u0131; [&hellip;]","og_url":"https:\/\/bs2.lt\/az\/product\/vynamic-marketing\/","og_site_name":"BS\/2","article_publisher":"https:\/\/www.facebook.com\/bs2solutions\/","article_modified_time":"2022-03-29T11:41:44+00:00","og_image":[{"width":1600,"height":1388,"url":"https:\/\/bs2.lt\/wp-content\/uploads\/2021\/02\/vm-screen.jpg","type":"image\/jpeg"}],"twitter_card":"summary_large_image","twitter_misc":{"Est. reading time":"1 minute"},"schema":{"@context":"https:\/\/schema.org","@graph":[{"@type":"WebPage","@id":"https:\/\/bs2.lt\/az\/product\/vynamic-marketing\/","url":"https:\/\/bs2.lt\/az\/product\/vynamic-marketing\/","name":"Vynamic\u2122 Marketing | BS\/2","isPartOf":{"@id":"https:\/\/bs2.lt\/#website"},"primaryImageOfPage":{"@id":"https:\/\/bs2.lt\/az\/product\/vynamic-marketing\/#primaryimage"},"image":{"@id":"https:\/\/bs2.lt\/az\/product\/vynamic-marketing\/#primaryimage"},"thumbnailUrl":"https:\/\/bs2.lt\/wp-content\/uploads\/2021\/02\/vm-screen.jpg","datePublished":"2022-03-29T11:35:55+00:00","dateModified":"2022-03-29T11:41:44+00:00","breadcrumb":{"@id":"https:\/\/bs2.lt\/az\/product\/vynamic-marketing\/#breadcrumb"},"inLanguage":"az","potentialAction":[{"@type":"ReadAction","target":["https:\/\/bs2.lt\/az\/product\/vynamic-marketing\/"]}]},{"@type":"ImageObject","inLanguage":"az","@id":"https:\/\/bs2.lt\/az\/product\/vynamic-marketing\/#primaryimage","url":"https:\/\/bs2.lt\/wp-content\/uploads\/2021\/02\/vm-screen.jpg","contentUrl":"https:\/\/bs2.lt\/wp-content\/uploads\/2021\/02\/vm-screen.jpg","width":1600,"height":1388},{"@type":"BreadcrumbList","@id":"https:\/\/bs2.lt\/az\/product\/vynamic-marketing\/#breadcrumb","itemListElement":[{"@type":"ListItem","position":1,"name":"Home","item":"https:\/\/bs2.lt\/az\/"},{"@type":"ListItem","position":2,"name":"Vynamic\u2122 Marketing"}]},{"@type":"WebSite","@id":"https:\/\/bs2.lt\/#website","url":"https:\/\/bs2.lt\/","name":"BS\/2","description":"Banking and retail technology company","publisher":{"@id":"https:\/\/bs2.lt\/#organization"},"potentialAction":[{"@type":"SearchAction","target":{"@type":"EntryPoint","urlTemplate":"https:\/\/bs2.lt\/?s={search_term_string}"},"query-input":{"@type":"PropertyValueSpecification","valueRequired":true,"valueName":"search_term_string"}}],"inLanguage":"az"},{"@type":"Organization","@id":"https:\/\/bs2.lt\/#organization","name":"BS\/2","url":"https:\/\/bs2.lt\/","logo":{"@type":"ImageObject","inLanguage":"az","@id":"https:\/\/bs2.lt\/#\/schema\/logo\/image\/","url":"https:\/\/bs2.lt\/wp-content\/uploads\/2022\/08\/bs2-logo.svg","contentUrl":"https:\/\/bs2.lt\/wp-content\/uploads\/2022\/08\/bs2-logo.svg","width":100,"height":57,"caption":"BS\/2"},"image":{"@id":"https:\/\/bs2.lt\/#\/schema\/logo\/image\/"},"sameAs":["https:\/\/www.facebook.com\/bs2solutions\/","https:\/\/www.linkedin.com\/showcase\/bs2solutions","https:\/\/www.youtube.com\/c\/Bs2Lt"]}]}},"_links":{"self":[{"href":"https:\/\/bs2.lt\/az\/wp-json\/wp\/v2\/product\/25910","targetHints":{"allow":["GET"]}}],"collection":[{"href":"https:\/\/bs2.lt\/az\/wp-json\/wp\/v2\/product"}],"about":[{"href":"https:\/\/bs2.lt\/az\/wp-json\/wp\/v2\/types\/product"}],"wp:featuredmedia":[{"embeddable":true,"href":"https:\/\/bs2.lt\/az\/wp-json\/wp\/v2\/media\/20652"}],"wp:attachment":[{"href":"https:\/\/bs2.lt\/az\/wp-json\/wp\/v2\/media?parent=25910"}],"wp:term":[{"taxonomy":"product_category","embeddable":true,"href":"https:\/\/bs2.lt\/az\/wp-json\/wp\/v2\/product_category?post=25910"},{"taxonomy":"atm_series","embeddable":true,"href":"https:\/\/bs2.lt\/az\/wp-json\/wp\/v2\/atm_series?post=25910"},{"taxonomy":"atm_cashflow","embeddable":true,"href":"https:\/\/bs2.lt\/az\/wp-json\/wp\/v2\/atm_cashflow?post=25910"},{"taxonomy":"atm_type","embeddable":true,"href":"https:\/\/bs2.lt\/az\/wp-json\/wp\/v2\/atm_type?post=25910"},{"taxonomy":"product-provider","embeddable":true,"href":"https:\/\/bs2.lt\/az\/wp-json\/wp\/v2\/product-provider?post=25910"}],"curies":[{"name":"wp","href":"https:\/\/api.w.org\/{rel}","templated":true}]}}