{"id":25908,"date":"2022-03-29T09:26:15","date_gmt":"2022-03-29T11:26:15","guid":{"rendered":"https:\/\/bs2.lt\/bs2.lt\/?post_type=product&#038;p=25908"},"modified":"2022-03-29T09:32:59","modified_gmt":"2022-03-29T11:32:59","slug":"vynamic-security","status":"publish","type":"product","link":"https:\/\/bs2.lt\/az\/product\/vynamic-security\/","title":{"rendered":"Vynamic\u2122 Security"},"content":{"rendered":"<p>Vynamic\u2122 Security, \u00f6z\u00fcn\u0259xidm\u0259t cihazlar\u0131 \u00fc\u00e7\u00fcn h\u0259r c\u00fcr m\u00fcdaxil\u0259, haker h\u00fccumlar\u0131 v\u0259 dig\u0259r t\u0259hdidl\u0259r\u0259 qar\u015f\u0131 h\u0259rt\u0259r\u0259fli qorunma t\u0259min ed\u0259n bir proqram h\u0259llidir.<\/p>\n<p>Bankomatlara edil\u0259n m\u0259ntiqi h\u00fcc\u00fcmlar\u0131n say\u0131 v\u0259 onlardan g\u0259l\u0259n ziyan ild\u0259n-il\u0259 art\u0131r. Vynamic\u2122 Security proqram \u00e7\u00f6z\u00fcm\u00fc, h\u0259r bir terminallar\u0131n m\u00fcxt\u0259lif n\u00f6v h\u00fcc\u00fcmlardan qoruyan d\u00f6rd ayr\u0131 moduldan ibar\u0259tdir. Bel\u0259likl\u0259, Vynamic\u2122 Security bir nec\u0259 t\u0259hl\u00fck\u0259sizlik modulunun etni vaxtda i\u015fl\u0259m\u0259si il\u0259 \u00f6z\u00fcn\u0259xidm\u0259t cihazlar\u0131n \u015f\u0259b\u0259k\u0259sind\u0259 potensial h\u00fccum s\u0259thini azaltma\u011fa imkan verir. Bundan \u0259lav\u0259, cihazlar\u0131n biri h\u00fccuma m\u0259ruz qalarsa, qalan modullar terminal cihaz\u0131n\u0131z \u00fc\u00e7\u00fcn laz\u0131mi qoruman\u0131 t\u0259min ed\u0259r\u0259k i\u015fl\u0259m\u0259y\u0259 davam edir.<\/p>\n","protected":false},"featured_media":20672,"template":"","product_category":[346],"atm_series":[],"atm_cashflow":[],"atm_type":[],"product-provider":[],"class_list":["post-25908","product","type-product","status-publish","has-post-thumbnail","hentry","product_category-software"],"acf":[],"yoast_head":"<!-- This site is optimized with the Yoast SEO plugin v26.2 - https:\/\/yoast.com\/wordpress\/plugins\/seo\/ -->\n<title>Vynamic\u2122 Security | BS\/2<\/title>\n<meta name=\"robots\" content=\"index, follow, max-snippet:-1, max-image-preview:large, max-video-preview:-1\" \/>\n<link rel=\"canonical\" href=\"https:\/\/bs2.lt\/az\/product\/vynamic-security\/\" \/>\n<meta property=\"og:locale\" content=\"az_AZ\" \/>\n<meta property=\"og:type\" content=\"article\" \/>\n<meta property=\"og:title\" content=\"Vynamic\u2122 Security | BS\/2\" \/>\n<meta property=\"og:description\" content=\"Vynamic\u2122 Security, \u00f6z\u00fcn\u0259xidm\u0259t cihazlar\u0131 \u00fc\u00e7\u00fcn h\u0259r c\u00fcr m\u00fcdaxil\u0259, haker h\u00fccumlar\u0131 v\u0259 dig\u0259r t\u0259hdidl\u0259r\u0259 qar\u015f\u0131 h\u0259rt\u0259r\u0259fli qorunma t\u0259min ed\u0259n bir proqram h\u0259llidir. Bankomatlara edil\u0259n m\u0259ntiqi h\u00fcc\u00fcmlar\u0131n say\u0131 v\u0259 onlardan g\u0259l\u0259n ziyan ild\u0259n-il\u0259 art\u0131r. Vynamic\u2122 Security proqram \u00e7\u00f6z\u00fcm\u00fc, h\u0259r bir terminallar\u0131n m\u00fcxt\u0259lif n\u00f6v h\u00fcc\u00fcmlardan qoruyan d\u00f6rd ayr\u0131 moduldan ibar\u0259tdir. Bel\u0259likl\u0259, Vynamic\u2122 Security bir nec\u0259 t\u0259hl\u00fck\u0259sizlik modulunun etni [&hellip;]\" \/>\n<meta property=\"og:url\" content=\"https:\/\/bs2.lt\/az\/product\/vynamic-security\/\" \/>\n<meta property=\"og:site_name\" content=\"BS\/2\" \/>\n<meta property=\"article:publisher\" content=\"https:\/\/www.facebook.com\/bs2solutions\/\" \/>\n<meta property=\"article:modified_time\" content=\"2022-03-29T11:32:59+00:00\" \/>\n<meta property=\"og:image\" content=\"https:\/\/bs2.lt\/wp-content\/uploads\/2021\/02\/vynamic-security-screen.jpg\" \/>\n\t<meta property=\"og:image:width\" content=\"1600\" \/>\n\t<meta property=\"og:image:height\" content=\"1388\" \/>\n\t<meta property=\"og:image:type\" content=\"image\/jpeg\" \/>\n<meta name=\"twitter:card\" content=\"summary_large_image\" \/>\n<meta name=\"twitter:label1\" content=\"Est. reading time\" \/>\n\t<meta name=\"twitter:data1\" content=\"1 minute\" \/>\n<script type=\"application\/ld+json\" class=\"yoast-schema-graph\">{\"@context\":\"https:\/\/schema.org\",\"@graph\":[{\"@type\":\"WebPage\",\"@id\":\"https:\/\/bs2.lt\/az\/product\/vynamic-security\/\",\"url\":\"https:\/\/bs2.lt\/az\/product\/vynamic-security\/\",\"name\":\"Vynamic\u2122 Security | BS\/2\",\"isPartOf\":{\"@id\":\"https:\/\/bs2.lt\/#website\"},\"primaryImageOfPage\":{\"@id\":\"https:\/\/bs2.lt\/az\/product\/vynamic-security\/#primaryimage\"},\"image\":{\"@id\":\"https:\/\/bs2.lt\/az\/product\/vynamic-security\/#primaryimage\"},\"thumbnailUrl\":\"https:\/\/bs2.lt\/wp-content\/uploads\/2021\/02\/vynamic-security-screen.jpg\",\"datePublished\":\"2022-03-29T11:26:15+00:00\",\"dateModified\":\"2022-03-29T11:32:59+00:00\",\"breadcrumb\":{\"@id\":\"https:\/\/bs2.lt\/az\/product\/vynamic-security\/#breadcrumb\"},\"inLanguage\":\"az\",\"potentialAction\":[{\"@type\":\"ReadAction\",\"target\":[\"https:\/\/bs2.lt\/az\/product\/vynamic-security\/\"]}]},{\"@type\":\"ImageObject\",\"inLanguage\":\"az\",\"@id\":\"https:\/\/bs2.lt\/az\/product\/vynamic-security\/#primaryimage\",\"url\":\"https:\/\/bs2.lt\/wp-content\/uploads\/2021\/02\/vynamic-security-screen.jpg\",\"contentUrl\":\"https:\/\/bs2.lt\/wp-content\/uploads\/2021\/02\/vynamic-security-screen.jpg\",\"width\":1600,\"height\":1388},{\"@type\":\"BreadcrumbList\",\"@id\":\"https:\/\/bs2.lt\/az\/product\/vynamic-security\/#breadcrumb\",\"itemListElement\":[{\"@type\":\"ListItem\",\"position\":1,\"name\":\"Home\",\"item\":\"https:\/\/bs2.lt\/az\/\"},{\"@type\":\"ListItem\",\"position\":2,\"name\":\"Vynamic\u2122 Security\"}]},{\"@type\":\"WebSite\",\"@id\":\"https:\/\/bs2.lt\/#website\",\"url\":\"https:\/\/bs2.lt\/\",\"name\":\"BS\/2\",\"description\":\"Banking and retail technology company\",\"publisher\":{\"@id\":\"https:\/\/bs2.lt\/#organization\"},\"potentialAction\":[{\"@type\":\"SearchAction\",\"target\":{\"@type\":\"EntryPoint\",\"urlTemplate\":\"https:\/\/bs2.lt\/?s={search_term_string}\"},\"query-input\":{\"@type\":\"PropertyValueSpecification\",\"valueRequired\":true,\"valueName\":\"search_term_string\"}}],\"inLanguage\":\"az\"},{\"@type\":\"Organization\",\"@id\":\"https:\/\/bs2.lt\/#organization\",\"name\":\"BS\/2\",\"url\":\"https:\/\/bs2.lt\/\",\"logo\":{\"@type\":\"ImageObject\",\"inLanguage\":\"az\",\"@id\":\"https:\/\/bs2.lt\/#\/schema\/logo\/image\/\",\"url\":\"https:\/\/bs2.lt\/wp-content\/uploads\/2022\/08\/bs2-logo.svg\",\"contentUrl\":\"https:\/\/bs2.lt\/wp-content\/uploads\/2022\/08\/bs2-logo.svg\",\"width\":100,\"height\":57,\"caption\":\"BS\/2\"},\"image\":{\"@id\":\"https:\/\/bs2.lt\/#\/schema\/logo\/image\/\"},\"sameAs\":[\"https:\/\/www.facebook.com\/bs2solutions\/\",\"https:\/\/www.linkedin.com\/showcase\/bs2solutions\",\"https:\/\/www.youtube.com\/c\/Bs2Lt\"]}]}<\/script>\n<!-- \/ Yoast SEO plugin. -->","yoast_head_json":{"title":"Vynamic\u2122 Security | BS\/2","robots":{"index":"index","follow":"follow","max-snippet":"max-snippet:-1","max-image-preview":"max-image-preview:large","max-video-preview":"max-video-preview:-1"},"canonical":"https:\/\/bs2.lt\/az\/product\/vynamic-security\/","og_locale":"az_AZ","og_type":"article","og_title":"Vynamic\u2122 Security | BS\/2","og_description":"Vynamic\u2122 Security, \u00f6z\u00fcn\u0259xidm\u0259t cihazlar\u0131 \u00fc\u00e7\u00fcn h\u0259r c\u00fcr m\u00fcdaxil\u0259, haker h\u00fccumlar\u0131 v\u0259 dig\u0259r t\u0259hdidl\u0259r\u0259 qar\u015f\u0131 h\u0259rt\u0259r\u0259fli qorunma t\u0259min ed\u0259n bir proqram h\u0259llidir. Bankomatlara edil\u0259n m\u0259ntiqi h\u00fcc\u00fcmlar\u0131n say\u0131 v\u0259 onlardan g\u0259l\u0259n ziyan ild\u0259n-il\u0259 art\u0131r. Vynamic\u2122 Security proqram \u00e7\u00f6z\u00fcm\u00fc, h\u0259r bir terminallar\u0131n m\u00fcxt\u0259lif n\u00f6v h\u00fcc\u00fcmlardan qoruyan d\u00f6rd ayr\u0131 moduldan ibar\u0259tdir. Bel\u0259likl\u0259, Vynamic\u2122 Security bir nec\u0259 t\u0259hl\u00fck\u0259sizlik modulunun etni [&hellip;]","og_url":"https:\/\/bs2.lt\/az\/product\/vynamic-security\/","og_site_name":"BS\/2","article_publisher":"https:\/\/www.facebook.com\/bs2solutions\/","article_modified_time":"2022-03-29T11:32:59+00:00","og_image":[{"width":1600,"height":1388,"url":"https:\/\/bs2.lt\/wp-content\/uploads\/2021\/02\/vynamic-security-screen.jpg","type":"image\/jpeg"}],"twitter_card":"summary_large_image","twitter_misc":{"Est. reading time":"1 minute"},"schema":{"@context":"https:\/\/schema.org","@graph":[{"@type":"WebPage","@id":"https:\/\/bs2.lt\/az\/product\/vynamic-security\/","url":"https:\/\/bs2.lt\/az\/product\/vynamic-security\/","name":"Vynamic\u2122 Security | BS\/2","isPartOf":{"@id":"https:\/\/bs2.lt\/#website"},"primaryImageOfPage":{"@id":"https:\/\/bs2.lt\/az\/product\/vynamic-security\/#primaryimage"},"image":{"@id":"https:\/\/bs2.lt\/az\/product\/vynamic-security\/#primaryimage"},"thumbnailUrl":"https:\/\/bs2.lt\/wp-content\/uploads\/2021\/02\/vynamic-security-screen.jpg","datePublished":"2022-03-29T11:26:15+00:00","dateModified":"2022-03-29T11:32:59+00:00","breadcrumb":{"@id":"https:\/\/bs2.lt\/az\/product\/vynamic-security\/#breadcrumb"},"inLanguage":"az","potentialAction":[{"@type":"ReadAction","target":["https:\/\/bs2.lt\/az\/product\/vynamic-security\/"]}]},{"@type":"ImageObject","inLanguage":"az","@id":"https:\/\/bs2.lt\/az\/product\/vynamic-security\/#primaryimage","url":"https:\/\/bs2.lt\/wp-content\/uploads\/2021\/02\/vynamic-security-screen.jpg","contentUrl":"https:\/\/bs2.lt\/wp-content\/uploads\/2021\/02\/vynamic-security-screen.jpg","width":1600,"height":1388},{"@type":"BreadcrumbList","@id":"https:\/\/bs2.lt\/az\/product\/vynamic-security\/#breadcrumb","itemListElement":[{"@type":"ListItem","position":1,"name":"Home","item":"https:\/\/bs2.lt\/az\/"},{"@type":"ListItem","position":2,"name":"Vynamic\u2122 Security"}]},{"@type":"WebSite","@id":"https:\/\/bs2.lt\/#website","url":"https:\/\/bs2.lt\/","name":"BS\/2","description":"Banking and retail technology company","publisher":{"@id":"https:\/\/bs2.lt\/#organization"},"potentialAction":[{"@type":"SearchAction","target":{"@type":"EntryPoint","urlTemplate":"https:\/\/bs2.lt\/?s={search_term_string}"},"query-input":{"@type":"PropertyValueSpecification","valueRequired":true,"valueName":"search_term_string"}}],"inLanguage":"az"},{"@type":"Organization","@id":"https:\/\/bs2.lt\/#organization","name":"BS\/2","url":"https:\/\/bs2.lt\/","logo":{"@type":"ImageObject","inLanguage":"az","@id":"https:\/\/bs2.lt\/#\/schema\/logo\/image\/","url":"https:\/\/bs2.lt\/wp-content\/uploads\/2022\/08\/bs2-logo.svg","contentUrl":"https:\/\/bs2.lt\/wp-content\/uploads\/2022\/08\/bs2-logo.svg","width":100,"height":57,"caption":"BS\/2"},"image":{"@id":"https:\/\/bs2.lt\/#\/schema\/logo\/image\/"},"sameAs":["https:\/\/www.facebook.com\/bs2solutions\/","https:\/\/www.linkedin.com\/showcase\/bs2solutions","https:\/\/www.youtube.com\/c\/Bs2Lt"]}]}},"_links":{"self":[{"href":"https:\/\/bs2.lt\/az\/wp-json\/wp\/v2\/product\/25908","targetHints":{"allow":["GET"]}}],"collection":[{"href":"https:\/\/bs2.lt\/az\/wp-json\/wp\/v2\/product"}],"about":[{"href":"https:\/\/bs2.lt\/az\/wp-json\/wp\/v2\/types\/product"}],"wp:featuredmedia":[{"embeddable":true,"href":"https:\/\/bs2.lt\/az\/wp-json\/wp\/v2\/media\/20672"}],"wp:attachment":[{"href":"https:\/\/bs2.lt\/az\/wp-json\/wp\/v2\/media?parent=25908"}],"wp:term":[{"taxonomy":"product_category","embeddable":true,"href":"https:\/\/bs2.lt\/az\/wp-json\/wp\/v2\/product_category?post=25908"},{"taxonomy":"atm_series","embeddable":true,"href":"https:\/\/bs2.lt\/az\/wp-json\/wp\/v2\/atm_series?post=25908"},{"taxonomy":"atm_cashflow","embeddable":true,"href":"https:\/\/bs2.lt\/az\/wp-json\/wp\/v2\/atm_cashflow?post=25908"},{"taxonomy":"atm_type","embeddable":true,"href":"https:\/\/bs2.lt\/az\/wp-json\/wp\/v2\/atm_type?post=25908"},{"taxonomy":"product-provider","embeddable":true,"href":"https:\/\/bs2.lt\/az\/wp-json\/wp\/v2\/product-provider?post=25908"}],"curies":[{"name":"wp","href":"https:\/\/api.w.org\/{rel}","templated":true}]}}