{"id":25907,"date":"2022-03-29T09:15:24","date_gmt":"2022-03-29T11:15:24","guid":{"rendered":"https:\/\/bs2.lt\/bs2.lt\/?post_type=product&#038;p=25907"},"modified":"2022-03-29T09:19:59","modified_gmt":"2022-03-29T11:19:59","slug":"vynamic-view","status":"publish","type":"product","link":"https:\/\/bs2.lt\/az\/product\/vynamic-view\/","title":{"rendered":"Vynamic\u2122 View"},"content":{"rendered":"<p>Vynamic\u2122 View proqram platformas\u0131, \u00f6z\u00fcn\u0259xidm\u0259t \u015f\u0259b\u0259k\u0259l\u0259rin idar\u0259 edilm\u0259sin\u0259 h\u0259rt\u0259r\u0259fli bir yana\u015fma t\u0259min edir, terminallar\u0131n v\u0259 ayr\u0131-ayr\u0131 n\u00f6qt\u0259l\u0259rin texniki v\u0259ziyy\u0259tini m\u0259rk\u0259zd\u0259n izl\u0259m\u0259y\u0259, proqram\u0131 m\u0259saf\u0259d\u0259n qura\u015fd\u0131rma\u011fa v\u0259 konfiqurasiya etm\u0259y\u0259, h\u0259m\u00e7inin cihazlarda ba\u015f ver\u0259n hadis\u0259l\u0259r bar\u0259d\u0259 h\u0259rt\u0259r\u0259fli m\u0259lumat alma\u011fa imkan verir (\u0259m\u0259liyyatlar, q\u0259zalar v\u0259 dig\u0259r hadis\u0259l\u0259r)<\/p>\n<p>Vynamic\u2122 View, d\u00fcnyan\u0131n \u0259n b\u00f6y\u00fck istehsal\u00e7\u0131lar\u0131n\u0131n m\u00fcxt\u0259lif n\u00f6v avadanl\u0131qlar\u0131 il\u0259 t\u0259k bir interfeysd\u0259 i\u015fl\u0259m\u0259y\u0259 imkan verir.<\/p>\n<p>Platforma h\u0259r bir x\u00fcsusi \u0259m\u0259liyyat tap\u015f\u0131r\u0131qlar\u0131n\u0131 yerin\u0259 yetirm\u0259k \u00fc\u00e7\u00fcn haz\u0131rlanm\u0131\u015f bir ne\u00e7\u0259 moduldan ibar\u0259tdir.<\/p>\n","protected":false},"featured_media":20707,"template":"","product_category":[346],"atm_series":[],"atm_cashflow":[],"atm_type":[],"product-provider":[],"class_list":["post-25907","product","type-product","status-publish","has-post-thumbnail","hentry","product_category-software"],"acf":[],"yoast_head":"<!-- This site is optimized with the Yoast SEO plugin v26.2 - https:\/\/yoast.com\/wordpress\/plugins\/seo\/ -->\n<title>Vynamic\u2122 View | BS\/2<\/title>\n<meta name=\"robots\" content=\"index, follow, max-snippet:-1, max-image-preview:large, max-video-preview:-1\" \/>\n<link rel=\"canonical\" href=\"https:\/\/bs2.lt\/az\/product\/vynamic-view\/\" \/>\n<meta property=\"og:locale\" content=\"az_AZ\" \/>\n<meta property=\"og:type\" content=\"article\" \/>\n<meta property=\"og:title\" content=\"Vynamic\u2122 View | BS\/2\" \/>\n<meta property=\"og:description\" content=\"Vynamic\u2122 View proqram platformas\u0131, \u00f6z\u00fcn\u0259xidm\u0259t \u015f\u0259b\u0259k\u0259l\u0259rin idar\u0259 edilm\u0259sin\u0259 h\u0259rt\u0259r\u0259fli bir yana\u015fma t\u0259min edir, terminallar\u0131n v\u0259 ayr\u0131-ayr\u0131 n\u00f6qt\u0259l\u0259rin texniki v\u0259ziyy\u0259tini m\u0259rk\u0259zd\u0259n izl\u0259m\u0259y\u0259, proqram\u0131 m\u0259saf\u0259d\u0259n qura\u015fd\u0131rma\u011fa v\u0259 konfiqurasiya etm\u0259y\u0259, h\u0259m\u00e7inin cihazlarda ba\u015f ver\u0259n hadis\u0259l\u0259r bar\u0259d\u0259 h\u0259rt\u0259r\u0259fli m\u0259lumat alma\u011fa imkan verir (\u0259m\u0259liyyatlar, q\u0259zalar v\u0259 dig\u0259r hadis\u0259l\u0259r) Vynamic\u2122 View, d\u00fcnyan\u0131n \u0259n b\u00f6y\u00fck istehsal\u00e7\u0131lar\u0131n\u0131n m\u00fcxt\u0259lif n\u00f6v avadanl\u0131qlar\u0131 il\u0259 t\u0259k bir [&hellip;]\" \/>\n<meta property=\"og:url\" content=\"https:\/\/bs2.lt\/az\/product\/vynamic-view\/\" \/>\n<meta property=\"og:site_name\" content=\"BS\/2\" \/>\n<meta property=\"article:publisher\" content=\"https:\/\/www.facebook.com\/bs2solutions\/\" \/>\n<meta property=\"article:modified_time\" content=\"2022-03-29T11:19:59+00:00\" \/>\n<meta property=\"og:image\" content=\"https:\/\/bs2.lt\/wp-content\/uploads\/2021\/02\/vv-screen.jpg\" \/>\n\t<meta property=\"og:image:width\" content=\"1600\" \/>\n\t<meta property=\"og:image:height\" content=\"1388\" \/>\n\t<meta property=\"og:image:type\" content=\"image\/jpeg\" \/>\n<meta name=\"twitter:card\" content=\"summary_large_image\" \/>\n<meta name=\"twitter:label1\" content=\"Est. reading time\" \/>\n\t<meta name=\"twitter:data1\" content=\"1 minute\" \/>\n<script type=\"application\/ld+json\" class=\"yoast-schema-graph\">{\"@context\":\"https:\/\/schema.org\",\"@graph\":[{\"@type\":\"WebPage\",\"@id\":\"https:\/\/bs2.lt\/az\/product\/vynamic-view\/\",\"url\":\"https:\/\/bs2.lt\/az\/product\/vynamic-view\/\",\"name\":\"Vynamic\u2122 View | BS\/2\",\"isPartOf\":{\"@id\":\"https:\/\/bs2.lt\/#website\"},\"primaryImageOfPage\":{\"@id\":\"https:\/\/bs2.lt\/az\/product\/vynamic-view\/#primaryimage\"},\"image\":{\"@id\":\"https:\/\/bs2.lt\/az\/product\/vynamic-view\/#primaryimage\"},\"thumbnailUrl\":\"https:\/\/bs2.lt\/wp-content\/uploads\/2021\/02\/vv-screen.jpg\",\"datePublished\":\"2022-03-29T11:15:24+00:00\",\"dateModified\":\"2022-03-29T11:19:59+00:00\",\"breadcrumb\":{\"@id\":\"https:\/\/bs2.lt\/az\/product\/vynamic-view\/#breadcrumb\"},\"inLanguage\":\"az\",\"potentialAction\":[{\"@type\":\"ReadAction\",\"target\":[\"https:\/\/bs2.lt\/az\/product\/vynamic-view\/\"]}]},{\"@type\":\"ImageObject\",\"inLanguage\":\"az\",\"@id\":\"https:\/\/bs2.lt\/az\/product\/vynamic-view\/#primaryimage\",\"url\":\"https:\/\/bs2.lt\/wp-content\/uploads\/2021\/02\/vv-screen.jpg\",\"contentUrl\":\"https:\/\/bs2.lt\/wp-content\/uploads\/2021\/02\/vv-screen.jpg\",\"width\":1600,\"height\":1388},{\"@type\":\"BreadcrumbList\",\"@id\":\"https:\/\/bs2.lt\/az\/product\/vynamic-view\/#breadcrumb\",\"itemListElement\":[{\"@type\":\"ListItem\",\"position\":1,\"name\":\"Home\",\"item\":\"https:\/\/bs2.lt\/az\/\"},{\"@type\":\"ListItem\",\"position\":2,\"name\":\"Vynamic\u2122 View\"}]},{\"@type\":\"WebSite\",\"@id\":\"https:\/\/bs2.lt\/#website\",\"url\":\"https:\/\/bs2.lt\/\",\"name\":\"BS\/2\",\"description\":\"Banking and retail technology company\",\"publisher\":{\"@id\":\"https:\/\/bs2.lt\/#organization\"},\"potentialAction\":[{\"@type\":\"SearchAction\",\"target\":{\"@type\":\"EntryPoint\",\"urlTemplate\":\"https:\/\/bs2.lt\/?s={search_term_string}\"},\"query-input\":{\"@type\":\"PropertyValueSpecification\",\"valueRequired\":true,\"valueName\":\"search_term_string\"}}],\"inLanguage\":\"az\"},{\"@type\":\"Organization\",\"@id\":\"https:\/\/bs2.lt\/#organization\",\"name\":\"BS\/2\",\"url\":\"https:\/\/bs2.lt\/\",\"logo\":{\"@type\":\"ImageObject\",\"inLanguage\":\"az\",\"@id\":\"https:\/\/bs2.lt\/#\/schema\/logo\/image\/\",\"url\":\"https:\/\/bs2.lt\/wp-content\/uploads\/2022\/08\/bs2-logo.svg\",\"contentUrl\":\"https:\/\/bs2.lt\/wp-content\/uploads\/2022\/08\/bs2-logo.svg\",\"width\":100,\"height\":57,\"caption\":\"BS\/2\"},\"image\":{\"@id\":\"https:\/\/bs2.lt\/#\/schema\/logo\/image\/\"},\"sameAs\":[\"https:\/\/www.facebook.com\/bs2solutions\/\",\"https:\/\/www.linkedin.com\/showcase\/bs2solutions\",\"https:\/\/www.youtube.com\/c\/Bs2Lt\"]}]}<\/script>\n<!-- \/ Yoast SEO plugin. -->","yoast_head_json":{"title":"Vynamic\u2122 View | BS\/2","robots":{"index":"index","follow":"follow","max-snippet":"max-snippet:-1","max-image-preview":"max-image-preview:large","max-video-preview":"max-video-preview:-1"},"canonical":"https:\/\/bs2.lt\/az\/product\/vynamic-view\/","og_locale":"az_AZ","og_type":"article","og_title":"Vynamic\u2122 View | BS\/2","og_description":"Vynamic\u2122 View proqram platformas\u0131, \u00f6z\u00fcn\u0259xidm\u0259t \u015f\u0259b\u0259k\u0259l\u0259rin idar\u0259 edilm\u0259sin\u0259 h\u0259rt\u0259r\u0259fli bir yana\u015fma t\u0259min edir, terminallar\u0131n v\u0259 ayr\u0131-ayr\u0131 n\u00f6qt\u0259l\u0259rin texniki v\u0259ziyy\u0259tini m\u0259rk\u0259zd\u0259n izl\u0259m\u0259y\u0259, proqram\u0131 m\u0259saf\u0259d\u0259n qura\u015fd\u0131rma\u011fa v\u0259 konfiqurasiya etm\u0259y\u0259, h\u0259m\u00e7inin cihazlarda ba\u015f ver\u0259n hadis\u0259l\u0259r bar\u0259d\u0259 h\u0259rt\u0259r\u0259fli m\u0259lumat alma\u011fa imkan verir (\u0259m\u0259liyyatlar, q\u0259zalar v\u0259 dig\u0259r hadis\u0259l\u0259r) Vynamic\u2122 View, d\u00fcnyan\u0131n \u0259n b\u00f6y\u00fck istehsal\u00e7\u0131lar\u0131n\u0131n m\u00fcxt\u0259lif n\u00f6v avadanl\u0131qlar\u0131 il\u0259 t\u0259k bir [&hellip;]","og_url":"https:\/\/bs2.lt\/az\/product\/vynamic-view\/","og_site_name":"BS\/2","article_publisher":"https:\/\/www.facebook.com\/bs2solutions\/","article_modified_time":"2022-03-29T11:19:59+00:00","og_image":[{"width":1600,"height":1388,"url":"https:\/\/bs2.lt\/wp-content\/uploads\/2021\/02\/vv-screen.jpg","type":"image\/jpeg"}],"twitter_card":"summary_large_image","twitter_misc":{"Est. reading time":"1 minute"},"schema":{"@context":"https:\/\/schema.org","@graph":[{"@type":"WebPage","@id":"https:\/\/bs2.lt\/az\/product\/vynamic-view\/","url":"https:\/\/bs2.lt\/az\/product\/vynamic-view\/","name":"Vynamic\u2122 View | BS\/2","isPartOf":{"@id":"https:\/\/bs2.lt\/#website"},"primaryImageOfPage":{"@id":"https:\/\/bs2.lt\/az\/product\/vynamic-view\/#primaryimage"},"image":{"@id":"https:\/\/bs2.lt\/az\/product\/vynamic-view\/#primaryimage"},"thumbnailUrl":"https:\/\/bs2.lt\/wp-content\/uploads\/2021\/02\/vv-screen.jpg","datePublished":"2022-03-29T11:15:24+00:00","dateModified":"2022-03-29T11:19:59+00:00","breadcrumb":{"@id":"https:\/\/bs2.lt\/az\/product\/vynamic-view\/#breadcrumb"},"inLanguage":"az","potentialAction":[{"@type":"ReadAction","target":["https:\/\/bs2.lt\/az\/product\/vynamic-view\/"]}]},{"@type":"ImageObject","inLanguage":"az","@id":"https:\/\/bs2.lt\/az\/product\/vynamic-view\/#primaryimage","url":"https:\/\/bs2.lt\/wp-content\/uploads\/2021\/02\/vv-screen.jpg","contentUrl":"https:\/\/bs2.lt\/wp-content\/uploads\/2021\/02\/vv-screen.jpg","width":1600,"height":1388},{"@type":"BreadcrumbList","@id":"https:\/\/bs2.lt\/az\/product\/vynamic-view\/#breadcrumb","itemListElement":[{"@type":"ListItem","position":1,"name":"Home","item":"https:\/\/bs2.lt\/az\/"},{"@type":"ListItem","position":2,"name":"Vynamic\u2122 View"}]},{"@type":"WebSite","@id":"https:\/\/bs2.lt\/#website","url":"https:\/\/bs2.lt\/","name":"BS\/2","description":"Banking and retail technology company","publisher":{"@id":"https:\/\/bs2.lt\/#organization"},"potentialAction":[{"@type":"SearchAction","target":{"@type":"EntryPoint","urlTemplate":"https:\/\/bs2.lt\/?s={search_term_string}"},"query-input":{"@type":"PropertyValueSpecification","valueRequired":true,"valueName":"search_term_string"}}],"inLanguage":"az"},{"@type":"Organization","@id":"https:\/\/bs2.lt\/#organization","name":"BS\/2","url":"https:\/\/bs2.lt\/","logo":{"@type":"ImageObject","inLanguage":"az","@id":"https:\/\/bs2.lt\/#\/schema\/logo\/image\/","url":"https:\/\/bs2.lt\/wp-content\/uploads\/2022\/08\/bs2-logo.svg","contentUrl":"https:\/\/bs2.lt\/wp-content\/uploads\/2022\/08\/bs2-logo.svg","width":100,"height":57,"caption":"BS\/2"},"image":{"@id":"https:\/\/bs2.lt\/#\/schema\/logo\/image\/"},"sameAs":["https:\/\/www.facebook.com\/bs2solutions\/","https:\/\/www.linkedin.com\/showcase\/bs2solutions","https:\/\/www.youtube.com\/c\/Bs2Lt"]}]}},"_links":{"self":[{"href":"https:\/\/bs2.lt\/az\/wp-json\/wp\/v2\/product\/25907","targetHints":{"allow":["GET"]}}],"collection":[{"href":"https:\/\/bs2.lt\/az\/wp-json\/wp\/v2\/product"}],"about":[{"href":"https:\/\/bs2.lt\/az\/wp-json\/wp\/v2\/types\/product"}],"wp:featuredmedia":[{"embeddable":true,"href":"https:\/\/bs2.lt\/az\/wp-json\/wp\/v2\/media\/20707"}],"wp:attachment":[{"href":"https:\/\/bs2.lt\/az\/wp-json\/wp\/v2\/media?parent=25907"}],"wp:term":[{"taxonomy":"product_category","embeddable":true,"href":"https:\/\/bs2.lt\/az\/wp-json\/wp\/v2\/product_category?post=25907"},{"taxonomy":"atm_series","embeddable":true,"href":"https:\/\/bs2.lt\/az\/wp-json\/wp\/v2\/atm_series?post=25907"},{"taxonomy":"atm_cashflow","embeddable":true,"href":"https:\/\/bs2.lt\/az\/wp-json\/wp\/v2\/atm_cashflow?post=25907"},{"taxonomy":"atm_type","embeddable":true,"href":"https:\/\/bs2.lt\/az\/wp-json\/wp\/v2\/atm_type?post=25907"},{"taxonomy":"product-provider","embeddable":true,"href":"https:\/\/bs2.lt\/az\/wp-json\/wp\/v2\/product-provider?post=25907"}],"curies":[{"name":"wp","href":"https:\/\/api.w.org\/{rel}","templated":true}]}}