{"id":25906,"date":"2022-03-29T09:09:53","date_gmt":"2022-03-29T11:09:53","guid":{"rendered":"https:\/\/bs2.lt\/bs2.lt\/?post_type=product&#038;p=25906"},"modified":"2022-06-28T13:23:26","modified_gmt":"2022-06-28T10:23:26","slug":"face-recognition","status":"publish","type":"product","link":"https:\/\/bs2.lt\/az\/product\/face-recognition\/","title":{"rendered":"Face Recognition"},"content":{"rendered":"<p>Face Detection v\u0259 Face Recognition \u2013 bank sah\u0259si v\u0259 p\u0259rak\u0259nd\u0259 ticar\u0259t sah\u0259si \u00fc\u00e7\u00fcn ATMeye\u015fiQ \u00f6z\u00fcn\u0259xidm\u0259t qur\u011fular\u0131n\u0131n t\u0259hl\u00fck\u0259sizliyinin t\u0259min edilm\u0259si \u00fc\u00e7\u00fcn proqram platformas\u0131 bazaslnda i\u015fl\u0259y\u0259n biometrik h\u0259ll\u0259rdir.<\/p>\n<p>Face Detection biometrik h\u0259lli \u0259m\u0259liyyat\u0131n apar\u0131lmas\u0131 zaman\u0131 \u015f\u0259xsin terminal\u0131n qar\u015f\u0131s\u0131nda olmas\u0131n\u0131 m\u00fc\u0259yy\u0259n etm\u0259k \u00fc\u00e7\u00fcn istifad\u0259 olunur. \u00dcz\u00fcn deteksiyas\u0131 funksiyas\u0131 videokamera il\u0259 t\u0259chiz edilmi\u015f ist\u0259nil\u0259n \u00f6z\u00fcn\u0259xidm\u0259t bank qur\u011fusunda realiz\u0259 edil\u0259 bil\u0259r v\u0259 d\u0259l\u0259duzluq h\u0259r\u0259k\u0259tl\u0259rinin qar\u015f\u0131s\u0131n\u0131n al\u0131nmas\u0131 al\u0259ti kimi istifad\u0259 oluna bil\u0259r.<\/p>\n<p>Face Recognition biometrik h\u0259lli \u00f6z\u00fcn\u0259xidm\u0259t qur\u011fular\u0131nda avtorizasiya \u00fc\u00e7\u00fcn insan obraz\u0131n\u0131 istifad\u0259 ed\u0259 bil\u0259r v\u0259 avtorizasiyan\u0131n h\u0259m \u0259sas, h\u0259m d\u0259 \u0259lav\u0259 vasit\u0259si qismind\u0259 \u00e7\u0131x\u0131\u015f ed\u0259 bil\u0259r.<\/p>\n","protected":false},"featured_media":29023,"template":"","product_category":[346],"atm_series":[],"atm_cashflow":[],"atm_type":[],"product-provider":[],"class_list":["post-25906","product","type-product","status-publish","has-post-thumbnail","hentry","product_category-software"],"acf":[],"yoast_head":"<!-- This site is optimized with the Yoast SEO plugin v26.2 - https:\/\/yoast.com\/wordpress\/plugins\/seo\/ -->\n<title>Face Recognition | BS\/2<\/title>\n<meta name=\"robots\" content=\"index, follow, max-snippet:-1, max-image-preview:large, max-video-preview:-1\" \/>\n<link rel=\"canonical\" href=\"https:\/\/bs2.lt\/product\/face-recognition\/\" \/>\n<meta property=\"og:locale\" content=\"az_AZ\" \/>\n<meta property=\"og:type\" content=\"article\" \/>\n<meta property=\"og:title\" content=\"Face Recognition | BS\/2\" \/>\n<meta property=\"og:description\" content=\"Face Detection v\u0259 Face Recognition \u2013 bank sah\u0259si v\u0259 p\u0259rak\u0259nd\u0259 ticar\u0259t sah\u0259si \u00fc\u00e7\u00fcn ATMeye\u015fiQ \u00f6z\u00fcn\u0259xidm\u0259t qur\u011fular\u0131n\u0131n t\u0259hl\u00fck\u0259sizliyinin t\u0259min edilm\u0259si \u00fc\u00e7\u00fcn proqram platformas\u0131 bazaslnda i\u015fl\u0259y\u0259n biometrik h\u0259ll\u0259rdir. Face Detection biometrik h\u0259lli \u0259m\u0259liyyat\u0131n apar\u0131lmas\u0131 zaman\u0131 \u015f\u0259xsin terminal\u0131n qar\u015f\u0131s\u0131nda olmas\u0131n\u0131 m\u00fc\u0259yy\u0259n etm\u0259k \u00fc\u00e7\u00fcn istifad\u0259 olunur. \u00dcz\u00fcn deteksiyas\u0131 funksiyas\u0131 videokamera il\u0259 t\u0259chiz edilmi\u015f ist\u0259nil\u0259n \u00f6z\u00fcn\u0259xidm\u0259t bank qur\u011fusunda realiz\u0259 edil\u0259 [&hellip;]\" \/>\n<meta property=\"og:url\" content=\"https:\/\/bs2.lt\/product\/face-recognition\/\" \/>\n<meta property=\"og:site_name\" content=\"BS\/2\" \/>\n<meta property=\"article:publisher\" content=\"https:\/\/www.facebook.com\/bs2solutions\/\" \/>\n<meta property=\"article:modified_time\" content=\"2022-06-28T10:23:26+00:00\" \/>\n<meta property=\"og:image\" content=\"https:\/\/bs2.lt\/wp-content\/uploads\/2022\/03\/face-recognition.jpg\" \/>\n\t<meta property=\"og:image:width\" content=\"1200\" \/>\n\t<meta property=\"og:image:height\" content=\"1000\" \/>\n\t<meta property=\"og:image:type\" content=\"image\/jpeg\" \/>\n<meta name=\"twitter:card\" content=\"summary_large_image\" \/>\n<meta name=\"twitter:label1\" content=\"Est. reading time\" \/>\n\t<meta name=\"twitter:data1\" content=\"1 minute\" \/>\n<script type=\"application\/ld+json\" class=\"yoast-schema-graph\">{\"@context\":\"https:\/\/schema.org\",\"@graph\":[{\"@type\":\"WebPage\",\"@id\":\"https:\/\/bs2.lt\/product\/face-recognition\/\",\"url\":\"https:\/\/bs2.lt\/product\/face-recognition\/\",\"name\":\"Face Recognition | BS\/2\",\"isPartOf\":{\"@id\":\"https:\/\/bs2.lt\/#website\"},\"primaryImageOfPage\":{\"@id\":\"https:\/\/bs2.lt\/product\/face-recognition\/#primaryimage\"},\"image\":{\"@id\":\"https:\/\/bs2.lt\/product\/face-recognition\/#primaryimage\"},\"thumbnailUrl\":\"https:\/\/bs2.lt\/wp-content\/uploads\/2022\/03\/face-recognition.jpg\",\"datePublished\":\"2022-03-29T11:09:53+00:00\",\"dateModified\":\"2022-06-28T10:23:26+00:00\",\"breadcrumb\":{\"@id\":\"https:\/\/bs2.lt\/product\/face-recognition\/#breadcrumb\"},\"inLanguage\":\"az\",\"potentialAction\":[{\"@type\":\"ReadAction\",\"target\":[\"https:\/\/bs2.lt\/product\/face-recognition\/\"]}]},{\"@type\":\"ImageObject\",\"inLanguage\":\"az\",\"@id\":\"https:\/\/bs2.lt\/product\/face-recognition\/#primaryimage\",\"url\":\"https:\/\/bs2.lt\/wp-content\/uploads\/2022\/03\/face-recognition.jpg\",\"contentUrl\":\"https:\/\/bs2.lt\/wp-content\/uploads\/2022\/03\/face-recognition.jpg\",\"width\":1200,\"height\":1000},{\"@type\":\"BreadcrumbList\",\"@id\":\"https:\/\/bs2.lt\/product\/face-recognition\/#breadcrumb\",\"itemListElement\":[{\"@type\":\"ListItem\",\"position\":1,\"name\":\"Home\",\"item\":\"https:\/\/bs2.lt\/az\/\"},{\"@type\":\"ListItem\",\"position\":2,\"name\":\"Face Recognition\"}]},{\"@type\":\"WebSite\",\"@id\":\"https:\/\/bs2.lt\/#website\",\"url\":\"https:\/\/bs2.lt\/\",\"name\":\"BS\/2\",\"description\":\"Banking and retail technology company\",\"publisher\":{\"@id\":\"https:\/\/bs2.lt\/#organization\"},\"potentialAction\":[{\"@type\":\"SearchAction\",\"target\":{\"@type\":\"EntryPoint\",\"urlTemplate\":\"https:\/\/bs2.lt\/?s={search_term_string}\"},\"query-input\":{\"@type\":\"PropertyValueSpecification\",\"valueRequired\":true,\"valueName\":\"search_term_string\"}}],\"inLanguage\":\"az\"},{\"@type\":\"Organization\",\"@id\":\"https:\/\/bs2.lt\/#organization\",\"name\":\"BS\/2\",\"url\":\"https:\/\/bs2.lt\/\",\"logo\":{\"@type\":\"ImageObject\",\"inLanguage\":\"az\",\"@id\":\"https:\/\/bs2.lt\/#\/schema\/logo\/image\/\",\"url\":\"https:\/\/bs2.lt\/wp-content\/uploads\/2022\/08\/bs2-logo.svg\",\"contentUrl\":\"https:\/\/bs2.lt\/wp-content\/uploads\/2022\/08\/bs2-logo.svg\",\"width\":100,\"height\":57,\"caption\":\"BS\/2\"},\"image\":{\"@id\":\"https:\/\/bs2.lt\/#\/schema\/logo\/image\/\"},\"sameAs\":[\"https:\/\/www.facebook.com\/bs2solutions\/\",\"https:\/\/www.linkedin.com\/showcase\/bs2solutions\",\"https:\/\/www.youtube.com\/c\/Bs2Lt\"]}]}<\/script>\n<!-- \/ Yoast SEO plugin. -->","yoast_head_json":{"title":"Face Recognition | BS\/2","robots":{"index":"index","follow":"follow","max-snippet":"max-snippet:-1","max-image-preview":"max-image-preview:large","max-video-preview":"max-video-preview:-1"},"canonical":"https:\/\/bs2.lt\/product\/face-recognition\/","og_locale":"az_AZ","og_type":"article","og_title":"Face Recognition | BS\/2","og_description":"Face Detection v\u0259 Face Recognition \u2013 bank sah\u0259si v\u0259 p\u0259rak\u0259nd\u0259 ticar\u0259t sah\u0259si \u00fc\u00e7\u00fcn ATMeye\u015fiQ \u00f6z\u00fcn\u0259xidm\u0259t qur\u011fular\u0131n\u0131n t\u0259hl\u00fck\u0259sizliyinin t\u0259min edilm\u0259si \u00fc\u00e7\u00fcn proqram platformas\u0131 bazaslnda i\u015fl\u0259y\u0259n biometrik h\u0259ll\u0259rdir. Face Detection biometrik h\u0259lli \u0259m\u0259liyyat\u0131n apar\u0131lmas\u0131 zaman\u0131 \u015f\u0259xsin terminal\u0131n qar\u015f\u0131s\u0131nda olmas\u0131n\u0131 m\u00fc\u0259yy\u0259n etm\u0259k \u00fc\u00e7\u00fcn istifad\u0259 olunur. \u00dcz\u00fcn deteksiyas\u0131 funksiyas\u0131 videokamera il\u0259 t\u0259chiz edilmi\u015f ist\u0259nil\u0259n \u00f6z\u00fcn\u0259xidm\u0259t bank qur\u011fusunda realiz\u0259 edil\u0259 [&hellip;]","og_url":"https:\/\/bs2.lt\/product\/face-recognition\/","og_site_name":"BS\/2","article_publisher":"https:\/\/www.facebook.com\/bs2solutions\/","article_modified_time":"2022-06-28T10:23:26+00:00","og_image":[{"width":1200,"height":1000,"url":"https:\/\/bs2.lt\/wp-content\/uploads\/2022\/03\/face-recognition.jpg","type":"image\/jpeg"}],"twitter_card":"summary_large_image","twitter_misc":{"Est. reading time":"1 minute"},"schema":{"@context":"https:\/\/schema.org","@graph":[{"@type":"WebPage","@id":"https:\/\/bs2.lt\/product\/face-recognition\/","url":"https:\/\/bs2.lt\/product\/face-recognition\/","name":"Face Recognition | BS\/2","isPartOf":{"@id":"https:\/\/bs2.lt\/#website"},"primaryImageOfPage":{"@id":"https:\/\/bs2.lt\/product\/face-recognition\/#primaryimage"},"image":{"@id":"https:\/\/bs2.lt\/product\/face-recognition\/#primaryimage"},"thumbnailUrl":"https:\/\/bs2.lt\/wp-content\/uploads\/2022\/03\/face-recognition.jpg","datePublished":"2022-03-29T11:09:53+00:00","dateModified":"2022-06-28T10:23:26+00:00","breadcrumb":{"@id":"https:\/\/bs2.lt\/product\/face-recognition\/#breadcrumb"},"inLanguage":"az","potentialAction":[{"@type":"ReadAction","target":["https:\/\/bs2.lt\/product\/face-recognition\/"]}]},{"@type":"ImageObject","inLanguage":"az","@id":"https:\/\/bs2.lt\/product\/face-recognition\/#primaryimage","url":"https:\/\/bs2.lt\/wp-content\/uploads\/2022\/03\/face-recognition.jpg","contentUrl":"https:\/\/bs2.lt\/wp-content\/uploads\/2022\/03\/face-recognition.jpg","width":1200,"height":1000},{"@type":"BreadcrumbList","@id":"https:\/\/bs2.lt\/product\/face-recognition\/#breadcrumb","itemListElement":[{"@type":"ListItem","position":1,"name":"Home","item":"https:\/\/bs2.lt\/az\/"},{"@type":"ListItem","position":2,"name":"Face Recognition"}]},{"@type":"WebSite","@id":"https:\/\/bs2.lt\/#website","url":"https:\/\/bs2.lt\/","name":"BS\/2","description":"Banking and retail technology company","publisher":{"@id":"https:\/\/bs2.lt\/#organization"},"potentialAction":[{"@type":"SearchAction","target":{"@type":"EntryPoint","urlTemplate":"https:\/\/bs2.lt\/?s={search_term_string}"},"query-input":{"@type":"PropertyValueSpecification","valueRequired":true,"valueName":"search_term_string"}}],"inLanguage":"az"},{"@type":"Organization","@id":"https:\/\/bs2.lt\/#organization","name":"BS\/2","url":"https:\/\/bs2.lt\/","logo":{"@type":"ImageObject","inLanguage":"az","@id":"https:\/\/bs2.lt\/#\/schema\/logo\/image\/","url":"https:\/\/bs2.lt\/wp-content\/uploads\/2022\/08\/bs2-logo.svg","contentUrl":"https:\/\/bs2.lt\/wp-content\/uploads\/2022\/08\/bs2-logo.svg","width":100,"height":57,"caption":"BS\/2"},"image":{"@id":"https:\/\/bs2.lt\/#\/schema\/logo\/image\/"},"sameAs":["https:\/\/www.facebook.com\/bs2solutions\/","https:\/\/www.linkedin.com\/showcase\/bs2solutions","https:\/\/www.youtube.com\/c\/Bs2Lt"]}]}},"_links":{"self":[{"href":"https:\/\/bs2.lt\/az\/wp-json\/wp\/v2\/product\/25906","targetHints":{"allow":["GET"]}}],"collection":[{"href":"https:\/\/bs2.lt\/az\/wp-json\/wp\/v2\/product"}],"about":[{"href":"https:\/\/bs2.lt\/az\/wp-json\/wp\/v2\/types\/product"}],"wp:featuredmedia":[{"embeddable":true,"href":"https:\/\/bs2.lt\/az\/wp-json\/wp\/v2\/media\/29023"}],"wp:attachment":[{"href":"https:\/\/bs2.lt\/az\/wp-json\/wp\/v2\/media?parent=25906"}],"wp:term":[{"taxonomy":"product_category","embeddable":true,"href":"https:\/\/bs2.lt\/az\/wp-json\/wp\/v2\/product_category?post=25906"},{"taxonomy":"atm_series","embeddable":true,"href":"https:\/\/bs2.lt\/az\/wp-json\/wp\/v2\/atm_series?post=25906"},{"taxonomy":"atm_cashflow","embeddable":true,"href":"https:\/\/bs2.lt\/az\/wp-json\/wp\/v2\/atm_cashflow?post=25906"},{"taxonomy":"atm_type","embeddable":true,"href":"https:\/\/bs2.lt\/az\/wp-json\/wp\/v2\/atm_type?post=25906"},{"taxonomy":"product-provider","embeddable":true,"href":"https:\/\/bs2.lt\/az\/wp-json\/wp\/v2\/product-provider?post=25906"}],"curies":[{"name":"wp","href":"https:\/\/api.w.org\/{rel}","templated":true}]}}