{"id":25905,"date":"2022-03-29T08:58:06","date_gmt":"2022-03-29T10:58:06","guid":{"rendered":"https:\/\/bs2.lt\/bs2.lt\/?post_type=product&#038;p=25905"},"modified":"2022-03-29T09:08:38","modified_gmt":"2022-03-29T11:08:38","slug":"translink-iq","status":"publish","type":"product","link":"https:\/\/bs2.lt\/az\/product\/translink-iq\/","title":{"rendered":"TransLink.iQ"},"content":{"rendered":"<p>TransLink.iQ, POS \u015f\u0259b\u0259k\u0259nin idar\u0259etm\u0259si v\u0259 tranzaksiyalar\u0131n y\u00f6nl\u0259ndirm\u0259si \u00fc\u00e7\u00fcn h\u0259rt\u0259r\u0259fli proqram platformas\u0131d\u0131r. \u00c7\u00f6z\u00fcm \u00f6d\u0259m\u0259 terminallar\u0131n\u0131n \u0259sas funksiyalar d\u0259stin\u0259 yeni imkanlar \u0259lav\u0259 ed\u0259r\u0259k avadanl\u0131\u011f\u0131n ekvayrinq funksiyas\u0131n\u0131 inki\u015faf etdirm\u0259y\u0259 imkan verir.<\/p>\n<p>Proqram \u00e7\u00f6z\u00fcm\u00fc, m\u00f6vcud funksiyalar\u0131n\u0131 f\u0259rqli istehsal\u00e7\u0131lar\u0131n POS terminallar\u0131nda t\u0259k bir n\u0259zar\u0259t m\u0259ntiqi \u00e7\u0259r\u00e7iv\u0259sind\u0259 istifad\u0259 etm\u0259k imkan\u0131 t\u0259min edir.<\/p>\n<p>TransLink.iQ platformas\u0131 beyn\u0259lxalq \u00f6d\u0259m\u0259 sisteml\u0259rinin t\u0259l\u0259bl\u0259ri n\u0259z\u0259r\u0259 al\u0131nmaqla haz\u0131rlanm\u0131\u015fd\u0131r v\u0259 PCI PA-DSS qlobal kart \u0259m\u0259liyyatlar\u0131 t\u0259hl\u00fck\u0259sizlik standartlar\u0131n\u0131n t\u0259l\u0259bl\u0259rin\u0259 cavab verir.<\/p>\n<p>TransLink.iQ proqram platformas\u0131n\u0131n inki\u015faf\u0131 v\u0259 t\u0259tbiqi BS\/2 il\u0259 birlikd\u0259 Penki Kontinentai \u015firk\u0259tl\u0259r qrupuna daxil olan ASHBURN International t\u0259r\u0259find\u0259n h\u0259yata ke\u00e7irilir. TransLink.iQ v\u0259 dig\u0259r ASHBURN International m\u0259hsullar\u0131 v\u0259 xidm\u0259tl\u0259ri haqq\u0131nda daha \u00e7ox m\u0259lumat \u0259ld\u0259 edin<\/p>\n","protected":false},"featured_media":20587,"template":"","product_category":[346],"atm_series":[],"atm_cashflow":[],"atm_type":[],"product-provider":[],"class_list":["post-25905","product","type-product","status-publish","has-post-thumbnail","hentry","product_category-software"],"acf":[],"yoast_head":"<!-- This site is optimized with the Yoast SEO plugin v26.2 - https:\/\/yoast.com\/wordpress\/plugins\/seo\/ -->\n<title>TransLink.iQ | BS\/2<\/title>\n<meta name=\"robots\" content=\"index, follow, max-snippet:-1, max-image-preview:large, max-video-preview:-1\" \/>\n<link rel=\"canonical\" href=\"https:\/\/bs2.lt\/az\/product\/translink-iq\/\" \/>\n<meta property=\"og:locale\" content=\"az_AZ\" \/>\n<meta property=\"og:type\" content=\"article\" \/>\n<meta property=\"og:title\" content=\"TransLink.iQ | BS\/2\" \/>\n<meta property=\"og:description\" content=\"TransLink.iQ, POS \u015f\u0259b\u0259k\u0259nin idar\u0259etm\u0259si v\u0259 tranzaksiyalar\u0131n y\u00f6nl\u0259ndirm\u0259si \u00fc\u00e7\u00fcn h\u0259rt\u0259r\u0259fli proqram platformas\u0131d\u0131r. \u00c7\u00f6z\u00fcm \u00f6d\u0259m\u0259 terminallar\u0131n\u0131n \u0259sas funksiyalar d\u0259stin\u0259 yeni imkanlar \u0259lav\u0259 ed\u0259r\u0259k avadanl\u0131\u011f\u0131n ekvayrinq funksiyas\u0131n\u0131 inki\u015faf etdirm\u0259y\u0259 imkan verir. Proqram \u00e7\u00f6z\u00fcm\u00fc, m\u00f6vcud funksiyalar\u0131n\u0131 f\u0259rqli istehsal\u00e7\u0131lar\u0131n POS terminallar\u0131nda t\u0259k bir n\u0259zar\u0259t m\u0259ntiqi \u00e7\u0259r\u00e7iv\u0259sind\u0259 istifad\u0259 etm\u0259k imkan\u0131 t\u0259min edir. TransLink.iQ platformas\u0131 beyn\u0259lxalq \u00f6d\u0259m\u0259 sisteml\u0259rinin t\u0259l\u0259bl\u0259ri n\u0259z\u0259r\u0259 al\u0131nmaqla haz\u0131rlanm\u0131\u015fd\u0131r [&hellip;]\" \/>\n<meta property=\"og:url\" content=\"https:\/\/bs2.lt\/az\/product\/translink-iq\/\" \/>\n<meta property=\"og:site_name\" content=\"BS\/2\" \/>\n<meta property=\"article:publisher\" content=\"https:\/\/www.facebook.com\/bs2solutions\/\" \/>\n<meta property=\"article:modified_time\" content=\"2022-03-29T11:08:38+00:00\" \/>\n<meta property=\"og:image\" content=\"https:\/\/bs2.lt\/wp-content\/uploads\/2021\/02\/translink-screen.jpg\" \/>\n\t<meta property=\"og:image:width\" content=\"1600\" \/>\n\t<meta property=\"og:image:height\" content=\"1388\" \/>\n\t<meta property=\"og:image:type\" content=\"image\/jpeg\" \/>\n<meta name=\"twitter:card\" content=\"summary_large_image\" \/>\n<meta name=\"twitter:label1\" content=\"Est. reading time\" \/>\n\t<meta name=\"twitter:data1\" content=\"1 minute\" \/>\n<script type=\"application\/ld+json\" class=\"yoast-schema-graph\">{\"@context\":\"https:\/\/schema.org\",\"@graph\":[{\"@type\":\"WebPage\",\"@id\":\"https:\/\/bs2.lt\/az\/product\/translink-iq\/\",\"url\":\"https:\/\/bs2.lt\/az\/product\/translink-iq\/\",\"name\":\"TransLink.iQ | BS\/2\",\"isPartOf\":{\"@id\":\"https:\/\/bs2.lt\/#website\"},\"primaryImageOfPage\":{\"@id\":\"https:\/\/bs2.lt\/az\/product\/translink-iq\/#primaryimage\"},\"image\":{\"@id\":\"https:\/\/bs2.lt\/az\/product\/translink-iq\/#primaryimage\"},\"thumbnailUrl\":\"https:\/\/bs2.lt\/wp-content\/uploads\/2021\/02\/translink-screen.jpg\",\"datePublished\":\"2022-03-29T10:58:06+00:00\",\"dateModified\":\"2022-03-29T11:08:38+00:00\",\"breadcrumb\":{\"@id\":\"https:\/\/bs2.lt\/az\/product\/translink-iq\/#breadcrumb\"},\"inLanguage\":\"az\",\"potentialAction\":[{\"@type\":\"ReadAction\",\"target\":[\"https:\/\/bs2.lt\/az\/product\/translink-iq\/\"]}]},{\"@type\":\"ImageObject\",\"inLanguage\":\"az\",\"@id\":\"https:\/\/bs2.lt\/az\/product\/translink-iq\/#primaryimage\",\"url\":\"https:\/\/bs2.lt\/wp-content\/uploads\/2021\/02\/translink-screen.jpg\",\"contentUrl\":\"https:\/\/bs2.lt\/wp-content\/uploads\/2021\/02\/translink-screen.jpg\",\"width\":1600,\"height\":1388},{\"@type\":\"BreadcrumbList\",\"@id\":\"https:\/\/bs2.lt\/az\/product\/translink-iq\/#breadcrumb\",\"itemListElement\":[{\"@type\":\"ListItem\",\"position\":1,\"name\":\"Home\",\"item\":\"https:\/\/bs2.lt\/az\/\"},{\"@type\":\"ListItem\",\"position\":2,\"name\":\"TransLink.iQ\"}]},{\"@type\":\"WebSite\",\"@id\":\"https:\/\/bs2.lt\/#website\",\"url\":\"https:\/\/bs2.lt\/\",\"name\":\"BS\/2\",\"description\":\"Banking and retail technology company\",\"publisher\":{\"@id\":\"https:\/\/bs2.lt\/#organization\"},\"potentialAction\":[{\"@type\":\"SearchAction\",\"target\":{\"@type\":\"EntryPoint\",\"urlTemplate\":\"https:\/\/bs2.lt\/?s={search_term_string}\"},\"query-input\":{\"@type\":\"PropertyValueSpecification\",\"valueRequired\":true,\"valueName\":\"search_term_string\"}}],\"inLanguage\":\"az\"},{\"@type\":\"Organization\",\"@id\":\"https:\/\/bs2.lt\/#organization\",\"name\":\"BS\/2\",\"url\":\"https:\/\/bs2.lt\/\",\"logo\":{\"@type\":\"ImageObject\",\"inLanguage\":\"az\",\"@id\":\"https:\/\/bs2.lt\/#\/schema\/logo\/image\/\",\"url\":\"https:\/\/bs2.lt\/wp-content\/uploads\/2022\/08\/bs2-logo.svg\",\"contentUrl\":\"https:\/\/bs2.lt\/wp-content\/uploads\/2022\/08\/bs2-logo.svg\",\"width\":100,\"height\":57,\"caption\":\"BS\/2\"},\"image\":{\"@id\":\"https:\/\/bs2.lt\/#\/schema\/logo\/image\/\"},\"sameAs\":[\"https:\/\/www.facebook.com\/bs2solutions\/\",\"https:\/\/www.linkedin.com\/showcase\/bs2solutions\",\"https:\/\/www.youtube.com\/c\/Bs2Lt\"]}]}<\/script>\n<!-- \/ Yoast SEO plugin. -->","yoast_head_json":{"title":"TransLink.iQ | BS\/2","robots":{"index":"index","follow":"follow","max-snippet":"max-snippet:-1","max-image-preview":"max-image-preview:large","max-video-preview":"max-video-preview:-1"},"canonical":"https:\/\/bs2.lt\/az\/product\/translink-iq\/","og_locale":"az_AZ","og_type":"article","og_title":"TransLink.iQ | BS\/2","og_description":"TransLink.iQ, POS \u015f\u0259b\u0259k\u0259nin idar\u0259etm\u0259si v\u0259 tranzaksiyalar\u0131n y\u00f6nl\u0259ndirm\u0259si \u00fc\u00e7\u00fcn h\u0259rt\u0259r\u0259fli proqram platformas\u0131d\u0131r. \u00c7\u00f6z\u00fcm \u00f6d\u0259m\u0259 terminallar\u0131n\u0131n \u0259sas funksiyalar d\u0259stin\u0259 yeni imkanlar \u0259lav\u0259 ed\u0259r\u0259k avadanl\u0131\u011f\u0131n ekvayrinq funksiyas\u0131n\u0131 inki\u015faf etdirm\u0259y\u0259 imkan verir. Proqram \u00e7\u00f6z\u00fcm\u00fc, m\u00f6vcud funksiyalar\u0131n\u0131 f\u0259rqli istehsal\u00e7\u0131lar\u0131n POS terminallar\u0131nda t\u0259k bir n\u0259zar\u0259t m\u0259ntiqi \u00e7\u0259r\u00e7iv\u0259sind\u0259 istifad\u0259 etm\u0259k imkan\u0131 t\u0259min edir. TransLink.iQ platformas\u0131 beyn\u0259lxalq \u00f6d\u0259m\u0259 sisteml\u0259rinin t\u0259l\u0259bl\u0259ri n\u0259z\u0259r\u0259 al\u0131nmaqla haz\u0131rlanm\u0131\u015fd\u0131r [&hellip;]","og_url":"https:\/\/bs2.lt\/az\/product\/translink-iq\/","og_site_name":"BS\/2","article_publisher":"https:\/\/www.facebook.com\/bs2solutions\/","article_modified_time":"2022-03-29T11:08:38+00:00","og_image":[{"width":1600,"height":1388,"url":"https:\/\/bs2.lt\/wp-content\/uploads\/2021\/02\/translink-screen.jpg","type":"image\/jpeg"}],"twitter_card":"summary_large_image","twitter_misc":{"Est. reading time":"1 minute"},"schema":{"@context":"https:\/\/schema.org","@graph":[{"@type":"WebPage","@id":"https:\/\/bs2.lt\/az\/product\/translink-iq\/","url":"https:\/\/bs2.lt\/az\/product\/translink-iq\/","name":"TransLink.iQ | BS\/2","isPartOf":{"@id":"https:\/\/bs2.lt\/#website"},"primaryImageOfPage":{"@id":"https:\/\/bs2.lt\/az\/product\/translink-iq\/#primaryimage"},"image":{"@id":"https:\/\/bs2.lt\/az\/product\/translink-iq\/#primaryimage"},"thumbnailUrl":"https:\/\/bs2.lt\/wp-content\/uploads\/2021\/02\/translink-screen.jpg","datePublished":"2022-03-29T10:58:06+00:00","dateModified":"2022-03-29T11:08:38+00:00","breadcrumb":{"@id":"https:\/\/bs2.lt\/az\/product\/translink-iq\/#breadcrumb"},"inLanguage":"az","potentialAction":[{"@type":"ReadAction","target":["https:\/\/bs2.lt\/az\/product\/translink-iq\/"]}]},{"@type":"ImageObject","inLanguage":"az","@id":"https:\/\/bs2.lt\/az\/product\/translink-iq\/#primaryimage","url":"https:\/\/bs2.lt\/wp-content\/uploads\/2021\/02\/translink-screen.jpg","contentUrl":"https:\/\/bs2.lt\/wp-content\/uploads\/2021\/02\/translink-screen.jpg","width":1600,"height":1388},{"@type":"BreadcrumbList","@id":"https:\/\/bs2.lt\/az\/product\/translink-iq\/#breadcrumb","itemListElement":[{"@type":"ListItem","position":1,"name":"Home","item":"https:\/\/bs2.lt\/az\/"},{"@type":"ListItem","position":2,"name":"TransLink.iQ"}]},{"@type":"WebSite","@id":"https:\/\/bs2.lt\/#website","url":"https:\/\/bs2.lt\/","name":"BS\/2","description":"Banking and retail technology company","publisher":{"@id":"https:\/\/bs2.lt\/#organization"},"potentialAction":[{"@type":"SearchAction","target":{"@type":"EntryPoint","urlTemplate":"https:\/\/bs2.lt\/?s={search_term_string}"},"query-input":{"@type":"PropertyValueSpecification","valueRequired":true,"valueName":"search_term_string"}}],"inLanguage":"az"},{"@type":"Organization","@id":"https:\/\/bs2.lt\/#organization","name":"BS\/2","url":"https:\/\/bs2.lt\/","logo":{"@type":"ImageObject","inLanguage":"az","@id":"https:\/\/bs2.lt\/#\/schema\/logo\/image\/","url":"https:\/\/bs2.lt\/wp-content\/uploads\/2022\/08\/bs2-logo.svg","contentUrl":"https:\/\/bs2.lt\/wp-content\/uploads\/2022\/08\/bs2-logo.svg","width":100,"height":57,"caption":"BS\/2"},"image":{"@id":"https:\/\/bs2.lt\/#\/schema\/logo\/image\/"},"sameAs":["https:\/\/www.facebook.com\/bs2solutions\/","https:\/\/www.linkedin.com\/showcase\/bs2solutions","https:\/\/www.youtube.com\/c\/Bs2Lt"]}]}},"_links":{"self":[{"href":"https:\/\/bs2.lt\/az\/wp-json\/wp\/v2\/product\/25905","targetHints":{"allow":["GET"]}}],"collection":[{"href":"https:\/\/bs2.lt\/az\/wp-json\/wp\/v2\/product"}],"about":[{"href":"https:\/\/bs2.lt\/az\/wp-json\/wp\/v2\/types\/product"}],"wp:featuredmedia":[{"embeddable":true,"href":"https:\/\/bs2.lt\/az\/wp-json\/wp\/v2\/media\/20587"}],"wp:attachment":[{"href":"https:\/\/bs2.lt\/az\/wp-json\/wp\/v2\/media?parent=25905"}],"wp:term":[{"taxonomy":"product_category","embeddable":true,"href":"https:\/\/bs2.lt\/az\/wp-json\/wp\/v2\/product_category?post=25905"},{"taxonomy":"atm_series","embeddable":true,"href":"https:\/\/bs2.lt\/az\/wp-json\/wp\/v2\/atm_series?post=25905"},{"taxonomy":"atm_cashflow","embeddable":true,"href":"https:\/\/bs2.lt\/az\/wp-json\/wp\/v2\/atm_cashflow?post=25905"},{"taxonomy":"atm_type","embeddable":true,"href":"https:\/\/bs2.lt\/az\/wp-json\/wp\/v2\/atm_type?post=25905"},{"taxonomy":"product-provider","embeddable":true,"href":"https:\/\/bs2.lt\/az\/wp-json\/wp\/v2\/product-provider?post=25905"}],"curies":[{"name":"wp","href":"https:\/\/api.w.org\/{rel}","templated":true}]}}