{"id":25904,"date":"2022-03-29T08:47:43","date_gmt":"2022-03-29T10:47:43","guid":{"rendered":"https:\/\/bs2.lt\/bs2.lt\/?post_type=product&#038;p=25904"},"modified":"2022-03-29T08:56:45","modified_gmt":"2022-03-29T10:56:45","slug":"service-desk-iq","status":"publish","type":"product","link":"https:\/\/bs2.lt\/az\/product\/service-desk-iq\/","title":{"rendered":"Service Desk.iQ"},"content":{"rendered":"<p>Service Desk.iQ, m\u00fcxt\u0259lif n\u00f6v ixtisasla\u015fm\u0131\u015f avadanl\u0131qlar\u0131n xidm\u0259t prosesl\u0259rinin avtomatla\u015fd\u0131r\u0131lmas\u0131 \u00fc\u00e7\u00fcn bir proqram platformas\u0131d\u0131r. \u00c7\u00f6z\u00fcm, m\u00fcqavil\u0259 \u00f6hd\u0259likl\u0259rinin (SLA) monitorinqi \u00fc\u00e7\u00fcn m\u00fc\u0259yy\u0259n edilmi\u015f parametrl\u0259r\u0259 \u0259sas\u0259n m\u00fc\u015ft\u0259ri xidm\u0259ti t\u0259l\u0259bl\u0259rinin t\u0259yin edilm\u0259si, vaxt\u0131nda icras\u0131 v\u0259 ba\u011flanmas\u0131ndan m\u0259suldur.<\/p>\n<p>H\u0259m\u00e7inin, Service Desk.iQ bahal\u0131 texnoloji avadanl\u0131qlara xidm\u0259t g\u00f6st\u0259rilm\u0259sini t\u0259min etm\u0259k \u00fc\u00e7\u00fcn istifad\u0259 olunan maddi-texniki vasit\u0259l\u0259rin idar\u0259 edilm\u0259sini yeni s\u0259viyy\u0259y\u0259 qald\u0131rma\u011fa imkan verir.<\/p>\n<p>Eyni zamanda, sistem f\u0259rdi xidm\u0259t m\u00fch\u0259ndisl\u0259rinin v\u0259 b\u00fct\u00fcn \u015f\u00f6b\u0259l\u0259rin effektivliyini, anbardak\u0131 avadanl\u0131qlar\u0131n v\u0259 ehtiyat hiss\u0259l\u0259rinin h\u0259r\u0259k\u0259ti v\u0259 xidm\u0259t x\u0259rcl\u0259ri bar\u0259d\u0259 hesabatlar da daxil olmaqla kompleks i\u015f z\u0259kas\u0131 \u00fc\u00e7\u00fcn m\u0259lumat verir.<\/p>\n<p>Service Desk.iQ, xidm\u0259t sor\u011fusu almaqdan yerin\u0259 yetiril\u0259n i\u015f \u00fc\u00e7\u00fcn q\u0259bz verm\u0259y\u0259 q\u0259d\u0259r xidm\u0259t prosesi \u00fcz\u0259rind\u0259 tam n\u0259zar\u0259t \u0259ld\u0259 etm\u0259y\u0259 imkan verir.<\/p>\n<p>\u00c7\u00f6z\u00fcm ITIL V3 t\u00f6vsiy\u0259l\u0259rin\u0259 v\u0259 ISO 20000 beyn\u0259lxalq idar\u0259etm\u0259 v\u0259 texniki xidm\u0259t standartlar\u0131na uy\u011fundur.<\/p>\n","protected":false},"featured_media":20492,"template":"","product_category":[346],"atm_series":[],"atm_cashflow":[],"atm_type":[],"product-provider":[],"class_list":["post-25904","product","type-product","status-publish","has-post-thumbnail","hentry","product_category-software"],"acf":[],"yoast_head":"<!-- This site is optimized with the Yoast SEO plugin v26.2 - https:\/\/yoast.com\/wordpress\/plugins\/seo\/ -->\n<title>Service Desk.iQ | BS\/2<\/title>\n<meta name=\"robots\" content=\"index, follow, max-snippet:-1, max-image-preview:large, max-video-preview:-1\" \/>\n<link rel=\"canonical\" href=\"https:\/\/bs2.lt\/product\/service-desk-iq\/\" \/>\n<meta property=\"og:locale\" content=\"az_AZ\" \/>\n<meta property=\"og:type\" content=\"article\" \/>\n<meta property=\"og:title\" content=\"Service Desk.iQ | BS\/2\" \/>\n<meta property=\"og:description\" content=\"Service Desk.iQ, m\u00fcxt\u0259lif n\u00f6v ixtisasla\u015fm\u0131\u015f avadanl\u0131qlar\u0131n xidm\u0259t prosesl\u0259rinin avtomatla\u015fd\u0131r\u0131lmas\u0131 \u00fc\u00e7\u00fcn bir proqram platformas\u0131d\u0131r. \u00c7\u00f6z\u00fcm, m\u00fcqavil\u0259 \u00f6hd\u0259likl\u0259rinin (SLA) monitorinqi \u00fc\u00e7\u00fcn m\u00fc\u0259yy\u0259n edilmi\u015f parametrl\u0259r\u0259 \u0259sas\u0259n m\u00fc\u015ft\u0259ri xidm\u0259ti t\u0259l\u0259bl\u0259rinin t\u0259yin edilm\u0259si, vaxt\u0131nda icras\u0131 v\u0259 ba\u011flanmas\u0131ndan m\u0259suldur. H\u0259m\u00e7inin, Service Desk.iQ bahal\u0131 texnoloji avadanl\u0131qlara xidm\u0259t g\u00f6st\u0259rilm\u0259sini t\u0259min etm\u0259k \u00fc\u00e7\u00fcn istifad\u0259 olunan maddi-texniki vasit\u0259l\u0259rin idar\u0259 edilm\u0259sini yeni s\u0259viyy\u0259y\u0259 qald\u0131rma\u011fa imkan verir. [&hellip;]\" \/>\n<meta property=\"og:url\" content=\"https:\/\/bs2.lt\/product\/service-desk-iq\/\" \/>\n<meta property=\"og:site_name\" content=\"BS\/2\" \/>\n<meta property=\"article:publisher\" content=\"https:\/\/www.facebook.com\/bs2solutions\/\" \/>\n<meta property=\"article:modified_time\" content=\"2022-03-29T10:56:45+00:00\" \/>\n<meta property=\"og:image\" content=\"https:\/\/bs2.lt\/wp-content\/uploads\/2021\/01\/service-desk-screen.jpg\" \/>\n\t<meta property=\"og:image:width\" content=\"1600\" \/>\n\t<meta property=\"og:image:height\" content=\"1388\" \/>\n\t<meta property=\"og:image:type\" content=\"image\/jpeg\" \/>\n<meta name=\"twitter:card\" content=\"summary_large_image\" \/>\n<meta name=\"twitter:label1\" content=\"Est. reading time\" \/>\n\t<meta name=\"twitter:data1\" content=\"1 minute\" \/>\n<script type=\"application\/ld+json\" class=\"yoast-schema-graph\">{\"@context\":\"https:\/\/schema.org\",\"@graph\":[{\"@type\":\"WebPage\",\"@id\":\"https:\/\/bs2.lt\/product\/service-desk-iq\/\",\"url\":\"https:\/\/bs2.lt\/product\/service-desk-iq\/\",\"name\":\"Service Desk.iQ | BS\/2\",\"isPartOf\":{\"@id\":\"https:\/\/bs2.lt\/#website\"},\"primaryImageOfPage\":{\"@id\":\"https:\/\/bs2.lt\/product\/service-desk-iq\/#primaryimage\"},\"image\":{\"@id\":\"https:\/\/bs2.lt\/product\/service-desk-iq\/#primaryimage\"},\"thumbnailUrl\":\"https:\/\/bs2.lt\/wp-content\/uploads\/2021\/01\/service-desk-screen.jpg\",\"datePublished\":\"2022-03-29T10:47:43+00:00\",\"dateModified\":\"2022-03-29T10:56:45+00:00\",\"breadcrumb\":{\"@id\":\"https:\/\/bs2.lt\/product\/service-desk-iq\/#breadcrumb\"},\"inLanguage\":\"az\",\"potentialAction\":[{\"@type\":\"ReadAction\",\"target\":[\"https:\/\/bs2.lt\/product\/service-desk-iq\/\"]}]},{\"@type\":\"ImageObject\",\"inLanguage\":\"az\",\"@id\":\"https:\/\/bs2.lt\/product\/service-desk-iq\/#primaryimage\",\"url\":\"https:\/\/bs2.lt\/wp-content\/uploads\/2021\/01\/service-desk-screen.jpg\",\"contentUrl\":\"https:\/\/bs2.lt\/wp-content\/uploads\/2021\/01\/service-desk-screen.jpg\",\"width\":1600,\"height\":1388},{\"@type\":\"BreadcrumbList\",\"@id\":\"https:\/\/bs2.lt\/product\/service-desk-iq\/#breadcrumb\",\"itemListElement\":[{\"@type\":\"ListItem\",\"position\":1,\"name\":\"Home\",\"item\":\"https:\/\/bs2.lt\/az\/\"},{\"@type\":\"ListItem\",\"position\":2,\"name\":\"Service Desk.iQ\"}]},{\"@type\":\"WebSite\",\"@id\":\"https:\/\/bs2.lt\/#website\",\"url\":\"https:\/\/bs2.lt\/\",\"name\":\"BS\/2\",\"description\":\"Banking and retail technology company\",\"publisher\":{\"@id\":\"https:\/\/bs2.lt\/#organization\"},\"potentialAction\":[{\"@type\":\"SearchAction\",\"target\":{\"@type\":\"EntryPoint\",\"urlTemplate\":\"https:\/\/bs2.lt\/?s={search_term_string}\"},\"query-input\":{\"@type\":\"PropertyValueSpecification\",\"valueRequired\":true,\"valueName\":\"search_term_string\"}}],\"inLanguage\":\"az\"},{\"@type\":\"Organization\",\"@id\":\"https:\/\/bs2.lt\/#organization\",\"name\":\"BS\/2\",\"url\":\"https:\/\/bs2.lt\/\",\"logo\":{\"@type\":\"ImageObject\",\"inLanguage\":\"az\",\"@id\":\"https:\/\/bs2.lt\/#\/schema\/logo\/image\/\",\"url\":\"https:\/\/bs2.lt\/wp-content\/uploads\/2022\/08\/bs2-logo.svg\",\"contentUrl\":\"https:\/\/bs2.lt\/wp-content\/uploads\/2022\/08\/bs2-logo.svg\",\"width\":100,\"height\":57,\"caption\":\"BS\/2\"},\"image\":{\"@id\":\"https:\/\/bs2.lt\/#\/schema\/logo\/image\/\"},\"sameAs\":[\"https:\/\/www.facebook.com\/bs2solutions\/\",\"https:\/\/www.linkedin.com\/showcase\/bs2solutions\",\"https:\/\/www.youtube.com\/c\/Bs2Lt\"]}]}<\/script>\n<!-- \/ Yoast SEO plugin. -->","yoast_head_json":{"title":"Service Desk.iQ | BS\/2","robots":{"index":"index","follow":"follow","max-snippet":"max-snippet:-1","max-image-preview":"max-image-preview:large","max-video-preview":"max-video-preview:-1"},"canonical":"https:\/\/bs2.lt\/product\/service-desk-iq\/","og_locale":"az_AZ","og_type":"article","og_title":"Service Desk.iQ | BS\/2","og_description":"Service Desk.iQ, m\u00fcxt\u0259lif n\u00f6v ixtisasla\u015fm\u0131\u015f avadanl\u0131qlar\u0131n xidm\u0259t prosesl\u0259rinin avtomatla\u015fd\u0131r\u0131lmas\u0131 \u00fc\u00e7\u00fcn bir proqram platformas\u0131d\u0131r. \u00c7\u00f6z\u00fcm, m\u00fcqavil\u0259 \u00f6hd\u0259likl\u0259rinin (SLA) monitorinqi \u00fc\u00e7\u00fcn m\u00fc\u0259yy\u0259n edilmi\u015f parametrl\u0259r\u0259 \u0259sas\u0259n m\u00fc\u015ft\u0259ri xidm\u0259ti t\u0259l\u0259bl\u0259rinin t\u0259yin edilm\u0259si, vaxt\u0131nda icras\u0131 v\u0259 ba\u011flanmas\u0131ndan m\u0259suldur. H\u0259m\u00e7inin, Service Desk.iQ bahal\u0131 texnoloji avadanl\u0131qlara xidm\u0259t g\u00f6st\u0259rilm\u0259sini t\u0259min etm\u0259k \u00fc\u00e7\u00fcn istifad\u0259 olunan maddi-texniki vasit\u0259l\u0259rin idar\u0259 edilm\u0259sini yeni s\u0259viyy\u0259y\u0259 qald\u0131rma\u011fa imkan verir. [&hellip;]","og_url":"https:\/\/bs2.lt\/product\/service-desk-iq\/","og_site_name":"BS\/2","article_publisher":"https:\/\/www.facebook.com\/bs2solutions\/","article_modified_time":"2022-03-29T10:56:45+00:00","og_image":[{"width":1600,"height":1388,"url":"https:\/\/bs2.lt\/wp-content\/uploads\/2021\/01\/service-desk-screen.jpg","type":"image\/jpeg"}],"twitter_card":"summary_large_image","twitter_misc":{"Est. reading time":"1 minute"},"schema":{"@context":"https:\/\/schema.org","@graph":[{"@type":"WebPage","@id":"https:\/\/bs2.lt\/product\/service-desk-iq\/","url":"https:\/\/bs2.lt\/product\/service-desk-iq\/","name":"Service Desk.iQ | BS\/2","isPartOf":{"@id":"https:\/\/bs2.lt\/#website"},"primaryImageOfPage":{"@id":"https:\/\/bs2.lt\/product\/service-desk-iq\/#primaryimage"},"image":{"@id":"https:\/\/bs2.lt\/product\/service-desk-iq\/#primaryimage"},"thumbnailUrl":"https:\/\/bs2.lt\/wp-content\/uploads\/2021\/01\/service-desk-screen.jpg","datePublished":"2022-03-29T10:47:43+00:00","dateModified":"2022-03-29T10:56:45+00:00","breadcrumb":{"@id":"https:\/\/bs2.lt\/product\/service-desk-iq\/#breadcrumb"},"inLanguage":"az","potentialAction":[{"@type":"ReadAction","target":["https:\/\/bs2.lt\/product\/service-desk-iq\/"]}]},{"@type":"ImageObject","inLanguage":"az","@id":"https:\/\/bs2.lt\/product\/service-desk-iq\/#primaryimage","url":"https:\/\/bs2.lt\/wp-content\/uploads\/2021\/01\/service-desk-screen.jpg","contentUrl":"https:\/\/bs2.lt\/wp-content\/uploads\/2021\/01\/service-desk-screen.jpg","width":1600,"height":1388},{"@type":"BreadcrumbList","@id":"https:\/\/bs2.lt\/product\/service-desk-iq\/#breadcrumb","itemListElement":[{"@type":"ListItem","position":1,"name":"Home","item":"https:\/\/bs2.lt\/az\/"},{"@type":"ListItem","position":2,"name":"Service Desk.iQ"}]},{"@type":"WebSite","@id":"https:\/\/bs2.lt\/#website","url":"https:\/\/bs2.lt\/","name":"BS\/2","description":"Banking and retail technology company","publisher":{"@id":"https:\/\/bs2.lt\/#organization"},"potentialAction":[{"@type":"SearchAction","target":{"@type":"EntryPoint","urlTemplate":"https:\/\/bs2.lt\/?s={search_term_string}"},"query-input":{"@type":"PropertyValueSpecification","valueRequired":true,"valueName":"search_term_string"}}],"inLanguage":"az"},{"@type":"Organization","@id":"https:\/\/bs2.lt\/#organization","name":"BS\/2","url":"https:\/\/bs2.lt\/","logo":{"@type":"ImageObject","inLanguage":"az","@id":"https:\/\/bs2.lt\/#\/schema\/logo\/image\/","url":"https:\/\/bs2.lt\/wp-content\/uploads\/2022\/08\/bs2-logo.svg","contentUrl":"https:\/\/bs2.lt\/wp-content\/uploads\/2022\/08\/bs2-logo.svg","width":100,"height":57,"caption":"BS\/2"},"image":{"@id":"https:\/\/bs2.lt\/#\/schema\/logo\/image\/"},"sameAs":["https:\/\/www.facebook.com\/bs2solutions\/","https:\/\/www.linkedin.com\/showcase\/bs2solutions","https:\/\/www.youtube.com\/c\/Bs2Lt"]}]}},"_links":{"self":[{"href":"https:\/\/bs2.lt\/az\/wp-json\/wp\/v2\/product\/25904","targetHints":{"allow":["GET"]}}],"collection":[{"href":"https:\/\/bs2.lt\/az\/wp-json\/wp\/v2\/product"}],"about":[{"href":"https:\/\/bs2.lt\/az\/wp-json\/wp\/v2\/types\/product"}],"wp:featuredmedia":[{"embeddable":true,"href":"https:\/\/bs2.lt\/az\/wp-json\/wp\/v2\/media\/20492"}],"wp:attachment":[{"href":"https:\/\/bs2.lt\/az\/wp-json\/wp\/v2\/media?parent=25904"}],"wp:term":[{"taxonomy":"product_category","embeddable":true,"href":"https:\/\/bs2.lt\/az\/wp-json\/wp\/v2\/product_category?post=25904"},{"taxonomy":"atm_series","embeddable":true,"href":"https:\/\/bs2.lt\/az\/wp-json\/wp\/v2\/atm_series?post=25904"},{"taxonomy":"atm_cashflow","embeddable":true,"href":"https:\/\/bs2.lt\/az\/wp-json\/wp\/v2\/atm_cashflow?post=25904"},{"taxonomy":"atm_type","embeddable":true,"href":"https:\/\/bs2.lt\/az\/wp-json\/wp\/v2\/atm_type?post=25904"},{"taxonomy":"product-provider","embeddable":true,"href":"https:\/\/bs2.lt\/az\/wp-json\/wp\/v2\/product-provider?post=25904"}],"curies":[{"name":"wp","href":"https:\/\/api.w.org\/{rel}","templated":true}]}}