{"id":25903,"date":"2022-03-29T06:43:15","date_gmt":"2022-03-29T08:43:15","guid":{"rendered":"https:\/\/bs2.lt\/bs2.lt\/?post_type=product&#038;p=25903"},"modified":"2022-03-29T06:56:52","modified_gmt":"2022-03-29T08:56:52","slug":"fcx-iq","status":"publish","type":"product","link":"https:\/\/bs2.lt\/az\/product\/fcx-iq\/","title":{"rendered":"FCX.iQ"},"content":{"rendered":"<p>FCX.iQ, bankomatlarda valyuta m\u00fcbadil\u0259si funksiyas\u0131n\u0131 t\u0259min ed\u0259n bir proqram h\u0259llidir.<\/p>\n<p>\u00c7\u00f6z\u00fcm, t\u0259krar emal (Recycling) funksiyas\u0131 olan bankomatlarda v\u0259 na\u011fd q\u0259bul v\u0259 \u00e7\u0131xarma funksiyas\u0131 olan \u00e7oxfunksiyal\u0131 bankomatlarda m\u00fcxt\u0259lif n\u00f6v valyutalar\u0131 m\u00fcbadil\u0259 etm\u0259y\u0259 imkan verir. Sistem terminallarda valyuta m\u0259z\u0259nn\u0259l\u0259rini v\u0259 komissiya d\u0259r\u0259c\u0259l\u0259rini ayr\u0131ca idar\u0259 etm\u0259k, terminal \u015f\u0259b\u0259k\u0259l\u0259rini idar\u0259 etm\u0259k, istifad\u0259\u00e7il\u0259ri m\u00fc\u0259yy\u0259nl\u0259\u015fdirm\u0259k, m\u0259lumat toplamaq v\u0259 \u00f6z\u00fcn\u0259xidm\u0259t cihazlar\u0131nda m\u00fcbadil\u0259 \u0259m\u0259liyyatlar\u0131 bar\u0259d\u0259 hesabat t\u0259rtib etm\u0259k \u00fc\u00e7\u00fcn geni\u015f imkanlar yarad\u0131r.<\/p>\n<p>FCX.iQ-nun m\u00fcxt\u0259lif bank sisteml\u0259ri il\u0259 inteqrasiyas\u0131 say\u0259sind\u0259 bankomatlarda valyuta m\u0259z\u0259nn\u0259l\u0259ri v\u0259 komissiya m\u0259z\u0259nn\u0259l\u0259ri avtomatik olaraq t\u0259yin olunur. Eyni zamanda, FCX.iQ sistem operatoru b\u00fct\u00fcn \u015f\u0259b\u0259k\u0259 cihazlar\u0131nda m\u00fcbadil\u0259 \u0259m\u0259liyyatlar\u0131n\u0131 uzaqdan izl\u0259m\u0259k v\u0259 sistemin i\u015fl\u0259m\u0259si il\u0259 ba\u011fl\u0131 tam statistik m\u0259lumat almaq imkan\u0131 qazan\u0131r.<\/p>\n","protected":false},"featured_media":20432,"template":"","product_category":[346],"atm_series":[],"atm_cashflow":[],"atm_type":[],"product-provider":[],"class_list":["post-25903","product","type-product","status-publish","has-post-thumbnail","hentry","product_category-software"],"acf":[],"yoast_head":"<!-- This site is optimized with the Yoast SEO plugin v26.2 - https:\/\/yoast.com\/wordpress\/plugins\/seo\/ -->\n<title>FCX.iQ | BS\/2<\/title>\n<meta name=\"robots\" content=\"index, follow, max-snippet:-1, max-image-preview:large, max-video-preview:-1\" \/>\n<link rel=\"canonical\" href=\"https:\/\/bs2.lt\/product\/fcx-iq\/\" \/>\n<meta property=\"og:locale\" content=\"az_AZ\" \/>\n<meta property=\"og:type\" content=\"article\" \/>\n<meta property=\"og:title\" content=\"FCX.iQ | BS\/2\" \/>\n<meta property=\"og:description\" content=\"FCX.iQ, bankomatlarda valyuta m\u00fcbadil\u0259si funksiyas\u0131n\u0131 t\u0259min ed\u0259n bir proqram h\u0259llidir. \u00c7\u00f6z\u00fcm, t\u0259krar emal (Recycling) funksiyas\u0131 olan bankomatlarda v\u0259 na\u011fd q\u0259bul v\u0259 \u00e7\u0131xarma funksiyas\u0131 olan \u00e7oxfunksiyal\u0131 bankomatlarda m\u00fcxt\u0259lif n\u00f6v valyutalar\u0131 m\u00fcbadil\u0259 etm\u0259y\u0259 imkan verir. Sistem terminallarda valyuta m\u0259z\u0259nn\u0259l\u0259rini v\u0259 komissiya d\u0259r\u0259c\u0259l\u0259rini ayr\u0131ca idar\u0259 etm\u0259k, terminal \u015f\u0259b\u0259k\u0259l\u0259rini idar\u0259 etm\u0259k, istifad\u0259\u00e7il\u0259ri m\u00fc\u0259yy\u0259nl\u0259\u015fdirm\u0259k, m\u0259lumat toplamaq v\u0259 \u00f6z\u00fcn\u0259xidm\u0259t cihazlar\u0131nda m\u00fcbadil\u0259 [&hellip;]\" \/>\n<meta property=\"og:url\" content=\"https:\/\/bs2.lt\/product\/fcx-iq\/\" \/>\n<meta property=\"og:site_name\" content=\"BS\/2\" \/>\n<meta property=\"article:publisher\" content=\"https:\/\/www.facebook.com\/bs2solutions\/\" \/>\n<meta property=\"article:modified_time\" content=\"2022-03-29T08:56:52+00:00\" \/>\n<meta property=\"og:image\" content=\"https:\/\/bs2.lt\/wp-content\/uploads\/2021\/01\/fcx-screen.jpg\" \/>\n\t<meta property=\"og:image:width\" content=\"1600\" \/>\n\t<meta property=\"og:image:height\" content=\"1388\" \/>\n\t<meta property=\"og:image:type\" content=\"image\/jpeg\" \/>\n<meta name=\"twitter:card\" content=\"summary_large_image\" \/>\n<meta name=\"twitter:label1\" content=\"Est. reading time\" \/>\n\t<meta name=\"twitter:data1\" content=\"1 minute\" \/>\n<script type=\"application\/ld+json\" class=\"yoast-schema-graph\">{\"@context\":\"https:\/\/schema.org\",\"@graph\":[{\"@type\":\"WebPage\",\"@id\":\"https:\/\/bs2.lt\/product\/fcx-iq\/\",\"url\":\"https:\/\/bs2.lt\/product\/fcx-iq\/\",\"name\":\"FCX.iQ | BS\/2\",\"isPartOf\":{\"@id\":\"https:\/\/bs2.lt\/#website\"},\"primaryImageOfPage\":{\"@id\":\"https:\/\/bs2.lt\/product\/fcx-iq\/#primaryimage\"},\"image\":{\"@id\":\"https:\/\/bs2.lt\/product\/fcx-iq\/#primaryimage\"},\"thumbnailUrl\":\"https:\/\/bs2.lt\/wp-content\/uploads\/2021\/01\/fcx-screen.jpg\",\"datePublished\":\"2022-03-29T08:43:15+00:00\",\"dateModified\":\"2022-03-29T08:56:52+00:00\",\"breadcrumb\":{\"@id\":\"https:\/\/bs2.lt\/product\/fcx-iq\/#breadcrumb\"},\"inLanguage\":\"az\",\"potentialAction\":[{\"@type\":\"ReadAction\",\"target\":[\"https:\/\/bs2.lt\/product\/fcx-iq\/\"]}]},{\"@type\":\"ImageObject\",\"inLanguage\":\"az\",\"@id\":\"https:\/\/bs2.lt\/product\/fcx-iq\/#primaryimage\",\"url\":\"https:\/\/bs2.lt\/wp-content\/uploads\/2021\/01\/fcx-screen.jpg\",\"contentUrl\":\"https:\/\/bs2.lt\/wp-content\/uploads\/2021\/01\/fcx-screen.jpg\",\"width\":1600,\"height\":1388},{\"@type\":\"BreadcrumbList\",\"@id\":\"https:\/\/bs2.lt\/product\/fcx-iq\/#breadcrumb\",\"itemListElement\":[{\"@type\":\"ListItem\",\"position\":1,\"name\":\"Home\",\"item\":\"https:\/\/bs2.lt\/az\/\"},{\"@type\":\"ListItem\",\"position\":2,\"name\":\"FCX.iQ\"}]},{\"@type\":\"WebSite\",\"@id\":\"https:\/\/bs2.lt\/#website\",\"url\":\"https:\/\/bs2.lt\/\",\"name\":\"BS\/2\",\"description\":\"Banking and retail technology company\",\"publisher\":{\"@id\":\"https:\/\/bs2.lt\/#organization\"},\"potentialAction\":[{\"@type\":\"SearchAction\",\"target\":{\"@type\":\"EntryPoint\",\"urlTemplate\":\"https:\/\/bs2.lt\/?s={search_term_string}\"},\"query-input\":{\"@type\":\"PropertyValueSpecification\",\"valueRequired\":true,\"valueName\":\"search_term_string\"}}],\"inLanguage\":\"az\"},{\"@type\":\"Organization\",\"@id\":\"https:\/\/bs2.lt\/#organization\",\"name\":\"BS\/2\",\"url\":\"https:\/\/bs2.lt\/\",\"logo\":{\"@type\":\"ImageObject\",\"inLanguage\":\"az\",\"@id\":\"https:\/\/bs2.lt\/#\/schema\/logo\/image\/\",\"url\":\"https:\/\/bs2.lt\/wp-content\/uploads\/2022\/08\/bs2-logo.svg\",\"contentUrl\":\"https:\/\/bs2.lt\/wp-content\/uploads\/2022\/08\/bs2-logo.svg\",\"width\":100,\"height\":57,\"caption\":\"BS\/2\"},\"image\":{\"@id\":\"https:\/\/bs2.lt\/#\/schema\/logo\/image\/\"},\"sameAs\":[\"https:\/\/www.facebook.com\/bs2solutions\/\",\"https:\/\/www.linkedin.com\/showcase\/bs2solutions\",\"https:\/\/www.youtube.com\/c\/Bs2Lt\"]}]}<\/script>\n<!-- \/ Yoast SEO plugin. -->","yoast_head_json":{"title":"FCX.iQ | BS\/2","robots":{"index":"index","follow":"follow","max-snippet":"max-snippet:-1","max-image-preview":"max-image-preview:large","max-video-preview":"max-video-preview:-1"},"canonical":"https:\/\/bs2.lt\/product\/fcx-iq\/","og_locale":"az_AZ","og_type":"article","og_title":"FCX.iQ | BS\/2","og_description":"FCX.iQ, bankomatlarda valyuta m\u00fcbadil\u0259si funksiyas\u0131n\u0131 t\u0259min ed\u0259n bir proqram h\u0259llidir. \u00c7\u00f6z\u00fcm, t\u0259krar emal (Recycling) funksiyas\u0131 olan bankomatlarda v\u0259 na\u011fd q\u0259bul v\u0259 \u00e7\u0131xarma funksiyas\u0131 olan \u00e7oxfunksiyal\u0131 bankomatlarda m\u00fcxt\u0259lif n\u00f6v valyutalar\u0131 m\u00fcbadil\u0259 etm\u0259y\u0259 imkan verir. Sistem terminallarda valyuta m\u0259z\u0259nn\u0259l\u0259rini v\u0259 komissiya d\u0259r\u0259c\u0259l\u0259rini ayr\u0131ca idar\u0259 etm\u0259k, terminal \u015f\u0259b\u0259k\u0259l\u0259rini idar\u0259 etm\u0259k, istifad\u0259\u00e7il\u0259ri m\u00fc\u0259yy\u0259nl\u0259\u015fdirm\u0259k, m\u0259lumat toplamaq v\u0259 \u00f6z\u00fcn\u0259xidm\u0259t cihazlar\u0131nda m\u00fcbadil\u0259 [&hellip;]","og_url":"https:\/\/bs2.lt\/product\/fcx-iq\/","og_site_name":"BS\/2","article_publisher":"https:\/\/www.facebook.com\/bs2solutions\/","article_modified_time":"2022-03-29T08:56:52+00:00","og_image":[{"width":1600,"height":1388,"url":"https:\/\/bs2.lt\/wp-content\/uploads\/2021\/01\/fcx-screen.jpg","type":"image\/jpeg"}],"twitter_card":"summary_large_image","twitter_misc":{"Est. reading time":"1 minute"},"schema":{"@context":"https:\/\/schema.org","@graph":[{"@type":"WebPage","@id":"https:\/\/bs2.lt\/product\/fcx-iq\/","url":"https:\/\/bs2.lt\/product\/fcx-iq\/","name":"FCX.iQ | BS\/2","isPartOf":{"@id":"https:\/\/bs2.lt\/#website"},"primaryImageOfPage":{"@id":"https:\/\/bs2.lt\/product\/fcx-iq\/#primaryimage"},"image":{"@id":"https:\/\/bs2.lt\/product\/fcx-iq\/#primaryimage"},"thumbnailUrl":"https:\/\/bs2.lt\/wp-content\/uploads\/2021\/01\/fcx-screen.jpg","datePublished":"2022-03-29T08:43:15+00:00","dateModified":"2022-03-29T08:56:52+00:00","breadcrumb":{"@id":"https:\/\/bs2.lt\/product\/fcx-iq\/#breadcrumb"},"inLanguage":"az","potentialAction":[{"@type":"ReadAction","target":["https:\/\/bs2.lt\/product\/fcx-iq\/"]}]},{"@type":"ImageObject","inLanguage":"az","@id":"https:\/\/bs2.lt\/product\/fcx-iq\/#primaryimage","url":"https:\/\/bs2.lt\/wp-content\/uploads\/2021\/01\/fcx-screen.jpg","contentUrl":"https:\/\/bs2.lt\/wp-content\/uploads\/2021\/01\/fcx-screen.jpg","width":1600,"height":1388},{"@type":"BreadcrumbList","@id":"https:\/\/bs2.lt\/product\/fcx-iq\/#breadcrumb","itemListElement":[{"@type":"ListItem","position":1,"name":"Home","item":"https:\/\/bs2.lt\/az\/"},{"@type":"ListItem","position":2,"name":"FCX.iQ"}]},{"@type":"WebSite","@id":"https:\/\/bs2.lt\/#website","url":"https:\/\/bs2.lt\/","name":"BS\/2","description":"Banking and retail technology company","publisher":{"@id":"https:\/\/bs2.lt\/#organization"},"potentialAction":[{"@type":"SearchAction","target":{"@type":"EntryPoint","urlTemplate":"https:\/\/bs2.lt\/?s={search_term_string}"},"query-input":{"@type":"PropertyValueSpecification","valueRequired":true,"valueName":"search_term_string"}}],"inLanguage":"az"},{"@type":"Organization","@id":"https:\/\/bs2.lt\/#organization","name":"BS\/2","url":"https:\/\/bs2.lt\/","logo":{"@type":"ImageObject","inLanguage":"az","@id":"https:\/\/bs2.lt\/#\/schema\/logo\/image\/","url":"https:\/\/bs2.lt\/wp-content\/uploads\/2022\/08\/bs2-logo.svg","contentUrl":"https:\/\/bs2.lt\/wp-content\/uploads\/2022\/08\/bs2-logo.svg","width":100,"height":57,"caption":"BS\/2"},"image":{"@id":"https:\/\/bs2.lt\/#\/schema\/logo\/image\/"},"sameAs":["https:\/\/www.facebook.com\/bs2solutions\/","https:\/\/www.linkedin.com\/showcase\/bs2solutions","https:\/\/www.youtube.com\/c\/Bs2Lt"]}]}},"_links":{"self":[{"href":"https:\/\/bs2.lt\/az\/wp-json\/wp\/v2\/product\/25903","targetHints":{"allow":["GET"]}}],"collection":[{"href":"https:\/\/bs2.lt\/az\/wp-json\/wp\/v2\/product"}],"about":[{"href":"https:\/\/bs2.lt\/az\/wp-json\/wp\/v2\/types\/product"}],"wp:featuredmedia":[{"embeddable":true,"href":"https:\/\/bs2.lt\/az\/wp-json\/wp\/v2\/media\/20432"}],"wp:attachment":[{"href":"https:\/\/bs2.lt\/az\/wp-json\/wp\/v2\/media?parent=25903"}],"wp:term":[{"taxonomy":"product_category","embeddable":true,"href":"https:\/\/bs2.lt\/az\/wp-json\/wp\/v2\/product_category?post=25903"},{"taxonomy":"atm_series","embeddable":true,"href":"https:\/\/bs2.lt\/az\/wp-json\/wp\/v2\/atm_series?post=25903"},{"taxonomy":"atm_cashflow","embeddable":true,"href":"https:\/\/bs2.lt\/az\/wp-json\/wp\/v2\/atm_cashflow?post=25903"},{"taxonomy":"atm_type","embeddable":true,"href":"https:\/\/bs2.lt\/az\/wp-json\/wp\/v2\/atm_type?post=25903"},{"taxonomy":"product-provider","embeddable":true,"href":"https:\/\/bs2.lt\/az\/wp-json\/wp\/v2\/product-provider?post=25903"}],"curies":[{"name":"wp","href":"https:\/\/api.w.org\/{rel}","templated":true}]}}