{"id":25902,"date":"2022-03-29T06:35:22","date_gmt":"2022-03-29T08:35:22","guid":{"rendered":"https:\/\/bs2.lt\/bs2.lt\/?post_type=product&#038;p=25902"},"modified":"2022-03-29T06:41:40","modified_gmt":"2022-03-29T08:41:40","slug":"payments-iq","status":"publish","type":"product","link":"https:\/\/bs2.lt\/az\/product\/payments-iq\/","title":{"rendered":"Payments.iQ"},"content":{"rendered":"<p>Payments.iQ \u00f6d\u0259ni\u015f q\u0259bulunun t\u0259\u015fkili, kommunal xidm\u0259tl\u0259r, vergil\u0259r, c\u0259rim\u0259l\u0259rin \u00f6d\u0259nilm\u0259si, h\u0259r n\u00f6v elektron xidm\u0259tl\u0259rin (biletl\u0259r, y\u00fckl\u0259m\u0259 kodlar\u0131, vau\u00e7erl\u0259r v\u0259 s.) sat\u0131\u015f\u0131 v\u0259 \u00f6z\u00fcn\u0259xidm\u0259t cihazlar\u0131nda pul k\u00f6\u00e7\u00fcrm\u0259l\u0259si, p\u0259rak\u0259nd\u0259 bank\u00e7\u0131l\u0131\u011f\u0131n avtomatla\u015fd\u0131r\u0131lmas\u0131 v\u0259 \u015f\u0259b\u0259k\u0259 bankomatlar\u0131n\u0131 v\u0259 \u00f6z\u00fcn\u0259xidm\u0259t \u00f6d\u0259m\u0259 terminallar\u0131n\u0131n idar\u0259 etm\u0259si \u00fc\u00e7\u00fcn bit platformad\u0131r. Bel\u0259likl\u0259, Payments.iQ \u00e7\u00f6z\u00fcm\u00fc ayr\u0131 bir terminal\u0131 xidm\u0259tl\u0259r \u00fc\u00e7\u00fcn avtomatla\u015fd\u0131r\u0131lm\u0131\u015f \u00f6d\u0259m\u0259 n\u00f6qt\u0259sin\u0259 \u00e7evirm\u0259y\u0259 imkan verir.<\/p>\n<p>\u00c7\u00f6z\u00fcm banklar\u0131n, ticar\u0259t t\u0259\u015fkilatlar\u0131n\u0131n v\u0259 dig\u0259r t\u0259\u015fkilatlar\u0131n qurulmu\u015f f\u0259aliyy\u0259t mexanizmini pozmadan terminal \u015f\u0259b\u0259k\u0259sin\u0259 inteqrasiya olunur. Payments.iQ k\u00f6m\u0259yi il\u0259 h\u0259r hans\u0131 bir \u00f6z\u00fcn\u0259xidm\u0259t bank cihaz\u0131nda (bankomatlar, \u00f6d\u0259ni\u015f k\u00f6\u015fkl\u0259ri v\u0259 s.) \u00f6d\u0259ni\u015fl\u0259rin q\u0259bulunu t\u0259\u015fkil ed\u0259 bil\u0259rsiniz v\u0259 platforma eyni zamanda \u00f6d\u0259ni\u015f \u0259m\u0259liyyatlar\u0131n\u0131 real vaxt rejimind\u0259 izl\u0259m\u0259k v\u0259 idar\u0259 etm\u0259k \u00fc\u00e7\u00fcn geni\u015f imkanlar yarad\u0131r.<\/p>\n","protected":false},"featured_media":20467,"template":"","product_category":[346],"atm_series":[],"atm_cashflow":[],"atm_type":[],"product-provider":[],"class_list":["post-25902","product","type-product","status-publish","has-post-thumbnail","hentry","product_category-software"],"acf":[],"yoast_head":"<!-- This site is optimized with the Yoast SEO plugin v26.2 - https:\/\/yoast.com\/wordpress\/plugins\/seo\/ -->\n<title>Payments.iQ | BS\/2<\/title>\n<meta name=\"robots\" content=\"index, follow, max-snippet:-1, max-image-preview:large, max-video-preview:-1\" \/>\n<link rel=\"canonical\" href=\"https:\/\/bs2.lt\/az\/product\/payments-iq\/\" \/>\n<meta property=\"og:locale\" content=\"az_AZ\" \/>\n<meta property=\"og:type\" content=\"article\" \/>\n<meta property=\"og:title\" content=\"Payments.iQ | BS\/2\" \/>\n<meta property=\"og:description\" content=\"Payments.iQ \u00f6d\u0259ni\u015f q\u0259bulunun t\u0259\u015fkili, kommunal xidm\u0259tl\u0259r, vergil\u0259r, c\u0259rim\u0259l\u0259rin \u00f6d\u0259nilm\u0259si, h\u0259r n\u00f6v elektron xidm\u0259tl\u0259rin (biletl\u0259r, y\u00fckl\u0259m\u0259 kodlar\u0131, vau\u00e7erl\u0259r v\u0259 s.) sat\u0131\u015f\u0131 v\u0259 \u00f6z\u00fcn\u0259xidm\u0259t cihazlar\u0131nda pul k\u00f6\u00e7\u00fcrm\u0259l\u0259si, p\u0259rak\u0259nd\u0259 bank\u00e7\u0131l\u0131\u011f\u0131n avtomatla\u015fd\u0131r\u0131lmas\u0131 v\u0259 \u015f\u0259b\u0259k\u0259 bankomatlar\u0131n\u0131 v\u0259 \u00f6z\u00fcn\u0259xidm\u0259t \u00f6d\u0259m\u0259 terminallar\u0131n\u0131n idar\u0259 etm\u0259si \u00fc\u00e7\u00fcn bit platformad\u0131r. Bel\u0259likl\u0259, Payments.iQ \u00e7\u00f6z\u00fcm\u00fc ayr\u0131 bir terminal\u0131 xidm\u0259tl\u0259r \u00fc\u00e7\u00fcn avtomatla\u015fd\u0131r\u0131lm\u0131\u015f \u00f6d\u0259m\u0259 n\u00f6qt\u0259sin\u0259 \u00e7evirm\u0259y\u0259 imkan verir. \u00c7\u00f6z\u00fcm [&hellip;]\" \/>\n<meta property=\"og:url\" content=\"https:\/\/bs2.lt\/az\/product\/payments-iq\/\" \/>\n<meta property=\"og:site_name\" content=\"BS\/2\" \/>\n<meta property=\"article:publisher\" content=\"https:\/\/www.facebook.com\/bs2solutions\/\" \/>\n<meta property=\"article:modified_time\" content=\"2022-03-29T08:41:40+00:00\" \/>\n<meta property=\"og:image\" content=\"https:\/\/bs2.lt\/wp-content\/uploads\/2021\/01\/payments-screen.jpg\" \/>\n\t<meta property=\"og:image:width\" content=\"1600\" \/>\n\t<meta property=\"og:image:height\" content=\"1388\" \/>\n\t<meta property=\"og:image:type\" content=\"image\/jpeg\" \/>\n<meta name=\"twitter:card\" content=\"summary_large_image\" \/>\n<meta name=\"twitter:label1\" content=\"Est. reading time\" \/>\n\t<meta name=\"twitter:data1\" content=\"1 minute\" \/>\n<script type=\"application\/ld+json\" class=\"yoast-schema-graph\">{\"@context\":\"https:\/\/schema.org\",\"@graph\":[{\"@type\":\"WebPage\",\"@id\":\"https:\/\/bs2.lt\/az\/product\/payments-iq\/\",\"url\":\"https:\/\/bs2.lt\/az\/product\/payments-iq\/\",\"name\":\"Payments.iQ | BS\/2\",\"isPartOf\":{\"@id\":\"https:\/\/bs2.lt\/#website\"},\"primaryImageOfPage\":{\"@id\":\"https:\/\/bs2.lt\/az\/product\/payments-iq\/#primaryimage\"},\"image\":{\"@id\":\"https:\/\/bs2.lt\/az\/product\/payments-iq\/#primaryimage\"},\"thumbnailUrl\":\"https:\/\/bs2.lt\/wp-content\/uploads\/2021\/01\/payments-screen.jpg\",\"datePublished\":\"2022-03-29T08:35:22+00:00\",\"dateModified\":\"2022-03-29T08:41:40+00:00\",\"breadcrumb\":{\"@id\":\"https:\/\/bs2.lt\/az\/product\/payments-iq\/#breadcrumb\"},\"inLanguage\":\"az\",\"potentialAction\":[{\"@type\":\"ReadAction\",\"target\":[\"https:\/\/bs2.lt\/az\/product\/payments-iq\/\"]}]},{\"@type\":\"ImageObject\",\"inLanguage\":\"az\",\"@id\":\"https:\/\/bs2.lt\/az\/product\/payments-iq\/#primaryimage\",\"url\":\"https:\/\/bs2.lt\/wp-content\/uploads\/2021\/01\/payments-screen.jpg\",\"contentUrl\":\"https:\/\/bs2.lt\/wp-content\/uploads\/2021\/01\/payments-screen.jpg\",\"width\":1600,\"height\":1388},{\"@type\":\"BreadcrumbList\",\"@id\":\"https:\/\/bs2.lt\/az\/product\/payments-iq\/#breadcrumb\",\"itemListElement\":[{\"@type\":\"ListItem\",\"position\":1,\"name\":\"Home\",\"item\":\"https:\/\/bs2.lt\/az\/\"},{\"@type\":\"ListItem\",\"position\":2,\"name\":\"Payments.iQ\"}]},{\"@type\":\"WebSite\",\"@id\":\"https:\/\/bs2.lt\/#website\",\"url\":\"https:\/\/bs2.lt\/\",\"name\":\"BS\/2\",\"description\":\"Banking and retail technology company\",\"publisher\":{\"@id\":\"https:\/\/bs2.lt\/#organization\"},\"potentialAction\":[{\"@type\":\"SearchAction\",\"target\":{\"@type\":\"EntryPoint\",\"urlTemplate\":\"https:\/\/bs2.lt\/?s={search_term_string}\"},\"query-input\":{\"@type\":\"PropertyValueSpecification\",\"valueRequired\":true,\"valueName\":\"search_term_string\"}}],\"inLanguage\":\"az\"},{\"@type\":\"Organization\",\"@id\":\"https:\/\/bs2.lt\/#organization\",\"name\":\"BS\/2\",\"url\":\"https:\/\/bs2.lt\/\",\"logo\":{\"@type\":\"ImageObject\",\"inLanguage\":\"az\",\"@id\":\"https:\/\/bs2.lt\/#\/schema\/logo\/image\/\",\"url\":\"https:\/\/bs2.lt\/wp-content\/uploads\/2022\/08\/bs2-logo.svg\",\"contentUrl\":\"https:\/\/bs2.lt\/wp-content\/uploads\/2022\/08\/bs2-logo.svg\",\"width\":100,\"height\":57,\"caption\":\"BS\/2\"},\"image\":{\"@id\":\"https:\/\/bs2.lt\/#\/schema\/logo\/image\/\"},\"sameAs\":[\"https:\/\/www.facebook.com\/bs2solutions\/\",\"https:\/\/www.linkedin.com\/showcase\/bs2solutions\",\"https:\/\/www.youtube.com\/c\/Bs2Lt\"]}]}<\/script>\n<!-- \/ Yoast SEO plugin. -->","yoast_head_json":{"title":"Payments.iQ | BS\/2","robots":{"index":"index","follow":"follow","max-snippet":"max-snippet:-1","max-image-preview":"max-image-preview:large","max-video-preview":"max-video-preview:-1"},"canonical":"https:\/\/bs2.lt\/az\/product\/payments-iq\/","og_locale":"az_AZ","og_type":"article","og_title":"Payments.iQ | BS\/2","og_description":"Payments.iQ \u00f6d\u0259ni\u015f q\u0259bulunun t\u0259\u015fkili, kommunal xidm\u0259tl\u0259r, vergil\u0259r, c\u0259rim\u0259l\u0259rin \u00f6d\u0259nilm\u0259si, h\u0259r n\u00f6v elektron xidm\u0259tl\u0259rin (biletl\u0259r, y\u00fckl\u0259m\u0259 kodlar\u0131, vau\u00e7erl\u0259r v\u0259 s.) sat\u0131\u015f\u0131 v\u0259 \u00f6z\u00fcn\u0259xidm\u0259t cihazlar\u0131nda pul k\u00f6\u00e7\u00fcrm\u0259l\u0259si, p\u0259rak\u0259nd\u0259 bank\u00e7\u0131l\u0131\u011f\u0131n avtomatla\u015fd\u0131r\u0131lmas\u0131 v\u0259 \u015f\u0259b\u0259k\u0259 bankomatlar\u0131n\u0131 v\u0259 \u00f6z\u00fcn\u0259xidm\u0259t \u00f6d\u0259m\u0259 terminallar\u0131n\u0131n idar\u0259 etm\u0259si \u00fc\u00e7\u00fcn bit platformad\u0131r. Bel\u0259likl\u0259, Payments.iQ \u00e7\u00f6z\u00fcm\u00fc ayr\u0131 bir terminal\u0131 xidm\u0259tl\u0259r \u00fc\u00e7\u00fcn avtomatla\u015fd\u0131r\u0131lm\u0131\u015f \u00f6d\u0259m\u0259 n\u00f6qt\u0259sin\u0259 \u00e7evirm\u0259y\u0259 imkan verir. \u00c7\u00f6z\u00fcm [&hellip;]","og_url":"https:\/\/bs2.lt\/az\/product\/payments-iq\/","og_site_name":"BS\/2","article_publisher":"https:\/\/www.facebook.com\/bs2solutions\/","article_modified_time":"2022-03-29T08:41:40+00:00","og_image":[{"width":1600,"height":1388,"url":"https:\/\/bs2.lt\/wp-content\/uploads\/2021\/01\/payments-screen.jpg","type":"image\/jpeg"}],"twitter_card":"summary_large_image","twitter_misc":{"Est. reading time":"1 minute"},"schema":{"@context":"https:\/\/schema.org","@graph":[{"@type":"WebPage","@id":"https:\/\/bs2.lt\/az\/product\/payments-iq\/","url":"https:\/\/bs2.lt\/az\/product\/payments-iq\/","name":"Payments.iQ | BS\/2","isPartOf":{"@id":"https:\/\/bs2.lt\/#website"},"primaryImageOfPage":{"@id":"https:\/\/bs2.lt\/az\/product\/payments-iq\/#primaryimage"},"image":{"@id":"https:\/\/bs2.lt\/az\/product\/payments-iq\/#primaryimage"},"thumbnailUrl":"https:\/\/bs2.lt\/wp-content\/uploads\/2021\/01\/payments-screen.jpg","datePublished":"2022-03-29T08:35:22+00:00","dateModified":"2022-03-29T08:41:40+00:00","breadcrumb":{"@id":"https:\/\/bs2.lt\/az\/product\/payments-iq\/#breadcrumb"},"inLanguage":"az","potentialAction":[{"@type":"ReadAction","target":["https:\/\/bs2.lt\/az\/product\/payments-iq\/"]}]},{"@type":"ImageObject","inLanguage":"az","@id":"https:\/\/bs2.lt\/az\/product\/payments-iq\/#primaryimage","url":"https:\/\/bs2.lt\/wp-content\/uploads\/2021\/01\/payments-screen.jpg","contentUrl":"https:\/\/bs2.lt\/wp-content\/uploads\/2021\/01\/payments-screen.jpg","width":1600,"height":1388},{"@type":"BreadcrumbList","@id":"https:\/\/bs2.lt\/az\/product\/payments-iq\/#breadcrumb","itemListElement":[{"@type":"ListItem","position":1,"name":"Home","item":"https:\/\/bs2.lt\/az\/"},{"@type":"ListItem","position":2,"name":"Payments.iQ"}]},{"@type":"WebSite","@id":"https:\/\/bs2.lt\/#website","url":"https:\/\/bs2.lt\/","name":"BS\/2","description":"Banking and retail technology company","publisher":{"@id":"https:\/\/bs2.lt\/#organization"},"potentialAction":[{"@type":"SearchAction","target":{"@type":"EntryPoint","urlTemplate":"https:\/\/bs2.lt\/?s={search_term_string}"},"query-input":{"@type":"PropertyValueSpecification","valueRequired":true,"valueName":"search_term_string"}}],"inLanguage":"az"},{"@type":"Organization","@id":"https:\/\/bs2.lt\/#organization","name":"BS\/2","url":"https:\/\/bs2.lt\/","logo":{"@type":"ImageObject","inLanguage":"az","@id":"https:\/\/bs2.lt\/#\/schema\/logo\/image\/","url":"https:\/\/bs2.lt\/wp-content\/uploads\/2022\/08\/bs2-logo.svg","contentUrl":"https:\/\/bs2.lt\/wp-content\/uploads\/2022\/08\/bs2-logo.svg","width":100,"height":57,"caption":"BS\/2"},"image":{"@id":"https:\/\/bs2.lt\/#\/schema\/logo\/image\/"},"sameAs":["https:\/\/www.facebook.com\/bs2solutions\/","https:\/\/www.linkedin.com\/showcase\/bs2solutions","https:\/\/www.youtube.com\/c\/Bs2Lt"]}]}},"_links":{"self":[{"href":"https:\/\/bs2.lt\/az\/wp-json\/wp\/v2\/product\/25902","targetHints":{"allow":["GET"]}}],"collection":[{"href":"https:\/\/bs2.lt\/az\/wp-json\/wp\/v2\/product"}],"about":[{"href":"https:\/\/bs2.lt\/az\/wp-json\/wp\/v2\/types\/product"}],"wp:featuredmedia":[{"embeddable":true,"href":"https:\/\/bs2.lt\/az\/wp-json\/wp\/v2\/media\/20467"}],"wp:attachment":[{"href":"https:\/\/bs2.lt\/az\/wp-json\/wp\/v2\/media?parent=25902"}],"wp:term":[{"taxonomy":"product_category","embeddable":true,"href":"https:\/\/bs2.lt\/az\/wp-json\/wp\/v2\/product_category?post=25902"},{"taxonomy":"atm_series","embeddable":true,"href":"https:\/\/bs2.lt\/az\/wp-json\/wp\/v2\/atm_series?post=25902"},{"taxonomy":"atm_cashflow","embeddable":true,"href":"https:\/\/bs2.lt\/az\/wp-json\/wp\/v2\/atm_cashflow?post=25902"},{"taxonomy":"atm_type","embeddable":true,"href":"https:\/\/bs2.lt\/az\/wp-json\/wp\/v2\/atm_type?post=25902"},{"taxonomy":"product-provider","embeddable":true,"href":"https:\/\/bs2.lt\/az\/wp-json\/wp\/v2\/product-provider?post=25902"}],"curies":[{"name":"wp","href":"https:\/\/api.w.org\/{rel}","templated":true}]}}