{"id":25901,"date":"2022-03-29T05:50:27","date_gmt":"2022-03-29T07:50:27","guid":{"rendered":"https:\/\/bs2.lt\/bs2.lt\/?post_type=product&#038;p=25901"},"modified":"2022-03-29T06:34:07","modified_gmt":"2022-03-29T08:34:07","slug":"cash-management-iq","status":"publish","type":"product","link":"https:\/\/bs2.lt\/az\/product\/cash-management-iq\/","title":{"rendered":"Cash Management.iQ"},"content":{"rendered":"<p>Cash Management.iQ, maliyy\u0259l\u0259\u015fdirm\u0259, inkassasiya v\u0259 kassa \u0259m\u0259liyyatlar\u0131 il\u0259 ba\u011fl\u0131 x\u0259rcl\u0259rin azaltmaq \u00fc\u00e7\u00fcn n\u0259z\u0259rd\u0259 tutulmu\u015f, na\u011fd pulun v\u0259 dig\u0259r qiym\u0259tli \u0259\u015fyalar\u0131n, saxlama v\u0259 verilm\u0259 n\u00f6qt\u0259l\u0259rind\u0259 optimal paylanmas\u0131n\u0131 h\u0259ll ed\u0259n bir proqram platformas\u0131d\u0131r.<\/p>\n<p>Sistem, bank filiallar\u0131nda, kassalarda, bankomatlarda v\u0259 dig\u0259r \u00f6z\u00fcn\u0259xidm\u0259t cihazlar\u0131nda, habel\u0259 sat\u0131\u015f m\u0259nt\u0259q\u0259k\u0259rind\u0259 v\u0259saitin miqdar\u0131 bar\u0259d\u0259 real vaxtda m\u0259lumat \u0259ld\u0259 etm\u0259y\u0259 imkan verir. M\u00fc\u0259ssis\u0259d\u0259ki m\u00fc\u0259yy\u0259n bir m\u00fcdd\u0259td\u0259 na\u011fd pula olan t\u0259l\u0259b\u0259 dair m\u0259lumatlar\u0131 t\u0259hlil ed\u0259r\u0259k, sistem ona qo\u015fulmu\u015f cihazlar \u00fc\u00e7\u00fcn optimal inkassasiya c\u0259dv\u0259li yarad\u0131r.<\/p>\n<p>\u00c7\u00f6z\u00fcm, inkassasiya xidm\u0259tinin tap\u015f\u0131r\u0131qlar\u0131n\u0131, h\u0259m\u00e7inin bu f\u0259aliyy\u0259tl\u0259 \u0259laq\u0259li maddi ehtiyatlar\u0131 v\u0259 i\u015f ax\u0131n\u0131n\u0131n idar\u0259 olunmas\u0131 prosesini avtomatla\u015fd\u0131rma\u011fa imkan verir.<\/p>\n","protected":false},"featured_media":20347,"template":"","product_category":[346],"atm_series":[],"atm_cashflow":[],"atm_type":[],"product-provider":[],"class_list":["post-25901","product","type-product","status-publish","has-post-thumbnail","hentry","product_category-software"],"acf":[],"yoast_head":"<!-- This site is optimized with the Yoast SEO plugin v26.2 - https:\/\/yoast.com\/wordpress\/plugins\/seo\/ -->\n<title>Cash Management.iQ | BS\/2<\/title>\n<meta name=\"robots\" content=\"index, follow, max-snippet:-1, max-image-preview:large, max-video-preview:-1\" \/>\n<link rel=\"canonical\" href=\"https:\/\/bs2.lt\/product\/cash-management-iq\/\" \/>\n<meta property=\"og:locale\" content=\"az_AZ\" \/>\n<meta property=\"og:type\" content=\"article\" \/>\n<meta property=\"og:title\" content=\"Cash Management.iQ | BS\/2\" \/>\n<meta property=\"og:description\" content=\"Cash Management.iQ, maliyy\u0259l\u0259\u015fdirm\u0259, inkassasiya v\u0259 kassa \u0259m\u0259liyyatlar\u0131 il\u0259 ba\u011fl\u0131 x\u0259rcl\u0259rin azaltmaq \u00fc\u00e7\u00fcn n\u0259z\u0259rd\u0259 tutulmu\u015f, na\u011fd pulun v\u0259 dig\u0259r qiym\u0259tli \u0259\u015fyalar\u0131n, saxlama v\u0259 verilm\u0259 n\u00f6qt\u0259l\u0259rind\u0259 optimal paylanmas\u0131n\u0131 h\u0259ll ed\u0259n bir proqram platformas\u0131d\u0131r. Sistem, bank filiallar\u0131nda, kassalarda, bankomatlarda v\u0259 dig\u0259r \u00f6z\u00fcn\u0259xidm\u0259t cihazlar\u0131nda, habel\u0259 sat\u0131\u015f m\u0259nt\u0259q\u0259k\u0259rind\u0259 v\u0259saitin miqdar\u0131 bar\u0259d\u0259 real vaxtda m\u0259lumat \u0259ld\u0259 etm\u0259y\u0259 imkan verir. M\u00fc\u0259ssis\u0259d\u0259ki m\u00fc\u0259yy\u0259n [&hellip;]\" \/>\n<meta property=\"og:url\" content=\"https:\/\/bs2.lt\/product\/cash-management-iq\/\" \/>\n<meta property=\"og:site_name\" content=\"BS\/2\" \/>\n<meta property=\"article:publisher\" content=\"https:\/\/www.facebook.com\/bs2solutions\/\" \/>\n<meta property=\"article:modified_time\" content=\"2022-03-29T08:34:07+00:00\" \/>\n<meta property=\"og:image\" content=\"https:\/\/bs2.lt\/wp-content\/uploads\/2021\/01\/cm-screen.jpg\" \/>\n\t<meta property=\"og:image:width\" content=\"1600\" \/>\n\t<meta property=\"og:image:height\" content=\"1388\" \/>\n\t<meta property=\"og:image:type\" content=\"image\/jpeg\" \/>\n<meta name=\"twitter:card\" content=\"summary_large_image\" \/>\n<meta name=\"twitter:label1\" content=\"Est. reading time\" \/>\n\t<meta name=\"twitter:data1\" content=\"1 minute\" \/>\n<script type=\"application\/ld+json\" class=\"yoast-schema-graph\">{\"@context\":\"https:\/\/schema.org\",\"@graph\":[{\"@type\":\"WebPage\",\"@id\":\"https:\/\/bs2.lt\/product\/cash-management-iq\/\",\"url\":\"https:\/\/bs2.lt\/product\/cash-management-iq\/\",\"name\":\"Cash Management.iQ | BS\/2\",\"isPartOf\":{\"@id\":\"https:\/\/bs2.lt\/#website\"},\"primaryImageOfPage\":{\"@id\":\"https:\/\/bs2.lt\/product\/cash-management-iq\/#primaryimage\"},\"image\":{\"@id\":\"https:\/\/bs2.lt\/product\/cash-management-iq\/#primaryimage\"},\"thumbnailUrl\":\"https:\/\/bs2.lt\/wp-content\/uploads\/2021\/01\/cm-screen.jpg\",\"datePublished\":\"2022-03-29T07:50:27+00:00\",\"dateModified\":\"2022-03-29T08:34:07+00:00\",\"breadcrumb\":{\"@id\":\"https:\/\/bs2.lt\/product\/cash-management-iq\/#breadcrumb\"},\"inLanguage\":\"az\",\"potentialAction\":[{\"@type\":\"ReadAction\",\"target\":[\"https:\/\/bs2.lt\/product\/cash-management-iq\/\"]}]},{\"@type\":\"ImageObject\",\"inLanguage\":\"az\",\"@id\":\"https:\/\/bs2.lt\/product\/cash-management-iq\/#primaryimage\",\"url\":\"https:\/\/bs2.lt\/wp-content\/uploads\/2021\/01\/cm-screen.jpg\",\"contentUrl\":\"https:\/\/bs2.lt\/wp-content\/uploads\/2021\/01\/cm-screen.jpg\",\"width\":1600,\"height\":1388},{\"@type\":\"BreadcrumbList\",\"@id\":\"https:\/\/bs2.lt\/product\/cash-management-iq\/#breadcrumb\",\"itemListElement\":[{\"@type\":\"ListItem\",\"position\":1,\"name\":\"Home\",\"item\":\"https:\/\/bs2.lt\/az\/\"},{\"@type\":\"ListItem\",\"position\":2,\"name\":\"Cash Management.iQ\"}]},{\"@type\":\"WebSite\",\"@id\":\"https:\/\/bs2.lt\/#website\",\"url\":\"https:\/\/bs2.lt\/\",\"name\":\"BS\/2\",\"description\":\"Banking and retail technology company\",\"publisher\":{\"@id\":\"https:\/\/bs2.lt\/#organization\"},\"potentialAction\":[{\"@type\":\"SearchAction\",\"target\":{\"@type\":\"EntryPoint\",\"urlTemplate\":\"https:\/\/bs2.lt\/?s={search_term_string}\"},\"query-input\":{\"@type\":\"PropertyValueSpecification\",\"valueRequired\":true,\"valueName\":\"search_term_string\"}}],\"inLanguage\":\"az\"},{\"@type\":\"Organization\",\"@id\":\"https:\/\/bs2.lt\/#organization\",\"name\":\"BS\/2\",\"url\":\"https:\/\/bs2.lt\/\",\"logo\":{\"@type\":\"ImageObject\",\"inLanguage\":\"az\",\"@id\":\"https:\/\/bs2.lt\/#\/schema\/logo\/image\/\",\"url\":\"https:\/\/bs2.lt\/wp-content\/uploads\/2022\/08\/bs2-logo.svg\",\"contentUrl\":\"https:\/\/bs2.lt\/wp-content\/uploads\/2022\/08\/bs2-logo.svg\",\"width\":100,\"height\":57,\"caption\":\"BS\/2\"},\"image\":{\"@id\":\"https:\/\/bs2.lt\/#\/schema\/logo\/image\/\"},\"sameAs\":[\"https:\/\/www.facebook.com\/bs2solutions\/\",\"https:\/\/www.linkedin.com\/showcase\/bs2solutions\",\"https:\/\/www.youtube.com\/c\/Bs2Lt\"]}]}<\/script>\n<!-- \/ Yoast SEO plugin. -->","yoast_head_json":{"title":"Cash Management.iQ | BS\/2","robots":{"index":"index","follow":"follow","max-snippet":"max-snippet:-1","max-image-preview":"max-image-preview:large","max-video-preview":"max-video-preview:-1"},"canonical":"https:\/\/bs2.lt\/product\/cash-management-iq\/","og_locale":"az_AZ","og_type":"article","og_title":"Cash Management.iQ | BS\/2","og_description":"Cash Management.iQ, maliyy\u0259l\u0259\u015fdirm\u0259, inkassasiya v\u0259 kassa \u0259m\u0259liyyatlar\u0131 il\u0259 ba\u011fl\u0131 x\u0259rcl\u0259rin azaltmaq \u00fc\u00e7\u00fcn n\u0259z\u0259rd\u0259 tutulmu\u015f, na\u011fd pulun v\u0259 dig\u0259r qiym\u0259tli \u0259\u015fyalar\u0131n, saxlama v\u0259 verilm\u0259 n\u00f6qt\u0259l\u0259rind\u0259 optimal paylanmas\u0131n\u0131 h\u0259ll ed\u0259n bir proqram platformas\u0131d\u0131r. Sistem, bank filiallar\u0131nda, kassalarda, bankomatlarda v\u0259 dig\u0259r \u00f6z\u00fcn\u0259xidm\u0259t cihazlar\u0131nda, habel\u0259 sat\u0131\u015f m\u0259nt\u0259q\u0259k\u0259rind\u0259 v\u0259saitin miqdar\u0131 bar\u0259d\u0259 real vaxtda m\u0259lumat \u0259ld\u0259 etm\u0259y\u0259 imkan verir. M\u00fc\u0259ssis\u0259d\u0259ki m\u00fc\u0259yy\u0259n [&hellip;]","og_url":"https:\/\/bs2.lt\/product\/cash-management-iq\/","og_site_name":"BS\/2","article_publisher":"https:\/\/www.facebook.com\/bs2solutions\/","article_modified_time":"2022-03-29T08:34:07+00:00","og_image":[{"width":1600,"height":1388,"url":"https:\/\/bs2.lt\/wp-content\/uploads\/2021\/01\/cm-screen.jpg","type":"image\/jpeg"}],"twitter_card":"summary_large_image","twitter_misc":{"Est. reading time":"1 minute"},"schema":{"@context":"https:\/\/schema.org","@graph":[{"@type":"WebPage","@id":"https:\/\/bs2.lt\/product\/cash-management-iq\/","url":"https:\/\/bs2.lt\/product\/cash-management-iq\/","name":"Cash Management.iQ | BS\/2","isPartOf":{"@id":"https:\/\/bs2.lt\/#website"},"primaryImageOfPage":{"@id":"https:\/\/bs2.lt\/product\/cash-management-iq\/#primaryimage"},"image":{"@id":"https:\/\/bs2.lt\/product\/cash-management-iq\/#primaryimage"},"thumbnailUrl":"https:\/\/bs2.lt\/wp-content\/uploads\/2021\/01\/cm-screen.jpg","datePublished":"2022-03-29T07:50:27+00:00","dateModified":"2022-03-29T08:34:07+00:00","breadcrumb":{"@id":"https:\/\/bs2.lt\/product\/cash-management-iq\/#breadcrumb"},"inLanguage":"az","potentialAction":[{"@type":"ReadAction","target":["https:\/\/bs2.lt\/product\/cash-management-iq\/"]}]},{"@type":"ImageObject","inLanguage":"az","@id":"https:\/\/bs2.lt\/product\/cash-management-iq\/#primaryimage","url":"https:\/\/bs2.lt\/wp-content\/uploads\/2021\/01\/cm-screen.jpg","contentUrl":"https:\/\/bs2.lt\/wp-content\/uploads\/2021\/01\/cm-screen.jpg","width":1600,"height":1388},{"@type":"BreadcrumbList","@id":"https:\/\/bs2.lt\/product\/cash-management-iq\/#breadcrumb","itemListElement":[{"@type":"ListItem","position":1,"name":"Home","item":"https:\/\/bs2.lt\/az\/"},{"@type":"ListItem","position":2,"name":"Cash Management.iQ"}]},{"@type":"WebSite","@id":"https:\/\/bs2.lt\/#website","url":"https:\/\/bs2.lt\/","name":"BS\/2","description":"Banking and retail technology company","publisher":{"@id":"https:\/\/bs2.lt\/#organization"},"potentialAction":[{"@type":"SearchAction","target":{"@type":"EntryPoint","urlTemplate":"https:\/\/bs2.lt\/?s={search_term_string}"},"query-input":{"@type":"PropertyValueSpecification","valueRequired":true,"valueName":"search_term_string"}}],"inLanguage":"az"},{"@type":"Organization","@id":"https:\/\/bs2.lt\/#organization","name":"BS\/2","url":"https:\/\/bs2.lt\/","logo":{"@type":"ImageObject","inLanguage":"az","@id":"https:\/\/bs2.lt\/#\/schema\/logo\/image\/","url":"https:\/\/bs2.lt\/wp-content\/uploads\/2022\/08\/bs2-logo.svg","contentUrl":"https:\/\/bs2.lt\/wp-content\/uploads\/2022\/08\/bs2-logo.svg","width":100,"height":57,"caption":"BS\/2"},"image":{"@id":"https:\/\/bs2.lt\/#\/schema\/logo\/image\/"},"sameAs":["https:\/\/www.facebook.com\/bs2solutions\/","https:\/\/www.linkedin.com\/showcase\/bs2solutions","https:\/\/www.youtube.com\/c\/Bs2Lt"]}]}},"_links":{"self":[{"href":"https:\/\/bs2.lt\/az\/wp-json\/wp\/v2\/product\/25901","targetHints":{"allow":["GET"]}}],"collection":[{"href":"https:\/\/bs2.lt\/az\/wp-json\/wp\/v2\/product"}],"about":[{"href":"https:\/\/bs2.lt\/az\/wp-json\/wp\/v2\/types\/product"}],"wp:featuredmedia":[{"embeddable":true,"href":"https:\/\/bs2.lt\/az\/wp-json\/wp\/v2\/media\/20347"}],"wp:attachment":[{"href":"https:\/\/bs2.lt\/az\/wp-json\/wp\/v2\/media?parent=25901"}],"wp:term":[{"taxonomy":"product_category","embeddable":true,"href":"https:\/\/bs2.lt\/az\/wp-json\/wp\/v2\/product_category?post=25901"},{"taxonomy":"atm_series","embeddable":true,"href":"https:\/\/bs2.lt\/az\/wp-json\/wp\/v2\/atm_series?post=25901"},{"taxonomy":"atm_cashflow","embeddable":true,"href":"https:\/\/bs2.lt\/az\/wp-json\/wp\/v2\/atm_cashflow?post=25901"},{"taxonomy":"atm_type","embeddable":true,"href":"https:\/\/bs2.lt\/az\/wp-json\/wp\/v2\/atm_type?post=25901"},{"taxonomy":"product-provider","embeddable":true,"href":"https:\/\/bs2.lt\/az\/wp-json\/wp\/v2\/product-provider?post=25901"}],"curies":[{"name":"wp","href":"https:\/\/api.w.org\/{rel}","templated":true}]}}