{"id":25900,"date":"2022-03-29T05:23:01","date_gmt":"2022-03-29T07:23:01","guid":{"rendered":"https:\/\/bs2.lt\/bs2.lt\/?post_type=product&#038;p=25900"},"modified":"2023-08-18T11:14:10","modified_gmt":"2023-08-18T08:14:10","slug":"atmeye-iq","status":"publish","type":"product","link":"https:\/\/bs2.lt\/az\/product\/atmeye-iq\/","title":{"rendered":"ATMeye.iQ<sup>NG<\/sup>"},"content":{"rendered":"<p>ATMeye.iQ<sup>NG<\/sup>, video n\u0259zar\u0259t v\u0259 video analitik sisteml\u0259ri, bir s\u0131ra x\u00fcsusi fiziki z\u0259rb\u0259y\u0259 qar\u015f\u0131 sensorlar, antiskimming cihazlar v\u0259 dig\u0259r xarici qur\u011fulardan istifad\u0259 ed\u0259r\u0259k ATM t\u0259hl\u00fck\u0259sizliyi \u00fc\u00e7\u00fcn h\u0259rt\u0259r\u0259fli bir platformad\u0131r.<\/p>\n<p>Platforma \u00f6z\u00fcn\u0259xidm\u0259t cihaz\u0131n\u0131n yax\u0131nl\u0131\u011f\u0131nda ba\u015f ver\u0259n b\u00fct\u00fcn hadis\u0259l\u0259rin gec\u0259-g\u00fcnd\u00fcz m\u0259saf\u0259d\u0259n izl\u0259nm\u0259sini t\u0259min edir. Bu, \u00f6z\u00fcn\u0259xidm\u0259t cihazlar\u0131n\u0131n saxtakarl\u0131q v\u0259 vandalizm\u0259 qar\u015f\u0131 riskini azaltma\u011fa xidm\u0259t edir v\u0259 m\u00fc\u015ft\u0259ril\u0259rl\u0259 m\u00fcbahis\u0259li m\u0259s\u0259l\u0259l\u0259rin h\u0259llin\u0259 k\u00f6m\u0259klik g\u00f6st\u0259rir.<\/p>\n<p>ATMeye.iQ<sup>NG<\/sup> \u00e7\u00f6z\u00fcm\u00fc d\u0259f\u0259l\u0259rl\u0259 m\u00fcxt\u0259lif beyn\u0259lxalq m\u00fckafatlara layiq g\u00f6r\u00fclm\u00fc\u015fd\u00fcr.<\/p>\n","protected":false},"featured_media":20312,"template":"","product_category":[346],"atm_series":[],"atm_cashflow":[],"atm_type":[],"product-provider":[],"class_list":["post-25900","product","type-product","status-publish","has-post-thumbnail","hentry","product_category-software"],"acf":[],"yoast_head":"<!-- This site is optimized with the Yoast SEO plugin v26.2 - https:\/\/yoast.com\/wordpress\/plugins\/seo\/ -->\n<title>ATMeye.iQNG | BS\/2<\/title>\n<meta name=\"robots\" content=\"index, follow, max-snippet:-1, max-image-preview:large, max-video-preview:-1\" \/>\n<link rel=\"canonical\" href=\"https:\/\/bs2.lt\/az\/product\/atmeye-iq\/\" \/>\n<meta property=\"og:locale\" content=\"az_AZ\" \/>\n<meta property=\"og:type\" content=\"article\" \/>\n<meta property=\"og:title\" content=\"ATMeye.iQNG | BS\/2\" \/>\n<meta property=\"og:description\" content=\"ATMeye.iQNG, video n\u0259zar\u0259t v\u0259 video analitik sisteml\u0259ri, bir s\u0131ra x\u00fcsusi fiziki z\u0259rb\u0259y\u0259 qar\u015f\u0131 sensorlar, antiskimming cihazlar v\u0259 dig\u0259r xarici qur\u011fulardan istifad\u0259 ed\u0259r\u0259k ATM t\u0259hl\u00fck\u0259sizliyi \u00fc\u00e7\u00fcn h\u0259rt\u0259r\u0259fli bir platformad\u0131r. Platforma \u00f6z\u00fcn\u0259xidm\u0259t cihaz\u0131n\u0131n yax\u0131nl\u0131\u011f\u0131nda ba\u015f ver\u0259n b\u00fct\u00fcn hadis\u0259l\u0259rin gec\u0259-g\u00fcnd\u00fcz m\u0259saf\u0259d\u0259n izl\u0259nm\u0259sini t\u0259min edir. Bu, \u00f6z\u00fcn\u0259xidm\u0259t cihazlar\u0131n\u0131n saxtakarl\u0131q v\u0259 vandalizm\u0259 qar\u015f\u0131 riskini azaltma\u011fa xidm\u0259t edir v\u0259 m\u00fc\u015ft\u0259ril\u0259rl\u0259 m\u00fcbahis\u0259li [&hellip;]\" \/>\n<meta property=\"og:url\" content=\"https:\/\/bs2.lt\/az\/product\/atmeye-iq\/\" \/>\n<meta property=\"og:site_name\" content=\"BS\/2\" \/>\n<meta property=\"article:publisher\" content=\"https:\/\/www.facebook.com\/bs2solutions\/\" \/>\n<meta property=\"article:modified_time\" content=\"2023-08-18T08:14:10+00:00\" \/>\n<meta property=\"og:image\" content=\"https:\/\/bs2.lt\/wp-content\/uploads\/2020\/10\/atmeye-screen.jpg\" \/>\n\t<meta property=\"og:image:width\" content=\"1600\" \/>\n\t<meta property=\"og:image:height\" content=\"1388\" \/>\n\t<meta property=\"og:image:type\" content=\"image\/jpeg\" \/>\n<meta name=\"twitter:card\" content=\"summary_large_image\" \/>\n<meta name=\"twitter:label1\" content=\"Est. reading time\" \/>\n\t<meta name=\"twitter:data1\" content=\"1 minute\" \/>\n<script type=\"application\/ld+json\" class=\"yoast-schema-graph\">{\"@context\":\"https:\/\/schema.org\",\"@graph\":[{\"@type\":\"WebPage\",\"@id\":\"https:\/\/bs2.lt\/az\/product\/atmeye-iq\/\",\"url\":\"https:\/\/bs2.lt\/az\/product\/atmeye-iq\/\",\"name\":\"ATMeye.iQNG | BS\/2\",\"isPartOf\":{\"@id\":\"https:\/\/bs2.lt\/#website\"},\"primaryImageOfPage\":{\"@id\":\"https:\/\/bs2.lt\/az\/product\/atmeye-iq\/#primaryimage\"},\"image\":{\"@id\":\"https:\/\/bs2.lt\/az\/product\/atmeye-iq\/#primaryimage\"},\"thumbnailUrl\":\"https:\/\/bs2.lt\/wp-content\/uploads\/2020\/10\/atmeye-screen.jpg\",\"datePublished\":\"2022-03-29T07:23:01+00:00\",\"dateModified\":\"2023-08-18T08:14:10+00:00\",\"breadcrumb\":{\"@id\":\"https:\/\/bs2.lt\/az\/product\/atmeye-iq\/#breadcrumb\"},\"inLanguage\":\"az\",\"potentialAction\":[{\"@type\":\"ReadAction\",\"target\":[\"https:\/\/bs2.lt\/az\/product\/atmeye-iq\/\"]}]},{\"@type\":\"ImageObject\",\"inLanguage\":\"az\",\"@id\":\"https:\/\/bs2.lt\/az\/product\/atmeye-iq\/#primaryimage\",\"url\":\"https:\/\/bs2.lt\/wp-content\/uploads\/2020\/10\/atmeye-screen.jpg\",\"contentUrl\":\"https:\/\/bs2.lt\/wp-content\/uploads\/2020\/10\/atmeye-screen.jpg\",\"width\":1600,\"height\":1388},{\"@type\":\"BreadcrumbList\",\"@id\":\"https:\/\/bs2.lt\/az\/product\/atmeye-iq\/#breadcrumb\",\"itemListElement\":[{\"@type\":\"ListItem\",\"position\":1,\"name\":\"Home\",\"item\":\"https:\/\/bs2.lt\/az\/\"},{\"@type\":\"ListItem\",\"position\":2,\"name\":\"ATMeye.iQNG\"}]},{\"@type\":\"WebSite\",\"@id\":\"https:\/\/bs2.lt\/#website\",\"url\":\"https:\/\/bs2.lt\/\",\"name\":\"BS\/2\",\"description\":\"Banking and retail technology company\",\"publisher\":{\"@id\":\"https:\/\/bs2.lt\/#organization\"},\"potentialAction\":[{\"@type\":\"SearchAction\",\"target\":{\"@type\":\"EntryPoint\",\"urlTemplate\":\"https:\/\/bs2.lt\/?s={search_term_string}\"},\"query-input\":{\"@type\":\"PropertyValueSpecification\",\"valueRequired\":true,\"valueName\":\"search_term_string\"}}],\"inLanguage\":\"az\"},{\"@type\":\"Organization\",\"@id\":\"https:\/\/bs2.lt\/#organization\",\"name\":\"BS\/2\",\"url\":\"https:\/\/bs2.lt\/\",\"logo\":{\"@type\":\"ImageObject\",\"inLanguage\":\"az\",\"@id\":\"https:\/\/bs2.lt\/#\/schema\/logo\/image\/\",\"url\":\"https:\/\/bs2.lt\/wp-content\/uploads\/2022\/08\/bs2-logo.svg\",\"contentUrl\":\"https:\/\/bs2.lt\/wp-content\/uploads\/2022\/08\/bs2-logo.svg\",\"width\":100,\"height\":57,\"caption\":\"BS\/2\"},\"image\":{\"@id\":\"https:\/\/bs2.lt\/#\/schema\/logo\/image\/\"},\"sameAs\":[\"https:\/\/www.facebook.com\/bs2solutions\/\",\"https:\/\/www.linkedin.com\/showcase\/bs2solutions\",\"https:\/\/www.youtube.com\/c\/Bs2Lt\"]}]}<\/script>\n<!-- \/ Yoast SEO plugin. -->","yoast_head_json":{"title":"ATMeye.iQNG | BS\/2","robots":{"index":"index","follow":"follow","max-snippet":"max-snippet:-1","max-image-preview":"max-image-preview:large","max-video-preview":"max-video-preview:-1"},"canonical":"https:\/\/bs2.lt\/az\/product\/atmeye-iq\/","og_locale":"az_AZ","og_type":"article","og_title":"ATMeye.iQNG | BS\/2","og_description":"ATMeye.iQNG, video n\u0259zar\u0259t v\u0259 video analitik sisteml\u0259ri, bir s\u0131ra x\u00fcsusi fiziki z\u0259rb\u0259y\u0259 qar\u015f\u0131 sensorlar, antiskimming cihazlar v\u0259 dig\u0259r xarici qur\u011fulardan istifad\u0259 ed\u0259r\u0259k ATM t\u0259hl\u00fck\u0259sizliyi \u00fc\u00e7\u00fcn h\u0259rt\u0259r\u0259fli bir platformad\u0131r. Platforma \u00f6z\u00fcn\u0259xidm\u0259t cihaz\u0131n\u0131n yax\u0131nl\u0131\u011f\u0131nda ba\u015f ver\u0259n b\u00fct\u00fcn hadis\u0259l\u0259rin gec\u0259-g\u00fcnd\u00fcz m\u0259saf\u0259d\u0259n izl\u0259nm\u0259sini t\u0259min edir. Bu, \u00f6z\u00fcn\u0259xidm\u0259t cihazlar\u0131n\u0131n saxtakarl\u0131q v\u0259 vandalizm\u0259 qar\u015f\u0131 riskini azaltma\u011fa xidm\u0259t edir v\u0259 m\u00fc\u015ft\u0259ril\u0259rl\u0259 m\u00fcbahis\u0259li [&hellip;]","og_url":"https:\/\/bs2.lt\/az\/product\/atmeye-iq\/","og_site_name":"BS\/2","article_publisher":"https:\/\/www.facebook.com\/bs2solutions\/","article_modified_time":"2023-08-18T08:14:10+00:00","og_image":[{"width":1600,"height":1388,"url":"https:\/\/bs2.lt\/wp-content\/uploads\/2020\/10\/atmeye-screen.jpg","type":"image\/jpeg"}],"twitter_card":"summary_large_image","twitter_misc":{"Est. reading time":"1 minute"},"schema":{"@context":"https:\/\/schema.org","@graph":[{"@type":"WebPage","@id":"https:\/\/bs2.lt\/az\/product\/atmeye-iq\/","url":"https:\/\/bs2.lt\/az\/product\/atmeye-iq\/","name":"ATMeye.iQNG | BS\/2","isPartOf":{"@id":"https:\/\/bs2.lt\/#website"},"primaryImageOfPage":{"@id":"https:\/\/bs2.lt\/az\/product\/atmeye-iq\/#primaryimage"},"image":{"@id":"https:\/\/bs2.lt\/az\/product\/atmeye-iq\/#primaryimage"},"thumbnailUrl":"https:\/\/bs2.lt\/wp-content\/uploads\/2020\/10\/atmeye-screen.jpg","datePublished":"2022-03-29T07:23:01+00:00","dateModified":"2023-08-18T08:14:10+00:00","breadcrumb":{"@id":"https:\/\/bs2.lt\/az\/product\/atmeye-iq\/#breadcrumb"},"inLanguage":"az","potentialAction":[{"@type":"ReadAction","target":["https:\/\/bs2.lt\/az\/product\/atmeye-iq\/"]}]},{"@type":"ImageObject","inLanguage":"az","@id":"https:\/\/bs2.lt\/az\/product\/atmeye-iq\/#primaryimage","url":"https:\/\/bs2.lt\/wp-content\/uploads\/2020\/10\/atmeye-screen.jpg","contentUrl":"https:\/\/bs2.lt\/wp-content\/uploads\/2020\/10\/atmeye-screen.jpg","width":1600,"height":1388},{"@type":"BreadcrumbList","@id":"https:\/\/bs2.lt\/az\/product\/atmeye-iq\/#breadcrumb","itemListElement":[{"@type":"ListItem","position":1,"name":"Home","item":"https:\/\/bs2.lt\/az\/"},{"@type":"ListItem","position":2,"name":"ATMeye.iQNG"}]},{"@type":"WebSite","@id":"https:\/\/bs2.lt\/#website","url":"https:\/\/bs2.lt\/","name":"BS\/2","description":"Banking and retail technology company","publisher":{"@id":"https:\/\/bs2.lt\/#organization"},"potentialAction":[{"@type":"SearchAction","target":{"@type":"EntryPoint","urlTemplate":"https:\/\/bs2.lt\/?s={search_term_string}"},"query-input":{"@type":"PropertyValueSpecification","valueRequired":true,"valueName":"search_term_string"}}],"inLanguage":"az"},{"@type":"Organization","@id":"https:\/\/bs2.lt\/#organization","name":"BS\/2","url":"https:\/\/bs2.lt\/","logo":{"@type":"ImageObject","inLanguage":"az","@id":"https:\/\/bs2.lt\/#\/schema\/logo\/image\/","url":"https:\/\/bs2.lt\/wp-content\/uploads\/2022\/08\/bs2-logo.svg","contentUrl":"https:\/\/bs2.lt\/wp-content\/uploads\/2022\/08\/bs2-logo.svg","width":100,"height":57,"caption":"BS\/2"},"image":{"@id":"https:\/\/bs2.lt\/#\/schema\/logo\/image\/"},"sameAs":["https:\/\/www.facebook.com\/bs2solutions\/","https:\/\/www.linkedin.com\/showcase\/bs2solutions","https:\/\/www.youtube.com\/c\/Bs2Lt"]}]}},"_links":{"self":[{"href":"https:\/\/bs2.lt\/az\/wp-json\/wp\/v2\/product\/25900","targetHints":{"allow":["GET"]}}],"collection":[{"href":"https:\/\/bs2.lt\/az\/wp-json\/wp\/v2\/product"}],"about":[{"href":"https:\/\/bs2.lt\/az\/wp-json\/wp\/v2\/types\/product"}],"wp:featuredmedia":[{"embeddable":true,"href":"https:\/\/bs2.lt\/az\/wp-json\/wp\/v2\/media\/20312"}],"wp:attachment":[{"href":"https:\/\/bs2.lt\/az\/wp-json\/wp\/v2\/media?parent=25900"}],"wp:term":[{"taxonomy":"product_category","embeddable":true,"href":"https:\/\/bs2.lt\/az\/wp-json\/wp\/v2\/product_category?post=25900"},{"taxonomy":"atm_series","embeddable":true,"href":"https:\/\/bs2.lt\/az\/wp-json\/wp\/v2\/atm_series?post=25900"},{"taxonomy":"atm_cashflow","embeddable":true,"href":"https:\/\/bs2.lt\/az\/wp-json\/wp\/v2\/atm_cashflow?post=25900"},{"taxonomy":"atm_type","embeddable":true,"href":"https:\/\/bs2.lt\/az\/wp-json\/wp\/v2\/atm_type?post=25900"},{"taxonomy":"product-provider","embeddable":true,"href":"https:\/\/bs2.lt\/az\/wp-json\/wp\/v2\/product-provider?post=25900"}],"curies":[{"name":"wp","href":"https:\/\/api.w.org\/{rel}","templated":true}]}}