{"id":25815,"date":"2022-03-28T07:46:59","date_gmt":"2022-03-28T09:46:59","guid":{"rendered":"https:\/\/bs2.lt\/bs2.lt\/?post_type=product&#038;p=25815"},"modified":"2022-03-28T07:50:16","modified_gmt":"2022-03-28T09:50:16","slug":"ozun%c9%99xidm%c9%99t-qurgularinin-transformasiyasi","status":"publish","type":"product","link":"https:\/\/bs2.lt\/az\/product\/ozun%c9%99xidm%c9%99t-qurgularinin-transformasiyasi\/","title":{"rendered":"\u00d6z\u00fcn\u0259xidm\u0259t qur\u011fular\u0131n\u0131n transformasiyas\u0131"},"content":{"rendered":"<p>Bu g\u00fcn bir \u00e7ox m\u00fc\u015ft\u0259ril\u0259r bank \u0259m\u0259liyyatlar\u0131n\u0131 m\u00fcst\u0259qil yerin\u0259 yetirm\u0259y\u0259 \u00fcst\u00fcnl\u00fck verirl\u0259r, buna g\u00f6r\u0259 d\u0259 bankomatlar, \u00f6d\u0259ni\u015f k\u00f6\u015fkl\u0259ri v\u0259 dig\u0259r \u00f6z\u00fcn\u0259xidm\u0259t qur\u011fular\u0131 \u0259sas, h\u0259rd\u0259n m\u00fc\u015ft\u0259ri il\u0259 bank\u0131n yegan\u0259 fiziki t\u0259mas n\u00f6qt\u0259si olaraq qal\u0131r. Bu qar\u015f\u0131l\u0131ql\u0131 \u0259laq\u0259nin n\u0259 q\u0259d\u0259r u\u011furlu olmas\u0131 bankomatda t\u0259qdim olunan funksiyalar d\u0259stind\u0259n, h\u0259m\u00e7inin terminaldan istifad\u0259ni n\u0259 q\u0259d\u0259r rahat olmas\u0131ndan as\u0131l\u0131d\u0131r.<\/p>\n","protected":false},"featured_media":21464,"template":"","product_category":[335],"atm_series":[],"atm_cashflow":[],"atm_type":[],"product-provider":[],"class_list":["post-25815","product","type-product","status-publish","has-post-thumbnail","hentry","product_category-services"],"acf":[],"yoast_head":"<!-- This site is optimized with the Yoast SEO plugin v26.2 - https:\/\/yoast.com\/wordpress\/plugins\/seo\/ -->\n<title>\u00d6z\u00fcn\u0259xidm\u0259t qur\u011fular\u0131n\u0131n transformasiyas\u0131 | BS\/2<\/title>\n<meta name=\"robots\" content=\"index, follow, max-snippet:-1, max-image-preview:large, max-video-preview:-1\" \/>\n<link rel=\"canonical\" href=\"https:\/\/bs2.lt\/az\/product\/ozun\u0259xidm\u0259t-qurgularinin-transformasiyasi\/\" \/>\n<meta property=\"og:locale\" content=\"az_AZ\" \/>\n<meta property=\"og:type\" content=\"article\" \/>\n<meta property=\"og:title\" content=\"\u00d6z\u00fcn\u0259xidm\u0259t qur\u011fular\u0131n\u0131n transformasiyas\u0131 | BS\/2\" \/>\n<meta property=\"og:description\" content=\"Bu g\u00fcn bir \u00e7ox m\u00fc\u015ft\u0259ril\u0259r bank \u0259m\u0259liyyatlar\u0131n\u0131 m\u00fcst\u0259qil yerin\u0259 yetirm\u0259y\u0259 \u00fcst\u00fcnl\u00fck verirl\u0259r, buna g\u00f6r\u0259 d\u0259 bankomatlar, \u00f6d\u0259ni\u015f k\u00f6\u015fkl\u0259ri v\u0259 dig\u0259r \u00f6z\u00fcn\u0259xidm\u0259t qur\u011fular\u0131 \u0259sas, h\u0259rd\u0259n m\u00fc\u015ft\u0259ri il\u0259 bank\u0131n yegan\u0259 fiziki t\u0259mas n\u00f6qt\u0259si olaraq qal\u0131r. Bu qar\u015f\u0131l\u0131ql\u0131 \u0259laq\u0259nin n\u0259 q\u0259d\u0259r u\u011furlu olmas\u0131 bankomatda t\u0259qdim olunan funksiyalar d\u0259stind\u0259n, h\u0259m\u00e7inin terminaldan istifad\u0259ni n\u0259 q\u0259d\u0259r rahat olmas\u0131ndan as\u0131l\u0131d\u0131r.\" \/>\n<meta property=\"og:url\" content=\"https:\/\/bs2.lt\/az\/product\/ozun\u0259xidm\u0259t-qurgularinin-transformasiyasi\/\" \/>\n<meta property=\"og:site_name\" content=\"BS\/2\" \/>\n<meta property=\"article:publisher\" content=\"https:\/\/www.facebook.com\/bs2solutions\/\" \/>\n<meta property=\"article:modified_time\" content=\"2022-03-28T09:50:16+00:00\" \/>\n<meta property=\"og:image\" content=\"https:\/\/bs2.lt\/wp-content\/uploads\/2021\/02\/transformacziya-ustrojstv-samoobsluzhivaniya.jpg\" \/>\n\t<meta property=\"og:image:width\" content=\"1200\" \/>\n\t<meta property=\"og:image:height\" content=\"1000\" \/>\n\t<meta property=\"og:image:type\" content=\"image\/jpeg\" \/>\n<meta name=\"twitter:card\" content=\"summary_large_image\" \/>\n<meta name=\"twitter:label1\" content=\"Est. reading time\" \/>\n\t<meta name=\"twitter:data1\" content=\"1 minute\" \/>\n<script type=\"application\/ld+json\" class=\"yoast-schema-graph\">{\"@context\":\"https:\/\/schema.org\",\"@graph\":[{\"@type\":\"WebPage\",\"@id\":\"https:\/\/bs2.lt\/az\/product\/ozun%c9%99xidm%c9%99t-qurgularinin-transformasiyasi\/\",\"url\":\"https:\/\/bs2.lt\/az\/product\/ozun%c9%99xidm%c9%99t-qurgularinin-transformasiyasi\/\",\"name\":\"\u00d6z\u00fcn\u0259xidm\u0259t qur\u011fular\u0131n\u0131n transformasiyas\u0131 | BS\/2\",\"isPartOf\":{\"@id\":\"https:\/\/bs2.lt\/#website\"},\"primaryImageOfPage\":{\"@id\":\"https:\/\/bs2.lt\/az\/product\/ozun%c9%99xidm%c9%99t-qurgularinin-transformasiyasi\/#primaryimage\"},\"image\":{\"@id\":\"https:\/\/bs2.lt\/az\/product\/ozun%c9%99xidm%c9%99t-qurgularinin-transformasiyasi\/#primaryimage\"},\"thumbnailUrl\":\"https:\/\/bs2.lt\/wp-content\/uploads\/2021\/02\/transformacziya-ustrojstv-samoobsluzhivaniya.jpg\",\"datePublished\":\"2022-03-28T09:46:59+00:00\",\"dateModified\":\"2022-03-28T09:50:16+00:00\",\"breadcrumb\":{\"@id\":\"https:\/\/bs2.lt\/az\/product\/ozun%c9%99xidm%c9%99t-qurgularinin-transformasiyasi\/#breadcrumb\"},\"inLanguage\":\"az\",\"potentialAction\":[{\"@type\":\"ReadAction\",\"target\":[\"https:\/\/bs2.lt\/az\/product\/ozun%c9%99xidm%c9%99t-qurgularinin-transformasiyasi\/\"]}]},{\"@type\":\"ImageObject\",\"inLanguage\":\"az\",\"@id\":\"https:\/\/bs2.lt\/az\/product\/ozun%c9%99xidm%c9%99t-qurgularinin-transformasiyasi\/#primaryimage\",\"url\":\"https:\/\/bs2.lt\/wp-content\/uploads\/2021\/02\/transformacziya-ustrojstv-samoobsluzhivaniya.jpg\",\"contentUrl\":\"https:\/\/bs2.lt\/wp-content\/uploads\/2021\/02\/transformacziya-ustrojstv-samoobsluzhivaniya.jpg\",\"width\":1200,\"height\":1000},{\"@type\":\"BreadcrumbList\",\"@id\":\"https:\/\/bs2.lt\/az\/product\/ozun%c9%99xidm%c9%99t-qurgularinin-transformasiyasi\/#breadcrumb\",\"itemListElement\":[{\"@type\":\"ListItem\",\"position\":1,\"name\":\"Home\",\"item\":\"https:\/\/bs2.lt\/az\/\"},{\"@type\":\"ListItem\",\"position\":2,\"name\":\"\u00d6z\u00fcn\u0259xidm\u0259t qur\u011fular\u0131n\u0131n transformasiyas\u0131\"}]},{\"@type\":\"WebSite\",\"@id\":\"https:\/\/bs2.lt\/#website\",\"url\":\"https:\/\/bs2.lt\/\",\"name\":\"BS\/2\",\"description\":\"Banking and retail technology company\",\"publisher\":{\"@id\":\"https:\/\/bs2.lt\/#organization\"},\"potentialAction\":[{\"@type\":\"SearchAction\",\"target\":{\"@type\":\"EntryPoint\",\"urlTemplate\":\"https:\/\/bs2.lt\/?s={search_term_string}\"},\"query-input\":{\"@type\":\"PropertyValueSpecification\",\"valueRequired\":true,\"valueName\":\"search_term_string\"}}],\"inLanguage\":\"az\"},{\"@type\":\"Organization\",\"@id\":\"https:\/\/bs2.lt\/#organization\",\"name\":\"BS\/2\",\"url\":\"https:\/\/bs2.lt\/\",\"logo\":{\"@type\":\"ImageObject\",\"inLanguage\":\"az\",\"@id\":\"https:\/\/bs2.lt\/#\/schema\/logo\/image\/\",\"url\":\"https:\/\/bs2.lt\/wp-content\/uploads\/2022\/08\/bs2-logo.svg\",\"contentUrl\":\"https:\/\/bs2.lt\/wp-content\/uploads\/2022\/08\/bs2-logo.svg\",\"width\":100,\"height\":57,\"caption\":\"BS\/2\"},\"image\":{\"@id\":\"https:\/\/bs2.lt\/#\/schema\/logo\/image\/\"},\"sameAs\":[\"https:\/\/www.facebook.com\/bs2solutions\/\",\"https:\/\/www.linkedin.com\/showcase\/bs2solutions\",\"https:\/\/www.youtube.com\/c\/Bs2Lt\"]}]}<\/script>\n<!-- \/ Yoast SEO plugin. -->","yoast_head_json":{"title":"\u00d6z\u00fcn\u0259xidm\u0259t qur\u011fular\u0131n\u0131n transformasiyas\u0131 | BS\/2","robots":{"index":"index","follow":"follow","max-snippet":"max-snippet:-1","max-image-preview":"max-image-preview:large","max-video-preview":"max-video-preview:-1"},"canonical":"https:\/\/bs2.lt\/az\/product\/ozun\u0259xidm\u0259t-qurgularinin-transformasiyasi\/","og_locale":"az_AZ","og_type":"article","og_title":"\u00d6z\u00fcn\u0259xidm\u0259t qur\u011fular\u0131n\u0131n transformasiyas\u0131 | BS\/2","og_description":"Bu g\u00fcn bir \u00e7ox m\u00fc\u015ft\u0259ril\u0259r bank \u0259m\u0259liyyatlar\u0131n\u0131 m\u00fcst\u0259qil yerin\u0259 yetirm\u0259y\u0259 \u00fcst\u00fcnl\u00fck verirl\u0259r, buna g\u00f6r\u0259 d\u0259 bankomatlar, \u00f6d\u0259ni\u015f k\u00f6\u015fkl\u0259ri v\u0259 dig\u0259r \u00f6z\u00fcn\u0259xidm\u0259t qur\u011fular\u0131 \u0259sas, h\u0259rd\u0259n m\u00fc\u015ft\u0259ri il\u0259 bank\u0131n yegan\u0259 fiziki t\u0259mas n\u00f6qt\u0259si olaraq qal\u0131r. Bu qar\u015f\u0131l\u0131ql\u0131 \u0259laq\u0259nin n\u0259 q\u0259d\u0259r u\u011furlu olmas\u0131 bankomatda t\u0259qdim olunan funksiyalar d\u0259stind\u0259n, h\u0259m\u00e7inin terminaldan istifad\u0259ni n\u0259 q\u0259d\u0259r rahat olmas\u0131ndan as\u0131l\u0131d\u0131r.","og_url":"https:\/\/bs2.lt\/az\/product\/ozun\u0259xidm\u0259t-qurgularinin-transformasiyasi\/","og_site_name":"BS\/2","article_publisher":"https:\/\/www.facebook.com\/bs2solutions\/","article_modified_time":"2022-03-28T09:50:16+00:00","og_image":[{"width":1200,"height":1000,"url":"https:\/\/bs2.lt\/wp-content\/uploads\/2021\/02\/transformacziya-ustrojstv-samoobsluzhivaniya.jpg","type":"image\/jpeg"}],"twitter_card":"summary_large_image","twitter_misc":{"Est. reading time":"1 minute"},"schema":{"@context":"https:\/\/schema.org","@graph":[{"@type":"WebPage","@id":"https:\/\/bs2.lt\/az\/product\/ozun%c9%99xidm%c9%99t-qurgularinin-transformasiyasi\/","url":"https:\/\/bs2.lt\/az\/product\/ozun%c9%99xidm%c9%99t-qurgularinin-transformasiyasi\/","name":"\u00d6z\u00fcn\u0259xidm\u0259t qur\u011fular\u0131n\u0131n transformasiyas\u0131 | BS\/2","isPartOf":{"@id":"https:\/\/bs2.lt\/#website"},"primaryImageOfPage":{"@id":"https:\/\/bs2.lt\/az\/product\/ozun%c9%99xidm%c9%99t-qurgularinin-transformasiyasi\/#primaryimage"},"image":{"@id":"https:\/\/bs2.lt\/az\/product\/ozun%c9%99xidm%c9%99t-qurgularinin-transformasiyasi\/#primaryimage"},"thumbnailUrl":"https:\/\/bs2.lt\/wp-content\/uploads\/2021\/02\/transformacziya-ustrojstv-samoobsluzhivaniya.jpg","datePublished":"2022-03-28T09:46:59+00:00","dateModified":"2022-03-28T09:50:16+00:00","breadcrumb":{"@id":"https:\/\/bs2.lt\/az\/product\/ozun%c9%99xidm%c9%99t-qurgularinin-transformasiyasi\/#breadcrumb"},"inLanguage":"az","potentialAction":[{"@type":"ReadAction","target":["https:\/\/bs2.lt\/az\/product\/ozun%c9%99xidm%c9%99t-qurgularinin-transformasiyasi\/"]}]},{"@type":"ImageObject","inLanguage":"az","@id":"https:\/\/bs2.lt\/az\/product\/ozun%c9%99xidm%c9%99t-qurgularinin-transformasiyasi\/#primaryimage","url":"https:\/\/bs2.lt\/wp-content\/uploads\/2021\/02\/transformacziya-ustrojstv-samoobsluzhivaniya.jpg","contentUrl":"https:\/\/bs2.lt\/wp-content\/uploads\/2021\/02\/transformacziya-ustrojstv-samoobsluzhivaniya.jpg","width":1200,"height":1000},{"@type":"BreadcrumbList","@id":"https:\/\/bs2.lt\/az\/product\/ozun%c9%99xidm%c9%99t-qurgularinin-transformasiyasi\/#breadcrumb","itemListElement":[{"@type":"ListItem","position":1,"name":"Home","item":"https:\/\/bs2.lt\/az\/"},{"@type":"ListItem","position":2,"name":"\u00d6z\u00fcn\u0259xidm\u0259t qur\u011fular\u0131n\u0131n transformasiyas\u0131"}]},{"@type":"WebSite","@id":"https:\/\/bs2.lt\/#website","url":"https:\/\/bs2.lt\/","name":"BS\/2","description":"Banking and retail technology company","publisher":{"@id":"https:\/\/bs2.lt\/#organization"},"potentialAction":[{"@type":"SearchAction","target":{"@type":"EntryPoint","urlTemplate":"https:\/\/bs2.lt\/?s={search_term_string}"},"query-input":{"@type":"PropertyValueSpecification","valueRequired":true,"valueName":"search_term_string"}}],"inLanguage":"az"},{"@type":"Organization","@id":"https:\/\/bs2.lt\/#organization","name":"BS\/2","url":"https:\/\/bs2.lt\/","logo":{"@type":"ImageObject","inLanguage":"az","@id":"https:\/\/bs2.lt\/#\/schema\/logo\/image\/","url":"https:\/\/bs2.lt\/wp-content\/uploads\/2022\/08\/bs2-logo.svg","contentUrl":"https:\/\/bs2.lt\/wp-content\/uploads\/2022\/08\/bs2-logo.svg","width":100,"height":57,"caption":"BS\/2"},"image":{"@id":"https:\/\/bs2.lt\/#\/schema\/logo\/image\/"},"sameAs":["https:\/\/www.facebook.com\/bs2solutions\/","https:\/\/www.linkedin.com\/showcase\/bs2solutions","https:\/\/www.youtube.com\/c\/Bs2Lt"]}]}},"_links":{"self":[{"href":"https:\/\/bs2.lt\/az\/wp-json\/wp\/v2\/product\/25815","targetHints":{"allow":["GET"]}}],"collection":[{"href":"https:\/\/bs2.lt\/az\/wp-json\/wp\/v2\/product"}],"about":[{"href":"https:\/\/bs2.lt\/az\/wp-json\/wp\/v2\/types\/product"}],"wp:featuredmedia":[{"embeddable":true,"href":"https:\/\/bs2.lt\/az\/wp-json\/wp\/v2\/media\/21464"}],"wp:attachment":[{"href":"https:\/\/bs2.lt\/az\/wp-json\/wp\/v2\/media?parent=25815"}],"wp:term":[{"taxonomy":"product_category","embeddable":true,"href":"https:\/\/bs2.lt\/az\/wp-json\/wp\/v2\/product_category?post=25815"},{"taxonomy":"atm_series","embeddable":true,"href":"https:\/\/bs2.lt\/az\/wp-json\/wp\/v2\/atm_series?post=25815"},{"taxonomy":"atm_cashflow","embeddable":true,"href":"https:\/\/bs2.lt\/az\/wp-json\/wp\/v2\/atm_cashflow?post=25815"},{"taxonomy":"atm_type","embeddable":true,"href":"https:\/\/bs2.lt\/az\/wp-json\/wp\/v2\/atm_type?post=25815"},{"taxonomy":"product-provider","embeddable":true,"href":"https:\/\/bs2.lt\/az\/wp-json\/wp\/v2\/product-provider?post=25815"}],"curies":[{"name":"wp","href":"https:\/\/api.w.org\/{rel}","templated":true}]}}