{"id":25813,"date":"2022-03-28T07:44:53","date_gmt":"2022-03-28T09:44:53","guid":{"rendered":"https:\/\/bs2.lt\/bs2.lt\/?post_type=product&#038;p=25813"},"modified":"2022-03-28T07:45:51","modified_gmt":"2022-03-28T09:45:51","slug":"bank-sob%c9%99l%c9%99rinin-transformasiyasi","status":"publish","type":"product","link":"https:\/\/bs2.lt\/az\/product\/bank-sob%c9%99l%c9%99rinin-transformasiyasi\/","title":{"rendered":"Bank \u015f\u00f6b\u0259l\u0259rinin transformasiyas\u0131"},"content":{"rendered":"<p>Bank xidm\u0259tl\u0259rinin t\u0259qdim edilm\u0259si format\u0131 s\u00fcr\u0259tl\u0259 d\u0259yi\u015fir, bu is\u0259 bank \u015f\u00f6b\u0259l\u0259rinin transformasiyas\u0131nda \u00f6z \u0259ksini tap\u0131r. M\u00fcasir h\u0259ll\u0259r m\u00fc\u015ft\u0259ri ax\u0131nlar\u0131n\u0131 yenid\u0259n paylamaq v\u0259 k\u00f6hn\u0259 \u0259m\u0259liyyatlar\u0131 \u00f6z\u00fcn\u0259xidm\u0259t qur\u011fular\u0131na saxlayaraq, daha d\u0259y\u0259rli bank  m\u00fc\u015ft\u0259ril\u0259rin\u0259 effektiv xidm\u0259t g\u00f6st\u0259rm\u0259y\u0259 imkan yarad\u0131r.<\/p>\n","protected":false},"featured_media":21469,"template":"","product_category":[335],"atm_series":[],"atm_cashflow":[],"atm_type":[],"product-provider":[],"class_list":["post-25813","product","type-product","status-publish","has-post-thumbnail","hentry","product_category-services"],"acf":[],"yoast_head":"<!-- This site is optimized with the Yoast SEO plugin v26.2 - https:\/\/yoast.com\/wordpress\/plugins\/seo\/ -->\n<title>Bank \u015f\u00f6b\u0259l\u0259rinin transformasiyas\u0131 | BS\/2<\/title>\n<meta name=\"robots\" content=\"index, follow, max-snippet:-1, max-image-preview:large, max-video-preview:-1\" \/>\n<link rel=\"canonical\" href=\"https:\/\/bs2.lt\/az\/product\/bank-sob\u0259l\u0259rinin-transformasiyasi\/\" \/>\n<meta property=\"og:locale\" content=\"az_AZ\" \/>\n<meta property=\"og:type\" content=\"article\" \/>\n<meta property=\"og:title\" content=\"Bank \u015f\u00f6b\u0259l\u0259rinin transformasiyas\u0131 | BS\/2\" \/>\n<meta property=\"og:description\" content=\"Bank xidm\u0259tl\u0259rinin t\u0259qdim edilm\u0259si format\u0131 s\u00fcr\u0259tl\u0259 d\u0259yi\u015fir, bu is\u0259 bank \u015f\u00f6b\u0259l\u0259rinin transformasiyas\u0131nda \u00f6z \u0259ksini tap\u0131r. M\u00fcasir h\u0259ll\u0259r m\u00fc\u015ft\u0259ri ax\u0131nlar\u0131n\u0131 yenid\u0259n paylamaq v\u0259 k\u00f6hn\u0259 \u0259m\u0259liyyatlar\u0131 \u00f6z\u00fcn\u0259xidm\u0259t qur\u011fular\u0131na saxlayaraq, daha d\u0259y\u0259rli bank m\u00fc\u015ft\u0259ril\u0259rin\u0259 effektiv xidm\u0259t g\u00f6st\u0259rm\u0259y\u0259 imkan yarad\u0131r.\" \/>\n<meta property=\"og:url\" content=\"https:\/\/bs2.lt\/az\/product\/bank-sob\u0259l\u0259rinin-transformasiyasi\/\" \/>\n<meta property=\"og:site_name\" content=\"BS\/2\" \/>\n<meta property=\"article:publisher\" content=\"https:\/\/www.facebook.com\/bs2solutions\/\" \/>\n<meta property=\"article:modified_time\" content=\"2022-03-28T09:45:51+00:00\" \/>\n<meta property=\"og:image\" content=\"https:\/\/bs2.lt\/wp-content\/uploads\/2021\/02\/transformacziya-bankovskih-otdelenij.jpg\" \/>\n\t<meta property=\"og:image:width\" content=\"1200\" \/>\n\t<meta property=\"og:image:height\" content=\"1000\" \/>\n\t<meta property=\"og:image:type\" content=\"image\/jpeg\" \/>\n<meta name=\"twitter:card\" content=\"summary_large_image\" \/>\n<script type=\"application\/ld+json\" class=\"yoast-schema-graph\">{\"@context\":\"https:\/\/schema.org\",\"@graph\":[{\"@type\":\"WebPage\",\"@id\":\"https:\/\/bs2.lt\/az\/product\/bank-sob%c9%99l%c9%99rinin-transformasiyasi\/\",\"url\":\"https:\/\/bs2.lt\/az\/product\/bank-sob%c9%99l%c9%99rinin-transformasiyasi\/\",\"name\":\"Bank \u015f\u00f6b\u0259l\u0259rinin transformasiyas\u0131 | BS\/2\",\"isPartOf\":{\"@id\":\"https:\/\/bs2.lt\/#website\"},\"primaryImageOfPage\":{\"@id\":\"https:\/\/bs2.lt\/az\/product\/bank-sob%c9%99l%c9%99rinin-transformasiyasi\/#primaryimage\"},\"image\":{\"@id\":\"https:\/\/bs2.lt\/az\/product\/bank-sob%c9%99l%c9%99rinin-transformasiyasi\/#primaryimage\"},\"thumbnailUrl\":\"https:\/\/bs2.lt\/wp-content\/uploads\/2021\/02\/transformacziya-bankovskih-otdelenij.jpg\",\"datePublished\":\"2022-03-28T09:44:53+00:00\",\"dateModified\":\"2022-03-28T09:45:51+00:00\",\"breadcrumb\":{\"@id\":\"https:\/\/bs2.lt\/az\/product\/bank-sob%c9%99l%c9%99rinin-transformasiyasi\/#breadcrumb\"},\"inLanguage\":\"az\",\"potentialAction\":[{\"@type\":\"ReadAction\",\"target\":[\"https:\/\/bs2.lt\/az\/product\/bank-sob%c9%99l%c9%99rinin-transformasiyasi\/\"]}]},{\"@type\":\"ImageObject\",\"inLanguage\":\"az\",\"@id\":\"https:\/\/bs2.lt\/az\/product\/bank-sob%c9%99l%c9%99rinin-transformasiyasi\/#primaryimage\",\"url\":\"https:\/\/bs2.lt\/wp-content\/uploads\/2021\/02\/transformacziya-bankovskih-otdelenij.jpg\",\"contentUrl\":\"https:\/\/bs2.lt\/wp-content\/uploads\/2021\/02\/transformacziya-bankovskih-otdelenij.jpg\",\"width\":1200,\"height\":1000},{\"@type\":\"BreadcrumbList\",\"@id\":\"https:\/\/bs2.lt\/az\/product\/bank-sob%c9%99l%c9%99rinin-transformasiyasi\/#breadcrumb\",\"itemListElement\":[{\"@type\":\"ListItem\",\"position\":1,\"name\":\"Home\",\"item\":\"https:\/\/bs2.lt\/az\/\"},{\"@type\":\"ListItem\",\"position\":2,\"name\":\"Bank \u015f\u00f6b\u0259l\u0259rinin transformasiyas\u0131\"}]},{\"@type\":\"WebSite\",\"@id\":\"https:\/\/bs2.lt\/#website\",\"url\":\"https:\/\/bs2.lt\/\",\"name\":\"BS\/2\",\"description\":\"Banking and retail technology company\",\"publisher\":{\"@id\":\"https:\/\/bs2.lt\/#organization\"},\"potentialAction\":[{\"@type\":\"SearchAction\",\"target\":{\"@type\":\"EntryPoint\",\"urlTemplate\":\"https:\/\/bs2.lt\/?s={search_term_string}\"},\"query-input\":{\"@type\":\"PropertyValueSpecification\",\"valueRequired\":true,\"valueName\":\"search_term_string\"}}],\"inLanguage\":\"az\"},{\"@type\":\"Organization\",\"@id\":\"https:\/\/bs2.lt\/#organization\",\"name\":\"BS\/2\",\"url\":\"https:\/\/bs2.lt\/\",\"logo\":{\"@type\":\"ImageObject\",\"inLanguage\":\"az\",\"@id\":\"https:\/\/bs2.lt\/#\/schema\/logo\/image\/\",\"url\":\"https:\/\/bs2.lt\/wp-content\/uploads\/2022\/08\/bs2-logo.svg\",\"contentUrl\":\"https:\/\/bs2.lt\/wp-content\/uploads\/2022\/08\/bs2-logo.svg\",\"width\":100,\"height\":57,\"caption\":\"BS\/2\"},\"image\":{\"@id\":\"https:\/\/bs2.lt\/#\/schema\/logo\/image\/\"},\"sameAs\":[\"https:\/\/www.facebook.com\/bs2solutions\/\",\"https:\/\/www.linkedin.com\/showcase\/bs2solutions\",\"https:\/\/www.youtube.com\/c\/Bs2Lt\"]}]}<\/script>\n<!-- \/ Yoast SEO plugin. -->","yoast_head_json":{"title":"Bank \u015f\u00f6b\u0259l\u0259rinin transformasiyas\u0131 | BS\/2","robots":{"index":"index","follow":"follow","max-snippet":"max-snippet:-1","max-image-preview":"max-image-preview:large","max-video-preview":"max-video-preview:-1"},"canonical":"https:\/\/bs2.lt\/az\/product\/bank-sob\u0259l\u0259rinin-transformasiyasi\/","og_locale":"az_AZ","og_type":"article","og_title":"Bank \u015f\u00f6b\u0259l\u0259rinin transformasiyas\u0131 | BS\/2","og_description":"Bank xidm\u0259tl\u0259rinin t\u0259qdim edilm\u0259si format\u0131 s\u00fcr\u0259tl\u0259 d\u0259yi\u015fir, bu is\u0259 bank \u015f\u00f6b\u0259l\u0259rinin transformasiyas\u0131nda \u00f6z \u0259ksini tap\u0131r. M\u00fcasir h\u0259ll\u0259r m\u00fc\u015ft\u0259ri ax\u0131nlar\u0131n\u0131 yenid\u0259n paylamaq v\u0259 k\u00f6hn\u0259 \u0259m\u0259liyyatlar\u0131 \u00f6z\u00fcn\u0259xidm\u0259t qur\u011fular\u0131na saxlayaraq, daha d\u0259y\u0259rli bank m\u00fc\u015ft\u0259ril\u0259rin\u0259 effektiv xidm\u0259t g\u00f6st\u0259rm\u0259y\u0259 imkan yarad\u0131r.","og_url":"https:\/\/bs2.lt\/az\/product\/bank-sob\u0259l\u0259rinin-transformasiyasi\/","og_site_name":"BS\/2","article_publisher":"https:\/\/www.facebook.com\/bs2solutions\/","article_modified_time":"2022-03-28T09:45:51+00:00","og_image":[{"width":1200,"height":1000,"url":"https:\/\/bs2.lt\/wp-content\/uploads\/2021\/02\/transformacziya-bankovskih-otdelenij.jpg","type":"image\/jpeg"}],"twitter_card":"summary_large_image","schema":{"@context":"https:\/\/schema.org","@graph":[{"@type":"WebPage","@id":"https:\/\/bs2.lt\/az\/product\/bank-sob%c9%99l%c9%99rinin-transformasiyasi\/","url":"https:\/\/bs2.lt\/az\/product\/bank-sob%c9%99l%c9%99rinin-transformasiyasi\/","name":"Bank \u015f\u00f6b\u0259l\u0259rinin transformasiyas\u0131 | BS\/2","isPartOf":{"@id":"https:\/\/bs2.lt\/#website"},"primaryImageOfPage":{"@id":"https:\/\/bs2.lt\/az\/product\/bank-sob%c9%99l%c9%99rinin-transformasiyasi\/#primaryimage"},"image":{"@id":"https:\/\/bs2.lt\/az\/product\/bank-sob%c9%99l%c9%99rinin-transformasiyasi\/#primaryimage"},"thumbnailUrl":"https:\/\/bs2.lt\/wp-content\/uploads\/2021\/02\/transformacziya-bankovskih-otdelenij.jpg","datePublished":"2022-03-28T09:44:53+00:00","dateModified":"2022-03-28T09:45:51+00:00","breadcrumb":{"@id":"https:\/\/bs2.lt\/az\/product\/bank-sob%c9%99l%c9%99rinin-transformasiyasi\/#breadcrumb"},"inLanguage":"az","potentialAction":[{"@type":"ReadAction","target":["https:\/\/bs2.lt\/az\/product\/bank-sob%c9%99l%c9%99rinin-transformasiyasi\/"]}]},{"@type":"ImageObject","inLanguage":"az","@id":"https:\/\/bs2.lt\/az\/product\/bank-sob%c9%99l%c9%99rinin-transformasiyasi\/#primaryimage","url":"https:\/\/bs2.lt\/wp-content\/uploads\/2021\/02\/transformacziya-bankovskih-otdelenij.jpg","contentUrl":"https:\/\/bs2.lt\/wp-content\/uploads\/2021\/02\/transformacziya-bankovskih-otdelenij.jpg","width":1200,"height":1000},{"@type":"BreadcrumbList","@id":"https:\/\/bs2.lt\/az\/product\/bank-sob%c9%99l%c9%99rinin-transformasiyasi\/#breadcrumb","itemListElement":[{"@type":"ListItem","position":1,"name":"Home","item":"https:\/\/bs2.lt\/az\/"},{"@type":"ListItem","position":2,"name":"Bank \u015f\u00f6b\u0259l\u0259rinin transformasiyas\u0131"}]},{"@type":"WebSite","@id":"https:\/\/bs2.lt\/#website","url":"https:\/\/bs2.lt\/","name":"BS\/2","description":"Banking and retail technology company","publisher":{"@id":"https:\/\/bs2.lt\/#organization"},"potentialAction":[{"@type":"SearchAction","target":{"@type":"EntryPoint","urlTemplate":"https:\/\/bs2.lt\/?s={search_term_string}"},"query-input":{"@type":"PropertyValueSpecification","valueRequired":true,"valueName":"search_term_string"}}],"inLanguage":"az"},{"@type":"Organization","@id":"https:\/\/bs2.lt\/#organization","name":"BS\/2","url":"https:\/\/bs2.lt\/","logo":{"@type":"ImageObject","inLanguage":"az","@id":"https:\/\/bs2.lt\/#\/schema\/logo\/image\/","url":"https:\/\/bs2.lt\/wp-content\/uploads\/2022\/08\/bs2-logo.svg","contentUrl":"https:\/\/bs2.lt\/wp-content\/uploads\/2022\/08\/bs2-logo.svg","width":100,"height":57,"caption":"BS\/2"},"image":{"@id":"https:\/\/bs2.lt\/#\/schema\/logo\/image\/"},"sameAs":["https:\/\/www.facebook.com\/bs2solutions\/","https:\/\/www.linkedin.com\/showcase\/bs2solutions","https:\/\/www.youtube.com\/c\/Bs2Lt"]}]}},"_links":{"self":[{"href":"https:\/\/bs2.lt\/az\/wp-json\/wp\/v2\/product\/25813","targetHints":{"allow":["GET"]}}],"collection":[{"href":"https:\/\/bs2.lt\/az\/wp-json\/wp\/v2\/product"}],"about":[{"href":"https:\/\/bs2.lt\/az\/wp-json\/wp\/v2\/types\/product"}],"wp:featuredmedia":[{"embeddable":true,"href":"https:\/\/bs2.lt\/az\/wp-json\/wp\/v2\/media\/21469"}],"wp:attachment":[{"href":"https:\/\/bs2.lt\/az\/wp-json\/wp\/v2\/media?parent=25813"}],"wp:term":[{"taxonomy":"product_category","embeddable":true,"href":"https:\/\/bs2.lt\/az\/wp-json\/wp\/v2\/product_category?post=25813"},{"taxonomy":"atm_series","embeddable":true,"href":"https:\/\/bs2.lt\/az\/wp-json\/wp\/v2\/atm_series?post=25813"},{"taxonomy":"atm_cashflow","embeddable":true,"href":"https:\/\/bs2.lt\/az\/wp-json\/wp\/v2\/atm_cashflow?post=25813"},{"taxonomy":"atm_type","embeddable":true,"href":"https:\/\/bs2.lt\/az\/wp-json\/wp\/v2\/atm_type?post=25813"},{"taxonomy":"product-provider","embeddable":true,"href":"https:\/\/bs2.lt\/az\/wp-json\/wp\/v2\/product-provider?post=25813"}],"curies":[{"name":"wp","href":"https:\/\/api.w.org\/{rel}","templated":true}]}}