{"id":25812,"date":"2022-03-28T07:42:05","date_gmt":"2022-03-28T09:42:05","guid":{"rendered":"https:\/\/bs2.lt\/bs2.lt\/?post_type=product&#038;p=25812"},"modified":"2022-04-19T14:54:37","modified_gmt":"2022-04-19T11:54:37","slug":"ekvayrinq-s%c9%99b%c9%99k%c9%99sinin-aursorsinqi","status":"publish","type":"product","link":"https:\/\/bs2.lt\/az\/product\/ekvayrinq-s%c9%99b%c9%99k%c9%99sinin-aursorsinqi\/","title":{"rendered":"Ekvayrinq \u015f\u0259b\u0259k\u0259sinin aursorsinqi"},"content":{"rendered":"<p>\u00d6d\u0259ni\u015f infrastrukturunun inki\u015faf\u0131 v\u0259 onun effektiv i\u015finin d\u0259st\u0259kl\u0259nm\u0259si \u2013 ist\u0259nil\u0259n maliyy\u0259 t\u0259\u015fkilat\u0131n\u0131n qar\u015f\u0131s\u0131nda dayanan kompleks m\u0259\u0259s\u0259l\u0259dir. S\u0259naye t\u0259l\u0259bl\u0259ri v\u0259 yeks\u0259k r\u0259qab\u0259t s\u0259viyy\u0259si maliyy\u0259 sektoru \u015firk\u0259tl\u0259rini istifad\u0259\u00e7il\u0259rin POS terminallarda, bankomatlarda v\u0259 dig\u0259r qur\u011fularda t\u0259qdim olunan xidm\u0259t\u0259r\u0259 giri\u015fl\u0259rinin t\u0259min edilm\u0259sini maksimal \u00e7evik etm\u0259y\u0259 m\u0259cbur edir.<\/p>\n<p>\u00d6d\u0259ni\u015f ifrastrukturunun i\u015finin t\u0259min edilm\u0259si \u00fczr\u0259 \u0259m\u0259liyyat prosesl\u0259rinin tam v\u0259 qism\u0259n t\u0259r\u0259fda\u015fa g\u00f6nd\u0259rilm\u0259si imkan\u0131 maya d\u0259y\u0259rini \u0259h\u0259miyy\u0259tli d\u0259r\u0259c\u0259d\u0259 azalda v\u0259 \u00f6d\u0259ni\u015fin q\u0259bulu xidm\u0259tinin \u0259lveri\u015fliyini art\u0131ra bil\u0259r.<\/p>\n","protected":false},"featured_media":26464,"template":"","product_category":[335],"atm_series":[],"atm_cashflow":[],"atm_type":[],"product-provider":[],"class_list":["post-25812","product","type-product","status-publish","has-post-thumbnail","hentry","product_category-services"],"acf":[],"yoast_head":"<!-- This site is optimized with the Yoast SEO plugin v26.2 - https:\/\/yoast.com\/wordpress\/plugins\/seo\/ -->\n<title>Ekvayrinq \u015f\u0259b\u0259k\u0259sinin aursorsinqi | BS\/2<\/title>\n<meta name=\"robots\" content=\"index, follow, max-snippet:-1, max-image-preview:large, max-video-preview:-1\" \/>\n<link rel=\"canonical\" href=\"https:\/\/bs2.lt\/az\/product\/ekvayrinq-s\u0259b\u0259k\u0259sinin-aursorsinqi\/\" \/>\n<meta property=\"og:locale\" content=\"az_AZ\" \/>\n<meta property=\"og:type\" content=\"article\" \/>\n<meta property=\"og:title\" content=\"Ekvayrinq \u015f\u0259b\u0259k\u0259sinin aursorsinqi | BS\/2\" \/>\n<meta property=\"og:description\" content=\"\u00d6d\u0259ni\u015f infrastrukturunun inki\u015faf\u0131 v\u0259 onun effektiv i\u015finin d\u0259st\u0259kl\u0259nm\u0259si \u2013 ist\u0259nil\u0259n maliyy\u0259 t\u0259\u015fkilat\u0131n\u0131n qar\u015f\u0131s\u0131nda dayanan kompleks m\u0259\u0259s\u0259l\u0259dir. S\u0259naye t\u0259l\u0259bl\u0259ri v\u0259 yeks\u0259k r\u0259qab\u0259t s\u0259viyy\u0259si maliyy\u0259 sektoru \u015firk\u0259tl\u0259rini istifad\u0259\u00e7il\u0259rin POS terminallarda, bankomatlarda v\u0259 dig\u0259r qur\u011fularda t\u0259qdim olunan xidm\u0259t\u0259r\u0259 giri\u015fl\u0259rinin t\u0259min edilm\u0259sini maksimal \u00e7evik etm\u0259y\u0259 m\u0259cbur edir. \u00d6d\u0259ni\u015f ifrastrukturunun i\u015finin t\u0259min edilm\u0259si \u00fczr\u0259 \u0259m\u0259liyyat prosesl\u0259rinin tam v\u0259 qism\u0259n t\u0259r\u0259fda\u015fa [&hellip;]\" \/>\n<meta property=\"og:url\" content=\"https:\/\/bs2.lt\/az\/product\/ekvayrinq-s\u0259b\u0259k\u0259sinin-aursorsinqi\/\" \/>\n<meta property=\"og:site_name\" content=\"BS\/2\" \/>\n<meta property=\"article:publisher\" content=\"https:\/\/www.facebook.com\/bs2solutions\/\" \/>\n<meta property=\"article:modified_time\" content=\"2022-04-19T11:54:37+00:00\" \/>\n<meta property=\"og:image\" content=\"https:\/\/bs2.lt\/wp-content\/uploads\/2021\/05\/autsorsing-ekv-seti.jpg\" \/>\n\t<meta property=\"og:image:width\" content=\"1200\" \/>\n\t<meta property=\"og:image:height\" content=\"1000\" \/>\n\t<meta property=\"og:image:type\" content=\"image\/jpeg\" \/>\n<meta name=\"twitter:card\" content=\"summary_large_image\" \/>\n<meta name=\"twitter:label1\" content=\"Est. reading time\" \/>\n\t<meta name=\"twitter:data1\" content=\"1 minute\" \/>\n<script type=\"application\/ld+json\" class=\"yoast-schema-graph\">{\"@context\":\"https:\/\/schema.org\",\"@graph\":[{\"@type\":\"WebPage\",\"@id\":\"https:\/\/bs2.lt\/az\/product\/ekvayrinq-s%c9%99b%c9%99k%c9%99sinin-aursorsinqi\/\",\"url\":\"https:\/\/bs2.lt\/az\/product\/ekvayrinq-s%c9%99b%c9%99k%c9%99sinin-aursorsinqi\/\",\"name\":\"Ekvayrinq \u015f\u0259b\u0259k\u0259sinin aursorsinqi | BS\/2\",\"isPartOf\":{\"@id\":\"https:\/\/bs2.lt\/#website\"},\"primaryImageOfPage\":{\"@id\":\"https:\/\/bs2.lt\/az\/product\/ekvayrinq-s%c9%99b%c9%99k%c9%99sinin-aursorsinqi\/#primaryimage\"},\"image\":{\"@id\":\"https:\/\/bs2.lt\/az\/product\/ekvayrinq-s%c9%99b%c9%99k%c9%99sinin-aursorsinqi\/#primaryimage\"},\"thumbnailUrl\":\"https:\/\/bs2.lt\/wp-content\/uploads\/2021\/05\/autsorsing-ekv-seti.jpg\",\"datePublished\":\"2022-03-28T09:42:05+00:00\",\"dateModified\":\"2022-04-19T11:54:37+00:00\",\"breadcrumb\":{\"@id\":\"https:\/\/bs2.lt\/az\/product\/ekvayrinq-s%c9%99b%c9%99k%c9%99sinin-aursorsinqi\/#breadcrumb\"},\"inLanguage\":\"az\",\"potentialAction\":[{\"@type\":\"ReadAction\",\"target\":[\"https:\/\/bs2.lt\/az\/product\/ekvayrinq-s%c9%99b%c9%99k%c9%99sinin-aursorsinqi\/\"]}]},{\"@type\":\"ImageObject\",\"inLanguage\":\"az\",\"@id\":\"https:\/\/bs2.lt\/az\/product\/ekvayrinq-s%c9%99b%c9%99k%c9%99sinin-aursorsinqi\/#primaryimage\",\"url\":\"https:\/\/bs2.lt\/wp-content\/uploads\/2021\/05\/autsorsing-ekv-seti.jpg\",\"contentUrl\":\"https:\/\/bs2.lt\/wp-content\/uploads\/2021\/05\/autsorsing-ekv-seti.jpg\",\"width\":1200,\"height\":1000},{\"@type\":\"BreadcrumbList\",\"@id\":\"https:\/\/bs2.lt\/az\/product\/ekvayrinq-s%c9%99b%c9%99k%c9%99sinin-aursorsinqi\/#breadcrumb\",\"itemListElement\":[{\"@type\":\"ListItem\",\"position\":1,\"name\":\"Home\",\"item\":\"https:\/\/bs2.lt\/az\/\"},{\"@type\":\"ListItem\",\"position\":2,\"name\":\"Ekvayrinq \u015f\u0259b\u0259k\u0259sinin aursorsinqi\"}]},{\"@type\":\"WebSite\",\"@id\":\"https:\/\/bs2.lt\/#website\",\"url\":\"https:\/\/bs2.lt\/\",\"name\":\"BS\/2\",\"description\":\"Banking and retail technology company\",\"publisher\":{\"@id\":\"https:\/\/bs2.lt\/#organization\"},\"potentialAction\":[{\"@type\":\"SearchAction\",\"target\":{\"@type\":\"EntryPoint\",\"urlTemplate\":\"https:\/\/bs2.lt\/?s={search_term_string}\"},\"query-input\":{\"@type\":\"PropertyValueSpecification\",\"valueRequired\":true,\"valueName\":\"search_term_string\"}}],\"inLanguage\":\"az\"},{\"@type\":\"Organization\",\"@id\":\"https:\/\/bs2.lt\/#organization\",\"name\":\"BS\/2\",\"url\":\"https:\/\/bs2.lt\/\",\"logo\":{\"@type\":\"ImageObject\",\"inLanguage\":\"az\",\"@id\":\"https:\/\/bs2.lt\/#\/schema\/logo\/image\/\",\"url\":\"https:\/\/bs2.lt\/wp-content\/uploads\/2022\/08\/bs2-logo.svg\",\"contentUrl\":\"https:\/\/bs2.lt\/wp-content\/uploads\/2022\/08\/bs2-logo.svg\",\"width\":100,\"height\":57,\"caption\":\"BS\/2\"},\"image\":{\"@id\":\"https:\/\/bs2.lt\/#\/schema\/logo\/image\/\"},\"sameAs\":[\"https:\/\/www.facebook.com\/bs2solutions\/\",\"https:\/\/www.linkedin.com\/showcase\/bs2solutions\",\"https:\/\/www.youtube.com\/c\/Bs2Lt\"]}]}<\/script>\n<!-- \/ Yoast SEO plugin. -->","yoast_head_json":{"title":"Ekvayrinq \u015f\u0259b\u0259k\u0259sinin aursorsinqi | BS\/2","robots":{"index":"index","follow":"follow","max-snippet":"max-snippet:-1","max-image-preview":"max-image-preview:large","max-video-preview":"max-video-preview:-1"},"canonical":"https:\/\/bs2.lt\/az\/product\/ekvayrinq-s\u0259b\u0259k\u0259sinin-aursorsinqi\/","og_locale":"az_AZ","og_type":"article","og_title":"Ekvayrinq \u015f\u0259b\u0259k\u0259sinin aursorsinqi | BS\/2","og_description":"\u00d6d\u0259ni\u015f infrastrukturunun inki\u015faf\u0131 v\u0259 onun effektiv i\u015finin d\u0259st\u0259kl\u0259nm\u0259si \u2013 ist\u0259nil\u0259n maliyy\u0259 t\u0259\u015fkilat\u0131n\u0131n qar\u015f\u0131s\u0131nda dayanan kompleks m\u0259\u0259s\u0259l\u0259dir. S\u0259naye t\u0259l\u0259bl\u0259ri v\u0259 yeks\u0259k r\u0259qab\u0259t s\u0259viyy\u0259si maliyy\u0259 sektoru \u015firk\u0259tl\u0259rini istifad\u0259\u00e7il\u0259rin POS terminallarda, bankomatlarda v\u0259 dig\u0259r qur\u011fularda t\u0259qdim olunan xidm\u0259t\u0259r\u0259 giri\u015fl\u0259rinin t\u0259min edilm\u0259sini maksimal \u00e7evik etm\u0259y\u0259 m\u0259cbur edir. \u00d6d\u0259ni\u015f ifrastrukturunun i\u015finin t\u0259min edilm\u0259si \u00fczr\u0259 \u0259m\u0259liyyat prosesl\u0259rinin tam v\u0259 qism\u0259n t\u0259r\u0259fda\u015fa [&hellip;]","og_url":"https:\/\/bs2.lt\/az\/product\/ekvayrinq-s\u0259b\u0259k\u0259sinin-aursorsinqi\/","og_site_name":"BS\/2","article_publisher":"https:\/\/www.facebook.com\/bs2solutions\/","article_modified_time":"2022-04-19T11:54:37+00:00","og_image":[{"width":1200,"height":1000,"url":"https:\/\/bs2.lt\/wp-content\/uploads\/2021\/05\/autsorsing-ekv-seti.jpg","type":"image\/jpeg"}],"twitter_card":"summary_large_image","twitter_misc":{"Est. reading time":"1 minute"},"schema":{"@context":"https:\/\/schema.org","@graph":[{"@type":"WebPage","@id":"https:\/\/bs2.lt\/az\/product\/ekvayrinq-s%c9%99b%c9%99k%c9%99sinin-aursorsinqi\/","url":"https:\/\/bs2.lt\/az\/product\/ekvayrinq-s%c9%99b%c9%99k%c9%99sinin-aursorsinqi\/","name":"Ekvayrinq \u015f\u0259b\u0259k\u0259sinin aursorsinqi | BS\/2","isPartOf":{"@id":"https:\/\/bs2.lt\/#website"},"primaryImageOfPage":{"@id":"https:\/\/bs2.lt\/az\/product\/ekvayrinq-s%c9%99b%c9%99k%c9%99sinin-aursorsinqi\/#primaryimage"},"image":{"@id":"https:\/\/bs2.lt\/az\/product\/ekvayrinq-s%c9%99b%c9%99k%c9%99sinin-aursorsinqi\/#primaryimage"},"thumbnailUrl":"https:\/\/bs2.lt\/wp-content\/uploads\/2021\/05\/autsorsing-ekv-seti.jpg","datePublished":"2022-03-28T09:42:05+00:00","dateModified":"2022-04-19T11:54:37+00:00","breadcrumb":{"@id":"https:\/\/bs2.lt\/az\/product\/ekvayrinq-s%c9%99b%c9%99k%c9%99sinin-aursorsinqi\/#breadcrumb"},"inLanguage":"az","potentialAction":[{"@type":"ReadAction","target":["https:\/\/bs2.lt\/az\/product\/ekvayrinq-s%c9%99b%c9%99k%c9%99sinin-aursorsinqi\/"]}]},{"@type":"ImageObject","inLanguage":"az","@id":"https:\/\/bs2.lt\/az\/product\/ekvayrinq-s%c9%99b%c9%99k%c9%99sinin-aursorsinqi\/#primaryimage","url":"https:\/\/bs2.lt\/wp-content\/uploads\/2021\/05\/autsorsing-ekv-seti.jpg","contentUrl":"https:\/\/bs2.lt\/wp-content\/uploads\/2021\/05\/autsorsing-ekv-seti.jpg","width":1200,"height":1000},{"@type":"BreadcrumbList","@id":"https:\/\/bs2.lt\/az\/product\/ekvayrinq-s%c9%99b%c9%99k%c9%99sinin-aursorsinqi\/#breadcrumb","itemListElement":[{"@type":"ListItem","position":1,"name":"Home","item":"https:\/\/bs2.lt\/az\/"},{"@type":"ListItem","position":2,"name":"Ekvayrinq \u015f\u0259b\u0259k\u0259sinin aursorsinqi"}]},{"@type":"WebSite","@id":"https:\/\/bs2.lt\/#website","url":"https:\/\/bs2.lt\/","name":"BS\/2","description":"Banking and retail technology company","publisher":{"@id":"https:\/\/bs2.lt\/#organization"},"potentialAction":[{"@type":"SearchAction","target":{"@type":"EntryPoint","urlTemplate":"https:\/\/bs2.lt\/?s={search_term_string}"},"query-input":{"@type":"PropertyValueSpecification","valueRequired":true,"valueName":"search_term_string"}}],"inLanguage":"az"},{"@type":"Organization","@id":"https:\/\/bs2.lt\/#organization","name":"BS\/2","url":"https:\/\/bs2.lt\/","logo":{"@type":"ImageObject","inLanguage":"az","@id":"https:\/\/bs2.lt\/#\/schema\/logo\/image\/","url":"https:\/\/bs2.lt\/wp-content\/uploads\/2022\/08\/bs2-logo.svg","contentUrl":"https:\/\/bs2.lt\/wp-content\/uploads\/2022\/08\/bs2-logo.svg","width":100,"height":57,"caption":"BS\/2"},"image":{"@id":"https:\/\/bs2.lt\/#\/schema\/logo\/image\/"},"sameAs":["https:\/\/www.facebook.com\/bs2solutions\/","https:\/\/www.linkedin.com\/showcase\/bs2solutions","https:\/\/www.youtube.com\/c\/Bs2Lt"]}]}},"_links":{"self":[{"href":"https:\/\/bs2.lt\/az\/wp-json\/wp\/v2\/product\/25812","targetHints":{"allow":["GET"]}}],"collection":[{"href":"https:\/\/bs2.lt\/az\/wp-json\/wp\/v2\/product"}],"about":[{"href":"https:\/\/bs2.lt\/az\/wp-json\/wp\/v2\/types\/product"}],"wp:featuredmedia":[{"embeddable":true,"href":"https:\/\/bs2.lt\/az\/wp-json\/wp\/v2\/media\/26464"}],"wp:attachment":[{"href":"https:\/\/bs2.lt\/az\/wp-json\/wp\/v2\/media?parent=25812"}],"wp:term":[{"taxonomy":"product_category","embeddable":true,"href":"https:\/\/bs2.lt\/az\/wp-json\/wp\/v2\/product_category?post=25812"},{"taxonomy":"atm_series","embeddable":true,"href":"https:\/\/bs2.lt\/az\/wp-json\/wp\/v2\/atm_series?post=25812"},{"taxonomy":"atm_cashflow","embeddable":true,"href":"https:\/\/bs2.lt\/az\/wp-json\/wp\/v2\/atm_cashflow?post=25812"},{"taxonomy":"atm_type","embeddable":true,"href":"https:\/\/bs2.lt\/az\/wp-json\/wp\/v2\/atm_type?post=25812"},{"taxonomy":"product-provider","embeddable":true,"href":"https:\/\/bs2.lt\/az\/wp-json\/wp\/v2\/product-provider?post=25812"}],"curies":[{"name":"wp","href":"https:\/\/api.w.org\/{rel}","templated":true}]}}