{"id":25811,"date":"2022-03-28T07:39:19","date_gmt":"2022-03-28T09:39:19","guid":{"rendered":"https:\/\/bs2.lt\/bs2.lt\/?post_type=product&#038;p=25811"},"modified":"2022-03-28T07:40:55","modified_gmt":"2022-03-28T09:40:55","slug":"it-infrastrukturunun-autsorsinqi","status":"publish","type":"product","link":"https:\/\/bs2.lt\/az\/product\/it-infrastrukturunun-autsorsinqi\/","title":{"rendered":"\u0130T-infrastrukturunun autsorsinqi"},"content":{"rendered":"<p>T\u0259\u015fkilat\u0131n art\u0131q m\u00f6vcud olan \u0130T-infrastrukturuna \u0259lav\u0259 proqram h\u0259ll\u0259rinin t\u0259tbiqi d\u0259st\u0259k \u00fc\u00e7\u00fcn \u0259lav\u0259 x\u0259rcl\u0259ri bildirir. Qar\u0131\u015f\u0131q infrastrukturun istifad\u0259si (\u0259m\u0259liyyat prosesl\u0259rinin hiss\u0259si h\u0259ll provayderinin texniki m\u00fchitind\u0259 oldu\u011fu halda) t\u0259\u015fkilar\u0131n effektivlik, \u0259lveri\u015flilik v\u0259 t\u0259hl\u00fck\u0259sizlik \u00fczr\u0259 t\u0259l\u0259bl\u0259rin\u0259 riay\u0259t olunmas\u0131n\u0131 t\u0259min ed\u0259r\u0259k \u0130T-infrastrukrunun geni\u015fl\u0259ndirilm\u0259sin\u0259 v\u0259 d\u0259st\u0259kl\u0259nm\u0259sin\u0259 x\u0259rcl\u0259ri azaltma\u011fa k\u00f6m\u0259k edir.<\/p>\n","protected":false},"featured_media":21479,"template":"","product_category":[335],"atm_series":[],"atm_cashflow":[],"atm_type":[],"product-provider":[],"class_list":["post-25811","product","type-product","status-publish","has-post-thumbnail","hentry","product_category-services"],"acf":[],"yoast_head":"<!-- This site is optimized with the Yoast SEO plugin v26.2 - https:\/\/yoast.com\/wordpress\/plugins\/seo\/ -->\n<title>\u0130T-infrastrukturunun autsorsinqi | BS\/2<\/title>\n<meta name=\"robots\" content=\"index, follow, max-snippet:-1, max-image-preview:large, max-video-preview:-1\" \/>\n<link rel=\"canonical\" href=\"https:\/\/bs2.lt\/az\/product\/it-infrastrukturunun-autsorsinqi\/\" \/>\n<meta property=\"og:locale\" content=\"az_AZ\" \/>\n<meta property=\"og:type\" content=\"article\" \/>\n<meta property=\"og:title\" content=\"\u0130T-infrastrukturunun autsorsinqi | BS\/2\" \/>\n<meta property=\"og:description\" content=\"T\u0259\u015fkilat\u0131n art\u0131q m\u00f6vcud olan \u0130T-infrastrukturuna \u0259lav\u0259 proqram h\u0259ll\u0259rinin t\u0259tbiqi d\u0259st\u0259k \u00fc\u00e7\u00fcn \u0259lav\u0259 x\u0259rcl\u0259ri bildirir. Qar\u0131\u015f\u0131q infrastrukturun istifad\u0259si (\u0259m\u0259liyyat prosesl\u0259rinin hiss\u0259si h\u0259ll provayderinin texniki m\u00fchitind\u0259 oldu\u011fu halda) t\u0259\u015fkilar\u0131n effektivlik, \u0259lveri\u015flilik v\u0259 t\u0259hl\u00fck\u0259sizlik \u00fczr\u0259 t\u0259l\u0259bl\u0259rin\u0259 riay\u0259t olunmas\u0131n\u0131 t\u0259min ed\u0259r\u0259k \u0130T-infrastrukrunun geni\u015fl\u0259ndirilm\u0259sin\u0259 v\u0259 d\u0259st\u0259kl\u0259nm\u0259sin\u0259 x\u0259rcl\u0259ri azaltma\u011fa k\u00f6m\u0259k edir.\" \/>\n<meta property=\"og:url\" content=\"https:\/\/bs2.lt\/az\/product\/it-infrastrukturunun-autsorsinqi\/\" \/>\n<meta property=\"og:site_name\" content=\"BS\/2\" \/>\n<meta property=\"article:publisher\" content=\"https:\/\/www.facebook.com\/bs2solutions\/\" \/>\n<meta property=\"article:modified_time\" content=\"2022-03-28T09:40:55+00:00\" \/>\n<meta property=\"og:image\" content=\"https:\/\/bs2.lt\/wp-content\/uploads\/2021\/02\/autsorsing-it-infrastruktury.jpg\" \/>\n\t<meta property=\"og:image:width\" content=\"1200\" \/>\n\t<meta property=\"og:image:height\" content=\"1000\" \/>\n\t<meta property=\"og:image:type\" content=\"image\/jpeg\" \/>\n<meta name=\"twitter:card\" content=\"summary_large_image\" \/>\n<script type=\"application\/ld+json\" class=\"yoast-schema-graph\">{\"@context\":\"https:\/\/schema.org\",\"@graph\":[{\"@type\":\"WebPage\",\"@id\":\"https:\/\/bs2.lt\/az\/product\/it-infrastrukturunun-autsorsinqi\/\",\"url\":\"https:\/\/bs2.lt\/az\/product\/it-infrastrukturunun-autsorsinqi\/\",\"name\":\"\u0130T-infrastrukturunun autsorsinqi | BS\/2\",\"isPartOf\":{\"@id\":\"https:\/\/bs2.lt\/#website\"},\"primaryImageOfPage\":{\"@id\":\"https:\/\/bs2.lt\/az\/product\/it-infrastrukturunun-autsorsinqi\/#primaryimage\"},\"image\":{\"@id\":\"https:\/\/bs2.lt\/az\/product\/it-infrastrukturunun-autsorsinqi\/#primaryimage\"},\"thumbnailUrl\":\"https:\/\/bs2.lt\/wp-content\/uploads\/2021\/02\/autsorsing-it-infrastruktury.jpg\",\"datePublished\":\"2022-03-28T09:39:19+00:00\",\"dateModified\":\"2022-03-28T09:40:55+00:00\",\"breadcrumb\":{\"@id\":\"https:\/\/bs2.lt\/az\/product\/it-infrastrukturunun-autsorsinqi\/#breadcrumb\"},\"inLanguage\":\"az\",\"potentialAction\":[{\"@type\":\"ReadAction\",\"target\":[\"https:\/\/bs2.lt\/az\/product\/it-infrastrukturunun-autsorsinqi\/\"]}]},{\"@type\":\"ImageObject\",\"inLanguage\":\"az\",\"@id\":\"https:\/\/bs2.lt\/az\/product\/it-infrastrukturunun-autsorsinqi\/#primaryimage\",\"url\":\"https:\/\/bs2.lt\/wp-content\/uploads\/2021\/02\/autsorsing-it-infrastruktury.jpg\",\"contentUrl\":\"https:\/\/bs2.lt\/wp-content\/uploads\/2021\/02\/autsorsing-it-infrastruktury.jpg\",\"width\":1200,\"height\":1000},{\"@type\":\"BreadcrumbList\",\"@id\":\"https:\/\/bs2.lt\/az\/product\/it-infrastrukturunun-autsorsinqi\/#breadcrumb\",\"itemListElement\":[{\"@type\":\"ListItem\",\"position\":1,\"name\":\"Home\",\"item\":\"https:\/\/bs2.lt\/az\/\"},{\"@type\":\"ListItem\",\"position\":2,\"name\":\"\u0130T-infrastrukturunun autsorsinqi\"}]},{\"@type\":\"WebSite\",\"@id\":\"https:\/\/bs2.lt\/#website\",\"url\":\"https:\/\/bs2.lt\/\",\"name\":\"BS\/2\",\"description\":\"Banking and retail technology company\",\"publisher\":{\"@id\":\"https:\/\/bs2.lt\/#organization\"},\"potentialAction\":[{\"@type\":\"SearchAction\",\"target\":{\"@type\":\"EntryPoint\",\"urlTemplate\":\"https:\/\/bs2.lt\/?s={search_term_string}\"},\"query-input\":{\"@type\":\"PropertyValueSpecification\",\"valueRequired\":true,\"valueName\":\"search_term_string\"}}],\"inLanguage\":\"az\"},{\"@type\":\"Organization\",\"@id\":\"https:\/\/bs2.lt\/#organization\",\"name\":\"BS\/2\",\"url\":\"https:\/\/bs2.lt\/\",\"logo\":{\"@type\":\"ImageObject\",\"inLanguage\":\"az\",\"@id\":\"https:\/\/bs2.lt\/#\/schema\/logo\/image\/\",\"url\":\"https:\/\/bs2.lt\/wp-content\/uploads\/2022\/08\/bs2-logo.svg\",\"contentUrl\":\"https:\/\/bs2.lt\/wp-content\/uploads\/2022\/08\/bs2-logo.svg\",\"width\":100,\"height\":57,\"caption\":\"BS\/2\"},\"image\":{\"@id\":\"https:\/\/bs2.lt\/#\/schema\/logo\/image\/\"},\"sameAs\":[\"https:\/\/www.facebook.com\/bs2solutions\/\",\"https:\/\/www.linkedin.com\/showcase\/bs2solutions\",\"https:\/\/www.youtube.com\/c\/Bs2Lt\"]}]}<\/script>\n<!-- \/ Yoast SEO plugin. -->","yoast_head_json":{"title":"\u0130T-infrastrukturunun autsorsinqi | BS\/2","robots":{"index":"index","follow":"follow","max-snippet":"max-snippet:-1","max-image-preview":"max-image-preview:large","max-video-preview":"max-video-preview:-1"},"canonical":"https:\/\/bs2.lt\/az\/product\/it-infrastrukturunun-autsorsinqi\/","og_locale":"az_AZ","og_type":"article","og_title":"\u0130T-infrastrukturunun autsorsinqi | BS\/2","og_description":"T\u0259\u015fkilat\u0131n art\u0131q m\u00f6vcud olan \u0130T-infrastrukturuna \u0259lav\u0259 proqram h\u0259ll\u0259rinin t\u0259tbiqi d\u0259st\u0259k \u00fc\u00e7\u00fcn \u0259lav\u0259 x\u0259rcl\u0259ri bildirir. Qar\u0131\u015f\u0131q infrastrukturun istifad\u0259si (\u0259m\u0259liyyat prosesl\u0259rinin hiss\u0259si h\u0259ll provayderinin texniki m\u00fchitind\u0259 oldu\u011fu halda) t\u0259\u015fkilar\u0131n effektivlik, \u0259lveri\u015flilik v\u0259 t\u0259hl\u00fck\u0259sizlik \u00fczr\u0259 t\u0259l\u0259bl\u0259rin\u0259 riay\u0259t olunmas\u0131n\u0131 t\u0259min ed\u0259r\u0259k \u0130T-infrastrukrunun geni\u015fl\u0259ndirilm\u0259sin\u0259 v\u0259 d\u0259st\u0259kl\u0259nm\u0259sin\u0259 x\u0259rcl\u0259ri azaltma\u011fa k\u00f6m\u0259k edir.","og_url":"https:\/\/bs2.lt\/az\/product\/it-infrastrukturunun-autsorsinqi\/","og_site_name":"BS\/2","article_publisher":"https:\/\/www.facebook.com\/bs2solutions\/","article_modified_time":"2022-03-28T09:40:55+00:00","og_image":[{"width":1200,"height":1000,"url":"https:\/\/bs2.lt\/wp-content\/uploads\/2021\/02\/autsorsing-it-infrastruktury.jpg","type":"image\/jpeg"}],"twitter_card":"summary_large_image","schema":{"@context":"https:\/\/schema.org","@graph":[{"@type":"WebPage","@id":"https:\/\/bs2.lt\/az\/product\/it-infrastrukturunun-autsorsinqi\/","url":"https:\/\/bs2.lt\/az\/product\/it-infrastrukturunun-autsorsinqi\/","name":"\u0130T-infrastrukturunun autsorsinqi | BS\/2","isPartOf":{"@id":"https:\/\/bs2.lt\/#website"},"primaryImageOfPage":{"@id":"https:\/\/bs2.lt\/az\/product\/it-infrastrukturunun-autsorsinqi\/#primaryimage"},"image":{"@id":"https:\/\/bs2.lt\/az\/product\/it-infrastrukturunun-autsorsinqi\/#primaryimage"},"thumbnailUrl":"https:\/\/bs2.lt\/wp-content\/uploads\/2021\/02\/autsorsing-it-infrastruktury.jpg","datePublished":"2022-03-28T09:39:19+00:00","dateModified":"2022-03-28T09:40:55+00:00","breadcrumb":{"@id":"https:\/\/bs2.lt\/az\/product\/it-infrastrukturunun-autsorsinqi\/#breadcrumb"},"inLanguage":"az","potentialAction":[{"@type":"ReadAction","target":["https:\/\/bs2.lt\/az\/product\/it-infrastrukturunun-autsorsinqi\/"]}]},{"@type":"ImageObject","inLanguage":"az","@id":"https:\/\/bs2.lt\/az\/product\/it-infrastrukturunun-autsorsinqi\/#primaryimage","url":"https:\/\/bs2.lt\/wp-content\/uploads\/2021\/02\/autsorsing-it-infrastruktury.jpg","contentUrl":"https:\/\/bs2.lt\/wp-content\/uploads\/2021\/02\/autsorsing-it-infrastruktury.jpg","width":1200,"height":1000},{"@type":"BreadcrumbList","@id":"https:\/\/bs2.lt\/az\/product\/it-infrastrukturunun-autsorsinqi\/#breadcrumb","itemListElement":[{"@type":"ListItem","position":1,"name":"Home","item":"https:\/\/bs2.lt\/az\/"},{"@type":"ListItem","position":2,"name":"\u0130T-infrastrukturunun autsorsinqi"}]},{"@type":"WebSite","@id":"https:\/\/bs2.lt\/#website","url":"https:\/\/bs2.lt\/","name":"BS\/2","description":"Banking and retail technology company","publisher":{"@id":"https:\/\/bs2.lt\/#organization"},"potentialAction":[{"@type":"SearchAction","target":{"@type":"EntryPoint","urlTemplate":"https:\/\/bs2.lt\/?s={search_term_string}"},"query-input":{"@type":"PropertyValueSpecification","valueRequired":true,"valueName":"search_term_string"}}],"inLanguage":"az"},{"@type":"Organization","@id":"https:\/\/bs2.lt\/#organization","name":"BS\/2","url":"https:\/\/bs2.lt\/","logo":{"@type":"ImageObject","inLanguage":"az","@id":"https:\/\/bs2.lt\/#\/schema\/logo\/image\/","url":"https:\/\/bs2.lt\/wp-content\/uploads\/2022\/08\/bs2-logo.svg","contentUrl":"https:\/\/bs2.lt\/wp-content\/uploads\/2022\/08\/bs2-logo.svg","width":100,"height":57,"caption":"BS\/2"},"image":{"@id":"https:\/\/bs2.lt\/#\/schema\/logo\/image\/"},"sameAs":["https:\/\/www.facebook.com\/bs2solutions\/","https:\/\/www.linkedin.com\/showcase\/bs2solutions","https:\/\/www.youtube.com\/c\/Bs2Lt"]}]}},"_links":{"self":[{"href":"https:\/\/bs2.lt\/az\/wp-json\/wp\/v2\/product\/25811","targetHints":{"allow":["GET"]}}],"collection":[{"href":"https:\/\/bs2.lt\/az\/wp-json\/wp\/v2\/product"}],"about":[{"href":"https:\/\/bs2.lt\/az\/wp-json\/wp\/v2\/types\/product"}],"wp:featuredmedia":[{"embeddable":true,"href":"https:\/\/bs2.lt\/az\/wp-json\/wp\/v2\/media\/21479"}],"wp:attachment":[{"href":"https:\/\/bs2.lt\/az\/wp-json\/wp\/v2\/media?parent=25811"}],"wp:term":[{"taxonomy":"product_category","embeddable":true,"href":"https:\/\/bs2.lt\/az\/wp-json\/wp\/v2\/product_category?post=25811"},{"taxonomy":"atm_series","embeddable":true,"href":"https:\/\/bs2.lt\/az\/wp-json\/wp\/v2\/atm_series?post=25811"},{"taxonomy":"atm_cashflow","embeddable":true,"href":"https:\/\/bs2.lt\/az\/wp-json\/wp\/v2\/atm_cashflow?post=25811"},{"taxonomy":"atm_type","embeddable":true,"href":"https:\/\/bs2.lt\/az\/wp-json\/wp\/v2\/atm_type?post=25811"},{"taxonomy":"product-provider","embeddable":true,"href":"https:\/\/bs2.lt\/az\/wp-json\/wp\/v2\/product-provider?post=25811"}],"curies":[{"name":"wp","href":"https:\/\/api.w.org\/{rel}","templated":true}]}}