{"id":25807,"date":"2022-03-28T06:34:19","date_gmt":"2022-03-28T08:34:19","guid":{"rendered":"https:\/\/bs2.lt\/bs2.lt\/?post_type=product&#038;p=25807"},"modified":"2022-03-28T06:38:12","modified_gmt":"2022-03-28T08:38:12","slug":"avadanliga-servis-xidm%c9%99ti-v%c9%99-pt-d%c9%99st%c9%99k","status":"publish","type":"product","link":"https:\/\/bs2.lt\/az\/product\/avadanliga-servis-xidm%c9%99ti-v%c9%99-pt-d%c9%99st%c9%99k\/","title":{"rendered":"Avadanl\u0131\u011fa servis xidm\u0259ti v\u0259 PT d\u0259st\u0259k"},"content":{"rendered":"<p>Biznesin dinamik v\u0259 sabit i\u015fki\u015faf\u0131 \u00fc\u00e7\u00fcn avadanl\u0131\u011f\u0131n, h\u0259m\u00e7inin xidm\u0259tl\u0259rin t\u0259qdim edilm\u0259si \u00fc\u00e7\u00fcn z\u0259ruri olan b\u00fct\u00fcn sisteml\u0259rin v\u0259 \u0259lav\u0259l\u0259rin fasil\u0259siz i\u015fini t\u0259min etm\u0259k laz\u0131md\u0131r. Etibarl\u0131 m\u00fcasir avadanl\u0131qlar, PT aktual versiyalar\u0131, h\u0259m\u00e7inin \u015ftatdank\u0259nar v\u0259ziyy\u0259tl\u0259r\u0259 vaxt\u0131nda reaksiyan\u0131n verilm\u0259si bu m\u0259s\u0259l\u0259ni h\u0259ll etm\u0259y\u0259 k\u00f6m\u0259k edir.<\/p>\n","protected":false},"featured_media":21504,"template":"","product_category":[335],"atm_series":[],"atm_cashflow":[],"atm_type":[],"product-provider":[],"class_list":["post-25807","product","type-product","status-publish","has-post-thumbnail","hentry","product_category-services"],"acf":[],"yoast_head":"<!-- This site is optimized with the Yoast SEO plugin v26.2 - https:\/\/yoast.com\/wordpress\/plugins\/seo\/ -->\n<title>Avadanl\u0131\u011fa servis xidm\u0259ti v\u0259 PT d\u0259st\u0259k | BS\/2<\/title>\n<meta name=\"robots\" content=\"index, follow, max-snippet:-1, max-image-preview:large, max-video-preview:-1\" \/>\n<link rel=\"canonical\" href=\"https:\/\/bs2.lt\/az\/product\/avadanliga-servis-xidm\u0259ti-v\u0259-pt-d\u0259st\u0259k\/\" \/>\n<meta property=\"og:locale\" content=\"az_AZ\" \/>\n<meta property=\"og:type\" content=\"article\" \/>\n<meta property=\"og:title\" content=\"Avadanl\u0131\u011fa servis xidm\u0259ti v\u0259 PT d\u0259st\u0259k | BS\/2\" \/>\n<meta property=\"og:description\" content=\"Biznesin dinamik v\u0259 sabit i\u015fki\u015faf\u0131 \u00fc\u00e7\u00fcn avadanl\u0131\u011f\u0131n, h\u0259m\u00e7inin xidm\u0259tl\u0259rin t\u0259qdim edilm\u0259si \u00fc\u00e7\u00fcn z\u0259ruri olan b\u00fct\u00fcn sisteml\u0259rin v\u0259 \u0259lav\u0259l\u0259rin fasil\u0259siz i\u015fini t\u0259min etm\u0259k laz\u0131md\u0131r. Etibarl\u0131 m\u00fcasir avadanl\u0131qlar, PT aktual versiyalar\u0131, h\u0259m\u00e7inin \u015ftatdank\u0259nar v\u0259ziyy\u0259tl\u0259r\u0259 vaxt\u0131nda reaksiyan\u0131n verilm\u0259si bu m\u0259s\u0259l\u0259ni h\u0259ll etm\u0259y\u0259 k\u00f6m\u0259k edir.\" \/>\n<meta property=\"og:url\" content=\"https:\/\/bs2.lt\/az\/product\/avadanliga-servis-xidm\u0259ti-v\u0259-pt-d\u0259st\u0259k\/\" \/>\n<meta property=\"og:site_name\" content=\"BS\/2\" \/>\n<meta property=\"article:publisher\" content=\"https:\/\/www.facebook.com\/bs2solutions\/\" \/>\n<meta property=\"article:modified_time\" content=\"2022-03-28T08:38:12+00:00\" \/>\n<meta property=\"og:image\" content=\"https:\/\/bs2.lt\/wp-content\/uploads\/2020\/10\/servisnoe-obsluzhivanie-oborudovaniya-i-podderzhka-po.jpg\" \/>\n\t<meta property=\"og:image:width\" content=\"1200\" \/>\n\t<meta property=\"og:image:height\" content=\"1000\" \/>\n\t<meta property=\"og:image:type\" content=\"image\/jpeg\" \/>\n<meta name=\"twitter:card\" content=\"summary_large_image\" \/>\n<script type=\"application\/ld+json\" class=\"yoast-schema-graph\">{\"@context\":\"https:\/\/schema.org\",\"@graph\":[{\"@type\":\"WebPage\",\"@id\":\"https:\/\/bs2.lt\/az\/product\/avadanliga-servis-xidm%c9%99ti-v%c9%99-pt-d%c9%99st%c9%99k\/\",\"url\":\"https:\/\/bs2.lt\/az\/product\/avadanliga-servis-xidm%c9%99ti-v%c9%99-pt-d%c9%99st%c9%99k\/\",\"name\":\"Avadanl\u0131\u011fa servis xidm\u0259ti v\u0259 PT d\u0259st\u0259k | BS\/2\",\"isPartOf\":{\"@id\":\"https:\/\/bs2.lt\/#website\"},\"primaryImageOfPage\":{\"@id\":\"https:\/\/bs2.lt\/az\/product\/avadanliga-servis-xidm%c9%99ti-v%c9%99-pt-d%c9%99st%c9%99k\/#primaryimage\"},\"image\":{\"@id\":\"https:\/\/bs2.lt\/az\/product\/avadanliga-servis-xidm%c9%99ti-v%c9%99-pt-d%c9%99st%c9%99k\/#primaryimage\"},\"thumbnailUrl\":\"https:\/\/bs2.lt\/wp-content\/uploads\/2020\/10\/servisnoe-obsluzhivanie-oborudovaniya-i-podderzhka-po.jpg\",\"datePublished\":\"2022-03-28T08:34:19+00:00\",\"dateModified\":\"2022-03-28T08:38:12+00:00\",\"breadcrumb\":{\"@id\":\"https:\/\/bs2.lt\/az\/product\/avadanliga-servis-xidm%c9%99ti-v%c9%99-pt-d%c9%99st%c9%99k\/#breadcrumb\"},\"inLanguage\":\"az\",\"potentialAction\":[{\"@type\":\"ReadAction\",\"target\":[\"https:\/\/bs2.lt\/az\/product\/avadanliga-servis-xidm%c9%99ti-v%c9%99-pt-d%c9%99st%c9%99k\/\"]}]},{\"@type\":\"ImageObject\",\"inLanguage\":\"az\",\"@id\":\"https:\/\/bs2.lt\/az\/product\/avadanliga-servis-xidm%c9%99ti-v%c9%99-pt-d%c9%99st%c9%99k\/#primaryimage\",\"url\":\"https:\/\/bs2.lt\/wp-content\/uploads\/2020\/10\/servisnoe-obsluzhivanie-oborudovaniya-i-podderzhka-po.jpg\",\"contentUrl\":\"https:\/\/bs2.lt\/wp-content\/uploads\/2020\/10\/servisnoe-obsluzhivanie-oborudovaniya-i-podderzhka-po.jpg\",\"width\":1200,\"height\":1000},{\"@type\":\"BreadcrumbList\",\"@id\":\"https:\/\/bs2.lt\/az\/product\/avadanliga-servis-xidm%c9%99ti-v%c9%99-pt-d%c9%99st%c9%99k\/#breadcrumb\",\"itemListElement\":[{\"@type\":\"ListItem\",\"position\":1,\"name\":\"Home\",\"item\":\"https:\/\/bs2.lt\/az\/\"},{\"@type\":\"ListItem\",\"position\":2,\"name\":\"Avadanl\u0131\u011fa servis xidm\u0259ti v\u0259 PT d\u0259st\u0259k\"}]},{\"@type\":\"WebSite\",\"@id\":\"https:\/\/bs2.lt\/#website\",\"url\":\"https:\/\/bs2.lt\/\",\"name\":\"BS\/2\",\"description\":\"Banking and retail technology company\",\"publisher\":{\"@id\":\"https:\/\/bs2.lt\/#organization\"},\"potentialAction\":[{\"@type\":\"SearchAction\",\"target\":{\"@type\":\"EntryPoint\",\"urlTemplate\":\"https:\/\/bs2.lt\/?s={search_term_string}\"},\"query-input\":{\"@type\":\"PropertyValueSpecification\",\"valueRequired\":true,\"valueName\":\"search_term_string\"}}],\"inLanguage\":\"az\"},{\"@type\":\"Organization\",\"@id\":\"https:\/\/bs2.lt\/#organization\",\"name\":\"BS\/2\",\"url\":\"https:\/\/bs2.lt\/\",\"logo\":{\"@type\":\"ImageObject\",\"inLanguage\":\"az\",\"@id\":\"https:\/\/bs2.lt\/#\/schema\/logo\/image\/\",\"url\":\"https:\/\/bs2.lt\/wp-content\/uploads\/2022\/08\/bs2-logo.svg\",\"contentUrl\":\"https:\/\/bs2.lt\/wp-content\/uploads\/2022\/08\/bs2-logo.svg\",\"width\":100,\"height\":57,\"caption\":\"BS\/2\"},\"image\":{\"@id\":\"https:\/\/bs2.lt\/#\/schema\/logo\/image\/\"},\"sameAs\":[\"https:\/\/www.facebook.com\/bs2solutions\/\",\"https:\/\/www.linkedin.com\/showcase\/bs2solutions\",\"https:\/\/www.youtube.com\/c\/Bs2Lt\"]}]}<\/script>\n<!-- \/ Yoast SEO plugin. -->","yoast_head_json":{"title":"Avadanl\u0131\u011fa servis xidm\u0259ti v\u0259 PT d\u0259st\u0259k | BS\/2","robots":{"index":"index","follow":"follow","max-snippet":"max-snippet:-1","max-image-preview":"max-image-preview:large","max-video-preview":"max-video-preview:-1"},"canonical":"https:\/\/bs2.lt\/az\/product\/avadanliga-servis-xidm\u0259ti-v\u0259-pt-d\u0259st\u0259k\/","og_locale":"az_AZ","og_type":"article","og_title":"Avadanl\u0131\u011fa servis xidm\u0259ti v\u0259 PT d\u0259st\u0259k | BS\/2","og_description":"Biznesin dinamik v\u0259 sabit i\u015fki\u015faf\u0131 \u00fc\u00e7\u00fcn avadanl\u0131\u011f\u0131n, h\u0259m\u00e7inin xidm\u0259tl\u0259rin t\u0259qdim edilm\u0259si \u00fc\u00e7\u00fcn z\u0259ruri olan b\u00fct\u00fcn sisteml\u0259rin v\u0259 \u0259lav\u0259l\u0259rin fasil\u0259siz i\u015fini t\u0259min etm\u0259k laz\u0131md\u0131r. Etibarl\u0131 m\u00fcasir avadanl\u0131qlar, PT aktual versiyalar\u0131, h\u0259m\u00e7inin \u015ftatdank\u0259nar v\u0259ziyy\u0259tl\u0259r\u0259 vaxt\u0131nda reaksiyan\u0131n verilm\u0259si bu m\u0259s\u0259l\u0259ni h\u0259ll etm\u0259y\u0259 k\u00f6m\u0259k edir.","og_url":"https:\/\/bs2.lt\/az\/product\/avadanliga-servis-xidm\u0259ti-v\u0259-pt-d\u0259st\u0259k\/","og_site_name":"BS\/2","article_publisher":"https:\/\/www.facebook.com\/bs2solutions\/","article_modified_time":"2022-03-28T08:38:12+00:00","og_image":[{"width":1200,"height":1000,"url":"https:\/\/bs2.lt\/wp-content\/uploads\/2020\/10\/servisnoe-obsluzhivanie-oborudovaniya-i-podderzhka-po.jpg","type":"image\/jpeg"}],"twitter_card":"summary_large_image","schema":{"@context":"https:\/\/schema.org","@graph":[{"@type":"WebPage","@id":"https:\/\/bs2.lt\/az\/product\/avadanliga-servis-xidm%c9%99ti-v%c9%99-pt-d%c9%99st%c9%99k\/","url":"https:\/\/bs2.lt\/az\/product\/avadanliga-servis-xidm%c9%99ti-v%c9%99-pt-d%c9%99st%c9%99k\/","name":"Avadanl\u0131\u011fa servis xidm\u0259ti v\u0259 PT d\u0259st\u0259k | BS\/2","isPartOf":{"@id":"https:\/\/bs2.lt\/#website"},"primaryImageOfPage":{"@id":"https:\/\/bs2.lt\/az\/product\/avadanliga-servis-xidm%c9%99ti-v%c9%99-pt-d%c9%99st%c9%99k\/#primaryimage"},"image":{"@id":"https:\/\/bs2.lt\/az\/product\/avadanliga-servis-xidm%c9%99ti-v%c9%99-pt-d%c9%99st%c9%99k\/#primaryimage"},"thumbnailUrl":"https:\/\/bs2.lt\/wp-content\/uploads\/2020\/10\/servisnoe-obsluzhivanie-oborudovaniya-i-podderzhka-po.jpg","datePublished":"2022-03-28T08:34:19+00:00","dateModified":"2022-03-28T08:38:12+00:00","breadcrumb":{"@id":"https:\/\/bs2.lt\/az\/product\/avadanliga-servis-xidm%c9%99ti-v%c9%99-pt-d%c9%99st%c9%99k\/#breadcrumb"},"inLanguage":"az","potentialAction":[{"@type":"ReadAction","target":["https:\/\/bs2.lt\/az\/product\/avadanliga-servis-xidm%c9%99ti-v%c9%99-pt-d%c9%99st%c9%99k\/"]}]},{"@type":"ImageObject","inLanguage":"az","@id":"https:\/\/bs2.lt\/az\/product\/avadanliga-servis-xidm%c9%99ti-v%c9%99-pt-d%c9%99st%c9%99k\/#primaryimage","url":"https:\/\/bs2.lt\/wp-content\/uploads\/2020\/10\/servisnoe-obsluzhivanie-oborudovaniya-i-podderzhka-po.jpg","contentUrl":"https:\/\/bs2.lt\/wp-content\/uploads\/2020\/10\/servisnoe-obsluzhivanie-oborudovaniya-i-podderzhka-po.jpg","width":1200,"height":1000},{"@type":"BreadcrumbList","@id":"https:\/\/bs2.lt\/az\/product\/avadanliga-servis-xidm%c9%99ti-v%c9%99-pt-d%c9%99st%c9%99k\/#breadcrumb","itemListElement":[{"@type":"ListItem","position":1,"name":"Home","item":"https:\/\/bs2.lt\/az\/"},{"@type":"ListItem","position":2,"name":"Avadanl\u0131\u011fa servis xidm\u0259ti v\u0259 PT d\u0259st\u0259k"}]},{"@type":"WebSite","@id":"https:\/\/bs2.lt\/#website","url":"https:\/\/bs2.lt\/","name":"BS\/2","description":"Banking and retail technology company","publisher":{"@id":"https:\/\/bs2.lt\/#organization"},"potentialAction":[{"@type":"SearchAction","target":{"@type":"EntryPoint","urlTemplate":"https:\/\/bs2.lt\/?s={search_term_string}"},"query-input":{"@type":"PropertyValueSpecification","valueRequired":true,"valueName":"search_term_string"}}],"inLanguage":"az"},{"@type":"Organization","@id":"https:\/\/bs2.lt\/#organization","name":"BS\/2","url":"https:\/\/bs2.lt\/","logo":{"@type":"ImageObject","inLanguage":"az","@id":"https:\/\/bs2.lt\/#\/schema\/logo\/image\/","url":"https:\/\/bs2.lt\/wp-content\/uploads\/2022\/08\/bs2-logo.svg","contentUrl":"https:\/\/bs2.lt\/wp-content\/uploads\/2022\/08\/bs2-logo.svg","width":100,"height":57,"caption":"BS\/2"},"image":{"@id":"https:\/\/bs2.lt\/#\/schema\/logo\/image\/"},"sameAs":["https:\/\/www.facebook.com\/bs2solutions\/","https:\/\/www.linkedin.com\/showcase\/bs2solutions","https:\/\/www.youtube.com\/c\/Bs2Lt"]}]}},"_links":{"self":[{"href":"https:\/\/bs2.lt\/az\/wp-json\/wp\/v2\/product\/25807","targetHints":{"allow":["GET"]}}],"collection":[{"href":"https:\/\/bs2.lt\/az\/wp-json\/wp\/v2\/product"}],"about":[{"href":"https:\/\/bs2.lt\/az\/wp-json\/wp\/v2\/types\/product"}],"wp:featuredmedia":[{"embeddable":true,"href":"https:\/\/bs2.lt\/az\/wp-json\/wp\/v2\/media\/21504"}],"wp:attachment":[{"href":"https:\/\/bs2.lt\/az\/wp-json\/wp\/v2\/media?parent=25807"}],"wp:term":[{"taxonomy":"product_category","embeddable":true,"href":"https:\/\/bs2.lt\/az\/wp-json\/wp\/v2\/product_category?post=25807"},{"taxonomy":"atm_series","embeddable":true,"href":"https:\/\/bs2.lt\/az\/wp-json\/wp\/v2\/atm_series?post=25807"},{"taxonomy":"atm_cashflow","embeddable":true,"href":"https:\/\/bs2.lt\/az\/wp-json\/wp\/v2\/atm_cashflow?post=25807"},{"taxonomy":"atm_type","embeddable":true,"href":"https:\/\/bs2.lt\/az\/wp-json\/wp\/v2\/atm_type?post=25807"},{"taxonomy":"product-provider","embeddable":true,"href":"https:\/\/bs2.lt\/az\/wp-json\/wp\/v2\/product-provider?post=25807"}],"curies":[{"name":"wp","href":"https:\/\/api.w.org\/{rel}","templated":true}]}}